{"id":1514,"date":"2017-05-16T12:35:44","date_gmt":"2017-05-16T12:35:44","guid":{"rendered":"http:\/\/www.camposaltos.mg.gov.br\/portal\/?page_id=1514"},"modified":"2019-07-01T12:34:36","modified_gmt":"2019-07-01T12:34:36","slug":"prestacao-de-contas","status":"publish","type":"page","link":"http:\/\/www.camposaltos.mg.gov.br\/portal\/prestacao-de-contas\/","title":{"rendered":"Presta\u00e7\u00e3o de Contas"},"content":{"rendered":"<p>&nbsp;<\/p>\n<p><span style=\"font-size: 24pt;\"><strong>2016<\/strong><\/span><\/p>\n<hr>\n<p><a href=\"http:\/\/www.camposaltos.mg.gov.br\/portal\/wp-content\/uploads\/2017\/05\/REC_ASPS_2016.pdf\" target=\"_blank\" rel=\"noopener noreferrer\">Demonstrativo da Aplica\u00e7\u00e3o nas A\u00e7\u00f5es e Servi\u00e7os P\u00fablicos de Sa\u00fade<\/a><\/p>\n<p><a href=\"http:\/\/www.camposaltos.mg.gov.br\/portal\/wp-content\/uploads\/2017\/05\/REC_MDE_2016.pdf\" target=\"_blank\" rel=\"noopener noreferrer\">Demonstrativo da Aplica\u00e7\u00e3o na Manuten\u00e7\u00e3o e Desenvolvimento do Ensino (Art.212 da C.F; Emenda Constitucional n\u00ba 53\/06, leis n\u00ba 9.394\/96 e 11.494\/07)<\/a><\/p>\n<p><a href=\"http:\/\/www.camposaltos.mg.gov.br\/portal\/wp-content\/uploads\/2017\/05\/DESP_PESSOAL_2016.pdf\" target=\"_blank\" rel=\"noopener noreferrer\">Demonstrativo da Despesa com Pessoal por Poder<\/a><\/p>\n<p><a href=\"http:\/\/www.camposaltos.mg.gov.br\/portal\/wp-content\/uploads\/2017\/05\/GASTO_ASPS_2016.pdf\" target=\"_blank\" rel=\"noopener noreferrer\">Demonstrativo dos Gastos nas A\u00e7\u00f5es e Servi\u00e7os P\u00fablicos de Sa\u00fade (Art. 198, \u00a72\u00ba, III da CR\/88, LC 141\/2012 e IN 05\/2012)<\/a><\/p>\n<p><a href=\"http:\/\/www.camposaltos.mg.gov.br\/portal\/wp-content\/uploads\/2017\/05\/GASTO_MDE_2016.pdf\" target=\"_blank\" rel=\"noopener noreferrer\">Demonstrativo da Aplica\u00e7\u00e3o na Manuten\u00e7\u00e3o e Desenvolvimento do Ensino (Art. 212 da CR\/88; EC n\u00ba 53\/06, leis 9.394\/96, 11.494\/07 e IN 05\/2012)<\/a><\/p>\n<p><a href=\"http:\/\/www.camposaltos.mg.gov.br\/portal\/wp-content\/uploads\/2017\/05\/NE_2016.pdf\" target=\"_blank\" rel=\"noopener noreferrer\">NE_2016<\/a><\/p>\n<p><a href=\"http:\/\/www.camposaltos.mg.gov.br\/portal\/wp-content\/uploads\/2017\/05\/PARECER_FUNDEB_2016.pdf\" target=\"_blank\" rel=\"noopener noreferrer\">PARECER_FUNDEB_2016<\/a><\/p>\n<p><a href=\"http:\/\/www.camposaltos.mg.gov.br\/portal\/wp-content\/uploads\/2017\/05\/RECURSO_FUNDEB_2016.pdf\" target=\"_blank\" rel=\"noopener noreferrer\">RECURSO_FUNDEB_2016<\/a><\/p>\n<p><a href=\"http:\/\/www.camposaltos.mg.gov.br\/portal\/wp-content\/uploads\/2017\/05\/RCI_2016-ed.pdf\" target=\"_blank\" rel=\"noopener noreferrer\">Relat\u00f3rio Controle Interno<\/a><\/p>\n<p><a href=\"http:\/\/www.camposaltos.mg.gov.br\/portal\/wp-content\/uploads\/2017\/05\/RES_ASPS_2016.pdf\" target=\"_blank\" rel=\"noopener noreferrer\">Demonstrativo da Aplica\u00e7\u00e3o do Res\u00edduo (art. 25 da LC 141\/2012)<\/a><\/p>\n<p>&nbsp;<\/p>\n<p><span style=\"font-size: 24pt;\"><strong>2017<\/strong><\/span><\/p>\n<p><a href=\"http:\/\/www.camposaltos.mg.gov.br\/portal\/transparencia\/gestaofiscal2017\/SICONFI_RREO_4947_BIMESTRAL_1.pdf\" target=\"_blank\" rel=\"noopener noreferrer\">Relat\u00f3rio Resumido de Execu\u00e7\u00e3o Or\u00e7ament\u00e1ria &#8211; 1\u00ba bimestre<\/a><\/p>\n<p><a href=\"http:\/\/www.camposaltos.mg.gov.br\/portal\/transparencia\/gestaofiscal2017\/SICONFI_RREO_4947_BIMESTRAL_2.pdf\" target=\"_blank\" rel=\"noopener noreferrer\">Relat\u00f3rio Resumido de Execu\u00e7\u00e3o Or\u00e7ament\u00e1ria &#8211; 2\u00ba bimestre<\/a><\/p>\n<p><a href=\"http:\/\/www.camposaltos.mg.gov.br\/portal\/transparencia\/gestaofiscal2017\/SICONFI_RREO_4947_BIMESTRAL_3.pdf\" target=\"_blank\" rel=\"noopener noreferrer\">Relat\u00f3rio Resumido de Execu\u00e7\u00e3o Or\u00e7ament\u00e1ria &#8211; 3\u00ba bimestre<\/a><\/p>\n<p><a href=\"http:\/\/www.camposaltos.mg.gov.br\/portal\/transparencia\/gestaofiscal2017\/SICONFI_RREO_4947_BIMESTRAL_4.pdf\" target=\"_blank\" rel=\"noopener noreferrer\">Relat\u00f3rio Resumido de Execu\u00e7\u00e3o Or\u00e7ament\u00e1ria &#8211; 4\u00ba bimestre<\/a><\/p>\n<p><a href=\"http:\/\/www.camposaltos.mg.gov.br\/portal\/transparencia\/gestaofiscal2017\/SICONFI_RREO_4947_BIMESTRAL_5.pdf\" target=\"_blank\" rel=\"noopener noreferrer\">Relat\u00f3rio Resumido de Execu\u00e7\u00e3o Or\u00e7ament\u00e1ria &#8211; 5\u00ba bimestre<\/a><\/p>\n<p><a href=\"http:\/\/www.camposaltos.mg.gov.br\/portal\/transparencia\/gestaofiscal2017\/SICONFI_RREO_4947_BIMESTRAL_6.pdf\" target=\"_blank\" rel=\"noopener noreferrer\">Relat\u00f3rio Resumido de Execu\u00e7\u00e3o Or\u00e7ament\u00e1ria &#8211; 6\u00ba bimestre<\/a><\/p>\n<p><a href=\"http:\/\/www.camposaltos.mg.gov.br\/portal\/transparencia\/gestaofiscal2017\/SICONFI_RGF_4947_QUADRIMESTRAL_1.pdf\" target=\"_blank\" rel=\"noopener noreferrer\">Relat\u00f3rio de Gest\u00e3o Fiscal &#8211; 1\u00ba quadrimestre<\/a><\/p>\n<p><a href=\"http:\/\/www.camposaltos.mg.gov.br\/portal\/transparencia\/gestaofiscal2017\/SICONFI_RGF_4947_QUADRIMESTRAL_2.pdf\" target=\"_blank\" rel=\"noopener noreferrer\">Relat\u00f3rio de Gest\u00e3o Fiscal &#8211; 2\u00ba quadrimestre<\/a><\/p>\n<p><a href=\"http:\/\/www.camposaltos.mg.gov.br\/portal\/transparencia\/gestaofiscal2017\/SICONFI_RGF_4947_QUADRIMESTRAL_3.pdf\" target=\"_blank\" rel=\"noopener noreferrer\">Relat\u00f3rio de Gest\u00e3o Fiscal &#8211; 3\u00ba quadrimestre<\/a><\/p>\n<p>&nbsp;<\/p>\n<p><span style=\"font-size: 24pt;\"><strong>2018<\/strong><\/span><\/p>\n<p><a href=\"http:\/\/www.camposaltos.mg.gov.br\/portal\/transparencia\/gestaofiscal2018\/SICONFI_RREO_Simplificado_4947_BIMESTRAL_1\" target=\"_blank\" rel=\"noopener noreferrer\">Relat\u00f3rio Resumido de Execu\u00e7\u00e3o Or\u00e7ament\u00e1ria Simplificado &#8211; 1\u00ba bimestre<\/a><\/p>\n<p><a href=\"http:\/\/www.camposaltos.mg.gov.br\/portal\/transparencia\/gestaofiscal2018\/SICONFI_RREO_Simplificado_4947_BIMESTRAL_2.pdf\" target=\"_blank\" rel=\"noopener noreferrer\">Relat\u00f3rio Resumido de Execu\u00e7\u00e3o Or\u00e7ament\u00e1ria Simplificado &#8211; 2\u00ba bimestre<\/a><\/p>\n<p><a href=\"http:\/\/www.camposaltos.mg.gov.br\/portal\/transparencia\/gestaofiscal2018\/SICONFI_RREO_Simplificado_4947_BIMESTRAL_3.pdf\" target=\"_blank\" rel=\"noopener noreferrer\">Relat\u00f3rio Resumido de Execu\u00e7\u00e3o Or\u00e7ament\u00e1ria Simplificado &#8211; 3\u00ba bimestre<\/a><\/p>\n<p><a href=\"http:\/\/www.camposaltos.mg.gov.br\/portal\/transparencia\/gestaofiscal2018\/SICONFI_RREO_Simplificado_4947_BIMESTRAL_4.pdf\" target=\"_blank\" rel=\"noopener noreferrer\">Relat\u00f3rio Resumido de Execu\u00e7\u00e3o Or\u00e7ament\u00e1ria Simplificado &#8211; 4\u00ba bimestre<\/a><\/p>\n<p><a href=\"http:\/\/www.camposaltos.mg.gov.br\/portal\/transparencia\/gestaofiscal2018\/SICONFI_RREO_Simplificado_4947_BIMESTRAL_5.pdf\" target=\"_blank\" rel=\"noopener noreferrer\">Relat\u00f3rio Resumido de Execu\u00e7\u00e3o Or\u00e7ament\u00e1ria Simplificado &#8211; 5\u00ba bimestre<\/a><\/p>\n<p><a href=\"http:\/\/www.camposaltos.mg.gov.br\/portal\/transparencia\/gestaofiscal2018\/SICONFI_RREO_Simplificado_4947_BIMESTRAL_6.pdf\" target=\"_blank\" rel=\"noopener noreferrer\">Relat\u00f3rio Resumido de Execu\u00e7\u00e3o Or\u00e7ament\u00e1ria Simplificado &#8211; 6\u00ba bimestre<\/a><\/p>\n<p><a href=\"http:\/\/www.camposaltos.mg.gov.br\/portal\/transparencia\/gestaofiscal2018\/SICONFI_RGF_Simplificado_4947_SEMESTRAL_1.pdf\" target=\"_blank\" rel=\"noopener noreferrer\">Relat\u00f3rio de Gest\u00e3o Fiscal Simplificado &#8211; 1\u00ba semestre<\/a><\/p>\n<p><a href=\"http:\/\/www.camposaltos.mg.gov.br\/portal\/transparencia\/gestaofiscal2018\/SICONFI_RGF_Simplificado_4947_SEMESTRAL_2.pdf\" target=\"_blank\" rel=\"noopener noreferrer\">Relat\u00f3rio de Gest\u00e3o Fiscal Simplificado &#8211; 2\u00ba semestre<\/a><\/p>\n<p>&nbsp;<\/p>\n<p><span style=\"font-size: 24pt;\"><strong>2019<\/strong><\/span><\/p>\n<p><a href=\"http:\/\/www.camposaltos.mg.gov.br\/portal\/transparencia\/gestaofiscal2019\/SICONFI_RREO_Simplificado_4947_BIMESTRAL_1.pdf\" target=\"_blank\" rel=\"noopener noreferrer\">Relat\u00f3rio Resumido de Execu\u00e7\u00e3o Or\u00e7ament\u00e1ria Simplificado &#8211; 1\u00ba bimestre<\/a><\/p>\n<p><a href=\"http:\/\/www.camposaltos.mg.gov.br\/portal\/transparencia\/gestaofiscal2019\/SICONFI_RREO_Simplificado_4947_BIMESTRAL_2.pdf\" target=\"_blank\" rel=\"noopener noreferrer\">Relat\u00f3rio Resumido de Execu\u00e7\u00e3o Or\u00e7ament\u00e1ria Simplificado &#8211; 2\u00ba bimestre<\/a><\/p>\n<p>&nbsp;<\/p>\n<p>&nbsp;<\/p>\n<p>&nbsp;<\/p>\n","protected":false},"excerpt":{"rendered":"<p>&nbsp; 2016 Demonstrativo da Aplica\u00e7\u00e3o nas A\u00e7\u00f5es e Servi\u00e7os P\u00fablicos de Sa\u00fade Demonstrativo da Aplica\u00e7\u00e3o na Manuten\u00e7\u00e3o e Desenvolvimento do Ensino (Art.212 da C.F; Emenda Constitucional n\u00ba 53\/06, leis n\u00ba 9.394\/96 e 11.494\/07) Demonstrativo da Despesa com Pessoal por Poder Demonstrativo dos Gastos nas A\u00e7\u00f5es e Servi\u00e7os P\u00fablicos de Sa\u00fade (Art. 198, \u00a72\u00ba, III da&hellip;<\/p>","protected":false},"author":1,"featured_media":0,"parent":0,"menu_order":0,"comment_status":"closed","ping_status":"closed","template":"","meta":{"tdm_status":"","tdm_grid_status":"","footnotes":""},"folder":[],"class_list":["post-1514","page","type-page","status-publish"],"amp_enabled":true,"_links":{"self":[{"href":"http:\/\/www.camposaltos.mg.gov.br\/portal\/wp-json\/wp\/v2\/pages\/1514","targetHints":{"allow":["GET"]}}],"collection":[{"href":"http:\/\/www.camposaltos.mg.gov.br\/portal\/wp-json\/wp\/v2\/pages"}],"about":[{"href":"http:\/\/www.camposaltos.mg.gov.br\/portal\/wp-json\/wp\/v2\/types\/page"}],"author":[{"embeddable":true,"href":"http:\/\/www.camposaltos.mg.gov.br\/portal\/wp-json\/wp\/v2\/users\/1"}],"replies":[{"embeddable":true,"href":"http:\/\/www.camposaltos.mg.gov.br\/portal\/wp-json\/wp\/v2\/comments?post=1514"}],"version-history":[{"count":0,"href":"http:\/\/www.camposaltos.mg.gov.br\/portal\/wp-json\/wp\/v2\/pages\/1514\/revisions"}],"wp:attachment":[{"href":"http:\/\/www.camposaltos.mg.gov.br\/portal\/wp-json\/wp\/v2\/media?parent=1514"}],"wp:term":[{"taxonomy":"folder","embeddable":true,"href":"http:\/\/www.camposaltos.mg.gov.br\/portal\/wp-json\/wp\/v2\/folder?post=1514"}],"curies":[{"name":"wp","href":"https:\/\/api.w.org\/{rel}","templated":true}]}}