{"id":1610,"date":"2017-07-14T17:43:33","date_gmt":"2017-07-14T17:43:33","guid":{"rendered":"http:\/\/www.camposaltos.mg.gov.br\/portal\/?page_id=1610"},"modified":"2017-07-14T18:04:45","modified_gmt":"2017-07-14T18:04:45","slug":"farmacia-basica-de-saude-campos-altos","status":"publish","type":"page","link":"http:\/\/www.camposaltos.mg.gov.br\/portal\/farmacia-basica-de-saude-campos-altos\/","title":{"rendered":"Farm\u00e1cia B\u00e1sica de Sa\u00fade &#8211; Campos Altos"},"content":{"rendered":"<h5><strong>Veja abaixo a lista de rem\u00e9dios dispon\u00edvel em nossa <\/strong><strong>unidade de sa\u00fade.<\/strong><\/h5>\n<hr>\n\n<table id=\"tablepress-1\" class=\"tablepress tablepress-id-1 tablepress-responsive\">\n<thead>\n<tr class=\"row-1\">\n\t<th class=\"column-1\">MEDICAMENTOS<\/th><th class=\"column-2\">SITUA\u00c7\u00c3O<\/th>\n<\/tr>\n<\/thead>\n<tbody class=\"row-striping row-hover\">\n<tr class=\"row-2\">\n\t<td class=\"column-1\">AAS 100MG CP<\/td><td class=\"column-2\">INDISPON\u00cdVEL<\/td>\n<\/tr>\n<tr class=\"row-3\">\n\t<td class=\"column-1\">\u00c1CIDO F\u00d3LICO 5MG CP<\/td><td class=\"column-2\">DISPON\u00cdVEL<\/td>\n<\/tr>\n<tr class=\"row-4\">\n\t<td class=\"column-1\">ALBENDAZOL 400MG CP<\/td><td class=\"column-2\">DISPON\u00cdVEL<\/td>\n<\/tr>\n<tr class=\"row-5\">\n\t<td class=\"column-1\">ALOPURINOL 100MG CP<\/td><td class=\"column-2\">DISPON\u00cdVEL<\/td>\n<\/tr>\n<tr class=\"row-6\">\n\t<td class=\"column-1\">ALOPURINOL 300MG CP<\/td><td class=\"column-2\">INDISPON\u00cdVEL<\/td>\n<\/tr>\n<tr class=\"row-7\">\n\t<td class=\"column-1\">AMINOFILINA 100MG CP<\/td><td class=\"column-2\">DISPON\u00cdVEL<\/td>\n<\/tr>\n<tr class=\"row-8\">\n\t<td class=\"column-1\">AMIODARONA 200MG CP<\/td><td class=\"column-2\">DISPON\u00cdVEL<\/td>\n<\/tr>\n<tr class=\"row-9\">\n\t<td class=\"column-1\">AMOXICILINA 500MG CP<\/td><td class=\"column-2\">DISPON\u00cdVEL<\/td>\n<\/tr>\n<tr class=\"row-10\">\n\t<td class=\"column-1\">AMOXICILINA 250\/5MG SUSP<\/td><td class=\"column-2\">INDISPON\u00cdVEL<\/td>\n<\/tr>\n<tr class=\"row-11\">\n\t<td class=\"column-1\">ANLODIPINO 5MG CP<\/td><td class=\"column-2\">DISPON\u00cdVEL<\/td>\n<\/tr>\n<tr class=\"row-12\">\n\t<td class=\"column-1\">ATENOLOL 50MG CP<\/td><td class=\"column-2\">DISPON\u00cdVEL<\/td>\n<\/tr>\n<tr class=\"row-13\">\n\t<td class=\"column-1\">AZITROMICINA 500MG CP<\/td><td class=\"column-2\">DISPON\u00cdVEL<\/td>\n<\/tr>\n<tr class=\"row-14\">\n\t<td class=\"column-1\">AZITROMICINA 600MG SUSP<\/td><td class=\"column-2\">INDISPON\u00cdVEL<\/td>\n<\/tr>\n<tr class=\"row-15\">\n\t<td class=\"column-1\">\u00c0CIDO VALPR\u00d3ICO 250MG CP<\/td><td class=\"column-2\">DISPON\u00cdVEL<\/td>\n<\/tr>\n<tr class=\"row-16\">\n\t<td class=\"column-1\">\u00c1CIDO VALPR\u00d3ICO 250\/5 MG SUSP<\/td><td class=\"column-2\">DISPON\u00cdVEL<\/td>\n<\/tr>\n<tr class=\"row-17\">\n\t<td class=\"column-1\">AMITRIPTILINA 25MG CP<\/td><td class=\"column-2\">DISPON\u00cdVEL<\/td>\n<\/tr>\n<tr class=\"row-18\">\n\t<td class=\"column-1\">BENZETACIL 1.200.000 UI INJ<\/td><td class=\"column-2\">INDISPON\u00cdVEL<\/td>\n<\/tr>\n<tr class=\"row-19\">\n\t<td class=\"column-1\">BENZETACIL 400.000 UI INJ<\/td><td class=\"column-2\">INDISPON\u00cdVEL<\/td>\n<\/tr>\n<tr class=\"row-20\">\n\t<td class=\"column-1\">BIPERIDENO 2MG CP<\/td><td class=\"column-2\">INDISPON\u00cdVEL<\/td>\n<\/tr>\n<tr class=\"row-21\">\n\t<td class=\"column-1\">CAPTOPRIL 50MG CP<\/td><td class=\"column-2\">INDISPON\u00cdVEL<\/td>\n<\/tr>\n<tr class=\"row-22\">\n\t<td class=\"column-1\">CARVEDILOL 6,25 CP <\/td><td class=\"column-2\">INDISPON\u00cdVEL<\/td>\n<\/tr>\n<tr class=\"row-23\">\n\t<td class=\"column-1\">CARVEDILOL 12,5MG CP <\/td><td class=\"column-2\">DISPON\u00cdVEL<\/td>\n<\/tr>\n<tr class=\"row-24\">\n\t<td class=\"column-1\">CARVEDILOL 25MG CP <\/td><td class=\"column-2\">DISPON\u00cdVEL<\/td>\n<\/tr>\n<tr class=\"row-25\">\n\t<td class=\"column-1\">CEFALEXINA 500MG CP<\/td><td class=\"column-2\">INDISPON\u00cdVEL<\/td>\n<\/tr>\n<tr class=\"row-26\">\n\t<td class=\"column-1\">CEFALEXINA 250\/5MG SUSP<\/td><td class=\"column-2\">DISPON\u00cdVEL<\/td>\n<\/tr>\n<tr class=\"row-27\">\n\t<td class=\"column-1\">CICLO 21 CP<\/td><td class=\"column-2\">INDISPON\u00cdVEL<\/td>\n<\/tr>\n<tr class=\"row-28\">\n\t<td class=\"column-1\">CIPROFLOXACINO 500MG CP<\/td><td class=\"column-2\">DISPON\u00cdVEL<\/td>\n<\/tr>\n<tr class=\"row-29\">\n\t<td class=\"column-1\">CARBAMAZEPINA 200MG CP<\/td><td class=\"column-2\">DISPON\u00cdVEL<\/td>\n<\/tr>\n<tr class=\"row-30\">\n\t<td class=\"column-1\">CARBONATO L\u00cdTIO 300MG CP<\/td><td class=\"column-2\">DISPON\u00cdVEL<\/td>\n<\/tr>\n<tr class=\"row-31\">\n\t<td class=\"column-1\">CLOMIPRAMINA 25MG CP<\/td><td class=\"column-2\">INDISPON\u00cdVEL<\/td>\n<\/tr>\n<tr class=\"row-32\">\n\t<td class=\"column-1\">CLONAZEPAM 2MG CP<\/td><td class=\"column-2\">INDISPON\u00cdVEL<\/td>\n<\/tr>\n<tr class=\"row-33\">\n\t<td class=\"column-1\">CLONAZEPAN 2.5MCG GOTAS<\/td><td class=\"column-2\">DISPON\u00cdVEL<\/td>\n<\/tr>\n<tr class=\"row-34\">\n\t<td class=\"column-1\">CLORPROMAZINA 25MG CP<\/td><td class=\"column-2\">DISPON\u00cdVEL<\/td>\n<\/tr>\n<tr class=\"row-35\">\n\t<td class=\"column-1\">CLORPROMAZINA 100MG CP<\/td><td class=\"column-2\">DISPON\u00cdVEL<\/td>\n<\/tr>\n<tr class=\"row-36\">\n\t<td class=\"column-1\">DEXAMETASONA POMADA<\/td><td class=\"column-2\">DISPON\u00cdVEL<\/td>\n<\/tr>\n<tr class=\"row-37\">\n\t<td class=\"column-1\">DICLOFENACO 50MG CP<\/td><td class=\"column-2\">DISPON\u00cdVEL<\/td>\n<\/tr>\n<tr class=\"row-38\">\n\t<td class=\"column-1\">DIGOXINA 0,25MG CP<\/td><td class=\"column-2\">DISPON\u00cdVEL<\/td>\n<\/tr>\n<tr class=\"row-39\">\n\t<td class=\"column-1\">DIPIRONA 500MG CP<\/td><td class=\"column-2\">DISPON\u00cdVEL<\/td>\n<\/tr>\n<tr class=\"row-40\">\n\t<td class=\"column-1\">DIPIRONA GOTAS<\/td><td class=\"column-2\">DISPON\u00cdVEL<\/td>\n<\/tr>\n<tr class=\"row-41\">\n\t<td class=\"column-1\">DIAZEPAM 10MG CP<\/td><td class=\"column-2\">DISPON\u00cdVEL<\/td>\n<\/tr>\n<tr class=\"row-42\">\n\t<td class=\"column-1\">ESPIRONOLACTONA 25MG CP<\/td><td class=\"column-2\">INDISPON\u00cdVEL<\/td>\n<\/tr>\n<tr class=\"row-43\">\n\t<td class=\"column-1\">FLUCONAZOL 150MG CP<\/td><td class=\"column-2\">INDISPON\u00cdVEL<\/td>\n<\/tr>\n<tr class=\"row-44\">\n\t<td class=\"column-1\">FUROSEMIDA 40MG CP<\/td><td class=\"column-2\">INDISPON\u00cdVEL<\/td>\n<\/tr>\n<tr class=\"row-45\">\n\t<td class=\"column-1\">FENITO\u00cdNA 100MG CP<\/td><td class=\"column-2\">DISPON\u00cdVEL<\/td>\n<\/tr>\n<tr class=\"row-46\">\n\t<td class=\"column-1\">FENOBARBITAL 100MG CP<\/td><td class=\"column-2\">INDISPON\u00cdVEL<\/td>\n<\/tr>\n<tr class=\"row-47\">\n\t<td class=\"column-1\">FENOBARBITAL GOTAS<\/td><td class=\"column-2\">DISPON\u00cdVEL<\/td>\n<\/tr>\n<tr class=\"row-48\">\n\t<td class=\"column-1\">FLUOXETINA 20MG CP<\/td><td class=\"column-2\">DISPON\u00cdVEL<\/td>\n<\/tr>\n<tr class=\"row-49\">\n\t<td class=\"column-1\">GLICAZIDA 60MG CP<\/td><td class=\"column-2\">DISPON\u00cdVEL<\/td>\n<\/tr>\n<tr class=\"row-50\">\n\t<td class=\"column-1\">GLICAZIDA 30MG CP<\/td><td class=\"column-2\">DISPON\u00cdVEL<\/td>\n<\/tr>\n<tr class=\"row-51\">\n\t<td class=\"column-1\">HIDROCLOROTIAZIDA 50MG CP<\/td><td class=\"column-2\">INDISPON\u00cdVEL<\/td>\n<\/tr>\n<tr class=\"row-52\">\n\t<td class=\"column-1\">HALOPERIDOL 1MG CP<\/td><td class=\"column-2\">DISPON\u00cdVEL<\/td>\n<\/tr>\n<tr class=\"row-53\">\n\t<td class=\"column-1\">HALOPERIDOL 5MG CP<\/td><td class=\"column-2\">DISPON\u00cdVEL<\/td>\n<\/tr>\n<tr class=\"row-54\">\n\t<td class=\"column-1\">HALOPERIDOL GOTAS<\/td><td class=\"column-2\">DISPON\u00cdVEL<\/td>\n<\/tr>\n<tr class=\"row-55\">\n\t<td class=\"column-1\">HALOPERIDOL DECANOATO INJ<\/td><td class=\"column-2\">DISPON\u00cdVEL<\/td>\n<\/tr>\n<tr class=\"row-56\">\n\t<td class=\"column-1\">IBUPROFENO 600MG CP<\/td><td class=\"column-2\">DISPON\u00cdVEL<\/td>\n<\/tr>\n<tr class=\"row-57\">\n\t<td class=\"column-1\">IBUPROFENO GOTAS<\/td><td class=\"column-2\">INDISPON\u00cdVEL<\/td>\n<\/tr>\n<tr class=\"row-58\">\n\t<td class=\"column-1\">INSULINA NPH INJ<\/td><td class=\"column-2\">DISPON\u00cdVEL<\/td>\n<\/tr>\n<tr class=\"row-59\">\n\t<td class=\"column-1\">INSULINA REGULAR INJ<\/td><td class=\"column-2\">DISPON\u00cdVEL<\/td>\n<\/tr>\n<tr class=\"row-60\">\n\t<td class=\"column-1\">IMIPRAMINA 25MG CP<\/td><td class=\"column-2\">INDISPON\u00cdVEL<\/td>\n<\/tr>\n<tr class=\"row-61\">\n\t<td class=\"column-1\">LEVOTIROXINA 25MG CP<\/td><td class=\"column-2\">DISPON\u00cdVEL<\/td>\n<\/tr>\n<tr class=\"row-62\">\n\t<td class=\"column-1\">LEVOTIROXINA 50MG CP<\/td><td class=\"column-2\">DISPON\u00cdVEL<\/td>\n<\/tr>\n<tr class=\"row-63\">\n\t<td class=\"column-1\">LEVOTIROXINA 100MG CP<\/td><td class=\"column-2\">DISPON\u00cdVEL<\/td>\n<\/tr>\n<tr class=\"row-64\">\n\t<td class=\"column-1\">LOSARTANA 25MG CP<\/td><td class=\"column-2\">INDISPON\u00cdVEL<\/td>\n<\/tr>\n<tr class=\"row-65\">\n\t<td class=\"column-1\">MEBENDAZOL 100MG CP<\/td><td class=\"column-2\">INDISPON\u00cdVEL<\/td>\n<\/tr>\n<tr class=\"row-66\">\n\t<td class=\"column-1\">MEBENDAZOL SUSP<\/td><td class=\"column-2\">INDISPON\u00cdVEL<\/td>\n<\/tr>\n<tr class=\"row-67\">\n\t<td class=\"column-1\">MEDROXIPROGESTERONA 150 INJ<\/td><td class=\"column-2\">INDISPON\u00cdVEL<\/td>\n<\/tr>\n<tr class=\"row-68\">\n\t<td class=\"column-1\">METILDOPA 250MG CP<\/td><td class=\"column-2\">INDISPON\u00cdVEL<\/td>\n<\/tr>\n<tr class=\"row-69\">\n\t<td class=\"column-1\">METILDOPA 500MG CP<\/td><td class=\"column-2\">INDISPON\u00cdVEL<\/td>\n<\/tr>\n<tr class=\"row-70\">\n\t<td class=\"column-1\">METRONIDAZOL 250MG CP<\/td><td class=\"column-2\">DISPON\u00cdVEL<\/td>\n<\/tr>\n<tr class=\"row-71\">\n\t<td class=\"column-1\">METRONIDAZOL SUSP<\/td><td class=\"column-2\">DISPON\u00cdVEL<\/td>\n<\/tr>\n<tr class=\"row-72\">\n\t<td class=\"column-1\">METRONIDAZOL CREME VAGINAL<\/td><td class=\"column-2\">INDISPON\u00cdVEL<\/td>\n<\/tr>\n<tr class=\"row-73\">\n\t<td class=\"column-1\">MICONAZOL CREME VAGINAL<\/td><td class=\"column-2\">DISPON\u00cdVEL<\/td>\n<\/tr>\n<tr class=\"row-74\">\n\t<td class=\"column-1\">MICRONOR 0,35MG CP<\/td><td class=\"column-2\">INDISPON\u00cdVEL<\/td>\n<\/tr>\n<tr class=\"row-75\">\n\t<td class=\"column-1\">NISTATINA CREME VAGINAL<\/td><td class=\"column-2\">INDISPON\u00cdVEL<\/td>\n<\/tr>\n<tr class=\"row-76\">\n\t<td class=\"column-1\">NIFEDIPINO 10MG CP<\/td><td class=\"column-2\">DISPON\u00cdVEL<\/td>\n<\/tr>\n<tr class=\"row-77\">\n\t<td class=\"column-1\">NIFEDIPINO 20MG CP<\/td><td class=\"column-2\">INDISPON\u00cdVEL<\/td>\n<\/tr>\n<tr class=\"row-78\">\n\t<td class=\"column-1\">NEOMICINA POMADA<\/td><td class=\"column-2\">DISPON\u00cdVEL<\/td>\n<\/tr>\n<tr class=\"row-79\">\n\t<td class=\"column-1\">NITROFURANTOINA 100MG CP<\/td><td class=\"column-2\">DISPON\u00cdVEL<\/td>\n<\/tr>\n<tr class=\"row-80\">\n\t<td class=\"column-1\">NOREGYNA\/MESIGYNA INJ<\/td><td class=\"column-2\">INDISPON\u00cdVEL<\/td>\n<\/tr>\n<tr class=\"row-81\">\n\t<td class=\"column-1\">NORTRIPTILINA 10MG CP<\/td><td class=\"column-2\">INDISPON\u00cdVEL<\/td>\n<\/tr>\n<tr class=\"row-82\">\n\t<td class=\"column-1\">NORTRIPTILINA 25MG CP<\/td><td class=\"column-2\">INDISPON\u00cdVEL<\/td>\n<\/tr>\n<tr class=\"row-83\">\n\t<td class=\"column-1\">NORTRIPTILINA 50MG CP<\/td><td class=\"column-2\">DISPON\u00cdVEL<\/td>\n<\/tr>\n<tr class=\"row-84\">\n\t<td class=\"column-1\">OMEPRAZOL 20MG CP<\/td><td class=\"column-2\">DISPON\u00cdVEL<\/td>\n<\/tr>\n<tr class=\"row-85\">\n\t<td class=\"column-1\">POLARAMINE 2MG CP<\/td><td class=\"column-2\">DISPON\u00cdVEL<\/td>\n<\/tr>\n<tr class=\"row-86\">\n\t<td class=\"column-1\">POLARAMINE XAROPE<\/td><td class=\"column-2\">DISPON\u00cdVEL<\/td>\n<\/tr>\n<tr class=\"row-87\">\n\t<td class=\"column-1\">PARACETAMOL 500MG CP<\/td><td class=\"column-2\">DISPON\u00cdVEL<\/td>\n<\/tr>\n<tr class=\"row-88\">\n\t<td class=\"column-1\">PARACETAMOL GOTAS<\/td><td class=\"column-2\">DISPON\u00cdVEL<\/td>\n<\/tr>\n<tr class=\"row-89\">\n\t<td class=\"column-1\">PREDNISONA 5MG CP<\/td><td class=\"column-2\">DISPON\u00cdVEL<\/td>\n<\/tr>\n<tr class=\"row-90\">\n\t<td class=\"column-1\">PREDNISONA 20MG CP<\/td><td class=\"column-2\">DISPON\u00cdVEL<\/td>\n<\/tr>\n<tr class=\"row-91\">\n\t<td class=\"column-1\">PREDNISOLONA 1MG\/ML XAROPE<\/td><td class=\"column-2\">DISPON\u00cdVEL<\/td>\n<\/tr>\n<tr class=\"row-92\">\n\t<td class=\"column-1\">PRESERVATIVO MASCULINO<\/td><td class=\"column-2\">DISPON\u00cdVEL<\/td>\n<\/tr>\n<tr class=\"row-93\">\n\t<td class=\"column-1\">PRESERVATIVO FEMININO<\/td><td class=\"column-2\">DISPON\u00cdVEL<\/td>\n<\/tr>\n<tr class=\"row-94\">\n\t<td class=\"column-1\">SORO DE REIDRATA\u00c7\u00c3O ENVELOPE<\/td><td class=\"column-2\">INDISPON\u00cdVEL<\/td>\n<\/tr>\n<tr class=\"row-95\">\n\t<td class=\"column-1\">SALBUTAMOL XAROPE<\/td><td class=\"column-2\">INDISPON\u00cdVEL<\/td>\n<\/tr>\n<tr class=\"row-96\">\n\t<td class=\"column-1\">SULFATO FERROSO 40MG CP<\/td><td class=\"column-2\">DISPON\u00cdVEL<\/td>\n<\/tr>\n<tr class=\"row-97\">\n\t<td class=\"column-1\">SULFA+TRIM BACTRIM 400MG CP<\/td><td class=\"column-2\">DISPON\u00cdVEL<\/td>\n<\/tr>\n<tr class=\"row-98\">\n\t<td class=\"column-1\">SULFA+TRIM BACTRIM SUSP<\/td><td class=\"column-2\">DISPON\u00cdVEL<\/td>\n<\/tr>\n<tr class=\"row-99\">\n\t<td class=\"column-1\">VARFARINA 5MG CP<\/td><td class=\"column-2\">DISPON\u00cdVEL<\/td>\n<\/tr>\n<tr class=\"row-100\">\n\t<td class=\"column-1\">VARFARINA 2,5MG CP<\/td><td class=\"column-2\">DISPON\u00cdVEL<\/td>\n<\/tr>\n<tr class=\"row-101\">\n\t<td class=\"column-1\"><\/td><td class=\"column-2\"><\/td>\n<\/tr>\n<tr class=\"row-102\">\n\t<td class=\"column-1\">SIGLAS:<\/td><td class=\"column-2\"><\/td>\n<\/tr>\n<tr class=\"row-103\">\n\t<td class=\"column-1\">CP - COMPRIMIDOS<\/td><td class=\"column-2\"><\/td>\n<\/tr>\n<tr class=\"row-104\">\n\t<td class=\"column-1\">SUSP \u2013 SUSPENS\u00c3O INFANTIL<\/td><td class=\"column-2\"><\/td>\n<\/tr>\n<tr class=\"row-105\">\n\t<td class=\"column-1\">INJ - INJET\u00c1VEL<\/td><td class=\"column-2\"><\/td>\n<\/tr>\n<\/tbody>\n<\/table>\n<!-- #tablepress-1 from cache -->\n","protected":false},"excerpt":{"rendered":"<p>Veja abaixo a lista de rem\u00e9dios dispon\u00edvel em nossa unidade de sa\u00fade.<\/p>","protected":false},"author":1,"featured_media":0,"parent":0,"menu_order":0,"comment_status":"closed","ping_status":"closed","template":"","meta":{"tdm_status":"","tdm_grid_status":"","footnotes":""},"folder":[],"class_list":["post-1610","page","type-page","status-publish"],"amp_enabled":true,"_links":{"self":[{"href":"http:\/\/www.camposaltos.mg.gov.br\/portal\/wp-json\/wp\/v2\/pages\/1610","targetHints":{"allow":["GET"]}}],"collection":[{"href":"http:\/\/www.camposaltos.mg.gov.br\/portal\/wp-json\/wp\/v2\/pages"}],"about":[{"href":"http:\/\/www.camposaltos.mg.gov.br\/portal\/wp-json\/wp\/v2\/types\/page"}],"author":[{"embeddable":true,"href":"http:\/\/www.camposaltos.mg.gov.br\/portal\/wp-json\/wp\/v2\/users\/1"}],"replies":[{"embeddable":true,"href":"http:\/\/www.camposaltos.mg.gov.br\/portal\/wp-json\/wp\/v2\/comments?post=1610"}],"version-history":[{"count":0,"href":"http:\/\/www.camposaltos.mg.gov.br\/portal\/wp-json\/wp\/v2\/pages\/1610\/revisions"}],"wp:attachment":[{"href":"http:\/\/www.camposaltos.mg.gov.br\/portal\/wp-json\/wp\/v2\/media?parent=1610"}],"wp:term":[{"taxonomy":"folder","embeddable":true,"href":"http:\/\/www.camposaltos.mg.gov.br\/portal\/wp-json\/wp\/v2\/folder?post=1610"}],"curies":[{"name":"wp","href":"https:\/\/api.w.org\/{rel}","templated":true}]}}