{"id":2666,"date":"2018-06-27T15:38:07","date_gmt":"2018-06-27T15:38:07","guid":{"rendered":"http:\/\/www.camposaltos.mg.gov.br\/portal\/?page_id=2666"},"modified":"2018-06-27T15:41:10","modified_gmt":"2018-06-27T15:41:10","slug":"leis-em-vigor-2018","status":"publish","type":"page","link":"http:\/\/www.camposaltos.mg.gov.br\/portal\/leis-em-vigor-2018\/","title":{"rendered":"Leis em vigor 2018"},"content":{"rendered":"<p>&nbsp;<\/p>\n\n<table id=\"tablepress-2\" class=\"tablepress tablepress-id-2 tablepress-responsive\">\n<thead>\n<tr class=\"row-1\">\n\t<th class=\"column-1\">Leis <\/th><th class=\"column-2\">Descri\u00e7\u00e3o<\/th><th class=\"column-3\">Arquivos<\/th>\n<\/tr>\n<\/thead>\n<tbody class=\"row-striping row-hover\">\n<tr class=\"row-2\">\n\t<td class=\"column-1\">780\/2018<\/td><td class=\"column-2\">Autoriza o Poder Executivo afiliar e contribuir mensalmente com entidade de representa\u00e7\u00e3o dos Munic\u00edpios do Estado de Minas Gerais \u2013 Associa\u00e7\u00e3o Mineira de Munic\u00edpios - AMM, e d\u00e1 outras provid\u00eancias.<\/td><td class=\"column-3\"><a href=\"http:\/\/www.camposaltos.mg.gov.br\/portal\/Leis\/2018\/780.pdf\" target=\"_blank\">780.pdf<\/a><\/td>\n<\/tr>\n<tr class=\"row-3\">\n\t<td class=\"column-1\">781\/2018<\/td><td class=\"column-2\">Autoriza o Poder Executivo do Munic\u00edpio de Campos Altos a celebrar Termo de Colabora\u00e7\u00e3o com a Funda\u00e7\u00e3o Cultural de Arax\u00e1, mantenedora do Centro Universit\u00e1rio do Planalto de Arax\u00e1 (UNIARAX\u00c1), e d\u00e1 outras provid\u00eancias.<\/td><td class=\"column-3\"><a href=\"http:\/\/www.camposaltos.mg.gov.br\/portal\/Leis\/2018\/781.pdf\" target=\"_blank\">781.pdf<\/a><\/td>\n<\/tr>\n<tr class=\"row-4\">\n\t<td class=\"column-1\">782\/2018<\/td><td class=\"column-2\">Disp\u00f5e sobre a contrata\u00e7\u00e3o por tempo determinado para atender a necessidade tempor\u00e1ria de excepcional interesse p\u00fablico, nos termos do inciso IX do art. 37 da Constitui\u00e7\u00e3o Federal e art. 85 da Lei Org\u00e2nica Municipal.<\/td><td class=\"column-3\"><a href=\"http:\/\/www.camposaltos.mg.gov.br\/portal\/Leis\/2018\/782.pdf\" target=\"_blank\">782.pdf<\/a><\/td>\n<\/tr>\n<tr class=\"row-5\">\n\t<td class=\"column-1\">783\/2018<\/td><td class=\"column-2\">Autoriza celebra\u00e7\u00e3o de Termo de Fomento com Associa\u00e7\u00e3o de Pais e Amigos dos Excepcionais de Campos Altos \u2013 APAE - e d\u00e1 outras provid\u00eancias.<\/td><td class=\"column-3\"><a href=\"http:\/\/www.camposaltos.mg.gov.br\/portal\/Leis\/2018\/783.pdf\" target=\"_blank\">783.pdf<\/a><\/td>\n<\/tr>\n<tr class=\"row-6\">\n\t<td class=\"column-1\">784\/2018<\/td><td class=\"column-2\">\u201cDISP\u00d5E SOBRE A CRIA\u00c7\u00c3O DO FUNDO MUNICIPAL DE EDUCA\u00c7\u00c3O-FME E D\u00c1 OUTRAS PROVIDENCIAS\u201d.<\/td><td class=\"column-3\"><a href=\"http:\/\/www.camposaltos.mg.gov.br\/portal\/Leis\/2018\/784.pdf\" target=\"_blank\">784.pdf<\/a><\/td>\n<\/tr>\n<tr class=\"row-7\">\n\t<td class=\"column-1\">785\/2018<\/td><td class=\"column-2\">DISP\u00d5E SOBRE A REMUNERA\u00c7\u00c3O T\u00c9CNICA DO PROJETO \u201cCORPO E MENTE\u201d - TERCEIRA IDADE, PARA O EXERC\u00cdCIO DE 2018.<\/td><td class=\"column-3\"><a href=\"http:\/\/www.camposaltos.mg.gov.br\/portal\/Leis\/2018\/785.pdf\" target=\"_blank\">785.pdf<\/a><\/td>\n<\/tr>\n<tr class=\"row-8\">\n\t<td class=\"column-1\">786\/2018<\/td><td class=\"column-2\">AUTORIZA O MUNIC\u00cdPIO FIRMAR PARCERIA COM O SEBRAE-MG E A JUNTA COMERCIAL DO ESTADO DE MINAS GERAIS, CRIA A SALA DO EMPREENDEDORISMO NO MUNIC\u00cdPIO DE CAMPOS ALTOS E DA OUTRAS PROVIDENCIAS.<\/td><td class=\"column-3\"><a href=\"http:\/\/www.camposaltos.mg.gov.br\/portal\/Leis\/2018\/786.pdf\" target=\"_blank\">786.pdf<\/a><\/td>\n<\/tr>\n<tr class=\"row-9\">\n\t<td class=\"column-1\">787\/2018<\/td><td class=\"column-2\">Disp\u00f5e sobre a recomposi\u00e7\u00e3o anual dos subs\u00eddios dos agentes pol\u00edticos da C\u00e2mara Municipal de Campos Altos.<\/td><td class=\"column-3\"><a href=\"http:\/\/www.camposaltos.mg.gov.br\/portal\/Leis\/2018\/787.pdf\" target=\"_blank\">787.pdf<\/a><\/td>\n<\/tr>\n<tr class=\"row-10\">\n\t<td class=\"column-1\">788\/2018<\/td><td class=\"column-2\">Estabelece medidas de seguran\u00e7a para funcionamento de caixas eletr\u00f4nicos no Munic\u00edpio de Campos Altos.<\/td><td class=\"column-3\"><a href=\"http:\/\/www.camposaltos.mg.gov.br\/portal\/Leis\/2018\/788.pdf\" target=\"_blank\">788.pdf<\/a><\/td>\n<\/tr>\n<tr class=\"row-11\">\n\t<td class=\"column-1\">789\/2018<\/td><td class=\"column-2\">INSTITUI O \u201cPROGRAMA MUNICIPAL DE INCENTIVO \u00c0 ATIVIDADE AGROPECU\u00c1RIA\u201d \u201cCRIA O PROGRAMA MUNICIPAL DE CONSERVA\u00c7\u00c3O E MANUTEN\u00c7\u00c3O DE ESTRADAS RURAIS\u201d NO MUNIC\u00cdPIO DE CAMPOS ALTOS E REGI\u00c3O, DA OUTRAS PROVIDENCIAS.<\/td><td class=\"column-3\"><a href=\"http:\/\/www.camposaltos.mg.gov.br\/portal\/Leis\/2018\/789.pdf\" target=\"_blank\">789.pdf<\/a><\/td>\n<\/tr>\n<tr class=\"row-12\">\n\t<td class=\"column-1\">790\/2018<\/td><td class=\"column-2\">Autoriza celebra\u00e7\u00e3o de Termo de Fomento com Associa\u00e7\u00e3o de Pais e Amigos dos Excepcionais de Campos Altos \u2013 APAE - e d\u00e1 outras provid\u00eancias.<\/td><td class=\"column-3\"><a href=\"http:\/\/www.camposaltos.mg.gov.br\/portal\/Leis\/2018\/790.pdf\" target=\"_blank\">790.pdf<\/a><\/td>\n<\/tr>\n<tr class=\"row-13\">\n\t<td class=\"column-1\">791\/2018<\/td><td class=\"column-2\">AUTORIZA PARCELAMENTO DE IPTU, CONCEDE DESCONTOS E D\u00c1 OUTRAS PROVID\u00caNCIAS.<\/td><td class=\"column-3\"><a href=\"http:\/\/www.camposaltos.mg.gov.br\/portal\/Leis\/2018\/791.pdf\" target=\"_blank\">791.pdf<\/a><\/td>\n<\/tr>\n<tr class=\"row-14\">\n\t<td class=\"column-1\">792\/2018<\/td><td class=\"column-2\">Disp\u00f5e sobre formas de pagamento e parcelamento de cr\u00e9ditos tribut\u00e1rios e d\u00e1 outras provid\u00eancias.<\/td><td class=\"column-3\"><a href=\"http:\/\/www.camposaltos.mg.gov.br\/portal\/Leis\/2018\/792.pdf\" target=\"_blank\">792.pdf<\/a><\/td>\n<\/tr>\n<tr class=\"row-15\">\n\t<td class=\"column-1\">793\/2018<\/td><td class=\"column-2\">Disp\u00f5e sobre a regulamenta\u00e7\u00e3o da realiza\u00e7\u00e3o de Feiras Itinerantes\/Eventuais no Munic\u00edpio de Campos Altos e d\u00e1 outras provid\u00eancias.<\/td><td class=\"column-3\"><a href=\"http:\/\/www.camposaltos.mg.gov.br\/portal\/Leis\/2018\/793.pdf\" target=\"_blank\">793.pdf<\/a><\/td>\n<\/tr>\n<tr class=\"row-16\">\n\t<td class=\"column-1\">794\/2018<\/td><td class=\"column-2\">Autoriza o Munic\u00edpio celebrar Termo de Contribui\u00e7\u00e3o com a Associa\u00e7\u00e3o dos Munic\u00edpios da Microrregi\u00e3o do Planalto de Arax\u00e1 \u2013 AMPLA \u2013 e d\u00e1 outras provid\u00eancias.<\/td><td class=\"column-3\"><a href=\"http:\/\/www.camposaltos.mg.gov.br\/portal\/Leis\/2018\/794.pdf\" target=\"_blank\">794.pdf<\/a><br \/>\n<\/td>\n<\/tr>\n<tr class=\"row-17\">\n\t<td class=\"column-1\">795\/2018<\/td><td class=\"column-2\">Concede revis\u00e3o geral dos vencimentos, subs\u00eddios, proventos e pens\u00f5es aos servidores ativos, secret\u00e1rios, inativos e pensionistas da administra\u00e7\u00e3o direta, indireta e autarquia do Munic\u00edpio de Campos Altos e d\u00e1 outras provid\u00eancias.<\/td><td class=\"column-3\"><a href=\"http:\/\/www.camposaltos.mg.gov.br\/portal\/Leis\/2018\/795.pdf\" target=\"_blank\">795.pdf<\/a><br \/>\n<\/td>\n<\/tr>\n<tr class=\"row-18\">\n\t<td class=\"column-1\">796\/2018<\/td><td class=\"column-2\">Concede REAJUSTE geral dos vencimentos, proventos e pens\u00f5es aos servidores ativos, inativos e pensionistas da administra\u00e7\u00e3o direta, indireta, cargos comissionados e autarquia do Munic\u00edpio de Campos Altos e d\u00e1 outras provid\u00eancias.<\/td><td class=\"column-3\"><a href=\"http:\/\/www.camposaltos.mg.gov.br\/portal\/Leis\/2018\/796.pdf\" target=\"_blank\">796.pdf<\/a><br \/>\n<\/td>\n<\/tr>\n<tr class=\"row-19\">\n\t<td class=\"column-1\">797\/2018<\/td><td class=\"column-2\">AUTORIZA O PODER EXECUTIVO A ABRIR CREDITO ADICIONAL ESPECIAL.<\/td><td class=\"column-3\"><a href=\"http:\/\/www.camposaltos.mg.gov.br\/portal\/Leis\/2018\/797.pdf\" target=\"_blank\">797.pdf<\/a><br \/>\n<\/td>\n<\/tr>\n<tr class=\"row-20\">\n\t<td class=\"column-1\">798\/2018<\/td><td class=\"column-2\">AUTORIZA O PODER EXECUTIVO A ABRIR CREDITO ADICIONAL ESPECIAL.<\/td><td class=\"column-3\"><a href=\"http:\/\/www.camposaltos.mg.gov.br\/portal\/Leis\/2018\/798.pdf\" target=\"_blank\">798.pdf<\/a><br \/>\n<\/td>\n<\/tr>\n<tr class=\"row-21\">\n\t<td class=\"column-1\">799\/2018<\/td><td class=\"column-2\">AUTORIZA O PODER EXECUTIVO A ABRIR CREDITO ADICIONAL SUPLEMENTAR.<\/td><td class=\"column-3\"><a href=\"http:\/\/www.camposaltos.mg.gov.br\/portal\/Leis\/2018\/799.pdf\" target=\"_blank\">799.pdf<\/a><br \/>\n<\/td>\n<\/tr>\n<tr class=\"row-22\">\n\t<td class=\"column-1\">800\/2018<\/td><td class=\"column-2\">Disp\u00f5e sobre a abertura de Cr\u00e9ditos Adicionais Suplementares<\/td><td class=\"column-3\"><a href=\"http:\/\/www.camposaltos.mg.gov.br\/portal\/Leis\/2018\/800.pdf\" target=\"_blank\">800.pdf<\/a><br \/>\n<\/td>\n<\/tr>\n<tr class=\"row-23\">\n\t<td class=\"column-1\">801\/2018<\/td><td class=\"column-2\">Disp\u00f5e sobre a abertura de Cr\u00e9ditos Adicionais Suplementares<\/td><td class=\"column-3\"><a href=\"http:\/\/www.camposaltos.mg.gov.br\/portal\/Leis\/2018\/801.pdf\" target=\"_blank\">801.pdf<\/a><br \/>\n<\/td>\n<\/tr>\n<tr class=\"row-24\">\n\t<td class=\"column-1\">802\/2018<\/td><td class=\"column-2\">Disp\u00f5e sobre a abertura de Cr\u00e9ditos Adicionais Suplementares<\/td><td class=\"column-3\"><a href=\"http:\/\/www.camposaltos.mg.gov.br\/portal\/Leis\/2018\/802.pdf\" target=\"_blank\">802.pdf<\/a><br \/>\n<\/td>\n<\/tr>\n<tr class=\"row-25\">\n\t<td class=\"column-1\">803\/2018<\/td><td class=\"column-2\">Disp\u00f5e sobre a abertura de Cr\u00e9ditos Adicionais Suplementares<\/td><td class=\"column-3\"><a href=\"http:\/\/www.camposaltos.mg.gov.br\/portal\/Leis\/2018\/803.pdf\" target=\"_blank\">803.pdf<\/a><br \/>\n<\/td>\n<\/tr>\n<tr class=\"row-26\">\n\t<td class=\"column-1\">804\/2018<\/td><td class=\"column-2\">Disp\u00f5e sobre a abertura de Cr\u00e9ditos Adicionais Suplementares<\/td><td class=\"column-3\"><a href=\"http:\/\/www.camposaltos.mg.gov.br\/portal\/Leis\/2018\/804.pdf\" target=\"_blank\">804.pdf<\/a><br \/>\n<\/td>\n<\/tr>\n<tr class=\"row-27\">\n\t<td class=\"column-1\">805\/2018<\/td><td class=\"column-2\">Estabelece normas para concession\u00e1rias de servi\u00e7os p\u00fablicos e empresas prestadoras de servi\u00e7os realizarem reparos e servi\u00e7os nas vias p\u00fablicas.<\/td><td class=\"column-3\"><a href=\"http:\/\/www.camposaltos.mg.gov.br\/portal\/Leis\/2018\/805.pdf\" target=\"_blank\">805.pdf<\/a><br \/>\n<\/td>\n<\/tr>\n<tr class=\"row-28\">\n\t<td class=\"column-1\">806\/2018<\/td><td class=\"column-2\">Disp\u00f5e sobre as diretrizes para elabora\u00e7\u00e3o e execu\u00e7\u00e3o da Lei Or\u00e7ament\u00e1ria de 2019, e d\u00e1 outras provid\u00eancias.<\/td><td class=\"column-3\"><a href=\"http:\/\/www.camposaltos.mg.gov.br\/portal\/Leis\/2018\/806.pdf\" target=\"_blank\">806.pdf<\/a><br \/>\n<\/td>\n<\/tr>\n<tr class=\"row-29\">\n\t<td class=\"column-1\">807\/2018<\/td><td class=\"column-2\">Disp\u00f5e sobre a abertura de Cr\u00e9ditos Adicionais Suplementares<\/td><td class=\"column-3\"><a href=\"http:\/\/www.camposaltos.mg.gov.br\/portal\/Leis\/2018\/807.pdf\" target=\"_blank\">807.pdf<\/a><br \/>\n<\/td>\n<\/tr>\n<tr class=\"row-30\">\n\t<td class=\"column-1\">808\/2018<\/td><td class=\"column-2\">Autoriza celebra\u00e7\u00e3o de Termo de Fomento com a Hope \u2013 Associa\u00e7\u00e3o Protetora dos Animais, autoriza abertura de cr\u00e9dito adicional especial ao or\u00e7amento de 2018 e d\u00e1 outras provid\u00eancias.<\/td><td class=\"column-3\"><a href=\"http:\/\/www.camposaltos.mg.gov.br\/portal\/Leis\/2018\/808.pdf\" target=\"_blank\">808.pdf<\/a><br \/>\n<\/td>\n<\/tr>\n<tr class=\"row-31\">\n\t<td class=\"column-1\">809\/2018<\/td><td class=\"column-2\">Disp\u00f5e sobre concess\u00e3o de contribui\u00e7\u00e3o para as escolas estaduais para realiza\u00e7\u00e3o do desfile c\u00edvico comemorativo de Campos Altos, e d\u00e1 outras provid\u00eancias.<\/td><td class=\"column-3\"><a href=\"http:\/\/www.camposaltos.mg.gov.br\/portal\/Leis\/2018\/809.pdf\" target=\"_blank\">809.pdf<\/a><br \/>\n<\/td>\n<\/tr>\n<tr class=\"row-32\">\n\t<td class=\"column-1\">810\/2018<\/td><td class=\"column-2\">Altera o Artigo 1\u00b0 da lei Municipal n\u00b0630 de 03 de junho de 2014 e da outras providencias.<\/td><td class=\"column-3\"><a href=\"http:\/\/www.camposaltos.mg.gov.br\/portal\/Leis\/2018\/810.pdf\" target=\"_blank\">810.pdf<\/a><br \/>\n<\/td>\n<\/tr>\n<tr class=\"row-33\">\n\t<td class=\"column-1\">811\/2018<\/td><td class=\"column-2\">Disp\u00f5e sobre a abertura de Cr\u00e9ditos Adicionais Suplementares.<\/td><td class=\"column-3\"><a href=\"http:\/\/www.camposaltos.mg.gov.br\/portal\/Leis\/2018\/811.pdf\" target=\"_blank\">811.pdf<\/a><br \/>\n<\/td>\n<\/tr>\n<tr class=\"row-34\">\n\t<td class=\"column-1\">812\/2018<\/td><td class=\"column-2\">Autoriza o Munic\u00edpio de Campos Altos celebrar conv\u00eanio com a Ferrovia Centro-Atl\u00e2ntica S.A. \u2013 FCA \u2013 com a interveni\u00eancia do Departamento Nacional de Infraestrutura e Transporte \u2013 DNIT \u2013 e d\u00e1 outras provid\u00eancias.<\/td><td class=\"column-3\"><a href=\"http:\/\/www.camposaltos.mg.gov.br\/portal\/Leis\/2018\/812.pdf\" target=\"_blank\">812.pdf<\/a><br \/>\n<\/td>\n<\/tr>\n<tr class=\"row-35\">\n\t<td class=\"column-1\">813\/2018<\/td><td class=\"column-2\">INSTITUI NO MUNIC\u00cdPIO DE CAMPOS ALTOS A TEM\u00c1TICA DA EDUCA\u00c7\u00c3O COOPERATIVISTA, EMPREENDEDORA E FINANCEIRA NA REDE MUNICIPAL DE ENSINO.<\/td><td class=\"column-3\"><a href=\"http:\/\/www.camposaltos.mg.gov.br\/portal\/Leis\/2018\/813.pdf\" target=\"_blank\">813.pdf<\/a><br \/>\n<\/td>\n<\/tr>\n<tr class=\"row-36\">\n\t<td class=\"column-1\">814\/2018<\/td><td class=\"column-2\">D\u00e1 nova reda\u00e7\u00e3o ao inciso II do art.4\u00ba da Lei Municipal 425\/2010.<\/td><td class=\"column-3\"><a href=\"http:\/\/www.camposaltos.mg.gov.br\/portal\/Leis\/2018\/814.pdf\" target=\"_blank\">814.pdf<\/a><br \/>\n<\/td>\n<\/tr>\n<tr class=\"row-37\">\n\t<td class=\"column-1\">815\/2018<\/td><td class=\"column-2\">D\u00e1 nova reda\u00e7\u00e3o ao caput dos arts. 2\u00ba, 3\u00ba, 4\u00ba, 7\u00ba, 8\u00ba, 9\u00ba e 10 da Lei Municipal 758\/2017.<\/td><td class=\"column-3\"><a href=\"http:\/\/www.camposaltos.mg.gov.br\/portal\/Leis\/2018\/815.pdf\" target=\"_blank\">815.pdf<\/a><br \/>\n<\/td>\n<\/tr>\n<tr class=\"row-38\">\n\t<td class=\"column-1\">816\/2018<\/td><td class=\"column-2\">INSERE PAR\u00c1GRAFO \u00daNICO AO ARTIGO 10\u00ba DA LEI MUNICIPAL 555\/2013 QUE DISP\u00d5E SOBRE O DESENVOLVIMENTO SOCIAL, O CONSELHO MUNICIPAL DE DESENVOLVIMENTO SOCIAL, O FUNDO MUNICIPAL DE DESENVOLVIMENTO SOCIAL E D\u00c1 OUTRAS PROVIDENCIAS.<\/td><td class=\"column-3\"><a href=\"http:\/\/www.camposaltos.mg.gov.br\/portal\/Leis\/2018\/816.pdf\" target=\"_blank\">816.pdf<\/a><br \/>\n<\/td>\n<\/tr>\n<tr class=\"row-39\">\n\t<td class=\"column-1\">817\/2018<\/td><td class=\"column-2\">OBJETIVA RECONHECER O M\u00c9RITO DE PROFESSORES PELA CONTRIBUI\u00c7\u00c3O DADA \u00c0 MELHORIA DA QUALIDADE DA EDUCA\u00c7\u00c3O B\u00c1SICA ATRAV\u00c9S DO PROJETO ENTRELA\u00c7ANDO SABERES.<\/td><td class=\"column-3\"><a href=\"http:\/\/www.camposaltos.mg.gov.br\/portal\/Leis\/2018\/817.pdf\" target=\"_blank\">817.pdf<\/a><br \/>\n<\/td>\n<\/tr>\n<tr class=\"row-40\">\n\t<td class=\"column-1\">818\/2018<\/td><td class=\"column-2\">Autoriza aumentar R$ 220.000,00 (duzentos e vinte mil reais) na subven\u00e7\u00e3o social para a Santa Casa de Miseric\u00f3rdia de Campos Altos, e d\u00e1 outras provid\u00eancias.<\/td><td class=\"column-3\"><a href=\"http:\/\/www.camposaltos.mg.gov.br\/portal\/Leis\/2018\/818.pdf\" target=\"_blank\">818.pdf<\/a><br \/>\n<\/td>\n<\/tr>\n<tr class=\"row-41\">\n\t<td class=\"column-1\">819\/2018<\/td><td class=\"column-2\">D\u00e1 nova reda\u00e7\u00e3o ao artigo 5\u00ba da Lei Municipal 773 de 28 de novembro de 2017.<\/td><td class=\"column-3\"><a href=\"http:\/\/www.camposaltos.mg.gov.br\/portal\/Leis\/2018\/819.pdf\" target=\"_blank\">819.pdf<\/a><br \/>\n<\/td>\n<\/tr>\n<tr class=\"row-42\">\n\t<td class=\"column-1\">820\/2018<\/td><td class=\"column-2\">\u201cEstima as receitas e fixa as despesas do Or\u00e7amento Fiscal do Munic\u00edpio de Campos Altos para o exerc\u00edcio de 2019\u201d.<\/td><td class=\"column-3\"><a href=\"http:\/\/www.camposaltos.mg.gov.br\/portal\/Leis\/2018\/820.pdf\" target=\"_blank\">820.pdf<\/a><br \/>\n<\/td>\n<\/tr>\n<tr class=\"row-43\">\n\t<td class=\"column-1\">821\/2018<\/td><td class=\"column-2\">Altera o \u00a73\u00b0 do Artigo 5\u00b0 da lei Municipal n\u00b0 686 de 2015 e o Anexo I da meta 2 e da outras providencias.<\/td><td class=\"column-3\"><a href=\"http:\/\/www.camposaltos.mg.gov.br\/portal\/Leis\/2018\/821.pdf\" target=\"_blank\">821.pdf<\/a><br \/>\n<\/td>\n<\/tr>\n<tr class=\"row-44\">\n\t<td class=\"column-1\">822\/2018<\/td><td class=\"column-2\">Autoriza celebra\u00e7\u00e3o de Termo de Fomento com as entidades e associa\u00e7\u00f5es especificadas, e d\u00e1 outras provid\u00eancias.<\/td><td class=\"column-3\"><a href=\"http:\/\/www.camposaltos.mg.gov.br\/portal\/Leis\/2018\/822.pdf\" target=\"_blank\">822.pdf<\/a><br \/>\n<\/td>\n<\/tr>\n<tr class=\"row-45\">\n\t<td class=\"column-1\">823\/2018<\/td><td class=\"column-2\">Autoriza celebra\u00e7\u00e3o de conv\u00eanio com a Santa Casa de Miseric\u00f3rdia de Campos Altos, e d\u00e1 outras provid\u00eancias.<\/td><td class=\"column-3\"><a href=\"http:\/\/www.camposaltos.mg.gov.br\/portal\/Leis\/2018\/823.pdf\" target=\"_blank\">823.pdf<\/a><br \/>\n<\/td>\n<\/tr>\n<tr class=\"row-46\">\n\t<td class=\"column-1\">824\/2018<\/td><td class=\"column-2\">Autoriza o Poder Executivo do Munic\u00edpio de Campos Altos a celebrar Termo de Colabora\u00e7\u00e3o com a Funda\u00e7\u00e3o Cultural de Arax\u00e1, mantenedora do Centro Universit\u00e1rio do Planalto de Arax\u00e1 (UNIARAX\u00c1), e d\u00e1 outras provid\u00eancias.<\/td><td class=\"column-3\"><a href=\"http:\/\/www.camposaltos.mg.gov.br\/portal\/Leis\/2018\/824.pdf\" target=\"_blank\">824.pdf<\/a><br \/>\n<\/td>\n<\/tr>\n<tr class=\"row-47\">\n\t<td class=\"column-1\">Anexo<\/td><td class=\"column-2\">Descontos estabelecidos para parcelas <\/td><td class=\"column-3\"><a href=\"http:\/\/www.camposaltos.mg.gov.br\/portal\/Leis\/2018\/anexo.pdf\" target=\"_blank\">anexo.pdf<\/a><\/td>\n<\/tr>\n<tr class=\"row-48\">\n\t<td class=\"column-1\">Portaria <\/td><td class=\"column-2\">* Secretaria do Tesouro Nacional - Fundo Nacional de Desenvolvimento da Educa\u00e7\u00e3o - Agentes Financeiros do FUNDEB - Atribui\u00e7\u00f5es - Movimenta\u00e7\u00e3o Financeira e Divulga\u00e7\u00e3o das Informa\u00e7\u00f5es sobre Transfer\u00eancias e Utiliza\u00e7\u00e3o dos Recursos do Fundo *<\/td><td class=\"column-3\"><a href=\"http:\/\/www.camposaltos.mg.gov.br\/portal\/Leis\/2018\/portaria.pdf\" target=\"_blank\">portaria.pdf<\/a><\/td>\n<\/tr>\n<\/tbody>\n<\/table>\n<!-- #tablepress-2 from cache -->\n","protected":false},"excerpt":{"rendered":"<p>&nbsp;<\/p>","protected":false},"author":1,"featured_media":0,"parent":0,"menu_order":0,"comment_status":"closed","ping_status":"closed","template":"","meta":{"tdm_status":"","tdm_grid_status":"","footnotes":""},"folder":[],"class_list":["post-2666","page","type-page","status-publish"],"amp_enabled":true,"_links":{"self":[{"href":"http:\/\/www.camposaltos.mg.gov.br\/portal\/wp-json\/wp\/v2\/pages\/2666","targetHints":{"allow":["GET"]}}],"collection":[{"href":"http:\/\/www.camposaltos.mg.gov.br\/portal\/wp-json\/wp\/v2\/pages"}],"about":[{"href":"http:\/\/www.camposaltos.mg.gov.br\/portal\/wp-json\/wp\/v2\/types\/page"}],"author":[{"embeddable":true,"href":"http:\/\/www.camposaltos.mg.gov.br\/portal\/wp-json\/wp\/v2\/users\/1"}],"replies":[{"embeddable":true,"href":"http:\/\/www.camposaltos.mg.gov.br\/portal\/wp-json\/wp\/v2\/comments?post=2666"}],"version-history":[{"count":0,"href":"http:\/\/www.camposaltos.mg.gov.br\/portal\/wp-json\/wp\/v2\/pages\/2666\/revisions"}],"wp:attachment":[{"href":"http:\/\/www.camposaltos.mg.gov.br\/portal\/wp-json\/wp\/v2\/media?parent=2666"}],"wp:term":[{"taxonomy":"folder","embeddable":true,"href":"http:\/\/www.camposaltos.mg.gov.br\/portal\/wp-json\/wp\/v2\/folder?post=2666"}],"curies":[{"name":"wp","href":"https:\/\/api.w.org\/{rel}","templated":true}]}}