{"id":2703,"date":"2018-06-29T01:06:47","date_gmt":"2018-06-29T01:06:47","guid":{"rendered":"http:\/\/www.camposaltos.mg.gov.br\/portal\/?page_id=2703"},"modified":"2018-06-29T01:20:05","modified_gmt":"2018-06-29T01:20:05","slug":"leis-em-vigor-2016","status":"publish","type":"page","link":"http:\/\/www.camposaltos.mg.gov.br\/portal\/leis-em-vigor-2016\/","title":{"rendered":"Leis em vigor 2016"},"content":{"rendered":"\n<table id=\"tablepress-4\" class=\"tablepress tablepress-id-4 tablepress-responsive\">\n<thead>\n<tr class=\"row-1\">\n\t<th class=\"column-1\">Leis<\/th><th class=\"column-2\">Descri\u00e7\u00e3o<\/th><th class=\"column-3\">Arquivos<\/th>\n<\/tr>\n<\/thead>\n<tbody class=\"row-striping row-hover\">\n<tr class=\"row-2\">\n\t<td class=\"column-1\">705\/2016<\/td><td class=\"column-2\">Autoriza a firmar conv\u00eanios e d\u00e1 outras provid\u00eancias.<\/td><td class=\"column-3\"><a href=\"http:\/\/www.camposaltos.mg.gov.br\/portal\/Leis\/2016\/pdf\/705.pdf\" target=\"_blank\">705.pdf<\/a><\/td>\n<\/tr>\n<tr class=\"row-3\">\n\t<td class=\"column-1\">706\/2016<\/td><td class=\"column-2\">Autoriza conceder subven\u00e7\u00e3o social \u00e0 Associa\u00e7\u00e3o Comunit\u00e1ria do Alto Palestina e Camposaltinho, autoriza abertura de cr\u00e9dito adicional suplementar e d\u00e1 outras provid\u00eancias.<\/td><td class=\"column-3\"><a href=\"http:\/\/www.camposaltos.mg.gov.br\/portal\/Leis\/2016\/pdf\/706.pdf\" target=\"_blank\">706.pdf<\/a><\/td>\n<\/tr>\n<tr class=\"row-4\">\n\t<td class=\"column-1\">707\/2016<\/td><td class=\"column-2\">Disp\u00f5e sobre a denomina\u00e7\u00e3o de logradouro p\u00fablico.<\/td><td class=\"column-3\"><a href=\"http:\/\/www.camposaltos.mg.gov.br\/portal\/Leis\/2016\/pdf\/707.pdf\" target=\"_blank\">707.pdf<\/a><\/td>\n<\/tr>\n<tr class=\"row-5\">\n\t<td class=\"column-1\">708\/2016<\/td><td class=\"column-2\">Altera disposi\u00e7\u00f5es da Lei Municipal n. 182\/2005, e d\u00e1 outras provid\u00eancias.<\/td><td class=\"column-3\"><a href=\"http:\/\/www.camposaltos.mg.gov.br\/portal\/Leis\/2016\/pdf\/708.pdf\" target=\"_blank\">708.pdf<\/a><\/td>\n<\/tr>\n<tr class=\"row-6\">\n\t<td class=\"column-1\">709\/2016<\/td><td class=\"column-2\">Altera o n\u00famero de vagas, nos cargos e fun\u00e7\u00f5es que especifica, na Secretaria Municipal de Educa\u00e7\u00e3o, e d\u00e1 outras provid\u00eancias.<\/td><td class=\"column-3\"><a href=\"http:\/\/www.camposaltos.mg.gov.br\/portal\/Leis\/2016\/pdf\/709.pdf\" target=\"_blank\">709.pdf<\/a><\/td>\n<\/tr>\n<tr class=\"row-7\">\n\t<td class=\"column-1\">710\/2016<\/td><td class=\"column-2\">Altera o n\u00famero de vagas, nos cargos e fun\u00e7\u00f5es que especifica, na Secretaria Municipal de Sa\u00fade, e d\u00e1 outras provid\u00eancias.<\/td><td class=\"column-3\"><a href=\"http:\/\/www.camposaltos.mg.gov.br\/portal\/Leis\/2016\/pdf\/710.pdf\" target=\"_blank\">710.pdf<\/a><\/td>\n<\/tr>\n<tr class=\"row-8\">\n\t<td class=\"column-1\">711\/2016<\/td><td class=\"column-2\">Autoriza conceder subven\u00e7\u00e3o social a Associa\u00e7\u00e3o Vinde Vida e d\u00e1 outras provid\u00eancias.<\/td><td class=\"column-3\"><a href=\"http:\/\/www.camposaltos.mg.gov.br\/portal\/Leis\/2016\/pdf\/711.pdf\" target=\"_blank\">711.pdf<\/a><\/td>\n<\/tr>\n<tr class=\"row-9\">\n\t<td class=\"column-1\">712\/2016<\/td><td class=\"column-2\">Altera o caput do art. 1\u00ba da Lei Municipal n. 704\/2015, e d\u00e1 outras provid\u00eancias.<\/td><td class=\"column-3\"><a href=\"http:\/\/www.camposaltos.mg.gov.br\/portal\/Leis\/2016\/pdf\/712.pdf\" target=\"_blank\">712.pdf<\/a><\/td>\n<\/tr>\n<tr class=\"row-10\">\n\t<td class=\"column-1\">713\/2016<\/td><td class=\"column-2\">Autoriza abertura de Cr\u00e9dito Adicional Especial ao or\u00e7amento de 2016 e d\u00e1 outras provid\u00eancias.<\/td><td class=\"column-3\"><a href=\"http:\/\/www.camposaltos.mg.gov.br\/portal\/Leis\/2016\/pdf\/713.pdf\" target=\"_blank\">713.pdf<\/a><br \/>\n<\/td>\n<\/tr>\n<tr class=\"row-11\">\n\t<td class=\"column-1\">714\/2016<\/td><td class=\"column-2\">Disp\u00f5e sobre a denomina\u00e7\u00e3o de logradouro p\u00fablico.<\/td><td class=\"column-3\"><a href=\"http:\/\/www.camposaltos.mg.gov.br\/portal\/Leis\/2016\/pdf\/714.pdf\" target=\"_blank\">714.pdf<\/a><\/td>\n<\/tr>\n<tr class=\"row-12\">\n\t<td class=\"column-1\">715\/2016<\/td><td class=\"column-2\">Disp\u00f5e sobre a denomina\u00e7\u00e3o de logradouro p\u00fablico.<\/td><td class=\"column-3\"><a href=\"http:\/\/www.camposaltos.mg.gov.br\/portal\/Leis\/2016\/pdf\/715.pdf\" target=\"_blank\">715.pdf<\/a><\/td>\n<\/tr>\n<tr class=\"row-13\">\n\t<td class=\"column-1\">716\/2016<\/td><td class=\"column-2\">Ratifica Conv\u00eanio firmado com a Associa\u00e7\u00e3o dos Munic\u00edpios da Micro Regi\u00e3o do Planalto de Arax\u00e1 - AMPLA, nos termos do art. 24, inciso XVI, da Lei Org\u00e2nica Municipal, e d\u00e1 outras provid\u00eancias.<\/td><td class=\"column-3\"><a href=\"http:\/\/www.camposaltos.mg.gov.br\/portal\/Leis\/2016\/pdf\/716.pdf\" target=\"_blank\">716.pdf<\/a><\/td>\n<\/tr>\n<tr class=\"row-14\">\n\t<td class=\"column-1\">717\/2016<\/td><td class=\"column-2\">DISP\u00d5E SOBRE FORMAS DE PAGAMENTO E PARCELAMENTO DE CR\u00c9DITOS TRIBUT\u00c1RIOS, E D\u00c1 OUTRAS PROVID\u00caNCIAS.<\/td><td class=\"column-3\"><a href=\"http:\/\/www.camposaltos.mg.gov.br\/portal\/Leis\/2016\/pdf\/717.pdf\" target=\"_blank\">717.pdf<\/a><\/td>\n<\/tr>\n<tr class=\"row-15\">\n\t<td class=\"column-1\">718\/2016<\/td><td class=\"column-2\">Declara de utilidade p\u00fablica a \u201cHOPE \u2013 Associa\u00e7\u00e3o Protetora dos Animais\u201d.<\/td><td class=\"column-3\"><a href=\"http:\/\/www.camposaltos.mg.gov.br\/portal\/Leis\/2016\/pdf\/718.pdf\" target=\"_blank\">718.pdf<\/a><br \/>\n<\/td>\n<\/tr>\n<tr class=\"row-16\">\n\t<td class=\"column-1\">719\/2016<\/td><td class=\"column-2\">Obriga os estabelecimentos banc\u00e1rios a instalar anteparos met\u00e1licos no local onde se encontram os caixas eletr\u00f4nicos.<\/td><td class=\"column-3\"><a href=\"http:\/\/www.camposaltos.mg.gov.br\/portal\/Leis\/2016\/pdf\/719.pdf\" target=\"_blank\">719.pdf<\/a><\/td>\n<\/tr>\n<tr class=\"row-17\">\n\t<td class=\"column-1\">720\/2016<\/td><td class=\"column-2\">DISP\u00d5E SOBRE A APROVA\u00c7\u00c3O DO PLANO MUNICIPAL DE SANEAMENTO B\u00c1SICO COM A INSER\u00c7\u00c3O DO PLANO DE GEST\u00c3O INTEGRADA DE RES\u00cdDUOS S\u00d3LIDOS.<\/td><td class=\"column-3\"><a href=\"http:\/\/www.camposaltos.mg.gov.br\/portal\/Leis\/2016\/pdf\/720.pdf\" target=\"_blank\">720.pdf<\/a><\/td>\n<\/tr>\n<tr class=\"row-18\">\n\t<td class=\"column-1\">721\/2016<\/td><td class=\"column-2\">Disp\u00f5e sobre revers\u00e3o de bem im\u00f3vel ao patrim\u00f4nio municipal, revoga a Lei Municipal n\u00ba 338\/2008 e d\u00e1 outras provid\u00eancias.<\/td><td class=\"column-3\"><a href=\"http:\/\/www.camposaltos.mg.gov.br\/portal\/Leis\/2016\/pdf\/721.pdf\" target=\"_blank\">721.pdf<\/a><br \/>\n<\/td>\n<\/tr>\n<tr class=\"row-19\">\n\t<td class=\"column-1\">722\/2016<\/td><td class=\"column-2\">Autoriza abertura de cr\u00e9dito adicional especial ao or\u00e7amento de 2016 para Constru\u00e7\u00e3o do Centro de Zoonoses e d\u00e1 outras provid\u00eancias.<\/td><td class=\"column-3\"><a href=\"http:\/\/www.camposaltos.mg.gov.br\/portal\/Leis\/2016\/pdf\/722.pdf\" target=\"_blank\">722.pdf<\/a><\/td>\n<\/tr>\n<tr class=\"row-20\">\n\t<td class=\"column-1\">723\/2016<\/td><td class=\"column-2\">\u201cDisp\u00f5e sobre o reparcelamento de contribui\u00e7\u00f5es previdenci\u00e1rias entre o Poder Executivo de Campos Altos e o Instituto de Previd\u00eancia Municipal de Campos Altos \u2013 (IPMCA) e d\u00e1 outras provid\u00eancias.\u201d<\/td><td class=\"column-3\"><a href=\"http:\/\/www.camposaltos.mg.gov.br\/portal\/Leis\/2016\/pdf\/723.pdf\" target=\"_blank\">723.pdf<\/a><\/td>\n<\/tr>\n<tr class=\"row-21\">\n\t<td class=\"column-1\">724\/2016<\/td><td class=\"column-2\">Altera e d\u00e1 nova reda\u00e7\u00e3o ao art. 5\u00ba da Lei Municipal n. Lei n\u00ba 703\/2015, 22 de dezembro de 2015. \u2013 Lei Or\u00e7ament\u00e1ria Anual 2016, e d\u00e1 outras provid\u00eancias.<\/td><td class=\"column-3\"><a href=\"http:\/\/www.camposaltos.mg.gov.br\/portal\/Leis\/2016\/pdf\/724.pdf\" target=\"_blank\">724.pdf<\/a><\/td>\n<\/tr>\n<tr class=\"row-22\">\n\t<td class=\"column-1\">725\/2016<\/td><td class=\"column-2\">Disp\u00f5e sobre as diretrizes para<br \/>\nelabora\u00e7\u00e3o e execu\u00e7\u00e3o da Lei<br \/>\nOr\u00e7ament\u00e1ria de 2017, e d\u00e1 outras<br \/>\nprovid\u00eancias.<\/td><td class=\"column-3\"><a href=\"http:\/\/www.camposaltos.mg.gov.br\/portal\/Leis\/2016\/pdf\/725.pdf\" target=\"_blank\">725.pdf<\/a><\/td>\n<\/tr>\n<tr class=\"row-23\">\n\t<td class=\"column-1\">726\/2016<\/td><td class=\"column-2\">Disp\u00f5e sobre o Portal da Transpar\u00eancia dos atos e informa\u00e7\u00f5es no \u00e2mbito do Munic\u00edpio.<\/td><td class=\"column-3\"><a href=\"http:\/\/www.camposaltos.mg.gov.br\/portal\/Leis\/2016\/pdf\/726.pdf\" target=\"_blank\">726.pdf<\/a><\/td>\n<\/tr>\n<tr class=\"row-24\">\n\t<td class=\"column-1\">727\/2016<\/td><td class=\"column-2\">Institui plant\u00e3o obrigat\u00f3rio, no sistema de rod\u00edzio, para as farm\u00e1cias e drogarias do munic\u00edpio de Campos Altos.<\/td><td class=\"column-3\"><a href=\"http:\/\/www.camposaltos.mg.gov.br\/portal\/Leis\/2016\/pdf\/727.pdf\" target=\"_blank\">727.pdf<\/a><\/td>\n<\/tr>\n<tr class=\"row-25\">\n\t<td class=\"column-1\">728\/2016<\/td><td class=\"column-2\">ALTERA E CONSOLIDA DISPOSI\u00c7\u00d5ES DAS LEIS MUNICIPAIS QUE AUTORIZAM O PODER EXECUTIVO A CONCEDER AUX\u00cdLIOS FINANCEIROS AOS M\u00c9DICOS PARTICIPANTES DO PROJETO MAIS M\u00c9DICOS PARA O BRASIL, E D\u00c1 OUTRAS PROVID\u00caNCIAS.<\/td><td class=\"column-3\"><a href=\"http:\/\/www.camposaltos.mg.gov.br\/portal\/Leis\/2016\/pdf\/728.pdf\" target=\"_blank\">728.pdf<\/a><\/td>\n<\/tr>\n<tr class=\"row-26\">\n\t<td class=\"column-1\">729\/2016<\/td><td class=\"column-2\">Autoriza abertura de Cr\u00e9dito Adicional Suplementar ao Or\u00e7amento de 2016, e da outras provid\u00eancias.<\/td><td class=\"column-3\"><a href=\"http:\/\/www.camposaltos.mg.gov.br\/portal\/Leis\/2016\/pdf\/729.pdf\" target=\"_blank\">729.pdf<\/a><\/td>\n<\/tr>\n<tr class=\"row-27\">\n\t<td class=\"column-1\">730\/2016<\/td><td class=\"column-2\">Aumenta o valor da subven\u00e7\u00e3o social da Santa Casa de Miseric\u00f3rdia em at\u00e9 R$ 42.400,00 (quarenta e dois mil e quatrocentos reais), altera o valor do Anexo \u00danico da Lei 705\/2016, autoriza abertura de cr\u00e9dito adicional suplementar e d\u00e1 outras provid\u00eancias.<\/td><td class=\"column-3\"><a href=\"http:\/\/www.camposaltos.mg.gov.br\/portal\/Leis\/2016\/pdf\/730.pdf\" target=\"_blank\">730.pdf<\/a><\/td>\n<\/tr>\n<tr class=\"row-28\">\n\t<td class=\"column-1\">731\/2016<\/td><td class=\"column-2\">Aumenta o valor da subven\u00e7\u00e3o social da Santa Casa de Miseric\u00f3rdia em at\u00e9 R$ 84.000,00 (oitenta e quatro mil reais), altera o valor do Anexo \u00danico da Lei 705\/2016, autoriza abertura de cr\u00e9dito adicional suplementar e d\u00e1 outras provid\u00eancias.<\/td><td class=\"column-3\"><a href=\"http:\/\/www.camposaltos.mg.gov.br\/portal\/Leis\/2016\/pdf\/731.pdf\" target=\"_blank\">731.pdf<\/a><br \/>\n<\/td>\n<\/tr>\n<tr class=\"row-29\">\n\t<td class=\"column-1\">732\/2016<\/td><td class=\"column-2\">Estima as receitas e fixa as despesas do Or\u00e7amento Fiscal do Munic\u00edpio de Campos Altos para o exerc\u00edcio de 2017.<\/td><td class=\"column-3\"><a href=\"http:\/\/www.camposaltos.mg.gov.br\/portal\/Leis\/2016\/pdf\/732.pdf\" target=\"_blank\">732.pdf<\/a><\/td>\n<\/tr>\n<tr class=\"row-30\">\n\t<td class=\"column-1\">733\/2016<\/td><td class=\"column-2\">Autoriza abertura de cr\u00e9dito adicional suplementar ao or\u00e7amento de 2016 e d\u00e1 outras provid\u00eancias.<\/td><td class=\"column-3\"><a href=\"http:\/\/www.camposaltos.mg.gov.br\/portal\/Leis\/2016\/pdf\/733.pdf\" target=\"_blank\">733.pdf<\/a><\/td>\n<\/tr>\n<tr class=\"row-31\">\n\t<td class=\"column-1\">734\/2016<\/td><td class=\"column-2\">Disp\u00f5e sobre a denomina\u00e7\u00e3o de logradouro p\u00fablico.<\/td><td class=\"column-3\"><a href=\"http:\/\/www.camposaltos.mg.gov.br\/portal\/Leis\/2016\/pdf\/734.pdf\" target=\"_blank\">734.pdf<\/a><\/td>\n<\/tr>\n<tr class=\"row-32\">\n\t<td class=\"column-1\">735\/2016<\/td><td class=\"column-2\">Disp\u00f5e sobre a denomina\u00e7\u00e3o de logradouro p\u00fablico.<\/td><td class=\"column-3\"><a href=\"http:\/\/www.camposaltos.mg.gov.br\/portal\/Leis\/2016\/pdf\/735.pdf\" target=\"_blank\">735.pdf<\/a><\/td>\n<\/tr>\n<\/tbody>\n<\/table>\n<!-- #tablepress-4 from cache -->\n","protected":false},"excerpt":{"rendered":"<p><\/p>","protected":false},"author":1,"featured_media":0,"parent":0,"menu_order":0,"comment_status":"closed","ping_status":"closed","template":"","meta":{"tdm_status":"","tdm_grid_status":"","footnotes":""},"folder":[],"class_list":["post-2703","page","type-page","status-publish"],"amp_enabled":true,"_links":{"self":[{"href":"http:\/\/www.camposaltos.mg.gov.br\/portal\/wp-json\/wp\/v2\/pages\/2703","targetHints":{"allow":["GET"]}}],"collection":[{"href":"http:\/\/www.camposaltos.mg.gov.br\/portal\/wp-json\/wp\/v2\/pages"}],"about":[{"href":"http:\/\/www.camposaltos.mg.gov.br\/portal\/wp-json\/wp\/v2\/types\/page"}],"author":[{"embeddable":true,"href":"http:\/\/www.camposaltos.mg.gov.br\/portal\/wp-json\/wp\/v2\/users\/1"}],"replies":[{"embeddable":true,"href":"http:\/\/www.camposaltos.mg.gov.br\/portal\/wp-json\/wp\/v2\/comments?post=2703"}],"version-history":[{"count":0,"href":"http:\/\/www.camposaltos.mg.gov.br\/portal\/wp-json\/wp\/v2\/pages\/2703\/revisions"}],"wp:attachment":[{"href":"http:\/\/www.camposaltos.mg.gov.br\/portal\/wp-json\/wp\/v2\/media?parent=2703"}],"wp:term":[{"taxonomy":"folder","embeddable":true,"href":"http:\/\/www.camposaltos.mg.gov.br\/portal\/wp-json\/wp\/v2\/folder?post=2703"}],"curies":[{"name":"wp","href":"https:\/\/api.w.org\/{rel}","templated":true}]}}