{"id":2712,"date":"2018-06-29T01:22:25","date_gmt":"2018-06-29T01:22:25","guid":{"rendered":"http:\/\/www.camposaltos.mg.gov.br\/portal\/?page_id=2712"},"modified":"2018-06-29T01:25:08","modified_gmt":"2018-06-29T01:25:08","slug":"leis-em-vigor-2015","status":"publish","type":"page","link":"http:\/\/www.camposaltos.mg.gov.br\/portal\/leis-em-vigor-2015\/","title":{"rendered":"Leis em vigor 2015"},"content":{"rendered":"\n<table id=\"tablepress-6\" class=\"tablepress tablepress-id-6 tablepress-responsive\">\n<thead>\n<tr class=\"row-1\">\n\t<th class=\"column-1\">Leis<\/th><th class=\"column-2\">Descri\u00e7\u00e3o<\/th><th class=\"column-3\">Arquivos<\/th>\n<\/tr>\n<\/thead>\n<tbody class=\"row-striping row-hover\">\n<tr class=\"row-2\">\n\t<td class=\"column-1\">660\/2015<\/td><td class=\"column-2\">Autoriza a firmar conv\u00eanios e d\u00e1 outras<br \/>\nprovid\u00eancias.<\/td><td class=\"column-3\"><a href=\"http:\/\/www.camposaltos.mg.gov.br\/portal\/Leis\/2015\/pdf\/660.pdf\" target=\"_blank\">660.pdf<\/a><br \/>\n<br \/>\n<\/td>\n<\/tr>\n<tr class=\"row-3\">\n\t<td class=\"column-1\">661\/2015<\/td><td class=\"column-2\">Ratifica Conv\u00eanio firmado com a<br \/>\nAssocia\u00e7\u00e3o dos Munic\u00edpios da Micro<br \/>\nRegi\u00e3o do Planalto de Arax\u00e1 - do<br \/>\nAMPLA, nos termos do art. 24, inciso<br \/>\nXVI, da Lei Org\u00e2nica Municipal, e d\u00e1<br \/>\noutras provid\u00eancias.<\/td><td class=\"column-3\"><a href=\"http:\/\/www.camposaltos.mg.gov.br\/portal\/Leis\/2015\/pdf\/661.pdf\" target=\"_blank\">661.pdf<\/a><\/td>\n<\/tr>\n<tr class=\"row-4\">\n\t<td class=\"column-1\">662\/2015<\/td><td class=\"column-2\">ALTERA O CAPUT DOS ARTS. 3\u00ba E 5\u00ba, E O ART. 7\u00ba, DA LEI<br \/>\nMUNICIPAL N. 629, DE 03 DE JUNHO DE 2014, E D\u00c1 OUTRAS<br \/>\nPROVID\u00caNCIAS.<\/td><td class=\"column-3\"><a href=\"http:\/\/www.camposaltos.mg.gov.br\/portal\/Leis\/2015\/pdf\/662.pdf\" target=\"_blank\">662.pdf<\/a><\/td>\n<\/tr>\n<tr class=\"row-5\">\n\t<td class=\"column-1\">663\/2015<\/td><td class=\"column-2\">AUTORIZA O EXECUTIVO MUNICIPAL A<br \/>\nCELEBRAR CONTRATO DE CESS\u00c3O DE USO DE<br \/>\nIM\u00d3VEL QUE ESPECIFICA, CONCEDE ISEN\u00c7\u00c3O<br \/>\nDE TRIBUTO E D\u00c1 OUTRAS PROVID\u00caNCIAS.<\/td><td class=\"column-3\"><a href=\"http:\/\/www.camposaltos.mg.gov.br\/portal\/Leis\/2015\/pdf\/663.pdf\" target=\"_blank\">663.pdf<\/a><\/td>\n<\/tr>\n<tr class=\"row-6\">\n\t<td class=\"column-1\">664\/2015<\/td><td class=\"column-2\">CONCEDE SUBVEN\u00c7\u00c3O SOCIAL A<br \/>\nASSOCIA\u00c7\u00c3O COMUNIT\u00c1RIA DO ALTO<br \/>\nPALESTINA E CAMPOSALTINHO E D\u00c1<br \/>\nOUTRAS PROVID\u00caNCIAS.<\/td><td class=\"column-3\"><a href=\"http:\/\/www.camposaltos.mg.gov.br\/portal\/Leis\/2015\/pdf\/664.pdf\" target=\"_blank\">664.pdf<\/a><\/td>\n<\/tr>\n<tr class=\"row-7\">\n\t<td class=\"column-1\">665\/2015<\/td><td class=\"column-2\">DISP\u00d5E SOBRE FORMAS DE PAGAMENTO E PARCELAMENTO<br \/>\nDE CR\u00c9DITOS TRIBUT\u00c1RIOS E D\u00c1 OUTRAS PROVID\u00caNCIAS.<\/td><td class=\"column-3\"><a href=\"http:\/\/www.camposaltos.mg.gov.br\/portal\/Leis\/2015\/pdf\/665.pdf\" target=\"_blank\">665.pdf<\/a><\/td>\n<\/tr>\n<tr class=\"row-8\">\n\t<td class=\"column-1\">666\/2015<\/td><td class=\"column-2\">Altera a reda\u00e7\u00e3o do inciso V do artigo 2\u00ba da Lei<br \/>\nMunicipal n\u00ba 659\/2014 de 19 de dezembro de 2015<br \/>\nque trata da Lei Or\u00e7ament\u00e1ria para o exerc\u00edcio<br \/>\nfinanceiro de 2015.<\/td><td class=\"column-3\"><a href=\"http:\/\/www.camposaltos.mg.gov.br\/portal\/Leis\/2015\/pdf\/666.pdf\" target=\"_blank\">666.pdf<\/a><br \/>\n<\/td>\n<\/tr>\n<tr class=\"row-9\">\n\t<td class=\"column-1\">667\/2015<\/td><td class=\"column-2\">Disp\u00f5e sobre desafeta\u00e7\u00e3o de bem p\u00fablico, autoriza<br \/>\npermiss\u00e3o de uso \u00e0 Associa\u00e7\u00e3o Beneficente Som do<br \/>\nC\u00e9u e d\u00e1 outras provid\u00eancias.<\/td><td class=\"column-3\"><a href=\"http:\/\/www.camposaltos.mg.gov.br\/portal\/Leis\/2015\/pdf\/667.pdf\" target=\"_blank\">667.pdf<\/a><\/td>\n<\/tr>\n<tr class=\"row-10\">\n\t<td class=\"column-1\">668\/2015<\/td><td class=\"column-2\">Autoriza o Poder Executivo a firmar conv\u00eanio<br \/>\nversando a concess\u00e3o Auxilio Financeiro a<br \/>\nEstudantes.<\/td><td class=\"column-3\"><a href=\"http:\/\/www.camposaltos.mg.gov.br\/portal\/Leis\/2015\/pdf\/668.pdf\" target=\"_blank\">668.pdf<\/a><\/td>\n<\/tr>\n<tr class=\"row-11\">\n\t<td class=\"column-1\">669\/2015<\/td><td class=\"column-2\">Autoriza o Executivo Municipal a<br \/>\nfirmar conv\u00eanio e d\u00e1 outras<br \/>\nprovid\u00eancias.<\/td><td class=\"column-3\"><a href=\"http:\/\/www.camposaltos.mg.gov.br\/portal\/Leis\/2015\/pdf\/669.pdf\" target=\"_blank\">669.pdf<\/a><\/td>\n<\/tr>\n<tr class=\"row-12\">\n\t<td class=\"column-1\">670\/2015<\/td><td class=\"column-2\">Disp\u00f5e sobre a recomposi\u00e7\u00e3o anual dos subs\u00eddios<br \/>\ndos agentes pol\u00edticos da C\u00e2mara Municipal de<br \/>\nCampos Altos.<\/td><td class=\"column-3\"><a href=\"http:\/\/www.camposaltos.mg.gov.br\/portal\/Leis\/2015\/pdf\/670.pdf\" target=\"_blank\">670.pdf<\/a><\/td>\n<\/tr>\n<tr class=\"row-13\">\n\t<td class=\"column-1\">672\/2015<\/td><td class=\"column-2\">Aumenta o valor da subven\u00e7\u00e3o social da Santa Casa de<br \/>\nMiseric\u00f3rdia em R$ 45.000,00 (quarenta e cinco mil<br \/>\nreais), altera o valor do Anexo \u00danico da Lei 660\/2015,<br \/>\nautoriza abertura de cr\u00e9dito adicional suplementar e d\u00e1<br \/>\noutras provid\u00eancias.<\/td><td class=\"column-3\"><a href=\"http:\/\/www.camposaltos.mg.gov.br\/portal\/Leis\/2015\/pdf\/672.pdf\" target=\"_blank\">672.pdf<\/a><\/td>\n<\/tr>\n<tr class=\"row-14\">\n\t<td class=\"column-1\">673\/2015<\/td><td class=\"column-2\">Disp\u00f5e sobre a altera\u00e7\u00e3o do art. 2\u00ba, da Lei Municipal n. 250\/2007,<br \/>\nque disp\u00f5e sobre a composi\u00e7\u00e3o do Conselho Municipal de<br \/>\nAcompanhamento e Controle Social do Fundo de Manuten\u00e7\u00e3o e<br \/>\nDesenvolvimento da Educa\u00e7\u00e3o B\u00e1sica e de Valoriza\u00e7\u00e3o dos<br \/>\nProfissionais da Educa\u00e7\u00e3o \u2013 Conselho do FUNDEB, nos termos<br \/>\nda Lei Federal n. 11.494\/2007, e d\u00e1 outras provid\u00eancias.<\/td><td class=\"column-3\"><a href=\"http:\/\/www.camposaltos.mg.gov.br\/portal\/Leis\/2015\/pdf\/673.pdf\" target=\"_blank\">673.pdf<\/a><\/td>\n<\/tr>\n<tr class=\"row-15\">\n\t<td class=\"column-1\">674\/2015<\/td><td class=\"column-2\">Autoriza o Prefeito Municipal a conceder abono salarial aos<br \/>\nServidores Municipais concursados, Ativos, do Poder<br \/>\nExecutivo, e d\u00e1 outras provid\u00eancias:<\/td><td class=\"column-3\"><a href=\"http:\/\/www.camposaltos.mg.gov.br\/portal\/Leis\/2015\/pdf\/674.pdf\" target=\"_blank\">674.pdf<\/a><br \/>\n<\/td>\n<\/tr>\n<tr class=\"row-16\">\n\t<td class=\"column-1\">675\/2015<\/td><td class=\"column-2\">D\u00e1 nova reda\u00e7\u00e3o ao art. 3\u00ba da Lei Municipal n\u00ba<br \/>\n667\/2015.<\/td><td class=\"column-3\"><a href=\"http:\/\/www.camposaltos.mg.gov.br\/portal\/Leis\/2015\/pdf\/675.pdf\" target=\"_blank\">675.pdf<\/a><\/td>\n<\/tr>\n<tr class=\"row-17\">\n\t<td class=\"column-1\">676\/2015<\/td><td class=\"column-2\">Altera o art. 2\u00ba da Lei Municipal n\u00ba 250\/2007.<\/td><td class=\"column-3\"><a href=\"http:\/\/www.camposaltos.mg.gov.br\/portal\/Leis\/2015\/pdf\/676.pdf\" target=\"_blank\">676.pdf<\/a><\/td>\n<\/tr>\n<tr class=\"row-18\">\n\t<td class=\"column-1\">677\/2015<\/td><td class=\"column-2\">Autoriza abertura de cr\u00e9dito adicional especial e d\u00e1<br \/>\noutras provid\u00eancias.<\/td><td class=\"column-3\"><a href=\"http:\/\/www.camposaltos.mg.gov.br\/portal\/Leis\/2015\/pdf\/677.pdf\" target=\"_blank\">677.pdf<\/a><\/td>\n<\/tr>\n<tr class=\"row-19\">\n\t<td class=\"column-1\">678\/2015<\/td><td class=\"column-2\">Disp\u00f5e sobre a denomina\u00e7\u00e3o de logradouro p\u00fablico.<\/td><td class=\"column-3\"><a href=\"http:\/\/www.camposaltos.mg.gov.br\/portal\/Leis\/2015\/pdf\/678.pdf\" target=\"_blank\">678.pdf<\/a><\/td>\n<\/tr>\n<tr class=\"row-20\">\n\t<td class=\"column-1\">679\/2015<\/td><td class=\"column-2\">Disp\u00f5e sobre a denomina\u00e7\u00e3o de logradouro p\u00fablico.<\/td><td class=\"column-3\"><a href=\"http:\/\/www.camposaltos.mg.gov.br\/portal\/Leis\/2015\/pdf\/679.pdf\" target=\"_blank\">679.pdf<\/a><\/td>\n<\/tr>\n<tr class=\"row-21\">\n\t<td class=\"column-1\">680\/2015<\/td><td class=\"column-2\">Disp\u00f5e sobre as diretrizes para a elabora\u00e7\u00e3o da lei<br \/>\nor\u00e7ament\u00e1ria de 2016 e d\u00e1 outras provid\u00eancias.<\/td><td class=\"column-3\"><a href=\"http:\/\/www.camposaltos.mg.gov.br\/portal\/Leis\/2015\/pdf\/680.pdf\" target=\"_blank\">680.pdf<\/a><\/td>\n<\/tr>\n<tr class=\"row-22\">\n\t<td class=\"column-1\">681\/2015<\/td><td class=\"column-2\">D\u00e1 nova reda\u00e7\u00e3o ao art. 1\u00ba da Lei Municipal n\u00ba 26\/1992.<\/td><td class=\"column-3\"><a href=\"http:\/\/www.camposaltos.mg.gov.br\/portal\/Leis\/2015\/pdf\/681.pdf\" target=\"_blank\">681.pdf<\/a><\/td>\n<\/tr>\n<tr class=\"row-23\">\n\t<td class=\"column-1\">682\/2015<\/td><td class=\"column-2\">Autoriza a concess\u00e3o de direito real de uso de bem p\u00fablico.<\/td><td class=\"column-3\"><a href=\"http:\/\/www.camposaltos.mg.gov.br\/portal\/Leis\/2015\/pdf\/682.pdf\" target=\"_blank\">682.pdf<\/a><\/td>\n<\/tr>\n<tr class=\"row-24\">\n\t<td class=\"column-1\">683\/2015<\/td><td class=\"column-2\">Altera o art. 3\u00ba da Lei Municipal n. 656, de 17 de dezembro<br \/>\nde 2014, e d\u00e1 outras provid\u00eancias.<\/td><td class=\"column-3\"><a href=\"http:\/\/www.camposaltos.mg.gov.br\/portal\/Leis\/2015\/pdf\/683.pdf\" target=\"_blank\">683.pdf<\/a><\/td>\n<\/tr>\n<tr class=\"row-25\">\n\t<td class=\"column-1\">684\/2015<\/td><td class=\"column-2\">Altera o \u00a7 2\u00ba do art. 6\u00ba da Lei 655\/2014, e d\u00e1 outras<br \/>\nprovid\u00eancias.<\/td><td class=\"column-3\"><a href=\"http:\/\/www.camposaltos.mg.gov.br\/portal\/Leis\/2015\/pdf\/684.pdf\" target=\"_blank\">684.pdf<\/a><\/td>\n<\/tr>\n<tr class=\"row-26\">\n\t<td class=\"column-1\">685\/2015<\/td><td class=\"column-2\">Aumenta o valor da subven\u00e7\u00e3o social da Santa Casa de<br \/>\nMiseric\u00f3rdia em R$ 75.000,00 (setenta e cinco mil<br \/>\nreais), altera o valor do Anexo \u00danico da Lei 660\/2015,<br \/>\nautoriza abertura de cr\u00e9dito adicional suplementar e d\u00e1<br \/>\noutras provid\u00eancias.<\/td><td class=\"column-3\"><a href=\"http:\/\/www.camposaltos.mg.gov.br\/portal\/Leis\/2015\/pdf\/685.pdf\" target=\"_blank\">685.pdf<\/a><\/td>\n<\/tr>\n<tr class=\"row-27\">\n\t<td class=\"column-1\">686\/2015<\/td><td class=\"column-2\">Aprova o Plano Municipal de Educa\u00e7\u00e3o - PME e d\u00e1 outras<br \/>\nprovid\u00eancias.<\/td><td class=\"column-3\"><a href=\"http:\/\/www.camposaltos.mg.gov.br\/portal\/Leis\/2015\/pdf\/686.pdf\" target=\"_blank\">686.pdf<\/a><\/td>\n<\/tr>\n<tr class=\"row-28\">\n\t<td class=\"column-1\">687\/2015<\/td><td class=\"column-2\">Disp\u00f5e sobre a denomina\u00e7\u00e3o de logradouro p\u00fablico.<\/td><td class=\"column-3\"><a href=\"http:\/\/www.camposaltos.mg.gov.br\/portal\/Leis\/2015\/pdf\/687.pdf\" target=\"_blank\">687.pdf<\/a><\/td>\n<\/tr>\n<tr class=\"row-29\">\n\t<td class=\"column-1\">688\/2015<\/td><td class=\"column-2\">Altera o artigo 4\u00ba da Lei n. 674\/2015, e d\u00e1 outras<br \/>\nprovid\u00eancias.<\/td><td class=\"column-3\"><a href=\"http:\/\/www.camposaltos.mg.gov.br\/portal\/Leis\/2015\/pdf\/688.pdf\" target=\"_blank\">688.pdf<\/a><\/td>\n<\/tr>\n<tr class=\"row-30\">\n\t<td class=\"column-1\">689\/2015<\/td><td class=\"column-2\">AUTORIZA O PODER EXECUTIVO A APROVAR O<br \/>\nLOTEAMENTO PORTAL DO CERRADO, E D\u00c1<br \/>\nOUTRAS PROVID\u00caNCIAS.<\/td><td class=\"column-3\"><a href=\"http:\/\/www.camposaltos.mg.gov.br\/portal\/Leis\/2015\/pdf\/689.pdf\" target=\"_blank\">689.pdf<\/a><\/td>\n<\/tr>\n<tr class=\"row-31\">\n\t<td class=\"column-1\">690\/2015<\/td><td class=\"column-2\">Aumenta o valor da subven\u00e7\u00e3o social da Santa Casa de<br \/>\nMiseric\u00f3rdia em at\u00e9 R$ 225.000,00 (duzentos e vinte e<br \/>\ncinco mil reais), altera o valor do Anexo \u00danico da Lei<br \/>\n660\/2015, autoriza abertura de cr\u00e9dito adicional<br \/>\nsuplementar e d\u00e1 outras provid\u00eancias.<\/td><td class=\"column-3\"><a href=\"http:\/\/www.camposaltos.mg.gov.br\/portal\/Leis\/2015\/pdf\/690.pdf\" target=\"_blank\">690.pdf<\/a><\/td>\n<\/tr>\n<tr class=\"row-32\">\n\t<td class=\"column-1\">691\/2015<\/td><td class=\"column-2\">Disp\u00f5e sobre a denomina\u00e7\u00e3o de logradouro p\u00fablico.<\/td><td class=\"column-3\"><a href=\"http:\/\/www.camposaltos.mg.gov.br\/portal\/Leis\/2015\/pdf\/691.pdf\" target=\"_blank\">691.pdf<\/a><\/td>\n<\/tr>\n<tr class=\"row-33\">\n\t<td class=\"column-1\">692\/2015<\/td><td class=\"column-2\">Declara de Utilidade P\u00fablica a AAMDAssocia\u00e7\u00e3o<br \/>\nAfrodescendente Mineira M\u00e3os<br \/>\nDadas<\/td><td class=\"column-3\"><a href=\"http:\/\/www.camposaltos.mg.gov.br\/portal\/Leis\/2015\/pdf\/692.pdf\" target=\"_blank\">692.pdf<\/a><\/td>\n<\/tr>\n<tr class=\"row-34\">\n\t<td class=\"column-1\">693\/2015<\/td><td class=\"column-2\">Disp\u00f5e sobre a denomina\u00e7\u00e3o de logradouro p\u00fablico.<\/td><td class=\"column-3\"><a href=\"http:\/\/www.camposaltos.mg.gov.br\/portal\/Leis\/2015\/pdf\/693.pdf\" target=\"_blank\">693.pdf<\/a><\/td>\n<\/tr>\n<tr class=\"row-35\">\n\t<td class=\"column-1\">694\/2015<\/td><td class=\"column-2\">Disp\u00f5e sobre a denomina\u00e7\u00e3o de logradouro p\u00fablico.<\/td><td class=\"column-3\"><a href=\"http:\/\/www.camposaltos.mg.gov.br\/portal\/Leis\/2015\/pdf\/694.pdf\" target=\"_blank\">694.pdf<\/a><\/td>\n<\/tr>\n<tr class=\"row-36\">\n\t<td class=\"column-1\">695\/2015<\/td><td class=\"column-2\">Altera e d\u00e1 nova reda\u00e7\u00e3o ao inciso III<br \/>\ndo art. 2\u00ba da Lei n. 659, de 17\/12\/2014<br \/>\n(Lei Or\u00e7ament\u00e1ria Anual 2015), e d\u00e1<br \/>\noutras provid\u00eancias.<\/td><td class=\"column-3\"><a href=\"http:\/\/www.camposaltos.mg.gov.br\/portal\/Leis\/2015\/pdf\/695.pdf\" target=\"_blank\">695.pdf<\/a><\/td>\n<\/tr>\n<tr class=\"row-37\">\n\t<td class=\"column-1\">696\/2015<\/td><td class=\"column-2\">Torna sem efeito a Lei 693\/2015 de 18 de agosto de<br \/>\n2015 que disp\u00f5e sobre a denomina\u00e7\u00e3o de logradouro<br \/>\np\u00fablico<\/td><td class=\"column-3\"><a href=\"http:\/\/www.camposaltos.mg.gov.br\/portal\/Leis\/2015\/pdf\/696.pdf\" target=\"_blank\">696.pdf<\/a><\/td>\n<\/tr>\n<tr class=\"row-38\">\n\t<td class=\"column-1\">697\/2015<\/td><td class=\"column-2\">Disp\u00f5e sobre a denomina\u00e7\u00e3o de<br \/>\nlogradouro municipal<\/td><td class=\"column-3\"><a href=\"http:\/\/www.camposaltos.mg.gov.br\/portal\/Leis\/2015\/pdf\/697.pdf\" target=\"_blank\">697.pdf<\/a><\/td>\n<\/tr>\n<tr class=\"row-39\">\n\t<td class=\"column-1\">698\/2015<\/td><td class=\"column-2\">Disp\u00f5e sobre a denomina\u00e7\u00e3o de<br \/>\nlogradouro p\u00fablico.<\/td><td class=\"column-3\"><a href=\"http:\/\/www.camposaltos.mg.gov.br\/portal\/Leis\/2015\/pdf\/698.pdf\" target=\"_blank\">698.pdf<\/a><\/td>\n<\/tr>\n<tr class=\"row-40\">\n\t<td class=\"column-1\">699\/2015<\/td><td class=\"column-2\">Disp\u00f5e sobre revers\u00e3o de bens im\u00f3veis ao<br \/>\npatrim\u00f4nio municipal, autoriza concess\u00e3o de direito<br \/>\nreal de uso e d\u00e1 outras provid\u00eancias.<\/td><td class=\"column-3\"><a href=\"http:\/\/www.camposaltos.mg.gov.br\/portal\/Leis\/2015\/pdf\/699.pdf\" target=\"_blank\">699.pdf<\/a><\/td>\n<\/tr>\n<tr class=\"row-41\">\n\t<td class=\"column-1\">700\/2015<\/td><td class=\"column-2\">ALTERA OS ARTS. 10 E 11 DA LEI MUNICIPAL N. 629, DE 03 DE<br \/>\nJUNHO DE 2014, E D\u00c1 OUTRAS PROVID\u00caNCIAS.<\/td><td class=\"column-3\"><a href=\"http:\/\/www.camposaltos.mg.gov.br\/portal\/Leis\/2015\/pdf\/700.pdf\" target=\"_blank\">700.pdf<\/a><\/td>\n<\/tr>\n<tr class=\"row-42\">\n\t<td class=\"column-1\">701\/2015<\/td><td class=\"column-2\">Disp\u00f5e sobre a denomina\u00e7\u00e3o de<br \/>\nlogradouro municipal.<\/td><td class=\"column-3\"><a href=\"http:\/\/www.camposaltos.mg.gov.br\/portal\/Leis\/2015\/pdf\/701.pdf\" target=\"_blank\">701.pdf<\/a><\/td>\n<\/tr>\n<tr class=\"row-43\">\n\t<td class=\"column-1\">702\/2015<\/td><td class=\"column-2\">D\u00e1 nova reda\u00e7\u00e3o ao inciso III do art. 2\u00ba da<br \/>\nLei n. 659 de 17\/12\/2014.<\/td><td class=\"column-3\"><a href=\"http:\/\/www.camposaltos.mg.gov.br\/portal\/Leis\/2015\/pdf\/702.pdf\" target=\"_blank\">702.pdf<\/a><\/td>\n<\/tr>\n<tr class=\"row-44\">\n\t<td class=\"column-1\">703\/2015<\/td><td class=\"column-2\">Estima as receitas e fixa as despesas do<br \/>\nOr\u00e7amento Fiscal do Munic\u00edpio de<br \/>\nCampos Altos para o exerc\u00edcio de 2016.<\/td><td class=\"column-3\"><a href=\"http:\/\/www.camposaltos.mg.gov.br\/portal\/Leis\/2015\/pdf\/703.pdf\" target=\"_blank\">703.pdf<\/a><\/td>\n<\/tr>\n<tr class=\"row-45\">\n\t<td class=\"column-1\">704\/2015<\/td><td class=\"column-2\">Autoriza contrata\u00e7\u00e3opor tempo determinado para<br \/>\natender necessidade tempor\u00e1ria de excepcional<br \/>\ninteresse p\u00fablico.<\/td><td class=\"column-3\"><a href=\"http:\/\/www.camposaltos.mg.gov.br\/portal\/Leis\/2015\/pdf\/704.pdf\" target=\"_blank\">704.pdf<\/a><\/td>\n<\/tr>\n<\/tbody>\n<\/table>\n<!-- #tablepress-6 from cache -->\n","protected":false},"excerpt":{"rendered":"<p><\/p>","protected":false},"author":1,"featured_media":0,"parent":0,"menu_order":0,"comment_status":"closed","ping_status":"closed","template":"","meta":{"tdm_status":"","tdm_grid_status":"","footnotes":""},"folder":[],"class_list":["post-2712","page","type-page","status-publish"],"amp_enabled":true,"_links":{"self":[{"href":"http:\/\/www.camposaltos.mg.gov.br\/portal\/wp-json\/wp\/v2\/pages\/2712","targetHints":{"allow":["GET"]}}],"collection":[{"href":"http:\/\/www.camposaltos.mg.gov.br\/portal\/wp-json\/wp\/v2\/pages"}],"about":[{"href":"http:\/\/www.camposaltos.mg.gov.br\/portal\/wp-json\/wp\/v2\/types\/page"}],"author":[{"embeddable":true,"href":"http:\/\/www.camposaltos.mg.gov.br\/portal\/wp-json\/wp\/v2\/users\/1"}],"replies":[{"embeddable":true,"href":"http:\/\/www.camposaltos.mg.gov.br\/portal\/wp-json\/wp\/v2\/comments?post=2712"}],"version-history":[{"count":0,"href":"http:\/\/www.camposaltos.mg.gov.br\/portal\/wp-json\/wp\/v2\/pages\/2712\/revisions"}],"wp:attachment":[{"href":"http:\/\/www.camposaltos.mg.gov.br\/portal\/wp-json\/wp\/v2\/media?parent=2712"}],"wp:term":[{"taxonomy":"folder","embeddable":true,"href":"http:\/\/www.camposaltos.mg.gov.br\/portal\/wp-json\/wp\/v2\/folder?post=2712"}],"curies":[{"name":"wp","href":"https:\/\/api.w.org\/{rel}","templated":true}]}}