{"id":2716,"date":"2018-06-29T01:38:01","date_gmt":"2018-06-29T01:38:01","guid":{"rendered":"http:\/\/www.camposaltos.mg.gov.br\/portal\/?page_id=2716"},"modified":"2018-06-29T01:47:09","modified_gmt":"2018-06-29T01:47:09","slug":"leis-em-vigor-2014","status":"publish","type":"page","link":"http:\/\/www.camposaltos.mg.gov.br\/portal\/leis-em-vigor-2014\/","title":{"rendered":"Leis em vigor 2014"},"content":{"rendered":"\n<table id=\"tablepress-7\" class=\"tablepress tablepress-id-7 tablepress-responsive\">\n<thead>\n<tr class=\"row-1\">\n\t<th class=\"column-1\">Leis <\/th><th class=\"column-2\">Descri\u00e7\u00e3o<\/th><th class=\"column-3\">Arquivos<\/th>\n<\/tr>\n<\/thead>\n<tbody class=\"row-striping row-hover\">\n<tr class=\"row-2\">\n\t<td class=\"column-1\">607\/2014<\/td><td class=\"column-2\">AUTORIZA A ABERTURA DE CR\u00c9DITO<br \/>\nESPECIAL E D\u00c1 OUTRAS<br \/>\nPROVID\u00caNCIAS.<\/td><td class=\"column-3\"><a href=\"http:\/\/www.camposaltos.mg.gov.br\/portal\/Leis\/2014\/pdf\/607.pdf\" target=\"_blank\">607.pdf<\/a><\/td>\n<\/tr>\n<tr class=\"row-3\">\n\t<td class=\"column-1\">608\/2014<\/td><td class=\"column-2\">AUTORIZA A ABERTURA DE CR\u00c9DITO<br \/>\nESPECIAL E D\u00c1 OUTRAS<br \/>\nPROVID\u00caNCIAS.<\/td><td class=\"column-3\"><a href=\"http:\/\/www.camposaltos.mg.gov.br\/portal\/Leis\/2014\/pdf\/608.pdf\" target=\"_blank\">608.pdf<\/a><\/td>\n<\/tr>\n<tr class=\"row-4\">\n\t<td class=\"column-1\">609\/2014<\/td><td class=\"column-2\">Disp\u00f5e sobre a inclus\u00e3o no Plano<br \/>\nPlurianual de Campos Altos para o<br \/>\nQuadri\u00eanio 2014 a 2017, do Fundo<br \/>\nMunicipal de Prote\u00e7\u00e3o ao Patrim\u00f4nio<br \/>\nCultural- FUMPAC, vinculado \u00e0 Secretaria<br \/>\nMunicipal de Cultura e Turismo e d\u00e1<br \/>\noutras provid\u00eancias.<\/td><td class=\"column-3\"><a href=\"http:\/\/www.camposaltos.mg.gov.br\/portal\/Leis\/2014\/pdf\/609.pdf\" target=\"_blank\">609.pdf<\/a><\/td>\n<\/tr>\n<tr class=\"row-5\">\n\t<td class=\"column-1\">610\/2014<\/td><td class=\"column-2\">Concede subven\u00e7\u00e3o social \u00e0 Uni\u00e3o Estudantil de<br \/>\nCampos Altos \u2013 UNESCA, e autoriza a abertura de<br \/>\ncr\u00e9dito adicional suplementar.<\/td><td class=\"column-3\"><a href=\"http:\/\/www.camposaltos.mg.gov.br\/portal\/Leis\/2014\/pdf\/610.pdf\" target=\"_blank\">610.pdf<\/a><\/td>\n<\/tr>\n<tr class=\"row-6\">\n\t<td class=\"column-1\">611\/2014<\/td><td class=\"column-2\">Autoriza a abertura de cr\u00e9dito adicional suplementar.<\/td><td class=\"column-3\"><a href=\"http:\/\/www.camposaltos.mg.gov.br\/portal\/Leis\/2014\/pdf\/611.pdf\" target=\"_blank\">611.pdf<\/a><\/td>\n<\/tr>\n<tr class=\"row-7\">\n\t<td class=\"column-1\">612\/2014<\/td><td class=\"column-2\">Autoriza o Poder Executivo a firmar conv\u00eanio<br \/>\nversando a concess\u00e3o Auxilio Financeiro a<br \/>\nEstudantes.<\/td><td class=\"column-3\"><br \/>\n<a href=\"http:\/\/www.camposaltos.mg.gov.br\/portal\/Leis\/2014\/pdf\/612.pdf\" target=\"_blank\">612.pdf<\/a><br \/>\n<\/td>\n<\/tr>\n<tr class=\"row-8\">\n\t<td class=\"column-1\">613\/2014<\/td><td class=\"column-2\">Autoriza o Executivo Municipal a<br \/>\nfirmar conv\u00eanio e d\u00e1 outras<br \/>\nprovid\u00eancias.<\/td><td class=\"column-3\"><a href=\"http:\/\/www.camposaltos.mg.gov.br\/portal\/Leis\/2014\/pdf\/613.pdf\" target=\"_blank\">613.pdf<\/a><\/td>\n<\/tr>\n<tr class=\"row-9\">\n\t<td class=\"column-1\">614\/2014<\/td><td class=\"column-2\">Altera dispositivos da Lei Municipal n\u00ba 603\/2013, de<br \/>\n17 de dezembro de 2013, que concede subven\u00e7\u00e3o<br \/>\nsocial a Santa Casa de Miseric\u00f3rdia de Campos<br \/>\nAltos e d\u00e1 outras providencias.<\/td><td class=\"column-3\"><a href=\"http:\/\/www.camposaltos.mg.gov.br\/portal\/Leis\/2014\/pdf\/614.pdf\" target=\"_blank\">614.pdf<\/a><\/td>\n<\/tr>\n<tr class=\"row-10\">\n\t<td class=\"column-1\">615\/2014<\/td><td class=\"column-2\">Concede Subven\u00e7\u00e3o Social \u00e0 Associa\u00e7\u00e3o<br \/>\nComunit\u00e1ria \u201cVida Nova\u201d e d\u00e1 outras<br \/>\nprovidencias.<\/td><td class=\"column-3\"><a href=\"http:\/\/www.camposaltos.mg.gov.br\/portal\/Leis\/2014\/pdf\/615.pdf\" target=\"_blank\">615.pdf<\/a><br \/>\n<\/td>\n<\/tr>\n<tr class=\"row-11\">\n\t<td class=\"column-1\">616\/2014<\/td><td class=\"column-2\">Disp\u00f5e sobre a denomina\u00e7\u00e3o de logradouro<br \/>\np\u00fablico.<\/td><td class=\"column-3\"><a href=\"http:\/\/www.camposaltos.mg.gov.br\/portal\/Leis\/2014\/pdf\/616.pdf\" target=\"_blank\">616.pdf<\/a><\/td>\n<\/tr>\n<tr class=\"row-12\">\n\t<td class=\"column-1\">617\/2014<\/td><td class=\"column-2\">CONCEDE SUBVEN\u00c7\u00c3O SOCIAL A<br \/>\nASSOCIA\u00c7\u00c3O COMUNIT\u00c1RIA DO ALTO<br \/>\nPALESTINA E CAMPOSALTINHO E D\u00c1<br \/>\nOUTRAS PROVID\u00caNCIAS.<\/td><td class=\"column-3\"><a href=\"http:\/\/www.camposaltos.mg.gov.br\/portal\/Leis\/2014\/pdf\/617.pdf\" target=\"_blank\">617.pdf<\/a><\/td>\n<\/tr>\n<tr class=\"row-13\">\n\t<td class=\"column-1\">618\/2014<\/td><td class=\"column-2\">CONCEDE SUBVEN\u00c7\u00c3O SOCIAL A ASSOCIA\u00c7\u00c3O<br \/>\nPARA DESENVOLVIMENTO SOCIAL DOS<br \/>\nBAIRROS NOSSA SRA. APARECIDA E<br \/>\nSALVADOR E D\u00c1 OUTRAS PROVID\u00caNCIAS.<\/td><td class=\"column-3\"><a href=\"http:\/\/www.camposaltos.mg.gov.br\/portal\/Leis\/2014\/pdf\/6018.pdf\" target=\"_blank\">618.pdf<\/a><br \/>\n<\/td>\n<\/tr>\n<tr class=\"row-14\">\n\t<td class=\"column-1\">619\/2014<\/td><td class=\"column-2\">Altera o vencimento do cargo \u201cAuditor<br \/>\nAdministrativo M\u00e9dico\u201d da Secretaria<br \/>\nMunicipal de Sa\u00fade, contido no Anexo \u00e0<br \/>\nLei Municipal n. 563\/2013 que \u201cDisp\u00f5e<br \/>\nsobre a estrutura organizacional dos<br \/>\n\u00f3rg\u00e3os da Administra\u00e7\u00e3o Direta do Poder<br \/>\nExecutivo que menciona, disp\u00f5e sobre os<br \/>\ncargos de provimento em comiss\u00e3o e d\u00e1<br \/>\noutras provid\u00eancias\u201d.<\/td><td class=\"column-3\"><a href=\"http:\/\/www.camposaltos.mg.gov.br\/portal\/Leis\/2014\/pdf\/619.pdf\" target=\"_blank\">619.pdf<\/a><\/td>\n<\/tr>\n<tr class=\"row-15\">\n\t<td class=\"column-1\">620\/2014<\/td><td class=\"column-2\">Autoriza a firmar conv\u00eanios e d\u00e1<br \/>\noutras provid\u00eancias.<\/td><td class=\"column-3\"><a href=\"http:\/\/www.camposaltos.mg.gov.br\/portal\/Leis\/2014\/pdf\/620.pdf\" target=\"_blank\">620.pdf<\/a><br \/>\n<\/td>\n<\/tr>\n<tr class=\"row-16\">\n\t<td class=\"column-1\">621\/2014<\/td><td class=\"column-2\">AUTORIZA A ABERTURA DE CR\u00c9DITO ADICIONAL<br \/>\nESPECIAL.<\/td><td class=\"column-3\"><a href=\"http:\/\/www.camposaltos.mg.gov.br\/portal\/Leis\/2014\/pdf\/621.pdf\" target=\"_blank\">621.pdf<\/a><\/td>\n<\/tr>\n<tr class=\"row-17\">\n\t<td class=\"column-1\">622\/2014<\/td><td class=\"column-2\">Disp\u00f5e sobre a recomposi\u00e7\u00e3o anual<br \/>\ndos subs\u00eddios dos agentes pol\u00edticos<br \/>\nda C\u00e2mara Municipal de Campos<br \/>\nAltos.<\/td><td class=\"column-3\"><a href=\"http:\/\/www.camposaltos.mg.gov.br\/portal\/Leis\/2014\/pdf\/622.pdf\" target=\"_blank\">622.pdf<\/a><\/td>\n<\/tr>\n<tr class=\"row-18\">\n\t<td class=\"column-1\">623\/2014<\/td><td class=\"column-2\">Autoriza firmar conv\u00eanio para a cess\u00e3o de<br \/>\nServidor.<\/td><td class=\"column-3\"><a href=\"http:\/\/www.camposaltos.mg.gov.br\/portal\/Leis\/2014\/pdf\/623.pdf\" target=\"_blank\">623.pdf<\/a><\/td>\n<\/tr>\n<tr class=\"row-19\">\n\t<td class=\"column-1\">624\/2014<\/td><td class=\"column-2\">Disp\u00f5e sobre a altera\u00e7\u00e3o dos vencimentos<br \/>\ndos profissionais m\u00e9dicos, que prestam<br \/>\nservi\u00e7os ao Programa da Sa\u00fade da Fam\u00edlia, e<br \/>\nd\u00e1 outras provid\u00eancias:<\/td><td class=\"column-3\"><a href=\"http:\/\/www.camposaltos.mg.gov.br\/portal\/Leis\/2014\/pdf\/624.pdf\" target=\"_blank\">624.pdf<\/a><\/td>\n<\/tr>\n<tr class=\"row-20\">\n\t<td class=\"column-1\">625\/2014<\/td><td class=\"column-2\">Disp\u00f5e sobre altera\u00e7\u00e3o do<br \/>\nanexo III da Lei n\u00ba 182\/2005<br \/>\ne d\u00e1 outras provid\u00eancias.<\/td><td class=\"column-3\"><a href=\"http:\/\/www.camposaltos.mg.gov.br\/portal\/Leis\/2014\/pdf\/625.pdf\" target=\"_blank\">625.pdf<\/a><\/td>\n<\/tr>\n<tr class=\"row-21\">\n\t<td class=\"column-1\">626\/2014<\/td><td class=\"column-2\">DISP\u00d5E SOBRE AS FORMAS DE PAGAMENTO e<br \/>\nPARCELAMENTO DE CR\u00c9DITOS TRIBUT\u00c1RIOS E<br \/>\nD\u00c1 OUTRAS PROVID\u00caNCIAS<\/td><td class=\"column-3\"><a href=\"http:\/\/www.camposaltos.mg.gov.br\/portal\/Leis\/2014\/pdf\/626.pdf\" target=\"_blank\">626.pdf<\/a><\/td>\n<\/tr>\n<tr class=\"row-22\">\n\t<td class=\"column-1\">627\/2014<\/td><td class=\"column-2\">Ratifica o Protocolo de Inten\u00e7\u00f5es para a ades\u00e3o<br \/>\ndo Munic\u00edpio de Campos Altos ao Cons\u00f3rcio<br \/>\nP\u00fablico Intermunicipal de Sa\u00fade da Rede de<br \/>\nUrg\u00eancia e Emerg\u00eancia da Macrorregi\u00e3o do<br \/>\nTri\u00e2ngulo do Sul<\/td><td class=\"column-3\"><a href=\"http:\/\/www.camposaltos.mg.gov.br\/portal\/Leis\/2014\/pdf\/627.pdf\" target=\"_blank\">627.pdf<\/a><\/td>\n<\/tr>\n<tr class=\"row-23\">\n\t<td class=\"column-1\">628\/2014<\/td><td class=\"column-2\">Concede contribui\u00e7\u00e3o \u00e0 Associa\u00e7\u00e3o<br \/>\ndo Circuito Tur\u00edstico da Canastra e d\u00e1<br \/>\noutras provid\u00eancias.<\/td><td class=\"column-3\"><a href=\"http:\/\/www.camposaltos.mg.gov.br\/portal\/Leis\/2014\/pdf\/628.pdf\" target=\"_blank\">628.pdf<\/a><\/td>\n<\/tr>\n<tr class=\"row-24\">\n\t<td class=\"column-1\">629\/2014<\/td><td class=\"column-2\">AUTORIZA O PODER EXECUTIVO A CONCEDER<br \/>\nAUX\u00cdLIOS FINANCEIROS AOS M\u00c9DICOS<br \/>\nPARTICIPANTES DO PROJETO MAIS M\u00c9DICOS PARA O<br \/>\nBRASIL, E D\u00c1 OUTRAS PROVID\u00caNCIAS.<\/td><td class=\"column-3\"><a href=\"http:\/\/www.camposaltos.mg.gov.br\/portal\/Leis\/2014\/pdf\/629.pdf\" target=\"_blank\">629.pdf<\/a><\/td>\n<\/tr>\n<tr class=\"row-25\">\n\t<td class=\"column-1\">630\/2014<\/td><td class=\"column-2\">\u201cAutoriza o Poder Executivo a realizar<br \/>\nanualmente campanha de arrecada\u00e7\u00e3o atrav\u00e9s de sorteio<br \/>\nde pr\u00eamios, como meio auxiliar de motivar os<br \/>\ncontribuintes a recolher tempestivamente tributos<br \/>\nmunicipais, e d\u00e1 outras provid\u00eancias\u201d.<\/td><td class=\"column-3\"><a href=\"http:\/\/www.camposaltos.mg.gov.br\/portal\/Leis\/2014\/pdf\/630.pdf\" target=\"_blank\">630.pdf<\/a><\/td>\n<\/tr>\n<tr class=\"row-26\">\n\t<td class=\"column-1\">631\/2014<\/td><td class=\"column-2\">Disp\u00f5e sobre altera\u00e7\u00f5es de valores dos plant\u00f5es no<br \/>\nPronto Atendimento, e d\u00e1 outras provid\u00eancias.<\/td><td class=\"column-3\"><a href=\"http:\/\/www.camposaltos.mg.gov.br\/portal\/Leis\/2014\/pdf\/631.pdf\" target=\"_blank\">631.pdf<\/a><\/td>\n<\/tr>\n<tr class=\"row-27\">\n\t<td class=\"column-1\">632\/2014<\/td><td class=\"column-2\">Declara de utilidade p\u00fablica a<br \/>\nAssocia\u00e7\u00e3o Vinde Vida.<\/td><td class=\"column-3\"><a href=\"http:\/\/www.camposaltos.mg.gov.br\/portal\/Leis\/2014\/pdf\/632.pdf\" target=\"_blank\">632.pdf<\/a><\/td>\n<\/tr>\n<tr class=\"row-28\">\n\t<td class=\"column-1\">633\/2014<\/td><td class=\"column-2\">Disp\u00f5e sobre benef\u00edcios eventuais da<br \/>\nPol\u00edtica de Assist\u00eancia Social e d\u00e1 outras<br \/>\nprovid\u00eancias.<\/td><td class=\"column-3\"><a href=\"http:\/\/www.camposaltos.mg.gov.br\/portal\/Leis\/2014\/pdf\/633.pdf\" target=\"_blank\">633.pdf<\/a><\/td>\n<\/tr>\n<tr class=\"row-29\">\n\t<td class=\"column-1\">634\/2014<\/td><td class=\"column-2\">Autoriza o Poder Executivo a doar im\u00f3vel ao Estado de<br \/>\nMinas Gerais.<\/td><td class=\"column-3\"><a href=\"http:\/\/www.camposaltos.mg.gov.br\/portal\/Leis\/2014\/pdf\/634.pdf\" target=\"_blank\">634.pdf<\/a><\/td>\n<\/tr>\n<tr class=\"row-30\">\n\t<td class=\"column-1\">635\/2014<\/td><td class=\"column-2\">AUTORIZA A ABERTURA DE CR\u00c9DITO<br \/>\nESPECIAL E D\u00c1 OUTRAS<br \/>\nPROVID\u00caNCIAS.<\/td><td class=\"column-3\"><a href=\"http:\/\/www.camposaltos.mg.gov.br\/portal\/Leis\/2014\/pdf\/635.pdf\" target=\"_blank\">635.pdf<\/a><\/td>\n<\/tr>\n<tr class=\"row-31\">\n\t<td class=\"column-1\">636\/2014<\/td><td class=\"column-2\">Autoriza contrata\u00e7\u00e3o por tempo determinado para<br \/>\natender necessidade tempor\u00e1ria de excepcional interesse<br \/>\np\u00fablico.<\/td><td class=\"column-3\"><a href=\"http:\/\/www.camposaltos.mg.gov.br\/portal\/Leis\/2014\/pdf\/636.pdf\" target=\"_blank\">636.pdf<\/a><\/td>\n<\/tr>\n<tr class=\"row-32\">\n\t<td class=\"column-1\">637\/2014<\/td><td class=\"column-2\">CONCEDE SUBVEN\u00c7\u00c3O SOCIAL A<br \/>\nBANDA LIRA SANTO ANT\u00d4NIO E D\u00c1<br \/>\nOUTRAS PROVID\u00caNCIAS.<\/td><td class=\"column-3\"><a href=\"http:\/\/www.camposaltos.mg.gov.br\/portal\/Leis\/2014\/pdf\/637.pdf\" target=\"_blank\">637.pdf<\/a><br \/>\n<\/td>\n<\/tr>\n<tr class=\"row-33\">\n\t<td class=\"column-1\">638\/2014<\/td><td class=\"column-2\">ESTABELECE NORMAS DE PROTE\u00c7\u00c3O AO<br \/>\nPATRIM\u00d4NIO CULTURAL DO MUNIC\u00cdPIO DE CAMPOS<br \/>\nALTOS-MG E DA OUTRAS PROVID\u00caNCIAS<\/td><td class=\"column-3\"><a href=\"http:\/\/www.camposaltos.mg.gov.br\/portal\/Leis\/2014\/pdf\/638.pdf\" target=\"_blank\">638.pdf<\/a><\/td>\n<\/tr>\n<tr class=\"row-34\">\n\t<td class=\"column-1\">639\/2014<\/td><td class=\"column-2\">AUTORIZA A ABERTURA DE CR\u00c9DITO<br \/>\nADICIONAL SUPLEMENTAR E D\u00c1 OUTRAS<br \/>\nPROVID\u00caNCIAS.<\/td><td class=\"column-3\"><a href=\"http:\/\/www.camposaltos.mg.gov.br\/portal\/Leis\/2014\/pdf\/639.pdf\" target=\"_blank\">639.pdf<\/a><\/td>\n<\/tr>\n<tr class=\"row-35\">\n\t<td class=\"column-1\">640\/2014<\/td><td class=\"column-2\">AUTORIZA A ABERTURA DE CR\u00c9DITO<br \/>\nADICIONAL SUPLEMENTAR E D\u00c1<br \/>\nOUTRAS PROVID\u00caNCIAS.<\/td><td class=\"column-3\"><a href=\"http:\/\/www.camposaltos.mg.gov.br\/portal\/Leis\/2014\/pdf\/640.pdf\" target=\"_blank\">640.pdf<\/a><\/td>\n<\/tr>\n<tr class=\"row-36\">\n\t<td class=\"column-1\">641\/2014<\/td><td class=\"column-2\">Concede Incentivo Fiscal<br \/>\nPara Produtores Rurais<br \/>\nPara a Venda de Frutas,<br \/>\nVerduras e Hortali\u00e7as no<br \/>\nMunic\u00edpio e d\u00e1 Outras<br \/>\nProvid\u00eancias.<\/td><td class=\"column-3\"><a href=\"http:\/\/www.camposaltos.mg.gov.br\/portal\/Leis\/2014\/pdf\/641.pdf\" target=\"_blank\">641.pdf<\/a><\/td>\n<\/tr>\n<tr class=\"row-37\">\n\t<td class=\"column-1\">642\/2014<\/td><td class=\"column-2\">\u201cALTERA DISPOSITIVOS DA LEI MUNICIPAL N.\u00ba 28<br \/>\nDE 28 DE JUNHO DE 2001, QUE CONTEM O PLANO<br \/>\nDE CARGOS E CARREIRA E DA AUTARQUIA<br \/>\nMUNICIPAL DENOMINADA INSTITUTO DE<br \/>\nPREVIDENCIA MUNICIPAL DE CAMPOS ALTOS -<br \/>\nIPMCA E DA OUTRAS PROVIDENCIAS\u201d<\/td><td class=\"column-3\"><a href=\"http:\/\/www.camposaltos.mg.gov.br\/portal\/Leis\/2014\/pdf\/642.pdf\" target=\"_blank\">642.pdf<\/a><\/td>\n<\/tr>\n<tr class=\"row-38\">\n\t<td class=\"column-1\">643\/2014<\/td><td class=\"column-2\">Disp\u00f5e sobre as diretrizes para a<br \/>\nelabora\u00e7\u00e3o da lei or\u00e7ament\u00e1ria de 2015<br \/>\ne d\u00e1 outras provid\u00eancias.<\/td><td class=\"column-3\"><a href=\"http:\/\/www.camposaltos.mg.gov.br\/portal\/Leis\/2014\/pdf\/643.pdf\" target=\"_blank\">643.pdf<\/a><\/td>\n<\/tr>\n<tr class=\"row-39\">\n\t<td class=\"column-1\">644\/2014<\/td><td class=\"column-2\">AUTORIZA A ABERTURA DE CR\u00c9DITO<br \/>\nADICIONAL SUPLEMENTAR E D\u00c1 OUTRAS<br \/>\nPROVID\u00caNCIAS.<\/td><td class=\"column-3\"><a href=\"http:\/\/www.camposaltos.mg.gov.br\/portal\/Leis\/2014\/pdf\/644.pdf\" target=\"_blank\">644.pdf<\/a><\/td>\n<\/tr>\n<tr class=\"row-40\">\n\t<td class=\"column-1\">645\/2014<\/td><td class=\"column-2\">Disp\u00f5e sobre a amplia\u00e7\u00e3o do limite para abertura de<br \/>\ncr\u00e9ditos suplementares durante a execu\u00e7\u00e3o do<br \/>\nOr\u00e7amento Municipal no Exerc\u00edcio de 2014 e altera a<br \/>\nreda\u00e7\u00e3o do inciso I do art. 5\u00ba da Lei Municipal n. 605,<br \/>\nde 20.12.2013.<\/td><td class=\"column-3\"><a href=\"http:\/\/www.camposaltos.mg.gov.br\/portal\/Leis\/2014\/pdf\/645.pdf\" target=\"_blank\">645.pdf<\/a><\/td>\n<\/tr>\n<tr class=\"row-41\">\n\t<td class=\"column-1\">646\/2014<\/td><td class=\"column-2\">Altera os arts. 2\u00ba, 3\u00ba e 4\u00ba da Lei n. 75\/2002, e d\u00e1 outras<br \/>\nprovid\u00eancias.<\/td><td class=\"column-3\"><a href=\"http:\/\/www.camposaltos.mg.gov.br\/portal\/Leis\/2014\/pdf\/646.pdf\" target=\"_blank\">646.pdf<\/a><\/td>\n<\/tr>\n<tr class=\"row-42\">\n\t<td class=\"column-1\">647\/2014<\/td><td class=\"column-2\">Aumenta o valor da subven\u00e7\u00e3o social da Santa Casa de<br \/>\nMiseric\u00f3rdia em R$ 16.000,00 (dezesseis mil reais) e d\u00e1<br \/>\noutras provid\u00eancias.<\/td><td class=\"column-3\"><a href=\"http:\/\/www.camposaltos.mg.gov.br\/portal\/Leis\/2014\/pdf\/647.pdf\" target=\"_blank\">647.pdf<\/a><\/td>\n<\/tr>\n<tr class=\"row-43\">\n\t<td class=\"column-1\">648\/2014<\/td><td class=\"column-2\">Desafeta de uso p\u00fablico parte de im\u00f3vel<br \/>\nlocalizado na Rua Padre Eust\u00e1quio esquina com a<br \/>\nRua Jo\u00e3o Soares de Souza, com \u00e1rea de 2.749,30<br \/>\nm2 (dois mil, setecentos e quarenta e nove<br \/>\nmetros e trinta cent\u00edmetros quadrados), na cidade<br \/>\nde Campos Altos (MG), e d\u00e1 outras provid\u00eancias.<\/td><td class=\"column-3\"><a href=\"http:\/\/www.camposaltos.mg.gov.br\/portal\/Leis\/2014\/pdf\/648.pdf\" target=\"_blank\">648.pdf<\/a><\/td>\n<\/tr>\n<tr class=\"row-44\">\n\t<td class=\"column-1\">649\/2014<\/td><td class=\"column-2\">Cria o Fundo Municipal do Meio Ambiente e d\u00e1 outras<br \/>\nprovid\u00eancias.<\/td><td class=\"column-3\"><a href=\"http:\/\/www.camposaltos.mg.gov.br\/portal\/Leis\/2014\/pdf\/649.pdf\" target=\"_blank\">649.pdf<\/a><\/td>\n<\/tr>\n<tr class=\"row-45\">\n\t<td class=\"column-1\">650\/2014<\/td><td class=\"column-2\">Altera a reda\u00e7\u00e3o do \u00a7 1\u00ba do art. 5\u00ba do<br \/>\nCapitulo II da Lei Municipal n\u00ba 638\/2014 de<br \/>\n05 de agosto de 2014.<\/td><td class=\"column-3\"><a href=\"http:\/\/www.camposaltos.mg.gov.br\/portal\/Leis\/2014\/pdf\/650.pdf\" target=\"_blank\">650.pdf<\/a><\/td>\n<\/tr>\n<tr class=\"row-46\">\n\t<td class=\"column-1\">651\/2014<\/td><td class=\"column-2\">Autoriza permiss\u00e3o de uso de Bem P\u00fablico \u00e0 Associa\u00e7\u00e3o<br \/>\npara Desenvolvimento Social dos Bairros Nossa Senhora<br \/>\nAparecida e Salvador, para os fins que se especifica.<\/td><td class=\"column-3\"><a href=\"http:\/\/www.camposaltos.mg.gov.br\/portal\/Leis\/2014\/pdf\/651.pdf\" target=\"_blank\">651.pdf<\/a><\/td>\n<\/tr>\n<tr class=\"row-47\">\n\t<td class=\"column-1\">652\/2014<\/td><td class=\"column-2\">Estabelece aplica\u00e7\u00e3o de multa no caso<br \/>\nde desperd\u00edcio de \u00e1gua pot\u00e1vel.<\/td><td class=\"column-3\"><a href=\"http:\/\/www.camposaltos.mg.gov.br\/portal\/Leis\/2014\/pdf\/652.pdf\" target=\"_blank\">652.pdf<\/a><\/td>\n<\/tr>\n<tr class=\"row-48\">\n\t<td class=\"column-1\">653\/2014<\/td><td class=\"column-2\">Mant\u00e9m a exist\u00eancia e reorganiza a estrutura do<br \/>\nConselho Municipal de Defesa e Conserva\u00e7\u00e3o do<br \/>\nMeio Ambiente \u2013 CODEMA e d\u00e1 outras<br \/>\nprovid\u00eancias.<\/td><td class=\"column-3\"><a href=\"http:\/\/www.camposaltos.mg.gov.br\/portal\/Leis\/2014\/pdf\/653.pdf\" target=\"_blank\">653.pdf<\/a><\/td>\n<\/tr>\n<tr class=\"row-49\">\n\t<td class=\"column-1\">654\/2014<\/td><td class=\"column-2\">Ratifica o Conv\u00eanio firmado entre o<br \/>\nMunic\u00edpio de Campos Altos e o Estado<br \/>\nde Minas Gerais por interm\u00e9dio do<br \/>\nCorpo de Bombeiros Militar e d\u00e1 outras<br \/>\nprovid\u00eancias<\/td><td class=\"column-3\"><a href=\"http:\/\/www.camposaltos.mg.gov.br\/portal\/Leis\/2014\/pdf\/654.pdf\" target=\"_blank\">654.pdf<\/a><\/td>\n<\/tr>\n<tr class=\"row-50\">\n\t<td class=\"column-1\">655\/2014<\/td><td class=\"column-2\">Disp\u00f5e sobre a Contribui\u00e7\u00e3o para Custeio do Servi\u00e7o de<br \/>\nIlumina\u00e7\u00e3o P\u00fablica e d\u00e1 outras provid\u00eancias.<\/td><td class=\"column-3\"><a href=\"http:\/\/www.camposaltos.mg.gov.br\/portal\/Leis\/2014\/pdf\/655.pdf\" target=\"_blank\">655.pdf<\/a><\/td>\n<\/tr>\n<tr class=\"row-51\">\n\t<td class=\"column-1\">656\/2014<\/td><td class=\"column-2\">Autoriza o Prefeito Municipal a proceder \u00e0 permuta de im\u00f3vel<br \/>\n(terreno) de propriedade do Munic\u00edpio de Campos Altos (MG), na<br \/>\nforma que especifica, e d\u00e1 outras provid\u00eancias.<\/td><td class=\"column-3\"><a href=\"http:\/\/www.camposaltos.mg.gov.br\/portal\/Leis\/2014\/pdf\/656.pdf\" target=\"_blank\">656.pdf<\/a><\/td>\n<\/tr>\n<tr class=\"row-52\">\n\t<td class=\"column-1\">657\/2014<\/td><td class=\"column-2\">Cria o Conselho Municipal de Saneamento<br \/>\nB\u00e1sico \u2013 COMSAB \u2013 e d\u00e1 outras provid\u00eancias.<\/td><td class=\"column-3\"><a href=\"http:\/\/www.camposaltos.mg.gov.br\/portal\/Leis\/2014\/pdf\/657.pdf\" target=\"_blank\">657.pdf<\/a><\/td>\n<\/tr>\n<tr class=\"row-53\">\n\t<td class=\"column-1\">658\/2014<\/td><td class=\"column-2\">Aumenta o valor da subven\u00e7\u00e3o social da Santa Casa de<br \/>\nMiseric\u00f3rdia em at\u00e9 R$ 85.000,00 (oitenta e cinco mil<br \/>\nreais) e d\u00e1 outras provid\u00eancias.<\/td><td class=\"column-3\"><a href=\"http:\/\/www.camposaltos.mg.gov.br\/portal\/Leis\/2014\/pdf\/658.pdf\" target=\"_blank\">658.pdf<\/a><\/td>\n<\/tr>\n<tr class=\"row-54\">\n\t<td class=\"column-1\">659\/2014<\/td><td class=\"column-2\">Estima a receita e fixa a despesa para o<br \/>\nexerc\u00edcio financeiro de 2015, e d\u00e1<br \/>\noutras provid\u00eancias<\/td><td class=\"column-3\"><a href=\"http:\/\/www.camposaltos.mg.gov.br\/portal\/Leis\/2014\/pdf\/659.pdf\" target=\"_blank\">659.pdf<\/a><\/td>\n<\/tr>\n<\/tbody>\n<\/table>\n<!-- #tablepress-7 from cache -->\n","protected":false},"excerpt":{"rendered":"<p><\/p>","protected":false},"author":1,"featured_media":0,"parent":0,"menu_order":0,"comment_status":"closed","ping_status":"closed","template":"","meta":{"tdm_status":"","tdm_grid_status":"","footnotes":""},"folder":[],"class_list":["post-2716","page","type-page","status-publish"],"amp_enabled":true,"_links":{"self":[{"href":"http:\/\/www.camposaltos.mg.gov.br\/portal\/wp-json\/wp\/v2\/pages\/2716","targetHints":{"allow":["GET"]}}],"collection":[{"href":"http:\/\/www.camposaltos.mg.gov.br\/portal\/wp-json\/wp\/v2\/pages"}],"about":[{"href":"http:\/\/www.camposaltos.mg.gov.br\/portal\/wp-json\/wp\/v2\/types\/page"}],"author":[{"embeddable":true,"href":"http:\/\/www.camposaltos.mg.gov.br\/portal\/wp-json\/wp\/v2\/users\/1"}],"replies":[{"embeddable":true,"href":"http:\/\/www.camposaltos.mg.gov.br\/portal\/wp-json\/wp\/v2\/comments?post=2716"}],"version-history":[{"count":0,"href":"http:\/\/www.camposaltos.mg.gov.br\/portal\/wp-json\/wp\/v2\/pages\/2716\/revisions"}],"wp:attachment":[{"href":"http:\/\/www.camposaltos.mg.gov.br\/portal\/wp-json\/wp\/v2\/media?parent=2716"}],"wp:term":[{"taxonomy":"folder","embeddable":true,"href":"http:\/\/www.camposaltos.mg.gov.br\/portal\/wp-json\/wp\/v2\/folder?post=2716"}],"curies":[{"name":"wp","href":"https:\/\/api.w.org\/{rel}","templated":true}]}}