{"id":2741,"date":"2018-07-02T23:28:36","date_gmt":"2018-07-02T23:28:36","guid":{"rendered":"http:\/\/www.camposaltos.mg.gov.br\/portal\/?page_id=2741"},"modified":"2018-07-02T23:50:40","modified_gmt":"2018-07-02T23:50:40","slug":"leis-em-vigor-2012","status":"publish","type":"page","link":"http:\/\/www.camposaltos.mg.gov.br\/portal\/leis-em-vigor-2012\/","title":{"rendered":"Leis em vigor 2012"},"content":{"rendered":"\n<table id=\"tablepress-9\" class=\"tablepress tablepress-id-9 tablepress-responsive\">\n<thead>\n<tr class=\"row-1\">\n\t<th class=\"column-1\">Leis <\/th><th class=\"column-2\">Descri\u00e7\u00e3o<\/th><th class=\"column-3\">Arquivos<\/th>\n<\/tr>\n<\/thead>\n<tbody class=\"row-striping row-hover\">\n<tr class=\"row-2\">\n\t<td class=\"column-1\">477\/2012<\/td><td class=\"column-2\">Disp\u00f5e sobre a reestrutura\u00e7\u00e3o da pol\u00edtica<br \/>\nmunicipal dos Direitos da Crian\u00e7a e do<br \/>\nAdolescente, do Conselho Municipal dos<br \/>\nDireitos da Crian\u00e7a e do Adolescente, do<br \/>\nConselho Tutelar e do Fundo Municipal dos<br \/>\nDireitos da Crian\u00e7a e do Adolescente e d\u00e1<br \/>\noutras provid\u00eancias.<\/td><td class=\"column-3\"><a href=\"http:\/\/www.camposaltos.mg.gov.br\/portal\/Leis\/2012\/pdf\/477.pdf\" target=\"_blank\">477.pdf<\/a><\/td>\n<\/tr>\n<tr class=\"row-3\">\n\t<td class=\"column-1\">478\/2012<\/td><td class=\"column-2\">AUTORIZA A ABERTURA DE CR\u00c9DITO<br \/>\nESPECIAL E D\u00c1 OUTRAS PROVID\u00caNCIAS.<\/td><td class=\"column-3\"><a href=\"http:\/\/www.camposaltos.mg.gov.br\/portal\/Leis\/2012\/pdf\/478.pdf\" target=\"_blank\">478.pdf<\/a><\/td>\n<\/tr>\n<tr class=\"row-4\">\n\t<td class=\"column-1\">479\/2012<\/td><td class=\"column-2\">AUTORIZA O PODER EXECUTIVO A<br \/>\nADQUIRIR BEM IM\u00d3VEL E D\u00c1 OUTRAS<br \/>\nPROVID\u00caNCIAS.<br \/>\n<\/td><td class=\"column-3\"><a href=\"http:\/\/www.camposaltos.mg.gov.br\/portal\/Leis\/2012\/pdf\/479.pdf\" target=\"_blank\">479.pdf<\/a><\/td>\n<\/tr>\n<tr class=\"row-5\">\n\t<td class=\"column-1\">480\/2012<\/td><td class=\"column-2\">CONCEDE SUBVEN\u00c7\u00c3O SOCIAL A ASSOCIA\u00c7\u00c3O<br \/>\nPARA DESENVOLVIMENTO SOCIAL DOS<br \/>\nBAIRROS NOSSA SRA. APARECIDA E<br \/>\nSALVADOR E D\u00c1 OUTRAS PROVID\u00caNCIAS.<\/td><td class=\"column-3\"><a href=\"http:\/\/www.camposaltos.mg.gov.br\/portal\/Leis\/2012\/pdf\/480.pdf\" target=\"_blank\">480.pdf<\/a><\/td>\n<\/tr>\n<tr class=\"row-6\">\n\t<td class=\"column-1\">481\/2012<\/td><td class=\"column-2\">Institui no Munic\u00edpio de Campos Altos o<br \/>\ntratamento diferenciado, simplificado e<br \/>\nfavorecido \u00e0s microempresas e empresas<br \/>\nde pequeno porte de que trata a Lei<br \/>\nComplementar Federal n\u00ba 123, de 14 de<br \/>\ndezembro de 2006 e d\u00e1 outras<br \/>\nprovid\u00eancias.<\/td><td class=\"column-3\"><a href=\"http:\/\/www.camposaltos.mg.gov.br\/portal\/Leis\/2012\/pdf\/481.pdf\" target=\"_blank\">481.pdf<\/a><\/td>\n<\/tr>\n<tr class=\"row-7\">\n\t<td class=\"column-1\">482\/2012<\/td><td class=\"column-2\">Autoriza o Poder Executivo a firmar conv\u00eanio<br \/>\nversando a concess\u00e3o Auxilio Financeiro a<br \/>\nEstudantes<\/td><td class=\"column-3\"><a href=\"http:\/\/www.camposaltos.mg.gov.br\/portal\/Leis\/2012\/pdf\/482.pdf\" target=\"_blank\">482.pdf<\/a><\/td>\n<\/tr>\n<tr class=\"row-8\">\n\t<td class=\"column-1\">483\/2012<\/td><td class=\"column-2\">Autoriza o Executivo Municipal a<br \/>\nfirmar conv\u00eanio e d\u00e1 outras<br \/>\nprovid\u00eancias.<\/td><td class=\"column-3\"><br \/>\n<a href=\"http:\/\/www.camposaltos.mg.gov.br\/portal\/Leis\/2012\/pdf\/483.pdf\" target=\"_blank\">483.pdf<\/a><\/td>\n<\/tr>\n<tr class=\"row-9\">\n\t<td class=\"column-1\">484\/2012<\/td><td class=\"column-2\">Concede benef\u00edcios para pagamento<br \/>\nde d\u00e9bitos fiscais em atraso,<br \/>\nestabelecendo normas para sua<br \/>\ncobran\u00e7a extrajudicial e d\u00e1 outras<br \/>\nprovid\u00eancias.<\/td><td class=\"column-3\"><a href=\"http:\/\/www.camposaltos.mg.gov.br\/portal\/Leis\/2012\/pdf\/484.pdf\" target=\"_blank\">484.pdf<\/a><\/td>\n<\/tr>\n<tr class=\"row-10\">\n\t<td class=\"column-1\">485\/2012<\/td><td class=\"column-2\">AUTORIZA O PODER EXECUTIVO A<br \/>\nCONCEDER CONTRIBUI\u00c7\u00c3O E FIRMAR<br \/>\nCONV\u00caNIO COM A ASSOCIA\u00c7\u00c3O DOS<br \/>\nMUNIC\u00cdPIOS DA MICRO REGI\u00c3O DO<br \/>\nPLANALTO DE ARAX\u00c1 \u2013 AMPLA E D\u00c1<br \/>\nOUTRAS PROVID\u00caNCIAS.<\/td><td class=\"column-3\"><a href=\"http:\/\/www.camposaltos.mg.gov.br\/portal\/Leis\/2012\/pdf\/485.pdf\" target=\"_blank\">485.pdf<\/a><\/td>\n<\/tr>\n<tr class=\"row-11\">\n\t<td class=\"column-1\">486\/2012<\/td><td class=\"column-2\">Altera o artigo 1\u00ba da Lei n\u00ba 471\/2011 de 21<br \/>\nde dezembro de 2011, que concede<br \/>\nsubven\u00e7\u00e3o social a Associa\u00e7\u00e3o de Pais e<br \/>\nAmigos dos Excepcionais- APAE e d\u00e1 outras<br \/>\nprovid\u00eancias.<\/td><td class=\"column-3\"><a href=\"http:\/\/www.camposaltos.mg.gov.br\/portal\/Leis\/2012\/pdf\/486.pdf\" target=\"_blank\">486.pdf<\/a><\/td>\n<\/tr>\n<tr class=\"row-12\">\n\t<td class=\"column-1\">487\/2012<\/td><td class=\"column-2\">CONCEDE SUBVEN\u00c7\u00c3O SOCIAL A<br \/>\nASSOCIA\u00c7\u00c3O COMUNIT\u00c1RIA DO ALTO<br \/>\nPALESTINA E CAMPOSALTINHO E D\u00c1<br \/>\nOUTRAS PROVID\u00caNCIAS.<\/td><td class=\"column-3\"><br \/>\n<a href=\"http:\/\/www.camposaltos.mg.gov.br\/portal\/Leis\/2012\/pdf\/487.pdf\" target=\"_blank\">487.pdf<\/a><\/td>\n<\/tr>\n<tr class=\"row-13\">\n\t<td class=\"column-1\">488\/2012<\/td><td class=\"column-2\">Disp\u00f5e sobre a altera\u00e7\u00e3o dos vencimentos dos<br \/>\nprofissionais que prestam servi\u00e7os na<br \/>\nDefensoria P\u00fablica do Munic\u00edpio de Campos<br \/>\nAltos, e d\u00e1 outras provid\u00eancias.<\/td><td class=\"column-3\"><a href=\"http:\/\/www.camposaltos.mg.gov.br\/portal\/Leis\/2012\/pdf\/488.pdf\" target=\"_blank\">488.pdf<\/a><\/td>\n<\/tr>\n<tr class=\"row-14\">\n\t<td class=\"column-1\">489\/2012<\/td><td class=\"column-2\">Disp\u00f5e sobre a altera\u00e7\u00e3o do vencimento dos<br \/>\nprofissionais, que prestam servi\u00e7os ao Programa da<br \/>\nSa\u00fade da Fam\u00edlia, a seguir relacionados, e d\u00e1 outras<br \/>\nprovid\u00eancias:<\/td><td class=\"column-3\"><a href=\"http:\/\/www.camposaltos.mg.gov.br\/portal\/Leis\/2012\/pdf\/489.pdf\" target=\"_blank\">489.pdf<\/a><\/td>\n<\/tr>\n<tr class=\"row-15\">\n\t<td class=\"column-1\">490\/2012<\/td><td class=\"column-2\">Disp\u00f5e sobre a altera\u00e7\u00e3o dos vencimentos<br \/>\ndos profissionais que prestam servi\u00e7os no<br \/>\nPronto Atendimento Municipal, e d\u00e1 outras<br \/>\nprovid\u00eancias:<\/td><td class=\"column-3\"><a href=\"http:\/\/www.camposaltos.mg.gov.br\/portal\/Leis\/2012\/pdf\/490.pdf\" target=\"_blank\">490.pdf<\/a><\/td>\n<\/tr>\n<tr class=\"row-16\">\n\t<td class=\"column-1\">491\/2012<\/td><td class=\"column-2\">Disp\u00f5e sobre a altera\u00e7\u00e3o da<br \/>\nremunera\u00e7\u00e3o dos membros do<br \/>\nConselho Tutelar da Crian\u00e7a e do<br \/>\nAdolescente de Campos Altos.<\/td><td class=\"column-3\"><a href=\"http:\/\/www.camposaltos.mg.gov.br\/portal\/Leis\/2012\/pdf\/491.pdf\" target=\"_blank\">491.pdf<\/a><\/td>\n<\/tr>\n<tr class=\"row-17\">\n\t<td class=\"column-1\">492\/2012<\/td><td class=\"column-2\">Disp\u00f5e sobre a recomposi\u00e7\u00e3o anual dos<br \/>\nsubs\u00eddios dos agentes pol\u00edticos da C\u00e2mara<br \/>\nMunicipal de Campos Altos.<\/td><td class=\"column-3\"><a href=\"http:\/\/www.camposaltos.mg.gov.br\/portal\/Leis\/2012\/pdf\/492.pdf\" target=\"_blank\">492.pdf<\/a><\/td>\n<\/tr>\n<tr class=\"row-18\">\n\t<td class=\"column-1\">493\/2012<\/td><td class=\"column-2\">CONCEDE SUBVEN\u00c7\u00c3O SOCIAL A<br \/>\nASSOCIA\u00c7\u00c3O DO N\u00daCLEO COMUNIT\u00c1RIO<br \/>\nDO CONJUNTO HABITACIONAL JUCA<br \/>\nFRANCO E BAIRROS ADJACENTES E D\u00c1<br \/>\nOUTRAS PROVID\u00caNCIAS.<\/td><td class=\"column-3\"><br \/>\n<a href=\"http:\/\/www.camposaltos.mg.gov.br\/portal\/Leis\/2012\/pdf\/493.pdf\" target=\"_blank\">493.pdf<\/a><\/td>\n<\/tr>\n<tr class=\"row-19\">\n\t<td class=\"column-1\">494\/2012<\/td><td class=\"column-2\">Concede T\u00edtulo de Cidadania.<\/td><td class=\"column-3\"><br \/>\n<a href=\"http:\/\/www.camposaltos.mg.gov.br\/portal\/Leis\/2012\/pdf\/494.pdf\" target=\"_blank\">494.pdf<\/a><\/td>\n<\/tr>\n<tr class=\"row-20\">\n\t<td class=\"column-1\">495\/2012<\/td><td class=\"column-2\">Concede T\u00edtulo de Cidadania.<\/td><td class=\"column-3\"><a href=\"http:\/\/www.camposaltos.mg.gov.br\/portal\/Leis\/2012\/pdf\/495.pdf\" target=\"_blank\">495.pdf<\/a><\/td>\n<\/tr>\n<tr class=\"row-21\">\n\t<td class=\"column-1\">496\/2012<\/td><td class=\"column-2\">AUTORIZA O EXECUTIVO MUNICIPAL<br \/>\nA CELEBRAR CONTRATO DE<br \/>\nCOMODATO COM A SANTA CASA DE<br \/>\nMISERIC\u00d3RDIA DE CAMPOS ALTOSMG,<br \/>\nCONFORME ESPECIFICA, E D\u00c1<br \/>\nOUTRAS PROVID\u00caNCIAS.<\/td><td class=\"column-3\"><a href=\"http:\/\/www.camposaltos.mg.gov.br\/portal\/Leis\/2012\/pdf\/496.pdf\" target=\"_blank\">496.pdf<\/a><\/td>\n<\/tr>\n<tr class=\"row-22\">\n\t<td class=\"column-1\">497\/2012<\/td><td class=\"column-2\">Concede T\u00edtulo de Cidadania.<\/td><td class=\"column-3\"><a href=\"http:\/\/www.camposaltos.mg.gov.br\/portal\/Leis\/2012\/pdf\/497.pdf\" target=\"_blank\">497.pdf<\/a><br \/>\n<\/td>\n<\/tr>\n<tr class=\"row-23\">\n\t<td class=\"column-1\">498\/2012<\/td><td class=\"column-2\">Concede T\u00edtulo de Cidadania.<\/td><td class=\"column-3\"><a href=\"http:\/\/www.camposaltos.mg.gov.br\/portal\/Leis\/2012\/pdf\/498.pdf\" target=\"_blank\">498.pdf<\/a><\/td>\n<\/tr>\n<tr class=\"row-24\">\n\t<td class=\"column-1\">499\/2012<\/td><td class=\"column-2\">Concede T\u00edtulo de Cidadania.<\/td><td class=\"column-3\"><a href=\"http:\/\/www.camposaltos.mg.gov.br\/portal\/Leis\/2012\/pdf\/499.pdf\" target=\"_blank\">499.pdf<\/a><\/td>\n<\/tr>\n<tr class=\"row-25\">\n\t<td class=\"column-1\">500\/2012<\/td><td class=\"column-2\">Concede T\u00edtulo de Cidadania<\/td><td class=\"column-3\"><a href=\"http:\/\/www.camposaltos.mg.gov.br\/portal\/Leis\/2012\/pdf\/500.pdf\" target=\"_blank\">500.pdf<\/a><\/td>\n<\/tr>\n<tr class=\"row-26\">\n\t<td class=\"column-1\">501\/2012<\/td><td class=\"column-2\">Reajusta a subven\u00e7\u00e3o social mensal<br \/>\noferecida pelo Munic\u00edpio de Campos Altos \u00e0<br \/>\nSanta Casa de Miseric\u00f3rdia de Campos<br \/>\nAltos e d\u00e1 outras provid\u00eancias.<\/td><td class=\"column-3\"><br \/>\n<a href=\"http:\/\/www.camposaltos.mg.gov.br\/portal\/Leis\/2012\/pdf\/501.pdf\" target=\"_blank\">501.pdf<\/a><\/td>\n<\/tr>\n<tr class=\"row-27\">\n\t<td class=\"column-1\">502\/2012<\/td><td class=\"column-2\">DISP\u00d5E SOBRE A AUTORIZA\u00c7\u00c3O<br \/>\nPARA QUE O MUNIC\u00cdPIO FIRME<br \/>\nCONV\u00caNIO COM A CAIXA ECON\u00d4MICA<br \/>\nFEDERAL, ABERTURA DE CR\u00c9DITO<br \/>\nESPECIAL E D\u00c1 OUTRAS<br \/>\nPROVID\u00caNCIAS.<\/td><td class=\"column-3\"><a href=\"http:\/\/www.camposaltos.mg.gov.br\/portal\/Leis\/2012\/pdf\/502.pdf\" target=\"_blank\">502.pdf<\/a><\/td>\n<\/tr>\n<tr class=\"row-28\">\n\t<td class=\"column-1\">503\/2012<\/td><td class=\"column-2\">CONCEDE CONTRIBUI\u00c7\u00c3O A<br \/>\nEMATER E D\u00c1 OUTRAS<br \/>\nPROVID\u00caNCIAS.<\/td><td class=\"column-3\"><a href=\"http:\/\/www.camposaltos.mg.gov.br\/portal\/Leis\/2012\/pdf\/503.pdf\" target=\"_blank\">503.pdf<\/a><\/td>\n<\/tr>\n<tr class=\"row-29\">\n\t<td class=\"column-1\">504\/2012<\/td><td class=\"column-2\">Concede T\u00edtulo de Cidadania.<\/td><td class=\"column-3\"><a href=\"http:\/\/www.camposaltos.mg.gov.br\/portal\/Leis\/2012\/pdf\/504.pdf\" target=\"_blank\">504.pdf<\/a><\/td>\n<\/tr>\n<tr class=\"row-30\">\n\t<td class=\"column-1\">505\/2012<\/td><td class=\"column-2\">Autoriza o Poder Executivo a celebrar Conv\u00eanio de<br \/>\nCoopera\u00e7\u00e3o com o Estado de Minas Gerais, para o fim<br \/>\nde estabelecer uma colabora\u00e7\u00e3o federativa na<br \/>\norganiza\u00e7\u00e3o, regula\u00e7\u00e3o, fiscaliza\u00e7\u00e3o e presta\u00e7\u00e3o dos<br \/>\nservi\u00e7os p\u00fablicos municipais de abastecimento de<br \/>\n\u00e1gua e de esgotamento sanit\u00e1rio, e d\u00e1 outras<br \/>\nprovid\u00eancias.<\/td><td class=\"column-3\"><a href=\"http:\/\/www.camposaltos.mg.gov.br\/portal\/Leis\/2012\/pdf\/505.pdf\" target=\"_blank\">505.pdf<\/a><\/td>\n<\/tr>\n<tr class=\"row-31\">\n\t<td class=\"column-1\">506\/2012<\/td><td class=\"column-2\">Concede isen\u00e7\u00e3o de tributos, que especifica,<br \/>\n\u00e0 Empresa prestadora dos servi\u00e7os p\u00fablicos<br \/>\nde abastecimento de \u00e1gua e esgotamento<br \/>\nsanit\u00e1rio por ocasi\u00e3o da outorga destes<br \/>\nservi\u00e7os.<\/td><td class=\"column-3\"><a href=\"http:\/\/www.camposaltos.mg.gov.br\/portal\/Leis\/2012\/pdf\/506.pdf\" target=\"_blank\">506.pdf<\/a><\/td>\n<\/tr>\n<tr class=\"row-32\">\n\t<td class=\"column-1\">507\/2012<\/td><td class=\"column-2\">CONCEDE CONTRIBUI\u00c7\u00c3O A ASSOCIA\u00c7\u00c3O<br \/>\nDO CIRCUITO TUR\u00cdSTICO DA CANASTRA E<br \/>\nD\u00c1 OUTRAS PROVID\u00caNCIAS<\/td><td class=\"column-3\"><a href=\"http:\/\/www.camposaltos.mg.gov.br\/portal\/Leis\/2012\/pdf\/507.pdf\" target=\"_blank\">507.pdf<\/a><\/td>\n<\/tr>\n<tr class=\"row-33\">\n\t<td class=\"column-1\">508\/2012<\/td><td class=\"column-2\">AUTORIZA A ABERTURA DE CR\u00c9DITO<br \/>\nESPECIAL E D\u00c1 OUTRAS PROVID\u00caNCIAS.<\/td><td class=\"column-3\"><a href=\"http:\/\/www.camposaltos.mg.gov.br\/portal\/Leis\/2012\/pdf\/508.pdf\" target=\"_blank\">508.pdf<\/a><\/td>\n<\/tr>\n<tr class=\"row-34\">\n\t<td class=\"column-1\">509\/2012<\/td><td class=\"column-2\">AUTORIZA A ABERTURA DE CR\u00c9DITO<br \/>\nESPECIAL E D\u00c1 OUTRAS PROVID\u00caNCIAS.<\/td><td class=\"column-3\"><a href=\"http:\/\/www.camposaltos.mg.gov.br\/portal\/Leis\/2012\/pdf\/509.pdf\" target=\"_blank\">509.pdf<\/a><\/td>\n<\/tr>\n<tr class=\"row-35\">\n\t<td class=\"column-1\">510\/2012<\/td><td class=\"column-2\">AUTORIZA A ABERTURA DE CR\u00c9DITO ESPECIAL<br \/>\nE D\u00c1 OUTRAS PROVID\u00caNCIAS.<\/td><td class=\"column-3\"><a href=\"http:\/\/www.camposaltos.mg.gov.br\/portal\/Leis\/2012\/pdf\/510.pdf\" target=\"_blank\">510.pdf<\/a><\/td>\n<\/tr>\n<tr class=\"row-36\">\n\t<td class=\"column-1\">511\/2012<\/td><td class=\"column-2\">Ratifica Contrato de Comodato com a<br \/>\nMitra Diocesana de Luz nos termos do<br \/>\nart. 24, inciso XVI, da Lei Org\u00e2nica<br \/>\nMunicipal, e d\u00e1 outras provid\u00eancias.<\/td><td class=\"column-3\"><a href=\"http:\/\/www.camposaltos.mg.gov.br\/portal\/Leis\/2012\/pdf\/511.pdf\" target=\"_blank\">511.pdf<\/a><\/td>\n<\/tr>\n<tr class=\"row-37\">\n\t<td class=\"column-1\">512\/2012<\/td><td class=\"column-2\">DISP\u00d5E SOBRE A AUTORIZA\u00c7\u00c3O PARA<br \/>\nQUE O MUNIC\u00cdPIO FIRME CONV\u00caNIO COM O<br \/>\nSINDICATO DOS TRABALHADORES NA<br \/>\nAGRICULTURA FAMILIAR DE SANTA ROSA<br \/>\nDA SERRA E D\u00c1 OUTRAS PROVID\u00caNCIAS.<\/td><td class=\"column-3\"><a href=\"http:\/\/www.camposaltos.mg.gov.br\/portal\/Leis\/2012\/pdf\/512.pdf\" target=\"_blank\">512.pdf<\/a><\/td>\n<\/tr>\n<tr class=\"row-38\">\n\t<td class=\"column-1\">513\/2012<\/td><td class=\"column-2\">Estabelece diretrizes para as metas e as<br \/>\nprioridades da Administra\u00e7\u00e3o P\u00fablica Municipal,<br \/>\nincluindo as despesas de capital, orientando a<br \/>\nelabora\u00e7\u00e3o da Lei Or\u00e7ament\u00e1ria para o<br \/>\nexerc\u00edcio financeiro de 2013 e d\u00e1 outras<br \/>\nprovid\u00eancias.<\/td><td class=\"column-3\"><a href=\"http:\/\/www.camposaltos.mg.gov.br\/portal\/Leis\/2012\/pdf\/513.pdf\" target=\"_blank\">513.pdf<\/a><\/td>\n<\/tr>\n<tr class=\"row-39\">\n\t<td class=\"column-1\">514\/2012<\/td><td class=\"column-2\">\u201cALTERA DISPOSITIVOS DA LEI MUNICIPAL N.\u00ba 129 DE 21 DE<br \/>\nDEZEMBRO DE 2004, QUE DISPOE SOBRE A REESTRUTRUA\u00c7\u00c3O<br \/>\nDA AUTARQUIA MUNICIPAL DENOMINADA INSTITUTO DE<br \/>\nPREVIDENCIA MUNICIPAL DE CAMPOS ALTOS - IPMCA E DA<br \/>\nOUTRAS PROVIDENCIAS\u201d<\/td><td class=\"column-3\"><a href=\"http:\/\/www.camposaltos.mg.gov.br\/portal\/Leis\/2012\/pdf\/514.pdf\" target=\"_blank\">514.pdf<\/a><\/td>\n<\/tr>\n<tr class=\"row-40\">\n\t<td class=\"column-1\">515\/2012<\/td><td class=\"column-2\">AUTORIZA O EXECUTIVO MUNICIPAL A<br \/>\nCELEBRAR CONTRATO DE CESS\u00c3O DE<br \/>\nUSO DE IM\u00d3VEL QUE ESPECIFICA,<br \/>\nCONCEDE ISEN\u00c7\u00c3O DE TRIBUTO E D\u00c1<br \/>\nOUTRAS PROVID\u00caNCIAS.<\/td><td class=\"column-3\"><a href=\"http:\/\/www.camposaltos.mg.gov.br\/portal\/Leis\/2012\/pdf\/515.pdf\" target=\"_blank\">515.pdf<\/a><\/td>\n<\/tr>\n<tr class=\"row-41\">\n\t<td class=\"column-1\">516\/2012<\/td><td class=\"column-2\">Disp\u00f5e sobre a fixa\u00e7\u00e3o dos subs\u00eddios do<br \/>\nPrefeito, Vice-Prefeito e Secret\u00e1rios<br \/>\nMunicipais de Campos Altos para a<br \/>\nlegislatura 2013\/2016.<\/td><td class=\"column-3\"><a href=\"http:\/\/www.camposaltos.mg.gov.br\/portal\/Leis\/2012\/pdf\/516.pdf\" target=\"_blank\">516.pdf<\/a><\/td>\n<\/tr>\n<tr class=\"row-42\">\n\t<td class=\"column-1\">517\/2012<\/td><td class=\"column-2\">Disp\u00f5e sobre a fixa\u00e7\u00e3o dos subs\u00eddios do<br \/>\nPresidente e dos Vereadores da C\u00e2mara<br \/>\nMunicipal de Campos Altos para a legislatura<br \/>\n2013\/2016.<\/td><td class=\"column-3\"><a href=\"http:\/\/www.camposaltos.mg.gov.br\/portal\/Leis\/2012\/pdf\/517.pdf\" target=\"_blank\">517.pdf<\/a><\/td>\n<\/tr>\n<tr class=\"row-43\">\n\t<td class=\"column-1\">518\/2012<\/td><td class=\"column-2\">AUTORIZA A ABERTURA DE CR\u00c9DITO<br \/>\nESPECIAL E D\u00c1 OUTRAS PROVID\u00caNCIAS.<\/td><td class=\"column-3\"><a href=\"http:\/\/www.camposaltos.mg.gov.br\/portal\/Leis\/2012\/pdf\/518.pdf\" target=\"_blank\">518.pdf<\/a><\/td>\n<\/tr>\n<tr class=\"row-44\">\n\t<td class=\"column-1\">519\/2012<\/td><td class=\"column-2\">Recepciona a Lei Federal n\u00ba 11.770, de 9<br \/>\nde setembro de 2008, no \u00e2mbito da<br \/>\nAdministra\u00e7\u00e3o direta e indireta do<br \/>\nMunic\u00edpio.<\/td><td class=\"column-3\"><a href=\"http:\/\/www.camposaltos.mg.gov.br\/portal\/Leis\/2012\/pdf\/519.pdf\" target=\"_blank\">519.pdf<\/a><\/td>\n<\/tr>\n<tr class=\"row-45\">\n\t<td class=\"column-1\">520\/2012<\/td><td class=\"column-2\">Altera dispositivos da Lei n\u00ba 476\/2011, de 21<br \/>\nde dezembro de 2011, que trata do<br \/>\nOr\u00e7amento do Munic\u00edpio para o exerc\u00edcio<br \/>\nfinanceiro de 2012, e d\u00e1 outras provid\u00eancias.<\/td><td class=\"column-3\"><a href=\"http:\/\/www.camposaltos.mg.gov.br\/portal\/Leis\/2012\/pdf\/520.pdf\" target=\"_blank\">520.pdf<\/a><\/td>\n<\/tr>\n<tr class=\"row-46\">\n\t<td class=\"column-1\">521\/2012<\/td><td class=\"column-2\">Altera e insere artigos na Lei n\u00ba 477\/2012, que<br \/>\ndisp\u00f5e sobre o Conselho Tutelar, dentre outros,<br \/>\ne d\u00e1 outras provid\u00eancias.<\/td><td class=\"column-3\"><a href=\"http:\/\/www.camposaltos.mg.gov.br\/portal\/Leis\/2012\/pdf\/521.pdf\" target=\"_blank\">521.pdf<\/a><\/td>\n<\/tr>\n<tr class=\"row-47\">\n\t<td class=\"column-1\">522\/2012<\/td><td class=\"column-2\">Concede subven\u00e7\u00e3o social ao Abrigo<br \/>\nLar Renascer de S\u00e3o Gotardo-MG, e<br \/>\nd\u00e1 outras provid\u00eancias.<\/td><td class=\"column-3\"><a href=\"http:\/\/www.camposaltos.mg.gov.br\/portal\/Leis\/2012\/pdf\/522.pdf\" target=\"_blank\">522.pdf<\/a><\/td>\n<\/tr>\n<tr class=\"row-48\">\n\t<td class=\"column-1\">523\/2012<\/td><td class=\"column-2\">Autoriza o Executivo Municipal a celebrar<br \/>\nconv\u00eanio com institui\u00e7\u00f5es de Assist\u00eancia<br \/>\nSocial a crian\u00e7as e adolescente , e d\u00e1 outras<br \/>\nprovid\u00eancias.<\/td><td class=\"column-3\"><a href=\"http:\/\/www.camposaltos.mg.gov.br\/portal\/Leis\/2012\/pdf\/523.pdf\" target=\"_blank\">523.pdf<\/a><\/td>\n<\/tr>\n<tr class=\"row-49\">\n\t<td class=\"column-1\">524\/2012<\/td><td class=\"column-2\">Estima a receita e fixa a despesa para o<br \/>\nexerc\u00edcio financeiro de 2013, e d\u00e1<br \/>\noutras provid\u00eancias.<\/td><td class=\"column-3\"><a href=\"http:\/\/www.camposaltos.mg.gov.br\/portal\/Leis\/2012\/pdf\/524.pdf\" target=\"_blank\">524.pdf<\/a><\/td>\n<\/tr>\n<tr class=\"row-50\">\n\t<td class=\"column-1\">525\/2012<\/td><td class=\"column-2\">Autoriza o Executivo Municipal a celebrar conv\u00eanio com<br \/>\nInstitui\u00e7\u00e3o de Assist\u00eancia Social a pessoas carentes e<br \/>\nenvolvidas com o uso de drogas e afins.<\/td><td class=\"column-3\"><a href=\"http:\/\/www.camposaltos.mg.gov.br\/portal\/Leis\/2012\/pdf\/525.pdf\" target=\"_blank\">525.pdf<\/a><\/td>\n<\/tr>\n<\/tbody>\n<\/table>\n\n","protected":false},"excerpt":{"rendered":"<p><\/p>","protected":false},"author":1,"featured_media":0,"parent":0,"menu_order":0,"comment_status":"closed","ping_status":"closed","template":"","meta":{"tdm_status":"","tdm_grid_status":"","footnotes":""},"folder":[],"class_list":["post-2741","page","type-page","status-publish"],"amp_enabled":true,"_links":{"self":[{"href":"http:\/\/www.camposaltos.mg.gov.br\/portal\/wp-json\/wp\/v2\/pages\/2741","targetHints":{"allow":["GET"]}}],"collection":[{"href":"http:\/\/www.camposaltos.mg.gov.br\/portal\/wp-json\/wp\/v2\/pages"}],"about":[{"href":"http:\/\/www.camposaltos.mg.gov.br\/portal\/wp-json\/wp\/v2\/types\/page"}],"author":[{"embeddable":true,"href":"http:\/\/www.camposaltos.mg.gov.br\/portal\/wp-json\/wp\/v2\/users\/1"}],"replies":[{"embeddable":true,"href":"http:\/\/www.camposaltos.mg.gov.br\/portal\/wp-json\/wp\/v2\/comments?post=2741"}],"version-history":[{"count":0,"href":"http:\/\/www.camposaltos.mg.gov.br\/portal\/wp-json\/wp\/v2\/pages\/2741\/revisions"}],"wp:attachment":[{"href":"http:\/\/www.camposaltos.mg.gov.br\/portal\/wp-json\/wp\/v2\/media?parent=2741"}],"wp:term":[{"taxonomy":"folder","embeddable":true,"href":"http:\/\/www.camposaltos.mg.gov.br\/portal\/wp-json\/wp\/v2\/folder?post=2741"}],"curies":[{"name":"wp","href":"https:\/\/api.w.org\/{rel}","templated":true}]}}