{"id":2747,"date":"2018-07-02T23:53:01","date_gmt":"2018-07-02T23:53:01","guid":{"rendered":"http:\/\/www.camposaltos.mg.gov.br\/portal\/?page_id=2747"},"modified":"2018-07-02T23:54:03","modified_gmt":"2018-07-02T23:54:03","slug":"leis-em-vigor-2011","status":"publish","type":"page","link":"http:\/\/www.camposaltos.mg.gov.br\/portal\/leis-em-vigor-2011\/","title":{"rendered":"Leis em vigor 2011"},"content":{"rendered":"\n<table id=\"tablepress-10\" class=\"tablepress tablepress-id-10 tablepress-responsive\">\n<thead>\n<tr class=\"row-1\">\n\t<th class=\"column-1\">Leis <\/th><th class=\"column-2\">Descri\u00e7\u00e3o<\/th><th class=\"column-3\">Arquivos<\/th>\n<\/tr>\n<\/thead>\n<tbody class=\"row-striping row-hover\">\n<tr class=\"row-2\">\n\t<td class=\"column-1\">434\/2011<\/td><td class=\"column-2\">Autoriza o Poder Executivo a firmar conv\u00eanio<br \/>\nversando a concess\u00e3o Auxilio Financeiro a<br \/>\nEstudantes.<\/td><td class=\"column-3\"><br \/>\n<a href=\"http:\/\/www.camposaltos.mg.gov.br\/portal\/Leis\/2011\/pdf\/434.pdf\" target=\"_blank\">434.pdf<\/a><\/td>\n<\/tr>\n<tr class=\"row-3\">\n\t<td class=\"column-1\">435\/2011<\/td><td class=\"column-2\">AUTORIZA O PODER EXECUTIVO A<br \/>\nCONCEDER CONTRIBUI\u00c7\u00c3O E FIRMAR<br \/>\nCONV\u00caNIO COM A ASSOCIA\u00c7\u00c3O DOS<br \/>\nMUNIC\u00cdPIOS DA MICRO REGI\u00c3O DO<br \/>\nPLANALTO DE ARAX\u00c1 \u2013 AMPLA E D\u00c1<br \/>\nOUTRAS PROVID\u00caNCIAS.<\/td><td class=\"column-3\"><a href=\"http:\/\/www.camposaltos.mg.gov.br\/portal\/Leis\/2011\/pdf\/435.pdf\" target=\"_blank\">435.pdf<\/a><\/td>\n<\/tr>\n<tr class=\"row-4\">\n\t<td class=\"column-1\">436\/2011<\/td><td class=\"column-2\">Disp\u00f5e sobre a denomina\u00e7\u00e3o de logradouro<br \/>\nmunicipal.<\/td><td class=\"column-3\"><a href=\"http:\/\/www.camposaltos.mg.gov.br\/portal\/Leis\/2011\/pdf\/436.pdf\" target=\"_blank\">436.pdf<\/a><\/td>\n<\/tr>\n<tr class=\"row-5\">\n\t<td class=\"column-1\">437\/2011<\/td><td class=\"column-2\">Autoriza o Executivo Municipal a firmar conv\u00eanio<br \/>\ne d\u00e1 outras provid\u00eancias.<\/td><td class=\"column-3\"><a href=\"http:\/\/www.camposaltos.mg.gov.br\/portal\/Leis\/2011\/pdf\/437.pdf\" target=\"_blank\">437.pdf<\/a><\/td>\n<\/tr>\n<tr class=\"row-6\">\n\t<td class=\"column-1\">438\/2011<\/td><td class=\"column-2\">CONCEDE SUBVEN\u00c7\u00c3O SOCIAL AO CLUBE<br \/>\nDA MELHOR IDADE VIDA NOVA E D\u00c1<br \/>\nOUTRAS PROVID\u00caNCIAS.<\/td><td class=\"column-3\"><a href=\"http:\/\/www.camposaltos.mg.gov.br\/portal\/Leis\/2011\/pdf\/438.pdf\" target=\"_blank\">438.pdf<\/a><\/td>\n<\/tr>\n<tr class=\"row-7\">\n\t<td class=\"column-1\">439\/2011<\/td><td class=\"column-2\">Concede benef\u00edcios para pagamento de d\u00e9bitos<br \/>\nfiscais em atraso, estabelecendo normas para sua<br \/>\ncobran\u00e7a extrajudicial e d\u00e1 outras provid\u00eancias.<\/td><td class=\"column-3\"><a href=\"http:\/\/www.camposaltos.mg.gov.br\/portal\/Leis\/2011\/pdf\/439.pdf\" target=\"_blank\">439.pdf<\/a><\/td>\n<\/tr>\n<tr class=\"row-8\">\n\t<td class=\"column-1\">440\/2011<\/td><td class=\"column-2\">CONCEDE CONTRIBUI\u00c7\u00c3O A LOJA<br \/>\nMA\u00c7\u00d4NICA XIII DE DEZEMBRO E D\u00c1 OUTRAS<br \/>\nPROVID\u00caNCIAS.<\/td><td class=\"column-3\"><a href=\"http:\/\/www.camposaltos.mg.gov.br\/portal\/Leis\/2011\/pdf\/440.pdf\" target=\"_blank\">440.pdf<\/a><br \/>\n<\/td>\n<\/tr>\n<tr class=\"row-9\">\n\t<td class=\"column-1\">441\/2011<\/td><td class=\"column-2\">Autoriza a firmar conv\u00eanios e d\u00e1 outras<br \/>\nprovid\u00eancias.<\/td><td class=\"column-3\"><a href=\"http:\/\/www.camposaltos.mg.gov.br\/portal\/Leis\/2011\/pdf\/441.pdf\" target=\"_blank\">441.pdf<\/a><\/td>\n<\/tr>\n<tr class=\"row-10\">\n\t<td class=\"column-1\">442\/2011<\/td><td class=\"column-2\">CONCEDE CONTRIBUI\u00c7\u00c3O A EMATER E D\u00c1<br \/>\nOUTRAS PROVID\u00caNCIAS.<\/td><td class=\"column-3\"><a href=\"http:\/\/www.camposaltos.mg.gov.br\/portal\/Leis\/2011\/pdf\/442.pdf\" target=\"_blank\">442.pdf<\/a><\/td>\n<\/tr>\n<tr class=\"row-11\">\n\t<td class=\"column-1\">443\/2011<\/td><td class=\"column-2\">CONCEDE CONTRIBUI\u00c7\u00c3O A ASSOCIA\u00c7\u00c3O<br \/>\nMINEIRA DE MUNIC\u00cdPIOS-AMM E D\u00c1 OUTRAS<br \/>\nPROVID\u00caNCIAS.<\/td><td class=\"column-3\"><a href=\"http:\/\/www.camposaltos.mg.gov.br\/portal\/Leis\/2011\/pdf\/443.pdf\" target=\"_blank\">443.pdf<\/a><\/td>\n<\/tr>\n<tr class=\"row-12\">\n\t<td class=\"column-1\">444\/2011<\/td><td class=\"column-2\">Autoriza a firmar conv\u00eanio e d\u00e1 outras<br \/>\nprovid\u00eancias.<\/td><td class=\"column-3\"><a href=\"http:\/\/www.camposaltos.mg.gov.br\/portal\/Leis\/2011\/pdf\/444.pdf\" target=\"_blank\">444.pdf<\/a><\/td>\n<\/tr>\n<tr class=\"row-13\">\n\t<td class=\"column-1\">445\/2011<\/td><td class=\"column-2\">CONCEDE SUBVEN\u00c7\u00c3O SOCIAL AO ABRIGO LAR<br \/>\nRENASCER DE S\u00c3O GOTARDO-MG, DISP\u00d5E SOBRE<br \/>\nA ABERTURA DE CR\u00c9DITOS ESPECIAIS E D\u00c1<br \/>\nOUTRAS PROVID\u00caNCIAS.<\/td><td class=\"column-3\"><a href=\"http:\/\/www.camposaltos.mg.gov.br\/portal\/Leis\/2011\/pdf\/445.pdf\" target=\"_blank\">445.pdf<\/a><\/td>\n<\/tr>\n<tr class=\"row-14\">\n\t<td class=\"column-1\">446\/2011<\/td><td class=\"column-2\">Disp\u00f5e sobre desafeta\u00e7\u00e3o de \u00e1rea institucional<br \/>\nmunicipal e d\u00e1 outras provid\u00eancias.<\/td><td class=\"column-3\"><a href=\"http:\/\/www.camposaltos.mg.gov.br\/portal\/Leis\/2011\/pdf\/446.pdf\" target=\"_blank\">446.pdf<\/a><\/td>\n<\/tr>\n<tr class=\"row-15\">\n\t<td class=\"column-1\">447\/2011<\/td><td class=\"column-2\">CONCEDE CONTRIBUI\u00c7\u00c3O A ASSOCIA\u00c7\u00c3O<br \/>\nDO CIRCUITO TUR\u00cdSTICO DA CANASTRA E<br \/>\nD\u00c1 OUTRAS PROVID\u00caNCIAS.<\/td><td class=\"column-3\"><a href=\"http:\/\/www.camposaltos.mg.gov.br\/portal\/Leis\/2011\/pdf\/447.pdf\" target=\"_blank\">447.pdf<\/a><\/td>\n<\/tr>\n<tr class=\"row-16\">\n\t<td class=\"column-1\">448\/2011<\/td><td class=\"column-2\">Disp\u00f5e sobre a recomposi\u00e7\u00e3o anual dos<br \/>\nsubs\u00eddios dos agentes pol\u00edticos da C\u00e2mara<br \/>\nMunicipal de Campos Altos.<\/td><td class=\"column-3\"><a href=\"http:\/\/www.camposaltos.mg.gov.br\/portal\/Leis\/2011\/pdf\/448.pdf\" target=\"_blank\">448.pdf<\/a><\/td>\n<\/tr>\n<tr class=\"row-17\">\n\t<td class=\"column-1\">449\/2011<\/td><td class=\"column-2\">Declara de Utilidade P\u00fablica a Associa\u00e7\u00e3o<br \/>\nBeneficente Som do C\u00e9u.<\/td><td class=\"column-3\"><a href=\"http:\/\/www.camposaltos.mg.gov.br\/portal\/Leis\/2011\/pdf\/449.pdf\" target=\"_blank\">449.pdf<\/a><\/td>\n<\/tr>\n<tr class=\"row-18\">\n\t<td class=\"column-1\">450\/2011<\/td><td class=\"column-2\">Disp\u00f5e sobre a denomina\u00e7\u00e3o de logradouro p\u00fablico.<\/td><td class=\"column-3\"><br \/>\n<a href=\"http:\/\/www.camposaltos.mg.gov.br\/portal\/Leis\/2011\/pdf\/450.pdf\" target=\"_blank\">450.pdf<\/a><\/td>\n<\/tr>\n<tr class=\"row-19\">\n\t<td class=\"column-1\">451\/2011<\/td><td class=\"column-2\">AUTORIZA O PODER EXECUTIVO A APROVAR O<br \/>\nLOTEAMENTO CH\u00c1CARA ROS\u00c1RIO DOMINGOS<br \/>\nE D\u00c1 OUTRAS PROVID\u00caNCIAS.<\/td><td class=\"column-3\"><a href=\"http:\/\/www.camposaltos.mg.gov.br\/portal\/Leis\/2011\/pdf\/451.pdf\" target=\"_blank\">451.pdf<\/a><\/td>\n<\/tr>\n<tr class=\"row-20\">\n\t<td class=\"column-1\">452\/2011<\/td><td class=\"column-2\">Estabelece diretrizes para as metas e as<br \/>\nprioridades da Administra\u00e7\u00e3o P\u00fablica<br \/>\nMunicipal, incluindo as despesas de<br \/>\ncapital, orientando a elabora\u00e7\u00e3o da Lei<br \/>\nOr\u00e7ament\u00e1ria para o exerc\u00edcio financeiro<br \/>\nde 2012 e d\u00e1 outras provid\u00eancias.<\/td><td class=\"column-3\"><a href=\"http:\/\/www.camposaltos.mg.gov.br\/portal\/Leis\/2011\/pdf\/452.pdf\" target=\"_blank\">452.pdf<\/a><\/td>\n<\/tr>\n<tr class=\"row-21\">\n\t<td class=\"column-1\">453\/2011<\/td><td class=\"column-2\">Disp\u00f5e sobre a altera\u00e7\u00e3o da<br \/>\nremunera\u00e7\u00e3o dos membros do<br \/>\nConselho Tutelar da Crian\u00e7a e do<br \/>\nAdolescente de Campos Altos.<\/td><td class=\"column-3\"><a href=\"http:\/\/www.camposaltos.mg.gov.br\/portal\/Leis\/2011\/pdf\/453.pdf\" target=\"_blank\">453.pdf<\/a><br \/>\n<\/td>\n<\/tr>\n<tr class=\"row-22\">\n\t<td class=\"column-1\">454\/2011<\/td><td class=\"column-2\">Pro\u00edbe a instala\u00e7\u00e3o de viveiros de plantas no<br \/>\nper\u00edmetro urbano do munic\u00edpio de Campos Altos e<br \/>\nd\u00e1 outras provid\u00eancias.<\/td><td class=\"column-3\"><a href=\"http:\/\/www.camposaltos.mg.gov.br\/portal\/Leis\/2011\/pdf\/454.pdf\" target=\"_blank\">454.pdf<\/a><\/td>\n<\/tr>\n<tr class=\"row-23\">\n\t<td class=\"column-1\">455\/2011<\/td><td class=\"column-2\">Autoriza o Poder Executivo a contratar financiamento com a CAIXA<br \/>\nECON\u00d4MICA FEDERAL, a oferecer garantias e d\u00e1 provid\u00eancias<br \/>\ncorrelatas.<\/td><td class=\"column-3\"><a href=\"http:\/\/www.camposaltos.mg.gov.br\/portal\/Leis\/2011\/pdf\/455.pdf\" target=\"_blank\">455.pdf<\/a><\/td>\n<\/tr>\n<tr class=\"row-24\">\n\t<td class=\"column-1\">456\/2011<\/td><td class=\"column-2\">D\u00e1 denomina\u00e7\u00e3o a Bem P\u00fablico e d\u00e1 outras<br \/>\nprovid\u00eancias.<\/td><td class=\"column-3\"><a href=\"http:\/\/www.camposaltos.mg.gov.br\/portal\/Leis\/2011\/pdf\/456.pdf\" target=\"_blank\">456.pdf<\/a><\/td>\n<\/tr>\n<tr class=\"row-25\">\n\t<td class=\"column-1\">457\/2011<\/td><td class=\"column-2\">Altera dispositivos da Lei Municipal n\u00ba 430 de 20<br \/>\nde dezembro de 2010, que regulamenta a<br \/>\nconcess\u00e3o de di\u00e1rias de viagem e adiantamento<br \/>\npara despesas no \u00e2mbito do Executivo<br \/>\nMunicipal e d\u00e1 outras provid\u00eancias<\/td><td class=\"column-3\"><a href=\"http:\/\/www.camposaltos.mg.gov.br\/portal\/Leis\/2011\/pdf\/457.pdf\" target=\"_blank\">457.pdf<\/a><\/td>\n<\/tr>\n<tr class=\"row-26\">\n\t<td class=\"column-1\">458\/2011<\/td><td class=\"column-2\">Concede T\u00edtulo de Cidadania.<\/td><td class=\"column-3\"><a href=\"http:\/\/www.camposaltos.mg.gov.br\/portal\/Leis\/2011\/pdf\/458.pdf\" target=\"_blank\">458.pdf<\/a><\/td>\n<\/tr>\n<tr class=\"row-27\">\n\t<td class=\"column-1\">459\/2011<\/td><td class=\"column-2\">D\u00e1 denomina\u00e7\u00e3o a Bem P\u00fablico e d\u00e1 outras provid\u00eancias.<\/td><td class=\"column-3\"><br \/>\n<a href=\"http:\/\/www.camposaltos.mg.gov.br\/portal\/Leis\/2011\/pdf\/459.pdf\" target=\"_blank\">459.pdf<\/a><\/td>\n<\/tr>\n<tr class=\"row-28\">\n\t<td class=\"column-1\">460\/2011<\/td><td class=\"column-2\">Autoriza Poder Executivo a receber em forma de<br \/>\ndoa\u00e7\u00e3o im\u00f3vel da Uni\u00e3o Federal, e d\u00e1 outras<br \/>\nprovidencias.<\/td><td class=\"column-3\"><a href=\"http:\/\/www.camposaltos.mg.gov.br\/portal\/Leis\/2011\/pdf\/460.pdf\" target=\"_blank\">460.pdf<\/a><\/td>\n<\/tr>\n<tr class=\"row-29\">\n\t<td class=\"column-1\">461\/2011<\/td><td class=\"column-2\">Concede T\u00edtulo de Cidadania.<\/td><td class=\"column-3\"><br \/>\n<a href=\"http:\/\/www.camposaltos.mg.gov.br\/portal\/Leis\/2011\/pdf\/461.pdf\" target=\"_blank\">461.pdf<\/a><\/td>\n<\/tr>\n<tr class=\"row-30\">\n\t<td class=\"column-1\">462\/2011<\/td><td class=\"column-2\">Disp\u00f5e sobre a altera\u00e7\u00e3o dos vencimentos dos<br \/>\nprofissionais m\u00e9dicos, que prestam servi\u00e7os ao<br \/>\nPrograma da Sa\u00fade da Fam\u00edlia, e d\u00e1 outras<br \/>\nprovid\u00eancias:<\/td><td class=\"column-3\"><br \/>\n<a href=\"http:\/\/www.camposaltos.mg.gov.br\/portal\/Leis\/2011\/pdf\/462.pdf\" target=\"_blank\">462.pdf<\/a><\/td>\n<\/tr>\n<tr class=\"row-31\">\n\t<td class=\"column-1\">463\/2011<\/td><td class=\"column-2\">INSTITUI O PROGRAMA FAM\u00cdLIA<br \/>\nACOLHEDORA DE CRIAN\u00c7AS E<br \/>\nADOLESCENTES E D\u00c1 OUTRAS<br \/>\nPROVID\u00caNCIAS.<\/td><td class=\"column-3\"><br \/>\n<a href=\"http:\/\/www.camposaltos.mg.gov.br\/portal\/Leis\/2011\/pdf\/463.pdf\" target=\"_blank\">463.pdf<\/a><\/td>\n<\/tr>\n<tr class=\"row-32\">\n\t<td class=\"column-1\">464\/2011<\/td><td class=\"column-2\">Concede revis\u00e3o geral dos vencimentos, proventos e<br \/>\npens\u00f5es aos servidores ativos, inativos e pensionistas da<br \/>\nadministra\u00e7\u00e3o direta, indireta e autarquia do Munic\u00edpio de<br \/>\nCampos Altos e d\u00e1 outras provid\u00eancias.<\/td><td class=\"column-3\"><br \/>\n<a href=\"http:\/\/www.camposaltos.mg.gov.br\/portal\/Leis\/2011\/pdf\/464.pdf\" target=\"_blank\">464.pdf<\/a><\/td>\n<\/tr>\n<tr class=\"row-33\">\n\t<td class=\"column-1\">465\/2011<\/td><td class=\"column-2\">Disp\u00f5e sobre a cria\u00e7\u00e3o de fun\u00e7\u00e3o p\u00fablica<br \/>\ngratificada.<\/td><td class=\"column-3\"><br \/>\n<a href=\"http:\/\/www.camposaltos.mg.gov.br\/portal\/Leis\/2011\/pdf\/465.pdf\" target=\"_blank\">465.pdf<\/a><\/td>\n<\/tr>\n<tr class=\"row-34\">\n\t<td class=\"column-1\">466\/2011<\/td><td class=\"column-2\">Disp\u00f5e sobre a cria\u00e7\u00e3o de cargo em<br \/>\ncomiss\u00e3o.<\/td><td class=\"column-3\"><br \/>\n<a href=\"http:\/\/www.camposaltos.mg.gov.br\/portal\/Leis\/2011\/pdf\/466.pdf\" target=\"_blank\">466.pdf<\/a><\/td>\n<\/tr>\n<tr class=\"row-35\">\n\t<td class=\"column-1\">467\/2011<\/td><td class=\"column-2\">INSTITUI AS FORMAS DE REGISTRO DE BENS DE<br \/>\nNATUREZA IMATERIAL OU INTANG\u00cdVEL QUE<br \/>\nCONSTITUEM O PATRIM\u00d4NIO CULTURAL DE CAMPOS<br \/>\nALTOS<\/td><td class=\"column-3\"><br \/>\n<a href=\"http:\/\/www.camposaltos.mg.gov.br\/portal\/Leis\/2011\/pdf\/467.pdf\" target=\"_blank\">467.pdf<\/a><\/td>\n<\/tr>\n<tr class=\"row-36\">\n\t<td class=\"column-1\">468\/2011<\/td><td class=\"column-2\">Altera dispositivos da Lei Municipal n\u00ba 431<br \/>\nde 21 de dezembro de 2010, que concede<br \/>\nsubven\u00e7\u00e3o social a Santa Casa de<br \/>\nMiseric\u00f3rdia e d\u00e1 outras provid\u00eancias.<\/td><td class=\"column-3\"><br \/>\n<a href=\"http:\/\/www.camposaltos.mg.gov.br\/portal\/Leis\/2011\/pdf\/468.pdf\" target=\"_blank\">468.pdf<\/a><\/td>\n<\/tr>\n<tr class=\"row-37\">\n\t<td class=\"column-1\">469\/2011<\/td><td class=\"column-2\">Autoriza a firmar conv\u00eanio e d\u00e1 outras<br \/>\nprovid\u00eancias.<\/td><td class=\"column-3\"><br \/>\n<a href=\"http:\/\/www.camposaltos.mg.gov.br\/portal\/Leis\/2011\/pdf\/469.pdf\" target=\"_blank\">469.pdf<\/a><\/td>\n<\/tr>\n<tr class=\"row-38\">\n\t<td class=\"column-1\">470\/2011<\/td><td class=\"column-2\">CONCEDE SUBVEN\u00c7\u00c3O SOCIAL A SANTA<br \/>\nCASA DE MISERIC\u00d3RDIA E D\u00c1 OUTRAS<br \/>\nPROVID\u00caNCIAS.<\/td><td class=\"column-3\"><br \/>\n<a href=\"http:\/\/www.camposaltos.mg.gov.br\/portal\/Leis\/2011\/pdf\/470.pdf\" target=\"_blank\">470.pdf<\/a><\/td>\n<\/tr>\n<tr class=\"row-39\">\n\t<td class=\"column-1\">471\/2011<\/td><td class=\"column-2\">CONCEDE SUBVEN\u00c7\u00c3O SOCIAL A APAEASSOCIA\u00c7\u00c3O<br \/>\nDE PAIS E AMIGOS DOS<br \/>\nEXCEPCIONAIS DE CAMPOS ALTOS E D\u00c1<br \/>\nOUTRAS PROVID\u00caNCIAS.<\/td><td class=\"column-3\"><br \/>\n<a href=\"http:\/\/www.camposaltos.mg.gov.br\/portal\/Leis\/2011\/pdf\/471.pdf\" target=\"_blank\">471.pdf<\/a><\/td>\n<\/tr>\n<tr class=\"row-40\">\n\t<td class=\"column-1\">472\/2011<\/td><td class=\"column-2\">CONCEDE SUBVEN\u00c7\u00c3O SOCIAL A VILA<br \/>\nVICENTINA DE CAMPOS ALTOS E D\u00c1<br \/>\nOUTRAS PROVID\u00caNCIAS.<\/td><td class=\"column-3\"><br \/>\n<a href=\"http:\/\/www.camposaltos.mg.gov.br\/portal\/Leis\/2011\/pdf\/472.pdf\" target=\"_blank\">472.pdf<\/a><\/td>\n<\/tr>\n<tr class=\"row-41\">\n\t<td class=\"column-1\">473\/32011<\/td><td class=\"column-2\">CONCEDE SUBVEN\u00c7\u00c3O SOCIAL A LIRA SANTO<br \/>\nANT\u00d4NIO DE CAMPOS ALTOS E D\u00c1 OUTRAS<br \/>\nPROVID\u00caNCIAS.<\/td><td class=\"column-3\"><br \/>\n<a href=\"http:\/\/www.camposaltos.mg.gov.br\/portal\/Leis\/2011\/pdf\/473.pdf\" target=\"_blank\">473.pdf<\/a><\/td>\n<\/tr>\n<tr class=\"row-42\">\n\t<td class=\"column-1\">474\/2011<\/td><td class=\"column-2\">CONCEDE SUBVEN\u00c7\u00c3O SOCIAL AO CLUBE<br \/>\nDA MELHOR IDADE VIDA NOVA E D\u00c1<br \/>\nOUTRAS PROVID\u00caNCIAS.<\/td><td class=\"column-3\"><br \/>\n<a href=\"http:\/\/www.camposaltos.mg.gov.br\/portal\/Leis\/2011\/pdf\/474.pdf\" target=\"_blank\">474.pdf<\/a><\/td>\n<\/tr>\n<tr class=\"row-43\">\n\t<td class=\"column-1\">475\/2011<\/td><td class=\"column-2\">CONCEDE SUBVEN\u00c7\u00c3O SOCIAL AO ABRIGO<br \/>\nLAR RENASCER DE S\u00c3O GOTARDO-MG, E D\u00c1<br \/>\nOUTRAS PROVID\u00caNCIAS.<\/td><td class=\"column-3\"><br \/>\n<a href=\"http:\/\/www.camposaltos.mg.gov.br\/portal\/Leis\/2011\/pdf\/475.pdf\" target=\"_blank\">475.pdf<\/a><\/td>\n<\/tr>\n<tr class=\"row-44\">\n\t<td class=\"column-1\">476\/2011<\/td><td class=\"column-2\">Estima a receita e fixa a despesa para<br \/>\no exerc\u00edcio financeiro de 2012, e d\u00e1<br \/>\noutras provid\u00eancias.<\/td><td class=\"column-3\"><br \/>\n<a href=\"http:\/\/www.camposaltos.mg.gov.br\/portal\/Leis\/2011\/pdf\/476.pdf\" target=\"_blank\">476.pdf<\/a><\/td>\n<\/tr>\n<\/tbody>\n<\/table>\n<!-- #tablepress-10 from cache -->\n","protected":false},"excerpt":{"rendered":"<p><\/p>","protected":false},"author":1,"featured_media":0,"parent":0,"menu_order":0,"comment_status":"closed","ping_status":"closed","template":"","meta":{"tdm_status":"","tdm_grid_status":"","footnotes":""},"folder":[],"class_list":["post-2747","page","type-page","status-publish"],"amp_enabled":true,"_links":{"self":[{"href":"http:\/\/www.camposaltos.mg.gov.br\/portal\/wp-json\/wp\/v2\/pages\/2747","targetHints":{"allow":["GET"]}}],"collection":[{"href":"http:\/\/www.camposaltos.mg.gov.br\/portal\/wp-json\/wp\/v2\/pages"}],"about":[{"href":"http:\/\/www.camposaltos.mg.gov.br\/portal\/wp-json\/wp\/v2\/types\/page"}],"author":[{"embeddable":true,"href":"http:\/\/www.camposaltos.mg.gov.br\/portal\/wp-json\/wp\/v2\/users\/1"}],"replies":[{"embeddable":true,"href":"http:\/\/www.camposaltos.mg.gov.br\/portal\/wp-json\/wp\/v2\/comments?post=2747"}],"version-history":[{"count":0,"href":"http:\/\/www.camposaltos.mg.gov.br\/portal\/wp-json\/wp\/v2\/pages\/2747\/revisions"}],"wp:attachment":[{"href":"http:\/\/www.camposaltos.mg.gov.br\/portal\/wp-json\/wp\/v2\/media?parent=2747"}],"wp:term":[{"taxonomy":"folder","embeddable":true,"href":"http:\/\/www.camposaltos.mg.gov.br\/portal\/wp-json\/wp\/v2\/folder?post=2747"}],"curies":[{"name":"wp","href":"https:\/\/api.w.org\/{rel}","templated":true}]}}