{"id":2750,"date":"2018-07-02T23:55:37","date_gmt":"2018-07-02T23:55:37","guid":{"rendered":"http:\/\/www.camposaltos.mg.gov.br\/portal\/?page_id=2750"},"modified":"2018-07-02T23:55:37","modified_gmt":"2018-07-02T23:55:37","slug":"leis-em-vigor-2010","status":"publish","type":"page","link":"http:\/\/www.camposaltos.mg.gov.br\/portal\/leis-em-vigor-2010\/","title":{"rendered":"Leis em vigor 2010"},"content":{"rendered":"\n<table id=\"tablepress-11\" class=\"tablepress tablepress-id-11 tablepress-responsive\">\n<thead>\n<tr class=\"row-1\">\n\t<th class=\"column-1\">Leis <\/th><th class=\"column-2\">Descri\u00e7\u00e3o<\/th><th class=\"column-3\">Arquivos<\/th>\n<\/tr>\n<\/thead>\n<tbody class=\"row-striping row-hover\">\n<tr class=\"row-2\">\n\t<td class=\"column-1\">386\/2010<\/td><td class=\"column-2\">Ratifica Conv\u00eanio firmado com a<br \/>\nAssocia\u00e7\u00e3o dos Munic\u00edpios da<br \/>\nMicro Regi\u00e3o do Planalto de<br \/>\nArax\u00e1 - do AMPLA, nos termos do<br \/>\nart. 24, inciso XVI, da Lei Org\u00e2nica<br \/>\nMunicipal, e d\u00e1 outras<br \/>\nprovid\u00eancias.<\/td><td class=\"column-3\"><a href=\"http:\/\/www.camposaltos.mg.gov.br\/portal\/Leis\/2010\/pdf\/386.pdf\" target=\"_blank\">386.pdf<\/a><\/td>\n<\/tr>\n<tr class=\"row-3\">\n\t<td class=\"column-1\">387\/2010<\/td><td class=\"column-2\">CONCEDE CONTRIBUI\u00c7\u00c3O A ASSOCIA\u00c7\u00c3O DE<br \/>\nPROTE\u00c7\u00c3O \u00c0 MATERNIDADE, INF\u00c2NCIA E<br \/>\nVELHICE DE PATOS DE MINAS, DISP\u00d5E SOBRE A<br \/>\nABERTURA DE CR\u00c9DITOS ESPECIAIS E D\u00c1<br \/>\nOUTRAS PROVID\u00caNCIAS.<\/td><td class=\"column-3\"><a href=\"http:\/\/www.camposaltos.mg.gov.br\/portal\/Leis\/2010\/pdf\/387.pdf\" target=\"_blank\">387.pdf<\/a><\/td>\n<\/tr>\n<tr class=\"row-4\">\n\t<td class=\"column-1\">388\/2010<\/td><td class=\"column-2\">Autoriza o Poder Executivo \u00e0 doar im\u00f3vel \u00e0 Associa\u00e7\u00e3o para Desenvolvimento<br \/>\nSocial dos Bairros Nossa Senhora Aparecida e Salvador.<\/td><td class=\"column-3\"><a href=\"http:\/\/www.camposaltos.mg.gov.br\/portal\/Leis\/2010\/pdf\/388.pdf\" target=\"_blank\">388.pdf<\/a><\/td>\n<\/tr>\n<tr class=\"row-5\">\n\t<td class=\"column-1\">389\/2010<\/td><td class=\"column-2\">CONCEDE SUBVEN\u00c7\u00c3O SOCIAL \u00c0<br \/>\nAPAE \u2013 ASSOCIA\u00c7\u00c3O DE PAIS E<br \/>\nAMIGOS DOS EXCEPCIONAIS DE<br \/>\nCAMPOS ALTOS E D\u00c1 OUTRAS<br \/>\nPROVID\u00caNCIAS<\/td><td class=\"column-3\"><a href=\"http:\/\/www.camposaltos.mg.gov.br\/portal\/Leis\/2010\/pdf\/389.pdf\" target=\"_blank\">389.pdf<\/a><\/td>\n<\/tr>\n<tr class=\"row-6\">\n\t<td class=\"column-1\">390\/2010<\/td><td class=\"column-2\">Altera dispositivos da Lei Municipal n\u00ba 06 de<br \/>\n03 de maio de 2000, que disp\u00f5e sobre doa\u00e7\u00e3o<br \/>\nde terreno p\u00fablico municipal a entidade<br \/>\nassistencial e d\u00e1 outras provid\u00eancias<\/td><td class=\"column-3\"><a href=\"http:\/\/www.camposaltos.mg.gov.br\/portal\/Leis\/2010\/pdf\/390.pdf\" target=\"_blank\">390.pdf<\/a><\/td>\n<\/tr>\n<tr class=\"row-7\">\n\t<td class=\"column-1\">391\/2010<\/td><td class=\"column-2\">CONCEDE SUBVEN\u00c7\u00c3O SOCIAL A<br \/>\nSANTA CASA DE MISERIC\u00d3RDIA E<br \/>\nD\u00c1 OUTRAS PROVID\u00caNCIAS. <\/td><td class=\"column-3\"><a href=\"http:\/\/www.camposaltos.mg.gov.br\/portal\/Leis\/2010\/pdf\/391.pdf\" target=\"_blank\">391.pdf<\/a><\/td>\n<\/tr>\n<tr class=\"row-8\">\n\t<td class=\"column-1\">392\/2010<\/td><td class=\"column-2\">CONCEDE SUBVEN\u00c7\u00c3O SOCIAL A<br \/>\nASSOCIA\u00c7\u00c3O COMUNIT\u00c1RIA DO ALTO<br \/>\nPALESTINA E CAMPOSALTINHO E D\u00c1<br \/>\nOUTRAS PROVID\u00caNCIAS.<\/td><td class=\"column-3\"><a href=\"http:\/\/www.camposaltos.mg.gov.br\/portal\/Leis\/2010\/pdf\/392.pdf\" target=\"_blank\">392.pdf<\/a><\/td>\n<\/tr>\n<tr class=\"row-9\">\n\t<td class=\"column-1\">393\/2010<\/td><td class=\"column-2\">CONCEDE SUBVEN\u00c7\u00c3O SOCIAL A VILA<br \/>\nVICENTINA DE CAMPOS ALTOS E D\u00c1<br \/>\nOUTRAS PROVID\u00caNCIAS<\/td><td class=\"column-3\"><a href=\"http:\/\/www.camposaltos.mg.gov.br\/portal\/Leis\/2010\/pdf\/393.pdf\" target=\"_blank\">393.pdf<\/a><\/td>\n<\/tr>\n<tr class=\"row-10\">\n\t<td class=\"column-1\">394\/2010<\/td><td class=\"column-2\">Concede benef\u00edcios para pagamento de d\u00e9bitos fiscais em<br \/>\natraso, estabelecendo normas para sua cobran\u00e7a<br \/>\nextrajudicial e d\u00e1 outras provid\u00eancias.<\/td><td class=\"column-3\"><a href=\"http:\/\/www.camposaltos.mg.gov.br\/portal\/Leis\/2010\/pdf\/394.pdf\" target=\"_blank\">394.pdf<\/a><\/td>\n<\/tr>\n<tr class=\"row-11\">\n\t<td class=\"column-1\">395\/2010<\/td><td class=\"column-2\">CONCEDE SUBVEN\u00c7\u00c3O SOCIAL A LIRA SANTO<br \/>\nANT\u00d4NIO DE CAMPOS ALTOS E D\u00c1 OUTRAS<br \/>\nPROVID\u00caNCIAS.<\/td><td class=\"column-3\"><a href=\"http:\/\/www.camposaltos.mg.gov.br\/portal\/Leis\/2010\/pdf\/395.pdf\" target=\"_blank\">395.pdf<\/a><\/td>\n<\/tr>\n<tr class=\"row-12\">\n\t<td class=\"column-1\">396\/2010<\/td><td class=\"column-2\">CONCEDE CONTRIBUI\u00c7\u00c3O A LOJA MA\u00c7\u00d4NICA<br \/>\nXIII DE DEZEMBRO, DISP\u00d5E SOBRE A<br \/>\nABERTURA DE CR\u00c9DITOS ESPECIAIS E D\u00c1<br \/>\nOUTRAS PROVID\u00caNCIAS<\/td><td class=\"column-3\"><a href=\"http:\/\/www.camposaltos.mg.gov.br\/portal\/Leis\/2010\/pdf\/396.pdf\" target=\"_blank\">396.pdf<\/a><\/td>\n<\/tr>\n<tr class=\"row-13\">\n\t<td class=\"column-1\">397\/2010<\/td><td class=\"column-2\">CONCEDE SUBVEN\u00c7\u00c3O SOCIAL A ASSOCIA\u00c7\u00c3O<br \/>\nPARA DESENVOLVIMENTO SOCIAL DOS<br \/>\nBAIRROS NOSSA SRA. APARECIDA E<br \/>\nSALVADOR E D\u00c1 OUTRAS PROVID\u00caNCIAS<\/td><td class=\"column-3\"><br \/>\n<a href=\"http:\/\/www.camposaltos.mg.gov.br\/portal\/Leis\/2010\/pdf\/397.pdf\" target=\"_blank\">397.pdf<\/a><\/td>\n<\/tr>\n<tr class=\"row-14\">\n\t<td class=\"column-1\">398\/2010<\/td><td class=\"column-2\">Disp\u00f5e sobre o Plano de Amortiza\u00e7\u00e3o dos<br \/>\nD\u00e9bitos Previdenci\u00e1rios do Poder Executivo do<br \/>\nMunic\u00edpio de Campos Altos junto ao Instituto<br \/>\nde Previd\u00eancia Municipal de Campos Altos \u2013<br \/>\nIPMCA e d\u00e1 outras provid\u00eancias<\/td><td class=\"column-3\"><a href=\"http:\/\/www.camposaltos.mg.gov.br\/portal\/Leis\/2010\/pdf\/398.pdf\" target=\"_blank\">398.pdf<\/a><\/td>\n<\/tr>\n<tr class=\"row-15\">\n\t<td class=\"column-1\">399\/2010<\/td><td class=\"column-2\">Altera dispositivos da Lei Municipal n\u00ba 129<br \/>\nde 21 de dezembro de 2004, que disp\u00f5e<br \/>\nsobre a Reestrutura\u00e7\u00e3o da Autarquia<br \/>\nMunicipal Denominada Instituto de<br \/>\nPrevid\u00eancia Municipal de Campos Altos \u2013<br \/>\nIPMCA e d\u00e1 outras provid\u00eancias.<\/td><td class=\"column-3\"><a href=\"http:\/\/www.camposaltos.mg.gov.br\/portal\/Leis\/2010\/pdf\/399.pdf\" target=\"_blank\">399.pdf<\/a><\/td>\n<\/tr>\n<tr class=\"row-16\">\n\t<td class=\"column-1\">400\/2010<\/td><td class=\"column-2\">Altera dispositivo da Lei Municipal n\u00ba 339\/2008<br \/>\nde 16 de dezembro de 2008, que disp\u00f5e sobre a<br \/>\nConcess\u00e3o de Direito Real de uso de uma \u00e1rea<br \/>\nde 1.800 (mil e oitocentos metros quadrados) e<br \/>\nd\u00e1 outras provid\u00eancias.<\/td><td class=\"column-3\"><a href=\"http:\/\/www.camposaltos.mg.gov.br\/portal\/Leis\/2010\/pdf\/400.pdf\" target=\"_blank\">400.pdf<\/a><\/td>\n<\/tr>\n<tr class=\"row-17\">\n\t<td class=\"column-1\">401\/2010<\/td><td class=\"column-2\">Altera dispositivo da Lei Municipal n\u00ba 340\/2008<br \/>\nde 16 de dezembro de 2008 que disp\u00f5e sobre a<br \/>\nConcess\u00e3o de Direito Real de uso de uma \u00e1rea<br \/>\nde 2.160 (dois mil cento e sessenta metros<br \/>\nquadrados) e d\u00e1 outras provid\u00eancias.<\/td><td class=\"column-3\"><a href=\"http:\/\/www.camposaltos.mg.gov.br\/portal\/Leis\/2010\/pdf\/401.pdf\" target=\"_blank\">401.pdf<\/a><\/td>\n<\/tr>\n<tr class=\"row-18\">\n\t<td class=\"column-1\">402\/2010<\/td><td class=\"column-2\">Altera dispositivo da Lei Municipal n\u00ba 345\/2008 de 23<br \/>\nde dezembro de 2008, que disp\u00f5e sobre a<br \/>\nConcess\u00e3o de Direito Real de uso de uma \u00e1rea de<br \/>\n1.800 (mil e oitocentos metros quadrados) e d\u00e1<br \/>\noutras provid\u00eancias.<\/td><td class=\"column-3\"><a href=\"http:\/\/www.camposaltos.mg.gov.br\/portal\/Leis\/2010\/pdf\/402.pdf\" target=\"_blank\">402.pdf<\/a><\/td>\n<\/tr>\n<tr class=\"row-19\">\n\t<td class=\"column-1\">403\/2010<\/td><td class=\"column-2\">CONCEDE CONTRIBUI\u00c7\u00c3O A EMATER E D\u00c1<br \/>\nOUTRAS PROVID\u00caNCIAS.<\/td><td class=\"column-3\"><a href=\"http:\/\/www.camposaltos.mg.gov.br\/portal\/Leis\/2010\/pdf\/403.pdf\" target=\"_blank\">403.pdf<\/a><\/td>\n<\/tr>\n<tr class=\"row-20\">\n\t<td class=\"column-1\">404\/2010<\/td><td class=\"column-2\">Altera dispositivos da Lei Municipal n\u00ba 381 de<br \/>\n21 de dezembro de 2009, que autoriza o Poder<br \/>\nExecutivo aprovar o Residencial Ros\u00e1ria<br \/>\nFernandes e d\u00e1 outras provid\u00eancias.<\/td><td class=\"column-3\"><a href=\"http:\/\/www.camposaltos.mg.gov.br\/portal\/Leis\/2010\/pdf\/404.pdf\" target=\"_blank\">404.pdf<\/a><\/td>\n<\/tr>\n<tr class=\"row-21\">\n\t<td class=\"column-1\">405\/2010<\/td><td class=\"column-2\">Disp\u00f5e sobre altera\u00e7\u00f5es de valores dos plant\u00f5es no<br \/>\nPronto Atendimento e d\u00e1 outras provid\u00eancias.<\/td><td class=\"column-3\"><a href=\"http:\/\/www.camposaltos.mg.gov.br\/portal\/Leis\/2010\/pdf\/405.pdf\" target=\"_blank\">405.pdf<\/a><\/td>\n<\/tr>\n<tr class=\"row-22\">\n\t<td class=\"column-1\">406\/2010<\/td><td class=\"column-2\">Declara de utilidade p\u00fablica o Clube da<br \/>\nMelhor Idade \u201cVida Nova\u201d, com sede na<br \/>\ncidade de Campos Altos\/MG e d\u00e1 outras<br \/>\nprovid\u00eancias.<\/td><td class=\"column-3\"><a href=\"http:\/\/www.camposaltos.mg.gov.br\/portal\/Leis\/2010\/pdf\/406.pdf\" target=\"_blank\">406.pdf<\/a><\/td>\n<\/tr>\n<tr class=\"row-23\">\n\t<td class=\"column-1\">407\/2010<\/td><td class=\"column-2\">Altera dispositivo da Lei Municipal n\u00ba 338\/2008 de 16<br \/>\nde dezembro de 2008, que disp\u00f5e sobre a Concess\u00e3o<br \/>\nde Direito Real de uso de uma \u00e1rea de 2.448,08 m2 ara<br \/>\nEmpresa PARK M\u00c1QUINAS AGR\u00cdCOLAS LTDA e<br \/>\nd\u00e1 outras provid\u00eancias<\/td><td class=\"column-3\"><a href=\"http:\/\/www.camposaltos.mg.gov.br\/portal\/Leis\/2010\/pdf\/407.pdf\" target=\"_blank\">407.pdf<\/a><\/td>\n<\/tr>\n<tr class=\"row-24\">\n\t<td class=\"column-1\">408\/2010<\/td><td class=\"column-2\">Declara de utilidade p\u00fablica a ASSOCIA\u00c7\u00c3O<br \/>\nDOS PEQUENOS PRODUTORES RURAIS DA<br \/>\nREGI\u00c3O DA MUTUCA com sede na cidade de<br \/>\nCampos Altos\/MG e d\u00e1 outras provid\u00eancias.<\/td><td class=\"column-3\"><a href=\"http:\/\/www.camposaltos.mg.gov.br\/portal\/Leis\/2010\/pdf\/408.pdf\" target=\"_blank\">408.pdf<\/a><\/td>\n<\/tr>\n<tr class=\"row-25\">\n\t<td class=\"column-1\">409\/2010<\/td><td class=\"column-2\">\u201cALTERA DISPOSITIVO DA LEI MUNICIPAL N.\u00ba 28<br \/>\nDE 28 DE JUNHO DE 2001, QUE CONTEM O PLANO DE<br \/>\nCARGOS, CARREIRAS E SALARIOS DA AUTARQUIA<br \/>\nMUNICIPAL DENOMINADA INSTITUTO DE PREVIDENCIA<br \/>\nMUNICIPAL DE CAMPOS ALTOS - IPMCA E DA OUTRAS<br \/>\nDISPOSI\u00c7\u00d5ES\u201d<\/td><td class=\"column-3\"><a href=\"http:\/\/www.camposaltos.mg.gov.br\/portal\/Leis\/2010\/pdf\/409.pdf\" target=\"_blank\">409.pdf<\/a><\/td>\n<\/tr>\n<tr class=\"row-26\">\n\t<td class=\"column-1\">410\/2010<\/td><td class=\"column-2\">Disp\u00f5e sobre o controle da polui\u00e7\u00e3o sonora e os limites m\u00e1ximos de intensidade<br \/>\nda emiss\u00e3o de sons e ru\u00eddos resultantes de atividades urbanas e rurais no \u00e2mbito<br \/>\ndo Munic\u00edpio de Campos Altos.<\/td><td class=\"column-3\"><a href=\"http:\/\/www.camposaltos.mg.gov.br\/portal\/Leis\/2010\/pdf\/410.pdf\" target=\"_blank\">410.pdf<\/a><\/td>\n<\/tr>\n<tr class=\"row-27\">\n\t<td class=\"column-1\">411\/2010<\/td><td class=\"column-2\">Disp\u00f5e sobre Concess\u00e3o de Direito Real de uso de uma \u00e1rea de 1.800,00 m2 (mil<br \/>\ne oitocentos metros quadrados) e d\u00e1 outras provid\u00eancias.<\/td><td class=\"column-3\"><a href=\"http:\/\/www.camposaltos.mg.gov.br\/portal\/Leis\/2010\/pdf\/411.pdf\" target=\"_blank\">411.pdf<\/a><\/td>\n<\/tr>\n<tr class=\"row-28\">\n\t<td class=\"column-1\">412\/2010<\/td><td class=\"column-2\">Disp\u00f5e sobre a recomposi\u00e7\u00e3o anual dos subs\u00eddios dos agentes pol\u00edticos da<br \/>\nC\u00e2mara Municipal de Campos Altos.<\/td><td class=\"column-3\"><a href=\"http:\/\/www.camposaltos.mg.gov.br\/portal\/Leis\/2010\/pdf\/412.pdf\" target=\"_blank\">412.pdf<\/a><\/td>\n<\/tr>\n<tr class=\"row-29\">\n\t<td class=\"column-1\">413\/2010<\/td><td class=\"column-2\">CONCEDE CONTRIBUI\u00c7\u00c3O A ASSOCIA\u00c7\u00c3O<br \/>\nDO CIRCUITO TUR\u00cdSTICO DA CANASTRA E<br \/>\nD\u00c1 OUTRAS PROVID\u00caNCIAS.<\/td><td class=\"column-3\"><a href=\"http:\/\/www.camposaltos.mg.gov.br\/portal\/Leis\/2010\/pdf\/413.pdf\" target=\"_blank\">413.pdf<\/a><\/td>\n<\/tr>\n<tr class=\"row-30\">\n\t<td class=\"column-1\">414\/2010<\/td><td class=\"column-2\">CONCEDE CONTRIBUI\u00c7\u00c3O A ASSOCIA\u00c7\u00c3O<br \/>\nDOS PEQUENOS PRODUTORES RURAIS DA<br \/>\nREGI\u00c3O DA MUTUCA, DISP\u00d5E SOBRE A<br \/>\nABERTURA DE CR\u00c9DITOS ESPECIAIS E D\u00c1<br \/>\nOUTRAS PROVID\u00caNCIAS.<\/td><td class=\"column-3\"><a href=\"http:\/\/www.camposaltos.mg.gov.br\/portal\/Leis\/2010\/pdf\/414.pdf\" target=\"_blank\">414.pdf<\/a><\/td>\n<\/tr>\n<tr class=\"row-31\">\n\t<td class=\"column-1\">415\/2010<\/td><td class=\"column-2\">Disp\u00f5e sobre Concess\u00e3o de Direito Real<br \/>\nde uso de uma \u00e1rea de 1.800,00 m2 (mil e<br \/>\noitocentos metros quadrados) e d\u00e1<br \/>\noutras provid\u00eancias.<\/td><td class=\"column-3\"><a href=\"http:\/\/www.camposaltos.mg.gov.br\/portal\/Leis\/2010\/pdf\/415.pdf\" target=\"_blank\">415.pdf<\/a><\/td>\n<\/tr>\n<tr class=\"row-32\">\n\t<td class=\"column-1\">416\/2010<\/td><td class=\"column-2\">Altera dispositivos da Lei Municipal n\u00ba 394 de 02<br \/>\nde mar\u00e7o de 2010, que concede benef\u00edcios para<br \/>\npagamento de d\u00e9bitos fiscais em atraso,<br \/>\nestabelecendo normas para sua cobran\u00e7a<br \/>\nextrajudicial e d\u00e1 outras provid\u00eancias.<\/td><td class=\"column-3\"><a href=\"http:\/\/www.camposaltos.mg.gov.br\/portal\/Leis\/2010\/pdf\/416.pdf\" target=\"_blank\">416.pdf<\/a><\/td>\n<\/tr>\n<tr class=\"row-33\">\n\t<td class=\"column-1\">417\/2010<\/td><td class=\"column-2\">D\u00e1 nova reda\u00e7\u00e3o ao artigo 1\u00ba da Lei<br \/>\n170\/2005 de 20 de setembro de 2005<br \/>\nque Disp\u00f5e sobre denomina\u00e7\u00e3o de<br \/>\nvias p\u00fablicas.<\/td><td class=\"column-3\"><a href=\"http:\/\/www.camposaltos.mg.gov.br\/portal\/Leis\/2010\/pdf\/417.pdf\" target=\"_blank\">417.pdf<\/a><\/td>\n<\/tr>\n<tr class=\"row-34\">\n\t<td class=\"column-1\">418\/2010<\/td><td class=\"column-2\">Altera dispositivos da Lei Municipal n\u00ba 381 de<br \/>\n21 de dezembro de 2009, que autoriza o Poder<br \/>\nExecutivo aprovar o Residencial Ros\u00e1ria<br \/>\nFernandes e d\u00e1 outras provid\u00eancias.<\/td><td class=\"column-3\"><a href=\"http:\/\/www.camposaltos.mg.gov.br\/portal\/Leis\/2010\/pdf\/418.pdf\" target=\"_blank\">418.pdf<\/a><\/td>\n<\/tr>\n<tr class=\"row-35\">\n\t<td class=\"column-1\">419\/2010<\/td><td class=\"column-2\">AUTORIZA A FIRMAR CONV\u00caNIO COM A<br \/>\nFACULDADE DE MEDICINA DE ARAGUARI,<br \/>\nDISP\u00d5E SOBRE A ABERTURA DE CR\u00c9DITOS<br \/>\nESPECIAIS E D\u00c1 OUTRAS PROVID\u00caNCIAS.<\/td><td class=\"column-3\"><a href=\"http:\/\/www.camposaltos.mg.gov.br\/portal\/Leis\/2010\/pdf\/419.pdf\" target=\"_blank\">419.pdf<\/a><\/td>\n<\/tr>\n<tr class=\"row-36\">\n\t<td class=\"column-1\">420\/2010<\/td><td class=\"column-2\">Estabelece diretrizes para as metas e as<br \/>\nprioridades da Administra\u00e7\u00e3o P\u00fablica<br \/>\nMunicipal, incluindo as despesas de capital,<br \/>\norientando a elabora\u00e7\u00e3o da Lei Or\u00e7ament\u00e1ria<br \/>\npara o exerc\u00edcio financeiro de 2011 e d\u00e1<br \/>\noutras provid\u00eancias.<\/td><td class=\"column-3\"><a href=\"http:\/\/www.camposaltos.mg.gov.br\/portal\/Leis\/2010\/pdf\/420.pdf\" target=\"_blank\">420.pdf<\/a><\/td>\n<\/tr>\n<tr class=\"row-37\">\n\t<td class=\"column-1\">421\/2010<\/td><td class=\"column-2\">Altera dispositivos da Lei Municipal n\u00ba 381 de<br \/>\n21 de dezembro de 2009, que autoriza o Poder<br \/>\nExecutivo aprovar o Residencial Ros\u00e1ria<br \/>\nFernandes e d\u00e1 outras provid\u00eancias.<\/td><td class=\"column-3\"><a href=\"http:\/\/www.camposaltos.mg.gov.br\/portal\/Leis\/2010\/pdf\/421.pdf\" target=\"_blank\">421.pdf<\/a><\/td>\n<\/tr>\n<tr class=\"row-38\">\n\t<td class=\"column-1\">422\/2010<\/td><td class=\"column-2\">Disp\u00f5e sobre a altera\u00e7\u00e3o dos vencimentos dos<br \/>\nprofissionais que prestam servi\u00e7os na<br \/>\nDefensoria P\u00fablica do Munic\u00edpio de Campos<br \/>\nAltos, e d\u00e1 outras provid\u00eancias.<\/td><td class=\"column-3\"><a href=\"http:\/\/www.camposaltos.mg.gov.br\/portal\/Leis\/2010\/pdf\/422.pdf\" target=\"_blank\">422.pdf<\/a><\/td>\n<\/tr>\n<tr class=\"row-39\">\n\t<td class=\"column-1\">423\/2010<\/td><td class=\"column-2\">Altera dispositivos da Lei Municipal n\u00ba 395<br \/>\nde 18 de mar\u00e7o de 2010, que concede<br \/>\nsubven\u00e7\u00e3o social a Lira Santo Ant\u00f4nio de<br \/>\nCampos Altos e d\u00e1 outras provid\u00eancias.<\/td><td class=\"column-3\"><a href=\"http:\/\/www.camposaltos.mg.gov.br\/portal\/Leis\/2010\/pdf\/423.pdf\" target=\"_blank\">423.pdf<\/a><\/td>\n<\/tr>\n<tr class=\"row-40\">\n\t<td class=\"column-1\">424\/2010<\/td><td class=\"column-2\">Disp\u00f5e sobre Concess\u00e3o de Direito Real de uso de uma \u00e1rea de 1.800,00 m2 (mil<br \/>\ne oitocentos metros quadrados) e d\u00e1 outras provid\u00eancias.<\/td><td class=\"column-3\"><a href=\"http:\/\/www.camposaltos.mg.gov.br\/portal\/Leis\/2010\/pdf\/424.pdf\" target=\"_blank\">424.pdf<\/a><\/td>\n<\/tr>\n<tr class=\"row-41\">\n\t<td class=\"column-1\">425\/2010<\/td><td class=\"column-2\">Estende \u00e0 iniciativa privada, a prerrogativa de<br \/>\nrealizar empreendimentos vinculados aos<br \/>\nprogramas habitacionais de interesse social,<br \/>\nregulamenta o incentivo fiscal e d\u00e1 outras<br \/>\nprovid\u00eancias.<\/td><td class=\"column-3\"><a href=\"http:\/\/www.camposaltos.mg.gov.br\/portal\/Leis\/2010\/pdf\/425.pdf\" target=\"_blank\">425.pdf<\/a><\/td>\n<\/tr>\n<tr class=\"row-42\">\n\t<td class=\"column-1\">426\/2010<\/td><td class=\"column-2\">Altera dispositivos da Lei Municipal n\u00ba 394 de 02<br \/>\nde mar\u00e7o de 2010, que concede benef\u00edcios para<br \/>\npagamento de d\u00e9bitos fiscais em atraso,<br \/>\nestabelecendo normas para sua cobran\u00e7a<br \/>\nextrajudicial e d\u00e1 outras provid\u00eancias<\/td><td class=\"column-3\"><a href=\"http:\/\/www.camposaltos.mg.gov.br\/portal\/Leis\/2010\/pdf\/426.pdf\" target=\"_blank\">426.pdf<\/a><\/td>\n<\/tr>\n<tr class=\"row-43\">\n\t<td class=\"column-1\">427\/2010<\/td><td class=\"column-2\">CONCEDE CONTRIBUI\u00c7\u00c3O AO CONSELHO<br \/>\nCOMUNIT\u00c1RIO DE SEGURAN\u00c7A<br \/>\nPREVENTIVA DE CAMPOS ALTOS - CCSPCA,<br \/>\nDISP\u00d5E SOBRE A ABERTURA DE CR\u00c9DITOS<br \/>\nESPECIAIS E D\u00c1 OUTRAS PROVID\u00caNCIAS.<\/td><td class=\"column-3\"><a href=\"http:\/\/www.camposaltos.mg.gov.br\/portal\/Leis\/2010\/pdf\/427.pdf\" target=\"_blank\">427.pdf<\/a><\/td>\n<\/tr>\n<tr class=\"row-44\">\n\t<td class=\"column-1\">428\/2010<\/td><td class=\"column-2\">Altera dispositivos da Lei Municipal n\u00ba 391 de<br \/>\n02 de mar\u00e7o de 2010, que concede subven\u00e7\u00e3o<br \/>\nsocial a Santa Casa de Miseric\u00f3rdia e d\u00e1<br \/>\noutras provid\u00eancias.<\/td><td class=\"column-3\"><a href=\"http:\/\/www.camposaltos.mg.gov.br\/portal\/Leis\/2010\/pdf\/428.pdf\" target=\"_blank\">428.pdf<\/a><\/td>\n<\/tr>\n<tr class=\"row-45\">\n\t<td class=\"column-1\">429\/2010<\/td><td class=\"column-2\">INSTITUI O FUNDO MUNICIPAL DE<br \/>\nPROTE\u00c7\u00c3O AO PATRIM\u00d4NIO CULTURAL -<br \/>\nFUMPAC E D\u00c1 OUTRAS PROVID\u00caNCIAS.<\/td><td class=\"column-3\"><a href=\"http:\/\/www.camposaltos.mg.gov.br\/portal\/Leis\/2010\/pdf\/429.pdf\" target=\"_blank\">429.pdf<\/a><\/td>\n<\/tr>\n<tr class=\"row-46\">\n\t<td class=\"column-1\">430\/2010<\/td><td class=\"column-2\">Regulamenta a concess\u00e3o de di\u00e1rias de viagem e adiantamento para despesas no<br \/>\n\u00e2mbito do Executivo Municipal e d\u00e1 outras provid\u00eancias.<\/td><td class=\"column-3\"><a href=\"http:\/\/www.camposaltos.mg.gov.br\/portal\/Leis\/2010\/pdf\/430.pdf\" target=\"_blank\">430.pdf<\/a><\/td>\n<\/tr>\n<tr class=\"row-47\">\n\t<td class=\"column-1\">431\/2010<\/td><td class=\"column-2\">CONCEDE SUBVEN\u00c7\u00c3O SOCIAL A SANTA<br \/>\nCASA DE MISERIC\u00d3RDIA E D\u00c1 OUTRAS<br \/>\nPROVID\u00caNCIAS<\/td><td class=\"column-3\"><a href=\"http:\/\/www.camposaltos.mg.gov.br\/portal\/Leis\/2010\/pdf\/431.pdf\" target=\"_blank\">431.pdf<\/a><\/td>\n<\/tr>\n<tr class=\"row-48\">\n\t<td class=\"column-1\">432\/2010<\/td><td class=\"column-2\">Concede T\u00edtulo de Cidadania.<\/td><td class=\"column-3\"><a href=\"http:\/\/www.camposaltos.mg.gov.br\/portal\/Leis\/2010\/pdf\/432.pdf\" target=\"_blank\">432.pdf<\/a><\/td>\n<\/tr>\n<tr class=\"row-49\">\n\t<td class=\"column-1\">433\/2010<\/td><td class=\"column-2\">Estima a receita e fixa a despesa para o exerc\u00edcio<br \/>\nfinanceiro de 2011, e d\u00e1 outras provid\u00eancias.<\/td><td class=\"column-3\"><a href=\"http:\/\/www.camposaltos.mg.gov.br\/portal\/Leis\/2010\/pdf\/433.pdf\" target=\"_blank\">433.pdf<\/a><\/td>\n<\/tr>\n<\/tbody>\n<\/table>\n<!-- #tablepress-11 from cache -->\n","protected":false},"excerpt":{"rendered":"<p><\/p>","protected":false},"author":1,"featured_media":0,"parent":0,"menu_order":0,"comment_status":"closed","ping_status":"closed","template":"","meta":{"tdm_status":"","tdm_grid_status":"","footnotes":""},"folder":[],"class_list":["post-2750","page","type-page","status-publish"],"amp_enabled":true,"_links":{"self":[{"href":"http:\/\/www.camposaltos.mg.gov.br\/portal\/wp-json\/wp\/v2\/pages\/2750","targetHints":{"allow":["GET"]}}],"collection":[{"href":"http:\/\/www.camposaltos.mg.gov.br\/portal\/wp-json\/wp\/v2\/pages"}],"about":[{"href":"http:\/\/www.camposaltos.mg.gov.br\/portal\/wp-json\/wp\/v2\/types\/page"}],"author":[{"embeddable":true,"href":"http:\/\/www.camposaltos.mg.gov.br\/portal\/wp-json\/wp\/v2\/users\/1"}],"replies":[{"embeddable":true,"href":"http:\/\/www.camposaltos.mg.gov.br\/portal\/wp-json\/wp\/v2\/comments?post=2750"}],"version-history":[{"count":0,"href":"http:\/\/www.camposaltos.mg.gov.br\/portal\/wp-json\/wp\/v2\/pages\/2750\/revisions"}],"wp:attachment":[{"href":"http:\/\/www.camposaltos.mg.gov.br\/portal\/wp-json\/wp\/v2\/media?parent=2750"}],"wp:term":[{"taxonomy":"folder","embeddable":true,"href":"http:\/\/www.camposaltos.mg.gov.br\/portal\/wp-json\/wp\/v2\/folder?post=2750"}],"curies":[{"name":"wp","href":"https:\/\/api.w.org\/{rel}","templated":true}]}}