{"id":2799,"date":"2018-07-10T02:16:04","date_gmt":"2018-07-10T02:16:04","guid":{"rendered":"http:\/\/www.camposaltos.mg.gov.br\/portal\/?page_id=2799"},"modified":"2018-07-10T02:16:04","modified_gmt":"2018-07-10T02:16:04","slug":"leis-em-vigor-2008","status":"publish","type":"page","link":"http:\/\/www.camposaltos.mg.gov.br\/portal\/leis-em-vigor-2008\/","title":{"rendered":"Leis em vigor 2008"},"content":{"rendered":"\n<table id=\"tablepress-14\" class=\"tablepress tablepress-id-14 tablepress-responsive\">\n<thead>\n<tr class=\"row-1\">\n\t<th class=\"column-1\">Leis <\/th><th class=\"column-2\">Descri\u00e7\u00e3o<\/th><th class=\"column-3\">Arquivos<\/th>\n<\/tr>\n<\/thead>\n<tbody class=\"row-striping row-hover\">\n<tr class=\"row-2\">\n\t<td class=\"column-1\">289\/2008<\/td><td class=\"column-2\">Ratifica Conv\u00eanio firmado com a<br \/>\nAssocia\u00e7\u00e3o dos Munic\u00edpios da<br \/>\nMicro Regi\u00e3o do Planalto de<br \/>\nArax\u00e1 - do AMPLA, nos termos do<br \/>\nart. 24, inciso XVI, da Lei Org\u00e2nica<br \/>\nMunicipal, e d\u00e1 outras<br \/>\nprovid\u00eancias.<\/td><td class=\"column-3\"><br \/>\n<a href=\"http:\/\/www.camposaltos.mg.gov.br\/portal\/Leis\/2008\/pdf\/289.pdf\" target=\"_blank\">289.pdf<\/a><\/td>\n<\/tr>\n<tr class=\"row-3\">\n\t<td class=\"column-1\">290\/2008<\/td><td class=\"column-2\">Autoriza a firmar conv\u00eanios e d\u00e1<br \/>\noutras provid\u00eancias.<br \/>\n<\/td><td class=\"column-3\"><a href=\"http:\/\/www.camposaltos.mg.gov.br\/portal\/Leis\/2008\/pdf\/290.pdf\" target=\"_blank\">290.pdf<\/a><\/td>\n<\/tr>\n<tr class=\"row-4\">\n\t<td class=\"column-1\">291\/2008<\/td><td class=\"column-2\">Autoriza a firmar conv\u00eanio e d\u00e1 outras<br \/>\nprovid\u00eancias<\/td><td class=\"column-3\"><a href=\"http:\/\/www.camposaltos.mg.gov.br\/portal\/Leis\/2008\/pdf\/291.pdf\" target=\"_blank\">291.pdf<\/a><\/td>\n<\/tr>\n<tr class=\"row-5\">\n\t<td class=\"column-1\">292\/2008<\/td><td class=\"column-2\">Autoriza o Executivo Municipal a firmar<br \/>\nconv\u00eanio e d\u00e1 outras provid\u00eancias.<\/td><td class=\"column-3\"><a href=\"http:\/\/www.camposaltos.mg.gov.br\/portal\/Leis\/2008\/pdf\/292.pdf\" target=\"_blank\">292.pdf<\/a><\/td>\n<\/tr>\n<tr class=\"row-6\">\n\t<td class=\"column-1\">293\/2008<\/td><td class=\"column-2\">Disp\u00f5e sobre a prorroga\u00e7\u00e3o de Isen\u00e7\u00e3o de Imposto<br \/>\nSobre Servi\u00e7os de Qualquer Natureza \u2013 ISSQN,<br \/>\npara empreendimentos de atividades industriais, e<br \/>\nd\u00e1 outras provid\u00eancias<\/td><td class=\"column-3\"><a href=\"http:\/\/www.camposaltos.mg.gov.br\/portal\/Leis\/2008\/pdf\/293.pdf\" target=\"_blank\">293.pdf<\/a><\/td>\n<\/tr>\n<tr class=\"row-7\">\n\t<td class=\"column-1\">294\/2008<\/td><td class=\"column-2\">Autoriza Poder Executivo a Contratar temporariamente.<\/td><td class=\"column-3\"><a href=\"http:\/\/www.camposaltos.mg.gov.br\/portal\/Leis\/2008\/pdf\/294.pdf\" target=\"_blank\">294.pdf<\/a><\/td>\n<\/tr>\n<tr class=\"row-8\">\n\t<td class=\"column-1\">295\/2008<\/td><td class=\"column-2\">AUTORIZA A PREFEITURA DESTE<br \/>\nMUNICIPIO A FIRMAR CONV\u00caNIO E<br \/>\nPARTICIPAR DE ASSOCIA\u00c7\u00c3O QUE SE<br \/>\nMENCIONA.<\/td><td class=\"column-3\"><br \/>\n<a href=\"http:\/\/www.camposaltos.mg.gov.br\/portal\/Leis\/2008\/pdf\/295.pdf\" target=\"_blank\">295.pdf<\/a><\/td>\n<\/tr>\n<tr class=\"row-9\">\n\t<td class=\"column-1\">296\/2008<\/td><td class=\"column-2\">Disp\u00f5e sobre a altera\u00e7\u00e3o dos vencimentos dos<br \/>\nprofissionais, que prestam servi\u00e7os ao Programa da<br \/>\nSa\u00fade da Fam\u00edlia, a seguir relacionados, e d\u00e1 outras<br \/>\nprovid\u00eancias:<\/td><td class=\"column-3\"><a href=\"http:\/\/www.camposaltos.mg.gov.br\/portal\/Leis\/2008\/pdf\/296.pdf\" target=\"_blank\">296.pdf<\/a><\/td>\n<\/tr>\n<tr class=\"row-10\">\n\t<td class=\"column-1\">297\/2008<\/td><td class=\"column-2\">Disp\u00f5e sobre a altera\u00e7\u00e3o da<br \/>\nremunera\u00e7\u00e3o dos membros do<br \/>\nConselho Tutelar da Crian\u00e7a e do<br \/>\nAdolescente de Campos Altos.<\/td><td class=\"column-3\"><a href=\"http:\/\/www.camposaltos.mg.gov.br\/portal\/Leis\/2008\/pdf\/297.pdf\" target=\"_blank\">297.pdf<\/a><\/td>\n<\/tr>\n<tr class=\"row-11\">\n\t<td class=\"column-1\">298\/2008<\/td><td class=\"column-2\">Declara de Utilidade P\u00fablica a ASSOCIA\u00c7\u00c3O DOS<br \/>\nPRODUTORES P. A. SANTA CEC\u00cdLIA.<\/td><td class=\"column-3\"><a href=\"http:\/\/www.camposaltos.mg.gov.br\/portal\/Leis\/2008\/pdf\/298.pdf\" target=\"_blank\">298.pdf<\/a><\/td>\n<\/tr>\n<tr class=\"row-12\">\n\t<td class=\"column-1\">299\/2008<\/td><td class=\"column-2\">Cria o Fundo Municipal de Habita\u00e7\u00e3o de Interesse<br \/>\nSocial \u2013 FHIS e institui o Conselho-Gestor do FHIS, e<br \/>\nd\u00e1 outras provid\u00eancias<\/td><td class=\"column-3\"><a href=\"http:\/\/www.camposaltos.mg.gov.br\/portal\/Leis\/2008\/pdf\/299.pdf\" target=\"_blank\">299.pdf<\/a><\/td>\n<\/tr>\n<tr class=\"row-13\">\n\t<td class=\"column-1\">300\/2008<\/td><td class=\"column-2\">Ratifica Conv\u00eanio de Coopera\u00e7\u00e3o T\u00e9cnica<br \/>\nfirmado com a Associa\u00e7\u00e3o Mineira de<br \/>\nMunic\u00edpios- AMM, nos termos do art. 24,<br \/>\ninciso XVI, da Lei Org\u00e2nica Municipal, e<br \/>\nd\u00e1 outras provid\u00eancias<\/td><td class=\"column-3\"><a href=\"http:\/\/www.camposaltos.mg.gov.br\/portal\/Leis\/2008\/pdf\/300.pdf\" target=\"_blank\">300.pdf<\/a><\/td>\n<\/tr>\n<tr class=\"row-14\">\n\t<td class=\"column-1\">301\/2008<\/td><td class=\"column-2\">\u201cCRIA O PROJETO \u201cCORPO E MENTE\u201d- Terceira Idade, e d\u00e1 outras<br \/>\nprovid\u00eancias.\u201d<\/td><td class=\"column-3\"><a href=\"http:\/\/www.camposaltos.mg.gov.br\/portal\/Leis\/2008\/pdf\/301.pdf\" target=\"_blank\">301.pdf<\/a><\/td>\n<\/tr>\n<tr class=\"row-15\">\n\t<td class=\"column-1\">302\/2008<\/td><td class=\"column-2\">Homologa Conv\u00eanio celebrado com a Companhia de Habita\u00e7\u00e3o do Estado<br \/>\nde Minas Gerais- COHAB-MG, concede \u00e0 mesma Companhia isen\u00e7\u00e3o<br \/>\ntribut\u00e1ria e d\u00e1 outras provid\u00eancias.<\/td><td class=\"column-3\"><a href=\"http:\/\/www.camposaltos.mg.gov.br\/portal\/Leis\/2008\/pdf\/302.pdf\" target=\"_blank\">302.pdf<\/a><\/td>\n<\/tr>\n<tr class=\"row-16\">\n\t<td class=\"column-1\">303\/2008<\/td><td class=\"column-2\">Disp\u00f5e sobre a Doa\u00e7\u00e3o de Im\u00f3veis de Propriedade do Municipio \u00e0<br \/>\nCompanhia de Habita\u00e7\u00e3o do Estado de Minas Gerais - COHABMG,<br \/>\nna Forma e Condi\u00e7\u00f5es que Especifica.<\/td><td class=\"column-3\"><a href=\"http:\/\/www.camposaltos.mg.gov.br\/portal\/Leis\/2008\/pdf\/303.pdf\" target=\"_blank\">303.pdf<\/a><\/td>\n<\/tr>\n<tr class=\"row-17\">\n\t<td class=\"column-1\">304\/2008<\/td><td class=\"column-2\">Altera dispositivos da Lei Municipal n\u00ba. 129 de 21 de<br \/>\ndezembro de 2004, que disp\u00f5e sobre a reestrutura\u00e7\u00e3o<br \/>\nda autarquia municipal denominada Instituto de<br \/>\nPrevid\u00eancia Municipal de Campos Altos\/MG \u2013 IMPCA e<br \/>\nd\u00e1 outras provid\u00eancias.<\/td><td class=\"column-3\"><a href=\"http:\/\/www.camposaltos.mg.gov.br\/portal\/Leis\/2008\/pdf\/304.pdf\" target=\"_blank\">304.pdf<\/a><br \/>\n<\/td>\n<\/tr>\n<tr class=\"row-18\">\n\t<td class=\"column-1\">305\/2008<\/td><td class=\"column-2\">Autoriza o Poder Executivo a conceder<br \/>\naux\u00edlio financeiro sob a forma de subven\u00e7\u00e3o<br \/>\na entidade que menciona e d\u00e1 outras<br \/>\nprovid\u00eancias.<\/td><td class=\"column-3\"><a href=\"http:\/\/www.camposaltos.mg.gov.br\/portal\/Leis\/2008\/pdf\/305.pdf\" target=\"_blank\">305.pdf<\/a><\/td>\n<\/tr>\n<tr class=\"row-19\">\n\t<td class=\"column-1\">306\/2008<\/td><td class=\"column-2\">\u201cDisp\u00f5e sobre altera\u00e7\u00e3o dos artigos 3\u00ba, e artigo 4\u00ba da Lei<br \/>\nMunicipal n.\u00ba 301\/2008, e d\u00e1 outras provid\u00eancias.\u201d<\/td><td class=\"column-3\"><a href=\"http:\/\/www.camposaltos.mg.gov.br\/portal\/Leis\/2008\/pdf\/306.pdf\" target=\"_blank\">306.pdf<\/a><\/td>\n<\/tr>\n<tr class=\"row-20\">\n\t<td class=\"column-1\">307\/2008<\/td><td class=\"column-2\">Autoriza Poder Executivo a Contratar temporariamente, e d\u00e1<br \/>\noutras provid\u00eancias.<\/td><td class=\"column-3\"><a href=\"http:\/\/www.camposaltos.mg.gov.br\/portal\/Leis\/2008\/pdf\/307.pdf\" target=\"_blank\">307.pdf<\/a><\/td>\n<\/tr>\n<tr class=\"row-21\">\n\t<td class=\"column-1\">308\/2008<\/td><td class=\"column-2\">Revoga Lei 274\/2007 de 16 de outubro<br \/>\nde 2007 e d\u00e1 nova reda\u00e7\u00e3o ao Inciso I do<br \/>\nartigo 1\u00ba da Lei n\u00ba 88\/2003 de 11 de<br \/>\njulho de 2003 e d\u00e1 outras providencias.<\/td><td class=\"column-3\"><a href=\"http:\/\/www.camposaltos.mg.gov.br\/portal\/Leis\/2008\/pdf\/308.pdf\" target=\"_blank\">308.pdf<\/a><\/td>\n<\/tr>\n<tr class=\"row-22\">\n\t<td class=\"column-1\">309\/2008<\/td><td class=\"column-2\">D\u00e1 denomina\u00e7\u00e3o a Bem P\u00fablico e d\u00e1 outras provid\u00eancias<\/td><td class=\"column-3\"><br \/>\n<a href=\"http:\/\/www.camposaltos.mg.gov.br\/portal\/Leis\/2008\/pdf\/309.pdf\" target=\"_blank\">309.pdf<\/a><\/td>\n<\/tr>\n<tr class=\"row-23\">\n\t<td class=\"column-1\">310\/2008<\/td><td class=\"column-2\">Disp\u00f5e sobre denomina\u00e7\u00e3o de Conjunto<br \/>\nHabitacional e d\u00e1 outras provid\u00eancias<\/td><td class=\"column-3\"><a href=\"http:\/\/www.camposaltos.mg.gov.br\/portal\/Leis\/2008\/pdf\/310.pdf\" target=\"_blank\">310.pdf<\/a><\/td>\n<\/tr>\n<tr class=\"row-24\">\n\t<td class=\"column-1\">311\/2008<\/td><td class=\"column-2\">Disp\u00f5e sobre denomina\u00e7\u00e3o de acesso vi\u00e1rio<br \/>\nmunicipal e d\u00e1 outras provid\u00eancias.<\/td><td class=\"column-3\"><a href=\"http:\/\/www.camposaltos.mg.gov.br\/portal\/Leis\/2008\/pdf\/311.pdf\" target=\"_blank\">311.pdf<\/a><\/td>\n<\/tr>\n<tr class=\"row-25\">\n\t<td class=\"column-1\">312\/2008<\/td><td class=\"column-2\">D\u00e1 denomina\u00e7\u00e3o a Bem P\u00fablico e d\u00e1 outras<br \/>\nprovid\u00eancias.<\/td><td class=\"column-3\"><br \/>\n<br \/>\n<a href=\"http:\/\/www.camposaltos.mg.gov.br\/portal\/Leis\/2008\/pdf\/312.pdf\" target=\"_blank\">312.pdf<\/a><\/td>\n<\/tr>\n<tr class=\"row-26\">\n\t<td class=\"column-1\">313\/2008<\/td><td class=\"column-2\">Autoriza Poder Executivo a Contratar temporariamente.<\/td><td class=\"column-3\"><a href=\"http:\/\/www.camposaltos.mg.gov.br\/portal\/Leis\/2008\/pdf\/313.pdf\" target=\"_blank\">313.pdf<\/a><\/td>\n<\/tr>\n<tr class=\"row-27\">\n\t<td class=\"column-1\">314\/2008<\/td><td class=\"column-2\">Concede T\u00edtulos de Cidadania.<\/td><td class=\"column-3\"><a href=\"http:\/\/www.camposaltos.mg.gov.br\/portal\/Leis\/2008\/pdf\/314.pdf\" target=\"_blank\">314.pdf<\/a><\/td>\n<\/tr>\n<tr class=\"row-28\">\n\t<td class=\"column-1\">315\/2008<\/td><td class=\"column-2\">Autoriza o Executivo Municipal, a indenizar<br \/>\npor da\u00e7\u00e3o em pagamento possuidores de<br \/>\nterreno urbano pelo valor do im\u00f3vel, mais<br \/>\naquelas decorrentes das benfeitorias \u00fateis<br \/>\ne necess\u00e1rias, e d\u00e1 outras provid\u00eancias<\/td><td class=\"column-3\"><a href=\"http:\/\/www.camposaltos.mg.gov.br\/portal\/Leis\/2008\/pdf\/315.pdf\" target=\"_blank\">315.pdf<\/a><\/td>\n<\/tr>\n<tr class=\"row-29\">\n\t<td class=\"column-1\">316\/2008<\/td><td class=\"column-2\">Concede recomposi\u00e7\u00e3o aos vencimentos, proventos<br \/>\ne pens\u00f5es dos Servidores Ativos e Inativos do<br \/>\nMunicipio e d\u00e1 outras provid\u00eancias.<\/td><td class=\"column-3\"><a href=\"http:\/\/www.camposaltos.mg.gov.br\/portal\/Leis\/2008\/pdf\/316.pdf\" target=\"_blank\">316.pdf<\/a><br \/>\n<\/td>\n<\/tr>\n<tr class=\"row-30\">\n\t<td class=\"column-1\">317\/2008<\/td><td class=\"column-2\">Autoriza Poder Executivo a Contratar temporariamente<\/td><td class=\"column-3\"><a href=\"http:\/\/www.camposaltos.mg.gov.br\/portal\/Leis\/2008\/pdf\/317.pdf\" target=\"_blank\">317.pdf<\/a><\/td>\n<\/tr>\n<tr class=\"row-31\">\n\t<td class=\"column-1\">318\/2008<\/td><td class=\"column-2\">Disp\u00f5e sobre a denomina\u00e7\u00e3o de logradouro<br \/>\nmunicipal.<\/td><td class=\"column-3\"><a href=\"http:\/\/www.camposaltos.mg.gov.br\/portal\/Leis\/2008\/pdf\/318.pdf\" target=\"_blank\">318.pdf<\/a><\/td>\n<\/tr>\n<tr class=\"row-32\">\n\t<td class=\"column-1\">319\/2008<\/td><td class=\"column-2\">Disp\u00f5e sobre a denomina\u00e7\u00e3o de logradouro<br \/>\nmunicipal.<\/td><td class=\"column-3\"><a href=\"http:\/\/www.camposaltos.mg.gov.br\/portal\/Leis\/2008\/pdf\/319.pdf\" target=\"_blank\">319.pdf<\/a><\/td>\n<\/tr>\n<tr class=\"row-33\">\n\t<td class=\"column-1\">320\/2008<\/td><td class=\"column-2\">Disp\u00f5e sobre a denomina\u00e7\u00e3o de logradouro<br \/>\nmunicipal<\/td><td class=\"column-3\"><a href=\"http:\/\/www.camposaltos.mg.gov.br\/portal\/Leis\/2008\/pdf\/320.pdf\" target=\"_blank\">320.pdf<\/a><\/td>\n<\/tr>\n<tr class=\"row-34\">\n\t<td class=\"column-1\">321\/2008<\/td><td class=\"column-2\">Disp\u00f5e sobre a denomina\u00e7\u00e3o de logradouro<br \/>\nmunicipal.<\/td><td class=\"column-3\"><a href=\"http:\/\/www.camposaltos.mg.gov.br\/portal\/Leis\/2008\/pdf\/321.pdf\" target=\"_blank\">321.pdf<\/a><\/td>\n<\/tr>\n<tr class=\"row-35\">\n\t<td class=\"column-1\">322\/2008<\/td><td class=\"column-2\">Disp\u00f5e sobre a denomina\u00e7\u00e3o de logradouro<br \/>\nmunicipal.<\/td><td class=\"column-3\"><br \/>\n<a href=\"http:\/\/www.camposaltos.mg.gov.br\/portal\/Leis\/2008\/pdf\/322.pdf\" target=\"_blank\">322.pdf<\/a><\/td>\n<\/tr>\n<tr class=\"row-36\">\n\t<td class=\"column-1\">323\/2008<\/td><td class=\"column-2\">Disp\u00f5e sobre a denomina\u00e7\u00e3o de logradouro<br \/>\nmunicipal.<\/td><td class=\"column-3\"><a href=\"http:\/\/www.camposaltos.mg.gov.br\/portal\/Leis\/2008\/pdf\/323.pdf\" target=\"_blank\">323.pdf<\/a><\/td>\n<\/tr>\n<tr class=\"row-37\">\n\t<td class=\"column-1\">324\/2008<\/td><td class=\"column-2\">Disp\u00f5e sobre a denomina\u00e7\u00e3o de logradouro<br \/>\nmunicipal.<\/td><td class=\"column-3\"><a href=\"http:\/\/www.camposaltos.mg.gov.br\/portal\/Leis\/2008\/pdf\/324.pdf\" target=\"_blank\">324.pdf<\/a><\/td>\n<\/tr>\n<tr class=\"row-38\">\n\t<td class=\"column-1\">325\/2008<\/td><td class=\"column-2\">Disp\u00f5e sobre a denomina\u00e7\u00e3o de logradouro<br \/>\nmunicipal.<\/td><td class=\"column-3\"><a href=\"http:\/\/www.camposaltos.mg.gov.br\/portal\/Leis\/2008\/pdf\/325.pdf\" target=\"_blank\">325.pdf<\/a><\/td>\n<\/tr>\n<tr class=\"row-39\">\n\t<td class=\"column-1\">326\/2008<\/td><td class=\"column-2\">Disp\u00f5e sobre as diretrizes para a elabora\u00e7\u00e3o da Lei<br \/>\nOr\u00e7ament\u00e1ria para o exerc\u00edcio de 2009, e d\u00e1 outras<br \/>\nprovid\u00eancias.<\/td><td class=\"column-3\"><a href=\"http:\/\/www.camposaltos.mg.gov.br\/portal\/Leis\/2008\/pdf\/326.pdf\" target=\"_blank\">326.pdf<\/a><\/td>\n<\/tr>\n<tr class=\"row-40\">\n\t<td class=\"column-1\">327\/2008<\/td><td class=\"column-2\">Disp\u00f5e sobre a fixa\u00e7\u00e3o dos<br \/>\nsubs\u00eddios dos Vereadores e do<br \/>\nPresidente da C\u00e2mara Municipal de<br \/>\nCampos Altos para a legislatura<br \/>\n2009-2012.<\/td><td class=\"column-3\"><a href=\"http:\/\/www.camposaltos.mg.gov.br\/portal\/Leis\/2008\/pdf\/327.pdf\" target=\"_blank\">327.pdf<\/a><\/td>\n<\/tr>\n<tr class=\"row-41\">\n\t<td class=\"column-1\">328\/2008<\/td><td class=\"column-2\">Disp\u00f5e sobre a fixa\u00e7\u00e3o dos subs\u00eddios do<br \/>\nPrefeito, Vice-Prefeito e Secret\u00e1rios<br \/>\nMunicipais de Campos Altos para a legislatura<br \/>\n2009-2012.<\/td><td class=\"column-3\"><br \/>\n<a href=\"http:\/\/www.camposaltos.mg.gov.br\/portal\/Leis\/2008\/pdf\/328.pdf\" target=\"_blank\">328.pdf<\/a><\/td>\n<\/tr>\n<tr class=\"row-42\">\n\t<td class=\"column-1\">329\/2008<\/td><td class=\"column-2\">Autoriza o Poder Executivo prorrogar<br \/>\nprazo de contrata\u00e7\u00e3o tempor\u00e1ria de<br \/>\nprestadores de servi\u00e7os descritos na<br \/>\nLei Municipal n\u00ba 294\/2008 de 20 de<br \/>\nfevereiro de 2008, e d\u00e1 outras<br \/>\nprovid\u00eancias.<\/td><td class=\"column-3\"><a href=\"http:\/\/www.camposaltos.mg.gov.br\/portal\/Leis\/2008\/pdf\/329.pdf\" target=\"_blank\">329.pdf<\/a><\/td>\n<\/tr>\n<tr class=\"row-43\">\n\t<td class=\"column-1\">330\/2008<\/td><td class=\"column-2\">Concede T\u00edtulo de Cidadania.<\/td><td class=\"column-3\"><a href=\"http:\/\/www.camposaltos.mg.gov.br\/portal\/Leis\/2008\/pdf\/330.pdf\" target=\"_blank\">330.pdf<\/a><\/td>\n<\/tr>\n<tr class=\"row-44\">\n\t<td class=\"column-1\">331\/2008<\/td><td class=\"column-2\">\u201cDisp\u00f5e sobre a altera\u00e7\u00e3o da reda\u00e7\u00e3o do artigo 13 da Lei 82\/95<br \/>\nde 24\/05\/95, alterado pela Lei n\u00ba 15\/98 de 08\/10\/1998 e d\u00e1<br \/>\noutras provid\u00eancias.\u201d<\/td><td class=\"column-3\"><a href=\"http:\/\/www.camposaltos.mg.gov.br\/portal\/Leis\/2008\/pdf\/331.pdf\" target=\"_blank\">331.pdf<\/a><\/td>\n<\/tr>\n<tr class=\"row-45\">\n\t<td class=\"column-1\">332\/2008<\/td><td class=\"column-2\">\u201c Disp\u00f5e sobre a altera\u00e7\u00e3o da reda\u00e7\u00e3o do artigo 3\u00ba da Lei 37\/2000<br \/>\nde 05 de outubro de 2000 e d\u00e1 outras provid\u00eancias.<\/td><td class=\"column-3\"><a href=\"http:\/\/www.camposaltos.mg.gov.br\/portal\/Leis\/2008\/pdf\/332.pdf\" target=\"_blank\">332.pdf<\/a><\/td>\n<\/tr>\n<tr class=\"row-46\">\n\t<td class=\"column-1\">333\/2008<\/td><td class=\"column-2\">Autoriza a concess\u00e3o de bolsa aux\u00edlio.<\/td><td class=\"column-3\"><a href=\"http:\/\/www.camposaltos.mg.gov.br\/portal\/Leis\/2008\/pdf\/333.pdf\" target=\"_blank\">333.pdf<\/a><\/td>\n<\/tr>\n<tr class=\"row-47\">\n\t<td class=\"column-1\">334\/2008<\/td><td class=\"column-2\">Disp\u00f5e sobre altera\u00e7\u00f5es no Inciso III do artigo 1\u00ba e<br \/>\nnos artigos 13 e 14 da Lei Municipal n\u00ba 39\/97 de 17<br \/>\nde novembro de 1997, altera o Anexo I da referida<br \/>\nLei e d\u00e1 outras provid\u00eancias<\/td><td class=\"column-3\"><a href=\"http:\/\/www.camposaltos.mg.gov.br\/portal\/Leis\/2008\/pdf\/334.pdf\" target=\"_blank\">334.pdf<\/a><\/td>\n<\/tr>\n<tr class=\"row-48\">\n\t<td class=\"column-1\">335\/2008<\/td><td class=\"column-2\">Disp\u00f5e sobre a altera\u00e7\u00e3o do art. 2\u00ba, da<br \/>\nLei n.\u00ba 250\/2007, que disp\u00f5e sobre a<br \/>\ncomposi\u00e7\u00e3o do Conselho Municipal de<br \/>\nAcompanhamento e Controle Social do<br \/>\nFundo de Manuten\u00e7\u00e3o e<br \/>\nDesenvolvimento da Educa\u00e7\u00e3o B\u00e1sica e<br \/>\nde Valoriza\u00e7\u00e3o dos Profissionais da<br \/>\nEduca\u00e7\u00e3o-Conselho do FUNDEB, nos<br \/>\ntermos da Lei Federal n.\u00ba 11.494\/2007.<\/td><td class=\"column-3\"><a href=\"http:\/\/www.camposaltos.mg.gov.br\/portal\/Leis\/2008\/pdf\/335.pdf\" target=\"_blank\">335.pdf<\/a><\/td>\n<\/tr>\n<tr class=\"row-49\">\n\t<td class=\"column-1\">336\/2008<\/td><td class=\"column-2\">\u201cTORNA OFICIAL O HINO DO MUNIC\u00cdPIO DE CAMPOS<br \/>\nALTOS, E REGULAMENTA A SUA EXECU\u00c7\u00c3O, NOS<br \/>\nTERMOS DO ART. 13, DA LEI ORG\u00c2NICA MUNICIPAL.\u201d<\/td><td class=\"column-3\"><a href=\"http:\/\/www.camposaltos.mg.gov.br\/portal\/Leis\/2008\/pdf\/336.pdf\" target=\"_blank\">336.pdf<\/a><\/td>\n<\/tr>\n<tr class=\"row-50\">\n\t<td class=\"column-1\">337\/2008<\/td><td class=\"column-2\">D\u00e1 nova reda\u00e7\u00e3o ao artigo 26 da Lei Municipal<br \/>\n326\/2008 de 03 de Julho de 2008.<\/td><td class=\"column-3\"><a href=\"http:\/\/www.camposaltos.mg.gov.br\/portal\/Leis\/2008\/pdf\/337.pdf\" target=\"_blank\">337.pdf<\/a><\/td>\n<\/tr>\n<tr class=\"row-51\">\n\t<td class=\"column-1\">338\/2008<\/td><td class=\"column-2\">Disp\u00f5e sobre Concess\u00e3o de Direito<br \/>\nReal de uso de uma \u00e1rea de 2.448,08 m\u00b2<br \/>\npara empresa PARK M\u00c1QUINAS<br \/>\nAGR\u00cdCOLAS LTDA.<\/td><td class=\"column-3\"><a href=\"http:\/\/www.camposaltos.mg.gov.br\/portal\/Leis\/2008\/pdf\/338.pdf\" target=\"_blank\">338.pdf<\/a><\/td>\n<\/tr>\n<tr class=\"row-52\">\n\t<td class=\"column-1\">339\/2008<\/td><td class=\"column-2\">Disp\u00f5e sobre Concess\u00e3o de Direito<br \/>\nReal de uso de uma \u00e1rea de 1800 (um<br \/>\nmil e oitocentos metros quadrados).<\/td><td class=\"column-3\"><a href=\"http:\/\/www.camposaltos.mg.gov.br\/portal\/Leis\/2008\/pdf\/339.pdf\" target=\"_blank\">339.pdf<\/a><\/td>\n<\/tr>\n<tr class=\"row-53\">\n\t<td class=\"column-1\">340\/2008<\/td><td class=\"column-2\">Disp\u00f5e sobre Concess\u00e3o de Direito<br \/>\nReal de uso de uma \u00e1rea de 2160 m2<br \/>\n(dois mil e cento e sessenta metros<br \/>\nquadrados).<\/td><td class=\"column-3\"><br \/>\n<a href=\"http:\/\/www.camposaltos.mg.gov.br\/portal\/Leis\/2008\/pdf\/340.pdf\" target=\"_blank\">340.pdf<\/a><\/td>\n<\/tr>\n<tr class=\"row-54\">\n\t<td class=\"column-1\">341\/2008<\/td><td class=\"column-2\">D\u00e1 denomina\u00e7\u00e3o a Bem P\u00fablico e d\u00e1 outras<br \/>\nprovid\u00eancias.<\/td><td class=\"column-3\"><a href=\"http:\/\/www.camposaltos.mg.gov.br\/portal\/Leis\/2008\/pdf\/341.pdf\" target=\"_blank\">341.pdf<\/a><\/td>\n<\/tr>\n<tr class=\"row-55\">\n\t<td class=\"column-1\">342\/2008<\/td><td class=\"column-2\">D\u00e1 denomina\u00e7\u00e3o a Bem P\u00fablico e d\u00e1 outras<br \/>\nprovid\u00eancias.<\/td><td class=\"column-3\"><a href=\"http:\/\/www.camposaltos.mg.gov.br\/portal\/Leis\/2008\/pdf\/342.pdf\" target=\"_blank\">342.pdf<\/a><\/td>\n<\/tr>\n<tr class=\"row-56\">\n\t<td class=\"column-1\">343\/2008<\/td><td class=\"column-2\">\u201cDisp\u00f5e sobre a altera\u00e7\u00e3o da reda\u00e7\u00e3o do artigo 1\u00ba da Lei<br \/>\nn\u00ba 18\/2000 de 21 de junho de 2000, e d\u00e1 outras<br \/>\nprovid\u00eancias.\u201d<\/td><td class=\"column-3\"><a href=\"http:\/\/www.camposaltos.mg.gov.br\/portal\/Leis\/2008\/pdf\/343.pdf\" target=\"_blank\">343.pdf<\/a><\/td>\n<\/tr>\n<tr class=\"row-57\">\n\t<td class=\"column-1\">344\/2008<\/td><td class=\"column-2\">\u201c Disp\u00f5e sobre a altera\u00e7\u00e3o da reda\u00e7\u00e3o do item V do art. 22<br \/>\nda Lei Municipal n\u00ba 82\/95 de 24\/05\/95, alterada pela Lei n\u00ba<br \/>\n87\/1995 de 09 de agosto de 1995 e d\u00e1 outras provid\u00eancias.\u201d<\/td><td class=\"column-3\"><a href=\"http:\/\/www.camposaltos.mg.gov.br\/portal\/Leis\/2008\/pdf\/344.pdf\" target=\"_blank\">344.pdf<\/a><\/td>\n<\/tr>\n<tr class=\"row-58\">\n\t<td class=\"column-1\">345\/2008<\/td><td class=\"column-2\">Disp\u00f5e sobre Concess\u00e3o de Direito<br \/>\nReal de uso de uma \u00e1rea de 1.800 (Hum<br \/>\nmil e oitocentos metros quadrados).<\/td><td class=\"column-3\"><a href=\"http:\/\/www.camposaltos.mg.gov.br\/portal\/Leis\/2008\/pdf\/345.pdf\" target=\"_blank\">345.pdf<\/a><\/td>\n<\/tr>\n<tr class=\"row-59\">\n\t<td class=\"column-1\">346\/2008<\/td><td class=\"column-2\">Disp\u00f5e sobre ponto facultativo no dia 20 de<br \/>\nnovembro, Dia da Consci\u00eancia Negra.<\/td><td class=\"column-3\"><a href=\"http:\/\/www.camposaltos.mg.gov.br\/portal\/Leis\/2008\/pdf\/346.pdf\" target=\"_blank\">346.pdf<\/a><\/td>\n<\/tr>\n<tr class=\"row-60\">\n\t<td class=\"column-1\">347\/2008<\/td><td class=\"column-2\">Estabelece regras para instala\u00e7\u00e3o de<br \/>\nantenas de telefonia m\u00f3vel no munic\u00edpio de<br \/>\nCampos Altos.<\/td><td class=\"column-3\"><a href=\"http:\/\/www.camposaltos.mg.gov.br\/portal\/Leis\/2008\/pdf\/347.pdf\" target=\"_blank\">347.pdf<\/a><\/td>\n<\/tr>\n<tr class=\"row-61\">\n\t<td class=\"column-1\">348\/2008<\/td><td class=\"column-2\">ESTIMA A RECEITA E FIXA A DESPESA DO<br \/>\nMUNIC\u00cdPIO DE CAMPOS ALTOS\/MG PARA<br \/>\nO EXERC\u00cdCIO DE 2009.<\/td><td class=\"column-3\"><a href=\"http:\/\/www.camposaltos.mg.gov.br\/portal\/Leis\/2008\/pdf\/348.pdf\" target=\"_blank\">348.pdf<\/a><\/td>\n<\/tr>\n<\/tbody>\n<\/table>\n<!-- #tablepress-14 from cache -->\n","protected":false},"excerpt":{"rendered":"<p><\/p>","protected":false},"author":1,"featured_media":0,"parent":0,"menu_order":0,"comment_status":"closed","ping_status":"closed","template":"","meta":{"tdm_status":"","tdm_grid_status":"","footnotes":""},"folder":[],"class_list":["post-2799","page","type-page","status-publish"],"amp_enabled":true,"_links":{"self":[{"href":"http:\/\/www.camposaltos.mg.gov.br\/portal\/wp-json\/wp\/v2\/pages\/2799","targetHints":{"allow":["GET"]}}],"collection":[{"href":"http:\/\/www.camposaltos.mg.gov.br\/portal\/wp-json\/wp\/v2\/pages"}],"about":[{"href":"http:\/\/www.camposaltos.mg.gov.br\/portal\/wp-json\/wp\/v2\/types\/page"}],"author":[{"embeddable":true,"href":"http:\/\/www.camposaltos.mg.gov.br\/portal\/wp-json\/wp\/v2\/users\/1"}],"replies":[{"embeddable":true,"href":"http:\/\/www.camposaltos.mg.gov.br\/portal\/wp-json\/wp\/v2\/comments?post=2799"}],"version-history":[{"count":0,"href":"http:\/\/www.camposaltos.mg.gov.br\/portal\/wp-json\/wp\/v2\/pages\/2799\/revisions"}],"wp:attachment":[{"href":"http:\/\/www.camposaltos.mg.gov.br\/portal\/wp-json\/wp\/v2\/media?parent=2799"}],"wp:term":[{"taxonomy":"folder","embeddable":true,"href":"http:\/\/www.camposaltos.mg.gov.br\/portal\/wp-json\/wp\/v2\/folder?post=2799"}],"curies":[{"name":"wp","href":"https:\/\/api.w.org\/{rel}","templated":true}]}}