{"id":2804,"date":"2018-07-13T15:41:58","date_gmt":"2018-07-13T15:41:58","guid":{"rendered":"http:\/\/www.camposaltos.mg.gov.br\/portal\/?page_id=2804"},"modified":"2018-07-13T15:42:49","modified_gmt":"2018-07-13T15:42:49","slug":"leis-em-vigor-2007","status":"publish","type":"page","link":"http:\/\/www.camposaltos.mg.gov.br\/portal\/leis-em-vigor-2007\/","title":{"rendered":"Leis em vigor 2007"},"content":{"rendered":"\n<table id=\"tablepress-15\" class=\"tablepress tablepress-id-15 tablepress-responsive\">\n<thead>\n<tr class=\"row-1\">\n\t<th class=\"column-1\">Leis <\/th><th class=\"column-2\">Descri\u00e7\u00e3o<\/th><th class=\"column-3\">Arquivos<\/th>\n<\/tr>\n<\/thead>\n<tbody class=\"row-striping row-hover\">\n<tr class=\"row-2\">\n\t<td class=\"column-1\">237\/2007<\/td><td class=\"column-2\">Ratifica Conv\u00eanio firmado com a<br \/>\nAssocia\u00e7\u00e3o dos Munic\u00edpios da<br \/>\nMicro Regi\u00e3o do Planalto de<br \/>\nArax\u00e1 - AMPLA, nos termos do<br \/>\nart. 24, inciso XVI, da Lei Org\u00e2nica<br \/>\nMunicipal, e d\u00e1 outras<br \/>\nprovid\u00eancias.<\/td><td class=\"column-3\"><a href=\"http:\/\/www.camposaltos.mg.gov.br\/portal\/Leis\/2007\/pdf\/237.pdf\" target=\"_blank\">arquivo.pdf<\/a><\/td>\n<\/tr>\n<tr class=\"row-3\">\n\t<td class=\"column-1\">238\/2007<\/td><td class=\"column-2\">Ratifica Termo Aditivo n\u00ba 001\/2007<br \/>\nao Conv\u00eanio firmado com o Centro<br \/>\nUniversit\u00e1rio do Planalto de Arax\u00e1 -<br \/>\nUNIARAX\u00c1, nos termos do art. 24,<br \/>\ninciso XVI, da Lei Org\u00e2nica<br \/>\nMunicipal, e da outras provid\u00eancias.<\/td><td class=\"column-3\"><a href=\"http:\/\/www.camposaltos.mg.gov.br\/portal\/Leis\/2007\/pdf\/238.pdf\" target=\"_blank\">arquivo.pdf<\/a><\/td>\n<\/tr>\n<tr class=\"row-4\">\n\t<td class=\"column-1\">239\/2007<\/td><td class=\"column-2\">AUTORIZA A PREFEITURA DESTE<br \/>\nMUNICIPIO A FIRMAR CONV\u00caNIO E<br \/>\nPARTICIPAR DE ASSOCIA\u00c7\u00c3O QUE SE<br \/>\nMENCIONA.<\/td><td class=\"column-3\"><a href=\"http:\/\/www.camposaltos.mg.gov.br\/portal\/Leis\/2007\/pdf\/239.pdf\" target=\"_blank\">arquivo.pdf<\/a><\/td>\n<\/tr>\n<tr class=\"row-5\">\n\t<td class=\"column-1\">240\/2007<\/td><td class=\"column-2\">Ratifica Conv\u00eanio firmado com a<br \/>\nSanta Casa de Miseric\u00f3rdia de<br \/>\nCampos Altos - MG, nos termos do<br \/>\nart. 24, inciso XV, da Lei Org\u00e2nica<br \/>\nMunicipal, e d\u00e1 outras provid\u00eancias.<\/td><td class=\"column-3\"><br \/>\n<a href=\"http:\/\/www.camposaltos.mg.gov.br\/portal\/Leis\/2007\/pdf\/240.pdf\" target=\"_blank\">arquivo.pdf<\/a><\/td>\n<\/tr>\n<tr class=\"row-6\">\n\t<td class=\"column-1\">241\/2007<\/td><td class=\"column-2\">Autoriza o Poder Executivo a firmar Conv\u00eanio com o<br \/>\nEstado de Minas Gerais, atrav\u00e9s da Policia Civil e d\u00e1<br \/>\noutras provid\u00eancias.<\/td><td class=\"column-3\"><a href=\"http:\/\/www.camposaltos.mg.gov.br\/portal\/Leis\/2007\/pdf\/241.pdf\" target=\"_blank\">arquivo.pdf<\/a><\/td>\n<\/tr>\n<tr class=\"row-7\">\n\t<td class=\"column-1\">242\/2007<\/td><td class=\"column-2\">Autoriza o Executivo Municipal a firmar<br \/>\nconv\u00eanio e d\u00e1 outras provid\u00eancias.<\/td><td class=\"column-3\"><a href=\"http:\/\/www.camposaltos.mg.gov.br\/portal\/Leis\/2007\/pdf\/242.pdf\" target=\"_blank\">arquivo.pdf<\/a><\/td>\n<\/tr>\n<tr class=\"row-8\">\n\t<td class=\"column-1\">243\/2007<\/td><td class=\"column-2\">Autoriza Poder Executivo a Contratar<br \/>\ntemporariamente.<\/td><td class=\"column-3\"><a href=\"http:\/\/www.camposaltos.mg.gov.br\/portal\/Leis\/2007\/pdf\/243.pdf\" target=\"_blank\">arquivo.pdf<\/a><\/td>\n<\/tr>\n<tr class=\"row-9\">\n\t<td class=\"column-1\">244\/2007<\/td><td class=\"column-2\">Autoriza Poder Executivo a Contratar<br \/>\ntemporariamente.<\/td><td class=\"column-3\"><br \/>\n<a href=\"http:\/\/www.camposaltos.mg.gov.br\/portal\/Leis\/2007\/pdf\/244.pdf\" target=\"_blank\">arquivo.pdf<\/a><\/td>\n<\/tr>\n<tr class=\"row-10\">\n\t<td class=\"column-1\">245\/2007<\/td><td class=\"column-2\">Autoriza Poder Executivo a Contratar temporariamente<\/td><td class=\"column-3\"><a href=\"http:\/\/www.camposaltos.mg.gov.br\/portal\/Leis\/2007\/pdf\/245.pdf\" target=\"_blank\">arquivo.pdf<\/a><\/td>\n<\/tr>\n<tr class=\"row-11\">\n\t<td class=\"column-1\">246\/2007<\/td><td class=\"column-2\">Autoriza Poder Executivo a Contratar temporariamente.<\/td><td class=\"column-3\"><a href=\"http:\/\/www.camposaltos.mg.gov.br\/portal\/Leis\/2007\/pdf\/246.pdf\" target=\"_blank\">arquivo.pdf<\/a><\/td>\n<\/tr>\n<tr class=\"row-12\">\n\t<td class=\"column-1\">247\/2007<\/td><td class=\"column-2\">Autoriza a firmar conv\u00eanios e da<br \/>\noutras provid\u00eancias.<\/td><td class=\"column-3\"><br \/>\n<a href=\"http:\/\/www.camposaltos.mg.gov.br\/portal\/Leis\/2007\/pdf\/247.pdf\" target=\"_blank\">arquivo.pdf<\/a><\/td>\n<\/tr>\n<tr class=\"row-13\">\n\t<td class=\"column-1\">248\/2007<\/td><td class=\"column-2\">Autoriza o Poder Executivo a contratar<br \/>\ntemporariamente.<\/td><td class=\"column-3\"><a href=\"http:\/\/www.camposaltos.mg.gov.br\/portal\/Leis\/2007\/pdf\/248.pdf\" target=\"_blank\">arquivo.pdf<\/a><\/td>\n<\/tr>\n<tr class=\"row-14\">\n\t<td class=\"column-1\">249\/2007<\/td><td class=\"column-2\">Autoriza a firmar conv\u00eanio e da outras<br \/>\nprovid\u00eancias.<\/td><td class=\"column-3\"><a href=\"http:\/\/www.camposaltos.mg.gov.br\/portal\/Leis\/2007\/pdf\/249.pdf\" target=\"_blank\">arquivo.pdf<\/a><\/td>\n<\/tr>\n<tr class=\"row-15\">\n\t<td class=\"column-1\">250\/2007<\/td><td class=\"column-2\">Disp\u00f5e sobre a cria\u00e7\u00e3o do Conselho Municipal de<br \/>\nAcompanhamento e Controle Social do Fundo de<br \/>\nManuten\u00e7\u00e3o e Desenvolvimento da Educa\u00e7\u00e3o<br \/>\nB\u00e1sica e de Valoriza\u00e7\u00e3o dos Profissionais da<br \/>\nEduca\u00e7\u00e3o-Conselho do FUNDEB.<\/td><td class=\"column-3\"><a href=\"http:\/\/www.camposaltos.mg.gov.br\/portal\/Leis\/2007\/pdf\/250.pdf\" target=\"_blank\">arquivo.pdf<\/a><\/td>\n<\/tr>\n<tr class=\"row-16\">\n\t<td class=\"column-1\">251\/2007<\/td><td class=\"column-2\">Disp\u00f5e sobre a denomina\u00e7\u00e3o de monumento<br \/>\nna Pra\u00e7a Benedito Valadares.<\/td><td class=\"column-3\"><a href=\"http:\/\/www.camposaltos.mg.gov.br\/portal\/Leis\/2007\/pdf\/251.pdf\" target=\"_blank\">arquivo.pdf<\/a><\/td>\n<\/tr>\n<tr class=\"row-17\">\n\t<td class=\"column-1\">252\/2007<\/td><td class=\"column-2\">DISP\u00d5E SOBRE AS DIRETRIZES PARA A ELABORA\u00c7\u00c3O<br \/>\nDA LEI OR\u00c7AMENT\u00c1RIA PARA O EXERC\u00cdCIO DE 2008, E<br \/>\nD\u00c1 OUTRAS PROVID\u00caNCIAS.<\/td><td class=\"column-3\"><a href=\"http:\/\/www.camposaltos.mg.gov.br\/portal\/Leis\/2007\/pdf\/252.pdf\" target=\"_blank\">arquivo.pdf<\/a><\/td>\n<\/tr>\n<tr class=\"row-18\">\n\t<td class=\"column-1\">253\/2007<\/td><td class=\"column-2\">Autoriza o Poder Executivo<br \/>\nprorrogar prazo de contrata\u00e7\u00e3o<br \/>\ntempor\u00e1ria de prestadores de<br \/>\nservi\u00e7os descritos na Lei Municipal<br \/>\nn\u00ba 244\/2007 de 25 de abril de 2007,<br \/>\ne d\u00e1 outras provid\u00eancias.<\/td><td class=\"column-3\"><br \/>\n<a href=\"http:\/\/www.camposaltos.mg.gov.br\/portal\/Leis\/2007\/pdf\/253.pdf\" target=\"_blank\">arquivo.pdf<\/a><\/td>\n<\/tr>\n<tr class=\"row-19\">\n\t<td class=\"column-1\">254\/2007<\/td><td class=\"column-2\">Autoriza o Poder Executivo<br \/>\nprorrogar prazo de contrata\u00e7\u00e3o<br \/>\ntempor\u00e1ria de prestadores de<br \/>\nservi\u00e7os descritos na Lei Municipal<br \/>\nn\u00ba 243\/2007 de 25 de abril de 2007,<br \/>\ne d\u00e1 outras provid\u00eancias<\/td><td class=\"column-3\"><a href=\"http:\/\/www.camposaltos.mg.gov.br\/portal\/Leis\/2007\/pdf\/254.pdf\" target=\"_blank\">arquivo.pdf<\/a><\/td>\n<\/tr>\n<tr class=\"row-20\">\n\t<td class=\"column-1\">255\/2007<\/td><td class=\"column-2\">Autoriza o Poder Executivo a contratar temporariamente.<\/td><td class=\"column-3\"><a href=\"http:\/\/www.camposaltos.mg.gov.br\/portal\/Leis\/2007\/pdf\/255.pdf\" target=\"_blank\">arquivo.pdf<\/a><\/td>\n<\/tr>\n<tr class=\"row-21\">\n\t<td class=\"column-1\">256\/2007<\/td><td class=\"column-2\">Disp\u00f5e sobre as consigna\u00e7\u00f5es em folha de pagamento<br \/>\ndos Servidores p\u00fablicos, aposentados e pensionistas da<br \/>\nadministra\u00e7\u00e3o direta, aut\u00e1rquica e fundacional do<br \/>\nPoder Executivo do Munic\u00edpio de Campos Altos \u2013 MG,<br \/>\ne d\u00e1 outras provid\u00eancias.<\/td><td class=\"column-3\"><br \/>\n<a href=\"http:\/\/www.camposaltos.mg.gov.br\/portal\/Leis\/2007\/pdf\/256.pdf\" target=\"_blank\">arquivo.pdf<\/a><\/td>\n<\/tr>\n<tr class=\"row-22\">\n\t<td class=\"column-1\">257\/2007<\/td><td class=\"column-2\">Concede T\u00edtulos de Cidadania<\/td><td class=\"column-3\"><a href=\"http:\/\/www.camposaltos.mg.gov.br\/portal\/Leis\/2007\/pdf\/257.pdf\" target=\"_blank\">arquivo.pdf<\/a><\/td>\n<\/tr>\n<tr class=\"row-23\">\n\t<td class=\"column-1\">258\/2007<\/td><td class=\"column-2\">Concede T\u00edtulos de Cidadania<\/td><td class=\"column-3\"><a href=\"http:\/\/www.camposaltos.mg.gov.br\/portal\/Leis\/2007\/pdf\/258.pdf\" target=\"_blank\">arquivo.pdf<\/a><\/td>\n<\/tr>\n<tr class=\"row-24\">\n\t<td class=\"column-1\">259\/2007<\/td><td class=\"column-2\">Concede T\u00edtulos de Cidadania<\/td><td class=\"column-3\"><br \/>\n<br \/>\n<a href=\"http:\/\/www.camposaltos.mg.gov.br\/portal\/Leis\/2007\/pdf\/259.pdf\" target=\"_blank\">arquivo.pdf<\/a><\/td>\n<\/tr>\n<tr class=\"row-25\">\n\t<td class=\"column-1\">260\/2007<\/td><td class=\"column-2\">Concede T\u00edtulos de Cidadania<\/td><td class=\"column-3\"><br \/>\n<a href=\"http:\/\/www.camposaltos.mg.gov.br\/portal\/Leis\/2007\/pdf\/260.pdf\" target=\"_blank\">arquivo.pdf<\/a><br \/>\n<\/td>\n<\/tr>\n<tr class=\"row-26\">\n\t<td class=\"column-1\">261\/2007<\/td><td class=\"column-2\">Concede T\u00edtulos de Cidadania<\/td><td class=\"column-3\"><a href=\"http:\/\/www.camposaltos.mg.gov.br\/portal\/Leis\/2007\/pdf\/261.pdf\" target=\"_blank\">arquivo.pdf<\/a><\/td>\n<\/tr>\n<tr class=\"row-27\">\n\t<td class=\"column-1\">262\/2007<\/td><td class=\"column-2\">Concede T\u00edtulos de Cidadania<br \/>\n<\/td><td class=\"column-3\"><a href=\"http:\/\/www.camposaltos.mg.gov.br\/portal\/Leis\/2007\/pdf\/262.pdf\" target=\"_blank\">arquivo.pdf<\/a><\/td>\n<\/tr>\n<tr class=\"row-28\">\n\t<td class=\"column-1\">263\/2007<\/td><td class=\"column-2\">Concede T\u00edtulos de Cidadania<\/td><td class=\"column-3\"><a href=\"http:\/\/www.camposaltos.mg.gov.br\/portal\/Leis\/2007\/pdf\/263.pdf\" target=\"_blank\">arquivo.pdf<\/a><\/td>\n<\/tr>\n<tr class=\"row-29\">\n\t<td class=\"column-1\">264\/2007<\/td><td class=\"column-2\">Concede T\u00edtulos de Cidadania<\/td><td class=\"column-3\"><a href=\"http:\/\/www.camposaltos.mg.gov.br\/portal\/Leis\/2007\/pdf\/264.pdf\" target=\"_blank\">arquivo.pdf<\/a><\/td>\n<\/tr>\n<tr class=\"row-30\">\n\t<td class=\"column-1\">265\/2007<\/td><td class=\"column-2\">Concede T\u00edtulos de Cidadania<\/td><td class=\"column-3\"><br \/>\n<a href=\"http:\/\/www.camposaltos.mg.gov.br\/portal\/Leis\/2007\/pdf\/265.pdf\" target=\"_blank\">arquivo.pdf<\/a><\/td>\n<\/tr>\n<tr class=\"row-31\">\n\t<td class=\"column-1\">266\/2007<\/td><td class=\"column-2\">Autoriza o Munic\u00edpio de Campos Altos - MG, atrav\u00e9s<br \/>\ndo Poder Executivo Municipal, a celebrar conv\u00eanio<br \/>\nde coopera\u00e7\u00e3o com entes administrativos<br \/>\nmunicipais, na forma que espec\u00edfica, para a gest\u00e3o<br \/>\nassociada de servi\u00e7os p\u00fablicos e da outras<br \/>\nprovid\u00eancias.<\/td><td class=\"column-3\"><a href=\"http:\/\/www.camposaltos.mg.gov.br\/portal\/Leis\/2007\/pdf\/266.pdf\" target=\"_blank\">arquivo.pdf<\/a><\/td>\n<\/tr>\n<tr class=\"row-32\">\n\t<td class=\"column-1\">267\/2007<\/td><td class=\"column-2\">Autoriza o Executivo Municipal a firmar<br \/>\nconv\u00eanio e d\u00e1 outras provid\u00eancias.<br \/>\n<\/td><td class=\"column-3\"><a href=\"http:\/\/www.camposaltos.mg.gov.br\/portal\/Leis\/2007\/pdf\/267.pdf\" target=\"_blank\">arquivo.pdf<\/a><\/td>\n<\/tr>\n<tr class=\"row-33\">\n\t<td class=\"column-1\">268\/2007<\/td><td class=\"column-2\">Disp\u00f5e sobre a altera\u00e7\u00e3o dos vencimentos dos<br \/>\nprofissionais que prestam servi\u00e7os na Defensoria<br \/>\nP\u00fablica do Munic\u00edpio de Campos Altos, e d\u00e1 outras<br \/>\nprovid\u00eancias:<\/td><td class=\"column-3\"><br \/>\n<a href=\"http:\/\/www.camposaltos.mg.gov.br\/portal\/Leis\/2007\/pdf\/268.pdf\" target=\"_blank\">arquivo.pdf<\/a><\/td>\n<\/tr>\n<tr class=\"row-34\">\n\t<td class=\"column-1\">269\/2007<\/td><td class=\"column-2\">Disp\u00f5e sobre a altera\u00e7\u00e3o dos vencimentos dos profissionais<br \/>\nabaixo mencionados que prestam servi\u00e7os ao Programa da<br \/>\nSa\u00fade da Fam\u00edlia, e d\u00e1 outras provid\u00eancias:<\/td><td class=\"column-3\"><a href=\"http:\/\/www.camposaltos.mg.gov.br\/portal\/Leis\/2007\/pdf\/269.pdf\" target=\"_blank\">arquivo.pdf<\/a><\/td>\n<\/tr>\n<tr class=\"row-35\">\n\t<td class=\"column-1\">270\/2007<\/td><td class=\"column-2\">Autoriza o Poder Executivo a contratar financiamento junto<br \/>\nao Banco Nacional de Desenvolvimento Econ\u00f4mico e Social \u2013<br \/>\nBNDES, atrav\u00e9s do Banco do Brasil, na qualidade de<br \/>\nMandat\u00e1rio, a oferecer garantias e d\u00e1 outras provid\u00eancias<br \/>\ncorrelatas.<\/td><td class=\"column-3\"><a href=\"http:\/\/www.camposaltos.mg.gov.br\/portal\/Leis\/2007\/pdf\/270.pdf\" target=\"_blank\">arquivo.pdf<\/a><\/td>\n<\/tr>\n<tr class=\"row-36\">\n\t<td class=\"column-1\">271\/2007<\/td><td class=\"column-2\">Disp\u00f5e sobre altera\u00e7\u00f5es das Leis Municipais n\u00bas<br \/>\n159\/2005, de 04 de julho de 2005 e 206\/2006 de 25 de<br \/>\nmaio de 2006 e d\u00e1 outras provid\u00eancias.<\/td><td class=\"column-3\"><a href=\"http:\/\/www.camposaltos.mg.gov.br\/portal\/Leis\/2007\/pdf\/271.pdf\" target=\"_blank\">arquivo.pdf<\/a><\/td>\n<\/tr>\n<tr class=\"row-37\">\n\t<td class=\"column-1\">272\/2007<\/td><td class=\"column-2\">Autoriza o Poder Executivo<br \/>\nprorrogar prazo de contrata\u00e7\u00e3o<br \/>\ntempor\u00e1ria de prestadores de<br \/>\nservi\u00e7os descritos na Lei Municipal<br \/>\nn\u00ba 246\/2007 de 25 de abril de 2007,<br \/>\ne d\u00e1 outras provid\u00eancias<\/td><td class=\"column-3\"><a href=\"http:\/\/www.camposaltos.mg.gov.br\/portal\/Leis\/2007\/pdf\/272.pdf\" target=\"_blank\">arquivo.pdf<\/a><\/td>\n<\/tr>\n<tr class=\"row-38\">\n\t<td class=\"column-1\">273\/2007<\/td><td class=\"column-2\">DISP\u00d5E SOBRE A ABERTURA DE CR\u00c9DITOS<br \/>\nESPECIAIS.<\/td><td class=\"column-3\"><a href=\"http:\/\/www.camposaltos.mg.gov.br\/portal\/Leis\/2007\/pdf\/273.pdf\" target=\"_blank\">arquivo.pdf<\/a><\/td>\n<\/tr>\n<tr class=\"row-39\">\n\t<td class=\"column-1\">274\/2007<\/td><td class=\"column-2\">D\u00e1 nova reda\u00e7\u00e3o ao Inciso I do<br \/>\nartigo 1\u00ba da Lei n\u00ba 88\/2003 de 11 de<br \/>\njulho de 2003 e d\u00e1 outras<br \/>\nprovidencias.<\/td><td class=\"column-3\"><a href=\"http:\/\/www.camposaltos.mg.gov.br\/portal\/Leis\/2007\/pdf\/274.pdf\" target=\"_blank\">arquivo.pdf<\/a><\/td>\n<\/tr>\n<tr class=\"row-40\">\n\t<td class=\"column-1\">275\/2007<\/td><td class=\"column-2\">Disp\u00f5e sobre contrata\u00e7\u00e3o de Diretor T\u00e9cnico do Pronto<br \/>\nAtendimento do Munic\u00edpio de Campos Altos-MG.<\/td><td class=\"column-3\"><br \/>\n<a href=\"http:\/\/www.camposaltos.mg.gov.br\/portal\/Leis\/2007\/pdf\/275.pdf\" target=\"_blank\">arquivo.pdf<\/a><\/td>\n<\/tr>\n<tr class=\"row-41\">\n\t<td class=\"column-1\">276\/2007<\/td><td class=\"column-2\">Disp\u00f5e sobre a altera\u00e7\u00e3o do Anexo n.\u00ba II da Lei<br \/>\nn.\u00ba 233\/2006, de 21 de novembro de 2006, e d\u00e1<br \/>\noutras provid\u00eancias.<\/td><td class=\"column-3\"><a href=\"http:\/\/www.camposaltos.mg.gov.br\/portal\/Leis\/2007\/pdf\/276.pdf\" target=\"_blank\">arquivo.pdf<\/a><\/td>\n<\/tr>\n<tr class=\"row-42\">\n\t<td class=\"column-1\">277\/2007<\/td><td class=\"column-2\">Disp\u00f5e sobre a remunera\u00e7\u00e3o dos profissionais<br \/>\nda Equipe T\u00e9cnica do Servi\u00e7o Sentinela do<br \/>\nMunic\u00edpio de Campos Altos \u2013 MG, e, d\u00e1 outras<br \/>\nprovid\u00eancias.<\/td><td class=\"column-3\"><br \/>\n<a href=\"http:\/\/www.camposaltos.mg.gov.br\/portal\/Leis\/2007\/pdf\/277.pdf\" target=\"_blank\">arquivo.pdf<\/a><\/td>\n<\/tr>\n<tr class=\"row-43\">\n\t<td class=\"column-1\">278\/2007<\/td><td class=\"column-2\">Disp\u00f5e sobre a concess\u00e3o de gratifica\u00e7\u00e3o<br \/>\npara servidores da educa\u00e7\u00e3o, e d\u00e1 outras<br \/>\nprovid\u00eancias.<\/td><td class=\"column-3\"><a href=\"http:\/\/www.camposaltos.mg.gov.br\/portal\/Leis\/2007\/pdf\/278.pdf\" target=\"_blank\">arquivo.pdf<\/a><\/td>\n<\/tr>\n<tr class=\"row-44\">\n\t<td class=\"column-1\">279\/2007<\/td><td class=\"column-2\">Altera a reda\u00e7\u00e3o do inciso IV do<br \/>\nArt. 5\u00ba da Lei N\u00ba 256\/2007 de 28 de<br \/>\nagosto de 2007, e d\u00e1 outras<br \/>\nprovid\u00eancias.<\/td><td class=\"column-3\"><br \/>\n<a href=\"http:\/\/www.camposaltos.mg.gov.br\/portal\/Leis\/2007\/pdf\/279.pdf\" target=\"_blank\">arquivo.pdf<\/a><\/td>\n<\/tr>\n<tr class=\"row-45\">\n\t<td class=\"column-1\">280\/2007<\/td><td class=\"column-2\">Aprova nova tabela de s\u00edmbolos e vencimentos<br \/>\nAnexo IV da Lei Municipal n\u00ba 28 de junho de 2001,<br \/>\nque cont\u00e9m o Plano de Cargos e Carreiras e<br \/>\nSal\u00e1rios dos Servidores da Autarquia Municipal<br \/>\ndenominada IMPCA e d\u00e1 outras provid\u00eancias<\/td><td class=\"column-3\"><br \/>\n<a href=\"http:\/\/www.camposaltos.mg.gov.br\/portal\/Leis\/2007\/pdf\/280.pdf\" target=\"_blank\">arquivo.pdf<\/a><\/td>\n<\/tr>\n<tr class=\"row-46\">\n\t<td class=\"column-1\">281\/2007<\/td><td class=\"column-2\">Altera a lei 31\/97 que reformula o c\u00f3digo de<br \/>\nposturas do munic\u00edpio de Campos Altos,<br \/>\ncriado pela lei municipal n\u00famero 007\/1974.<\/td><td class=\"column-3\"><a href=\"http:\/\/www.camposaltos.mg.gov.br\/portal\/Leis\/2007\/pdf\/281.pdf\" target=\"_blank\">arquivo.pdf<\/a><\/td>\n<\/tr>\n<tr class=\"row-47\">\n\t<td class=\"column-1\">282\/2007<\/td><td class=\"column-2\">Cria o Conselho Municipal de Seguran\u00e7a P\u00fablica.<\/td><td class=\"column-3\"><a href=\"http:\/\/www.camposaltos.mg.gov.br\/portal\/Leis\/2007\/pdf\/282.pdf\" target=\"_blank\">arquivo.pdf<\/a><\/td>\n<\/tr>\n<tr class=\"row-48\">\n\t<td class=\"column-1\">283\/2007<\/td><td class=\"column-2\">Revoga Art. 10\u00ba da Lei Municipal 001\/2000 de<br \/>\n21\/01\/2000, altera Art. 10 da Lei Municipal<br \/>\n129\/2004 da 21\/12\/2004 e d\u00e1 outras provid\u00eancias.<\/td><td class=\"column-3\"><a href=\"http:\/\/www.camposaltos.mg.gov.br\/portal\/Leis\/2007\/pdf\/283.pdf\" target=\"_blank\">arquivo.pdf<\/a><\/td>\n<\/tr>\n<tr class=\"row-49\">\n\t<td class=\"column-1\">284\/2007<\/td><td class=\"column-2\">Autoriza a celebra\u00e7\u00e3o de Termo de<br \/>\nParceria, e da outras provid\u00eancias.<\/td><td class=\"column-3\"><a href=\"http:\/\/www.camposaltos.mg.gov.br\/portal\/Leis\/2007\/pdf\/284.pdf\" target=\"_blank\">arquivo.pdf<\/a><\/td>\n<\/tr>\n<tr class=\"row-50\">\n\t<td class=\"column-1\">285\/2007<\/td><td class=\"column-2\">Concede recomposi\u00e7\u00e3o aos vencimentos, proventos<br \/>\ne pens\u00f5es dos Servidores Ativos e Inativos do<br \/>\nMunic\u00edpio e d\u00e1 outras provid\u00eancias<\/td><td class=\"column-3\"><a href=\"http:\/\/www.camposaltos.mg.gov.br\/portal\/Leis\/2007\/pdf\/285.pdf\" target=\"_blank\">arquivo.pdf<\/a><\/td>\n<\/tr>\n<tr class=\"row-51\">\n\t<td class=\"column-1\">286\/2007<\/td><td class=\"column-2\">Cria o Conselho Municipal Antidrogas \u2013 COMAD de Campos Altos e d\u00e1 outras<br \/>\nprovid\u00eancias.<\/td><td class=\"column-3\"><a href=\"http:\/\/www.camposaltos.mg.gov.br\/portal\/Leis\/2007\/pdf\/286.pdf\" target=\"_blank\">arquivo.pdf<\/a><\/td>\n<\/tr>\n<tr class=\"row-52\">\n\t<td class=\"column-1\">287\/2007<\/td><td class=\"column-2\">Torna facultativa a participa\u00e7\u00e3o dos<br \/>\nalunos da rede municipal de ensino<br \/>\nnas festividades escolares<\/td><td class=\"column-3\"><a href=\"http:\/\/www.camposaltos.mg.gov.br\/portal\/Leis\/2007\/pdf\/287.pdf\" target=\"_blank\">arquivo.pdf<\/a><\/td>\n<\/tr>\n<tr class=\"row-53\">\n\t<td class=\"column-1\">288\/2007<\/td><td class=\"column-2\">ESTIMA A RECEITA E FIXA A DESPESA DO<br \/>\nMUNIC\u00cdPIO DE CAMPOS ALTOS\/MG PARA<br \/>\nO EXERC\u00cdCIO DE 2008.<\/td><td class=\"column-3\"><a href=\"http:\/\/www.camposaltos.mg.gov.br\/portal\/Leis\/2007\/pdf\/288.pdf\" target=\"_blank\">arquivo.pdf<\/a><\/td>\n<\/tr>\n<\/tbody>\n<\/table>\n<!-- #tablepress-15 from cache -->\n","protected":false},"excerpt":{"rendered":"<p><\/p>","protected":false},"author":1,"featured_media":0,"parent":0,"menu_order":0,"comment_status":"closed","ping_status":"closed","template":"","meta":{"tdm_status":"","tdm_grid_status":"","footnotes":""},"folder":[],"class_list":["post-2804","page","type-page","status-publish"],"amp_enabled":true,"_links":{"self":[{"href":"http:\/\/www.camposaltos.mg.gov.br\/portal\/wp-json\/wp\/v2\/pages\/2804","targetHints":{"allow":["GET"]}}],"collection":[{"href":"http:\/\/www.camposaltos.mg.gov.br\/portal\/wp-json\/wp\/v2\/pages"}],"about":[{"href":"http:\/\/www.camposaltos.mg.gov.br\/portal\/wp-json\/wp\/v2\/types\/page"}],"author":[{"embeddable":true,"href":"http:\/\/www.camposaltos.mg.gov.br\/portal\/wp-json\/wp\/v2\/users\/1"}],"replies":[{"embeddable":true,"href":"http:\/\/www.camposaltos.mg.gov.br\/portal\/wp-json\/wp\/v2\/comments?post=2804"}],"version-history":[{"count":0,"href":"http:\/\/www.camposaltos.mg.gov.br\/portal\/wp-json\/wp\/v2\/pages\/2804\/revisions"}],"wp:attachment":[{"href":"http:\/\/www.camposaltos.mg.gov.br\/portal\/wp-json\/wp\/v2\/media?parent=2804"}],"wp:term":[{"taxonomy":"folder","embeddable":true,"href":"http:\/\/www.camposaltos.mg.gov.br\/portal\/wp-json\/wp\/v2\/folder?post=2804"}],"curies":[{"name":"wp","href":"https:\/\/api.w.org\/{rel}","templated":true}]}}