{"id":2807,"date":"2018-07-13T15:43:29","date_gmt":"2018-07-13T15:43:29","guid":{"rendered":"http:\/\/www.camposaltos.mg.gov.br\/portal\/?page_id=2807"},"modified":"2018-07-13T15:43:29","modified_gmt":"2018-07-13T15:43:29","slug":"leis-em-vigor-2006","status":"publish","type":"page","link":"http:\/\/www.camposaltos.mg.gov.br\/portal\/leis-em-vigor-2006\/","title":{"rendered":"Leis em vigor 2006"},"content":{"rendered":"\n<table id=\"tablepress-17\" class=\"tablepress tablepress-id-17 tablepress-responsive\">\n<thead>\n<tr class=\"row-1\">\n\t<th class=\"column-1\">Leis <\/th><th class=\"column-2\">Descri\u00e7\u00e3o<\/th><th class=\"column-3\">Arquivos<\/th>\n<\/tr>\n<\/thead>\n<tbody class=\"row-striping row-hover\">\n<tr class=\"row-2\">\n\t<td class=\"column-1\">184\/2006<\/td><td class=\"column-2\">DISP\u00d5E SOBRE O PLANO DE<br \/>\nCARGOS, CARREIRA E<br \/>\nREMUNERA\u00c7\u00c3O DOS<br \/>\nSERVIDORES DA SECRETARIA<br \/>\nMUNICIPAL DE SA\u00daDE E D\u00c1<br \/>\nOUTRAS PROVID\u00caNCIAS.<\/td><td class=\"column-3\"><br \/>\n<a href=\"http:\/\/www.camposaltos.mg.gov.br\/portal\/Leis\/2006\/pdf\/184.pdf\" target=\"_blank\">arquivo.pdf<\/a><br \/>\n<\/td>\n<\/tr>\n<tr class=\"row-3\">\n\t<td class=\"column-1\">185\/2006<\/td><td class=\"column-2\">Autoriza o Poder Executivo Municipal a<br \/>\nfirmar conv\u00eanio com a AMPLA e d\u00e1 outras<br \/>\nprovid\u00eancias.<\/td><td class=\"column-3\"><br \/>\n<a href=\"http:\/\/www.camposaltos.mg.gov.br\/portal\/Leis\/2006\/pdf\/185.pdf\" target=\"_blank\">arquivo.pdf<\/a><br \/>\n<\/td>\n<\/tr>\n<tr class=\"row-4\">\n\t<td class=\"column-1\">186\/2006<\/td><td class=\"column-2\">AUTORIZA A PREFEITURA DESTE<br \/>\nMUNICIPIO A FIRMAR CONV\u00caNIO E<br \/>\nPARTICIPAR DE ASSOCIA\u00c7\u00c3O QUE SE<br \/>\nMENCIONA.<\/td><td class=\"column-3\"><br \/>\n<a href=\"http:\/\/www.camposaltos.mg.gov.br\/portal\/Leis\/2006\/pdf\/186.pdf\" target=\"_blank\">arquivo.pdf<\/a><br \/>\n<\/td>\n<\/tr>\n<tr class=\"row-5\">\n\t<td class=\"column-1\">187\/2006<\/td><td class=\"column-2\">Autoriza o Executivo Municipal a firmar<br \/>\nconv\u00eanio e d\u00e1 outras provid\u00eancias.<\/td><td class=\"column-3\"><br \/>\n<a href=\"http:\/\/www.camposaltos.mg.gov.br\/portal\/Leis\/2006\/pdf\/187.pdf\" target=\"_blank\">arquivo.pdf<\/a><br \/>\n<\/td>\n<\/tr>\n<tr class=\"row-6\">\n\t<td class=\"column-1\">188\/2006<\/td><td class=\"column-2\">Autoriza a firmar conv\u00eanios e da<br \/>\noutras provid\u00eancias.<\/td><td class=\"column-3\"><br \/>\n<a href=\"http:\/\/www.camposaltos.mg.gov.br\/portal\/Leis\/2006\/pdf\/188.pdf\" target=\"_blank\">arquivo.pdf<\/a><br \/>\n<\/td>\n<\/tr>\n<tr class=\"row-7\">\n\t<td class=\"column-1\">189\/2006<\/td><td class=\"column-2\">Autoriza a firmar conv\u00eanios e d\u00e1<br \/>\noutras provid\u00eancias.<\/td><td class=\"column-3\"><br \/>\n<a href=\"http:\/\/www.camposaltos.mg.gov.br\/portal\/Leis\/2006\/pdf\/189.pdf\" target=\"_blank\">arquivo.pdf<\/a><br \/>\n<\/td>\n<\/tr>\n<tr class=\"row-8\">\n\t<td class=\"column-1\">190\/2006<\/td><td class=\"column-2\">Autoriza o Poder Executivo a firmar Conv\u00eanio com o<br \/>\nEstado de Minas Gerais, atrav\u00e9s da Policia Civil e d\u00e1<br \/>\noutras provid\u00eancias.<\/td><td class=\"column-3\"><br \/>\n<a href=\"http:\/\/www.camposaltos.mg.gov.br\/portal\/Leis\/2006\/pdf\/190.pdf\" target=\"_blank\">arquivo.pdf<\/a><br \/>\n<\/td>\n<\/tr>\n<tr class=\"row-9\">\n\t<td class=\"column-1\">191\/2006<\/td><td class=\"column-2\">Autoriza o Poder executivo a firmar conv\u00eanio<br \/>\nversando a concess\u00e3o Auxilio Financeiro a<br \/>\nEstudantes.<\/td><td class=\"column-3\"><br \/>\n<a href=\"http:\/\/www.camposaltos.mg.gov.br\/portal\/Leis\/2006\/pdf\/191.pdf\" target=\"_blank\">arquivo.pdf<\/a><br \/>\n<\/td>\n<\/tr>\n<tr class=\"row-10\">\n\t<td class=\"column-1\">192\/2006<\/td><td class=\"column-2\">Altera reda\u00e7\u00e3o do Artigo 3\u00ba da Lei n\u00ba<br \/>\n169\/2005, de 20 de setembro de 2005 e d\u00e1<br \/>\noutras provid\u00eancias.<\/td><td class=\"column-3\"><br \/>\n<a href=\"http:\/\/www.camposaltos.mg.gov.br\/portal\/Leis\/2006\/pdf\/192.pdf\" target=\"_blank\">arquivo.pdf<\/a><br \/>\n<\/td>\n<\/tr>\n<tr class=\"row-11\">\n\t<td class=\"column-1\">193\/2006<\/td><td class=\"column-2\">Autoriza a firmar conv\u00eanios e da<br \/>\noutras provid\u00eancias.<\/td><td class=\"column-3\"><br \/>\n<a href=\"http:\/\/www.camposaltos.mg.gov.br\/portal\/Leis\/2006\/pdf\/193.pdf\" target=\"_blank\">arquivo.pdf<\/a><br \/>\n<\/td>\n<\/tr>\n<tr class=\"row-12\">\n\t<td class=\"column-1\">194\/2006<\/td><td class=\"column-2\">Institui o Plano Decenal Municipal de<br \/>\nEduca\u00e7\u00e3o do Munic\u00edpio de Campos<br \/>\nAltos e d\u00e1 outras provid\u00eancias.<\/td><td class=\"column-3\"><br \/>\n<a href=\"http:\/\/www.camposaltos.mg.gov.br\/portal\/Leis\/2006\/pdf\/194.pdf\" target=\"_blank\">arquivo.pdf<\/a><br \/>\n<\/td>\n<\/tr>\n<tr class=\"row-13\">\n\t<td class=\"column-1\">195\/2006<\/td><td class=\"column-2\">Altera art. 18 da Lei n\u00ba 05\/2000 e Anexo I da<br \/>\nLei 172\/2005.<\/td><td class=\"column-3\"><br \/>\n<a href=\"http:\/\/www.camposaltos.mg.gov.br\/portal\/Leis\/2006\/pdf\/195.pdf\" target=\"_blank\">arquivo.pdf<\/a><br \/>\n<\/td>\n<\/tr>\n<tr class=\"row-14\">\n\t<td class=\"column-1\">196\/2006<\/td><td class=\"column-2\">Autoriza Poder Executivo a Contratar temporariamente.<\/td><td class=\"column-3\"><br \/>\n<a href=\"http:\/\/www.camposaltos.mg.gov.br\/portal\/Leis\/2006\/pdf\/196.pdf\" target=\"_blank\">arquivo.pdf<\/a><br \/>\n<\/td>\n<\/tr>\n<tr class=\"row-15\">\n\t<td class=\"column-1\">197\/2006<\/td><td class=\"column-2\">Autoriza o Poder Executivo a contratar financiamento<br \/>\ncom a Caixa Econ\u00f4mica Federal, a oferecer garantias e d\u00e1<br \/>\noutras provid\u00eancias.<\/td><td class=\"column-3\"><br \/>\n<a href=\"http:\/\/www.camposaltos.mg.gov.br\/portal\/Leis\/2006\/pdf\/197.pdf\" target=\"_blank\">arquivo.pdf<\/a><br \/>\n<\/td>\n<\/tr>\n<tr class=\"row-16\">\n\t<td class=\"column-1\">198\/2006<\/td><td class=\"column-2\">Autoriza o Poder Executivo a abrir cr\u00e9dito especial e d\u00e1<br \/>\noutras provid\u00eancias.<\/td><td class=\"column-3\"><br \/>\n<a href=\"http:\/\/www.camposaltos.mg.gov.br\/portal\/Leis\/2006\/pdf\/198.pdf\" target=\"_blank\">arquivo.pdf<\/a><br \/>\n<\/td>\n<\/tr>\n<tr class=\"row-17\">\n\t<td class=\"column-1\">199\/2006<\/td><td class=\"column-2\">Autoriza a firmar conv\u00eanios e d\u00e1<br \/>\noutras provid\u00eancias.<\/td><td class=\"column-3\"><br \/>\n<a href=\"http:\/\/www.camposaltos.mg.gov.br\/portal\/Leis\/2006\/pdf\/199.pdf\" target=\"_blank\">arquivo.pdf<\/a><br \/>\n<\/td>\n<\/tr>\n<tr class=\"row-18\">\n\t<td class=\"column-1\">200\/2006<\/td><td class=\"column-2\">Autoriza o Poder Executivo Municipal a<br \/>\nfirmar conv\u00eanio com a EMATER-MG e d\u00e1<br \/>\noutras provid\u00eancias.<\/td><td class=\"column-3\"><br \/>\n<a href=\"http:\/\/www.camposaltos.mg.gov.br\/portal\/Leis\/2006\/pdf\/200.pdf\" target=\"_blank\">arquivo.pdf<\/a><br \/>\n<\/td>\n<\/tr>\n<tr class=\"row-19\">\n\t<td class=\"column-1\">201\/2006<\/td><td class=\"column-2\">Autoriza Poder Executivo a Contratar temporariamente.<\/td><td class=\"column-3\"><br \/>\n<a href=\"http:\/\/www.camposaltos.mg.gov.br\/portal\/Leis\/2006\/pdf\/201.pdf\" target=\"_blank\">arquivo.pdf<\/a><br \/>\n<\/td>\n<\/tr>\n<tr class=\"row-20\">\n\t<td class=\"column-1\">202\/2006<\/td><td class=\"column-2\">Autoriza o Poder Executivo a contratar<br \/>\ntemporariamente.<\/td><td class=\"column-3\"><br \/>\n<a href=\"http:\/\/www.camposaltos.mg.gov.br\/portal\/Leis\/2006\/pdf\/202.pdf\" target=\"_blank\">arquivo.pdf<\/a><br \/>\n<\/td>\n<\/tr>\n<tr class=\"row-21\">\n\t<td class=\"column-1\">203\/2006<\/td><td class=\"column-2\">Disp\u00f5e sobre concess\u00e3o de gratifica\u00e7\u00e3o<br \/>\nde fun\u00e7\u00e3o e d\u00e1 outras provid\u00eancias.<\/td><td class=\"column-3\"><br \/>\n<a href=\"http:\/\/www.camposaltos.mg.gov.br\/portal\/Leis\/2006\/pdf\/203.pdf\" target=\"_blank\">arquivo.pdf<\/a><br \/>\n<\/td>\n<\/tr>\n<tr class=\"row-22\">\n\t<td class=\"column-1\">204\/2006<\/td><td class=\"column-2\">Autoriza a firmar conv\u00eanio e d\u00e1 outras<br \/>\nprovid\u00eancias.<\/td><td class=\"column-3\"><br \/>\n<a href=\"http:\/\/www.camposaltos.mg.gov.br\/portal\/Leis\/2006\/pdf\/204.pdf\" target=\"_blank\">arquivo.pdf<\/a><br \/>\n<\/td>\n<\/tr>\n<tr class=\"row-23\">\n\t<td class=\"column-1\">205\/2006<\/td><td class=\"column-2\">Autoriza o Poder Executivo a firmar<br \/>\nTermo Aditivo ao Conv\u00eanio n. \u00ba 046\/06,<br \/>\nfirmado em 01\/03\/2006, e d\u00e1 outras<br \/>\nprovid\u00eancias.<\/td><td class=\"column-3\"><br \/>\n<a href=\"http:\/\/www.camposaltos.mg.gov.br\/portal\/Leis\/2006\/pdf\/205.pdf\" target=\"_blank\">arquivo.pdf<\/a><br \/>\n<\/td>\n<\/tr>\n<tr class=\"row-24\">\n\t<td class=\"column-1\">206\/2006<\/td><td class=\"column-2\">Disp\u00f5e sobre altera\u00e7\u00e3o de valor do plant\u00e3o<br \/>\nde farmac\u00eautico bioqu\u00edmico e da outras<br \/>\nprovid\u00eancias.<\/td><td class=\"column-3\"><br \/>\n<a href=\"http:\/\/www.camposaltos.mg.gov.br\/portal\/Leis\/2006\/pdf\/206.pdf\" target=\"_blank\">arquivo.pdf<\/a><br \/>\n<\/td>\n<\/tr>\n<tr class=\"row-25\">\n\t<td class=\"column-1\">207\/2006<\/td><td class=\"column-2\">Disp\u00f5e sobre remunera\u00e7\u00e3o dos<br \/>\nmembros do Conselho Tutelar da<br \/>\nCrian\u00e7a e do Adolescente de Campos<br \/>\nAltos.<\/td><td class=\"column-3\"><br \/>\n<a href=\"http:\/\/www.camposaltos.mg.gov.br\/portal\/Leis\/2006\/pdf\/207.pdf\" target=\"_blank\">arquivo.pdf<\/a><br \/>\n<\/td>\n<\/tr>\n<tr class=\"row-26\">\n\t<td class=\"column-1\">208\/2006<\/td><td class=\"column-2\">Autoriza Poder Executivo a Contratar temporariamente.<\/td><td class=\"column-3\"><br \/>\n<a href=\"http:\/\/www.camposaltos.mg.gov.br\/portal\/Leis\/2006\/pdf\/208.pdf\" target=\"_blank\">arquivo.pdf<\/a><br \/>\n<\/td>\n<\/tr>\n<tr class=\"row-27\">\n\t<td class=\"column-1\">209\/2006<\/td><td class=\"column-2\">Autoriza pagamento de despesas de<br \/>\nexerc\u00edcios anteriores e da outras<br \/>\nprovid\u00eancias<\/td><td class=\"column-3\"><br \/>\n<a href=\"http:\/\/www.camposaltos.mg.gov.br\/portal\/Leis\/2006\/pdf\/209.pdf\" target=\"_blank\">arquivo.pdf<\/a><br \/>\n<\/td>\n<\/tr>\n<tr class=\"row-28\">\n\t<td class=\"column-1\">210\/2006<\/td><td class=\"column-2\">D\u00e1 nova reda\u00e7\u00e3o ao Art. 4\u00ba da Lei n\u00ba<br \/>\n202\/2006 de 28 de abril de 2006 e d\u00e3o<br \/>\noutras providencias.<\/td><td class=\"column-3\"><br \/>\n<a href=\"http:\/\/www.camposaltos.mg.gov.br\/portal\/Leis\/2006\/pdf\/210.pdf\" target=\"_blank\">arquivo.pdf<\/a><br \/>\n<\/td>\n<\/tr>\n<tr class=\"row-29\">\n\t<td class=\"column-1\">211\/2006<\/td><td class=\"column-2\">Disp\u00f5e sobre denomina\u00e7\u00e3o de via p\u00fablica e<br \/>\nd\u00e1 outras provid\u00eancias.<\/td><td class=\"column-3\"><br \/>\n<a href=\"http:\/\/www.camposaltos.mg.gov.br\/portal\/Leis\/2006\/pdf\/211.pdf\" target=\"_blank\">arquivo.pdf<\/a><br \/>\n<\/td>\n<\/tr>\n<tr class=\"row-30\">\n\t<td class=\"column-1\">212\/2006<\/td><td class=\"column-2\">Cria a Coordenadoria Municipal de<br \/>\nDefesa Civil (COMDEC) do<br \/>\nMunic\u00edpio de Campos Altos - MG e<br \/>\nd\u00e1 outras provid\u00eancias.<\/td><td class=\"column-3\"><br \/>\n<a href=\"http:\/\/www.camposaltos.mg.gov.br\/portal\/Leis\/2006\/pdf\/212.pdf\" target=\"_blank\">arquivo.pdf<\/a><br \/>\n<\/td>\n<\/tr>\n<tr class=\"row-31\">\n\t<td class=\"column-1\">213\/2006<\/td><td class=\"column-2\">Disp\u00f5e sobre denomina\u00e7\u00e3o de Conjunto<br \/>\nHabitacional, da nomes em vias p\u00fablicas e<br \/>\nd\u00e1 outras provid\u00eancias.<\/td><td class=\"column-3\"><br \/>\n<a href=\"http:\/\/www.camposaltos.mg.gov.br\/portal\/Leis\/2006\/pdf\/213.pdf\" target=\"_blank\">arquivo.pdf<\/a><br \/>\n<\/td>\n<\/tr>\n<tr class=\"row-32\">\n\t<td class=\"column-1\">214\/2006<\/td><td class=\"column-2\">\"Disp\u00f5e sobre a desafeta\u00e7\u00e3o e<br \/>\nautoriza\u00e7\u00e3o para permuta de<br \/>\nim\u00f3veis que menciona e da<br \/>\noutras provid\u00eancias\u201d<\/td><td class=\"column-3\"><br \/>\n<a href=\"http:\/\/www.camposaltos.mg.gov.br\/portal\/Leis\/2006\/pdf\/214.pdf\" target=\"_blank\">arquivo.pdf<\/a><br \/>\n<\/td>\n<\/tr>\n<tr class=\"row-33\">\n\t<td class=\"column-1\">215\/2006<\/td><td class=\"column-2\">DISP\u00d5E SOBRE AS DIRETRIZES OR\u00c7AMENT\u00c1RIAS<br \/>\nPARA O EXERC\u00cdCIO DE 2007 E DA OUTRAS<br \/>\nPROVID\u00caNCIAS<\/td><td class=\"column-3\"><br \/>\n<a href=\"http:\/\/www.camposaltos.mg.gov.br\/portal\/Leis\/2006\/pdf\/215.pdf\" target=\"_blank\">arquivo.pdf<\/a><br \/>\n<\/td>\n<\/tr>\n<tr class=\"row-34\">\n\t<td class=\"column-1\">216\/2006<\/td><td class=\"column-2\">DECLARA DE UTILIDADE P\u00daBLICA, A<br \/>\nASSOCIA\u00c7\u00c3O DOS PEQUENOS PRODUTORES DA<br \/>\nAGRICULTURA FAMILIAR VIDA NOVA - APPAF<br \/>\n\u201cVIDA NOVA\u201d DE CAMPOS ALTOS.<\/td><td class=\"column-3\"><br \/>\n<a href=\"http:\/\/www.camposaltos.mg.gov.br\/portal\/Leis\/2006\/pdf\/216.pdf\" target=\"_blank\">arquivo.pdf<\/a><br \/>\n<\/td>\n<\/tr>\n<tr class=\"row-35\">\n\t<td class=\"column-1\">217\/2006<\/td><td class=\"column-2\">Disp\u00f5e sobre denomina\u00e7\u00e3o de Bem P\u00fablico e da<br \/>\noutras provid\u00eancias.<\/td><td class=\"column-3\"><br \/>\n<a href=\"http:\/\/www.camposaltos.mg.gov.br\/portal\/Leis\/2006\/pdf\/217.pdf\" target=\"_blank\">arquivo.pdf<\/a><br \/>\n<\/td>\n<\/tr>\n<tr class=\"row-36\">\n\t<td class=\"column-1\">218\/2006<\/td><td class=\"column-2\">Autoriza o Poder Executivo a<br \/>\npermutar im\u00f3veis por d\u00e9bitos de<br \/>\ntributos, e d\u00e1 outras provid\u00eancias<\/td><td class=\"column-3\"><br \/>\n<a href=\"http:\/\/www.camposaltos.mg.gov.br\/portal\/Leis\/2006\/pdf\/218.pdf\" target=\"_blank\">arquivo.pdf<\/a><br \/>\n<\/td>\n<\/tr>\n<tr class=\"row-37\">\n\t<td class=\"column-1\">219\/2006<\/td><td class=\"column-2\">Autoriza o Poder Executivo a<br \/>\npermutar im\u00f3veis por d\u00e9bitos de<br \/>\ntributos e d\u00e1 outras provid\u00eancias<\/td><td class=\"column-3\"><br \/>\n<a href=\"http:\/\/www.camposaltos.mg.gov.br\/portal\/Leis\/2006\/pdf\/219.pdf\" target=\"_blank\">arquivo.pdf<\/a><br \/>\n<\/td>\n<\/tr>\n<tr class=\"row-38\">\n\t<td class=\"column-1\">220\/2006<\/td><td class=\"column-2\">Autoriza a Autarquia Municipal denominada<br \/>\nInstituto de Previd\u00eancia Municipal de Campos Altos<br \/>\n- IPMCA a firmar Conv\u00eanio com o Banco do Brasil<br \/>\nS.A. e d\u00e1 outras provid\u00eancias.<\/td><td class=\"column-3\"><br \/>\n<a href=\"http:\/\/www.camposaltos.mg.gov.br\/portal\/Leis\/2006\/pdf\/220.pdf\" target=\"_blank\">arquivo.pdf<\/a><br \/>\n<\/td>\n<\/tr>\n<tr class=\"row-39\">\n\t<td class=\"column-1\">221\/2006<\/td><td class=\"column-2\">Autoriza o Poder Executivo prorrogar<br \/>\nprazo de contrata\u00e7\u00e3o tempor\u00e1ria de<br \/>\nprestadores de servi\u00e7os descritos na<br \/>\nLei Municipal n\u00ba 201\/2006 de 22 de<br \/>\nmar\u00e7o de 2006, e d\u00e1 outras<br \/>\nprovid\u00eancias.<\/td><td class=\"column-3\"><br \/>\n<a href=\"http:\/\/www.camposaltos.mg.gov.br\/portal\/Leis\/2006\/pdf\/221.pdf\" target=\"_blank\">arquivo.pdf<\/a><br \/>\n<\/td>\n<\/tr>\n<tr class=\"row-40\">\n\t<td class=\"column-1\">222\/2006<\/td><td class=\"column-2\">Institui o Programa de Parcelamento de Divida<br \/>\nAtiva e d\u00e1 outras provid\u00eancias.<\/td><td class=\"column-3\"><br \/>\n<a href=\"http:\/\/www.camposaltos.mg.gov.br\/portal\/Leis\/2006\/pdf\/222.pdf\" target=\"_blank\">arquivo.pdf<\/a><br \/>\n<\/td>\n<\/tr>\n<tr class=\"row-41\">\n\t<td class=\"column-1\">223\/2006<\/td><td class=\"column-2\">Autoriza o Executivo Municipal a celebrar<br \/>\nconv\u00eanio, por Interm\u00e9dio do Minist\u00e9rio da<br \/>\nEduca\u00e7\u00e3o, representado pela Universidade<br \/>\nFederal do Tri\u00e2ngulo Mineiro - UFTM e da<br \/>\noutras provid\u00eancias.<\/td><td class=\"column-3\"><br \/>\n<a href=\"http:\/\/www.camposaltos.mg.gov.br\/portal\/Leis\/2006\/pdf\/223.pdf\" target=\"_blank\">arquivo.pdf<\/a><br \/>\n<\/td>\n<\/tr>\n<tr class=\"row-42\">\n\t<td class=\"column-1\">224\/2006<\/td><td class=\"column-2\">Autoriza Poder Executivo a Contratar<br \/>\ntemporariamente.<\/td><td class=\"column-3\"><br \/>\n<a href=\"http:\/\/www.camposaltos.mg.gov.br\/portal\/Leis\/2006\/pdf\/224.pdf\" target=\"_blank\">arquivo.pdf<\/a><br \/>\n<\/td>\n<\/tr>\n<tr class=\"row-43\">\n\t<td class=\"column-1\">225\/2006<\/td><td class=\"column-2\">Autoriza o Executivo Municipal a<br \/>\ncelebrar conv\u00eanio de m\u00fatua<br \/>\ncoopera\u00e7\u00e3o para expans\u00e3o de cursos<br \/>\nsuperiores no Munic\u00edpio e d\u00e1 outras<br \/>\nprovid\u00eancias<\/td><td class=\"column-3\"><br \/>\n<a href=\"http:\/\/www.camposaltos.mg.gov.br\/portal\/Leis\/2006\/pdf\/225.pdf\" target=\"_blank\">arquivo.pdf<\/a><br \/>\n<\/td>\n<\/tr>\n<tr class=\"row-44\">\n\t<td class=\"column-1\">226\/2006<\/td><td class=\"column-2\">Autoriza o Poder Executivo a desenvolver a\u00e7\u00f5es e aporte de<br \/>\nContrapartida municipal para implementar o Programa Carta<br \/>\nde Cr\u00e9dito \u2013 Recursos FGTS na modalidade produ\u00e7\u00e3o de<br \/>\nunidades habitacionais, Opera\u00e7\u00f5es Coletivas,<br \/>\nregulamentado pela Resolu\u00e7\u00e3o do Conselho Curador do<br \/>\nFGTS, n\u00famero 291\/98 com as altera\u00e7\u00f5es da Resolu\u00e7\u00e3o<br \/>\nn\u00ba460\/2004, de 14 DEZ 04, publicada no D.O.U. em 20 DEZ 04<br \/>\ne Instru\u00e7\u00f5es normativas do Minist\u00e9rio das Cidades e d\u00e1<br \/>\noutras provid\u00eancias.<\/td><td class=\"column-3\"><br \/>\n<a href=\"http:\/\/www.camposaltos.mg.gov.br\/portal\/Leis\/2006\/pdf\/226.pdf\" target=\"_blank\">arquivo.pdf<\/a><br \/>\n<\/td>\n<\/tr>\n<tr class=\"row-45\">\n\t<td class=\"column-1\">227\/2006<\/td><td class=\"column-2\">Autoriza Poder Executivo a Contratar temporariamente<\/td><td class=\"column-3\"><br \/>\n<a href=\"http:\/\/www.camposaltos.mg.gov.br\/portal\/Leis\/2006\/pdf\/227.pdf\" target=\"_blank\">arquivo.pdf<\/a><br \/>\n<\/td>\n<\/tr>\n<tr class=\"row-46\">\n\t<td class=\"column-1\">228\/2006<\/td><td class=\"column-2\">Autoriza o Poder Executivo a firmar Termo<br \/>\nAditivo ao Conv\u00eanio n. \u00ba 008\/2006, firmado<br \/>\nem 08\/03\/2006, e d\u00e1 outras provid\u00eancias.<\/td><td class=\"column-3\"><br \/>\n<a href=\"http:\/\/www.camposaltos.mg.gov.br\/portal\/Leis\/2006\/pdf\/228.pdf\" target=\"_blank\">arquivo.pdf<\/a><br \/>\n<\/td>\n<\/tr>\n<tr class=\"row-47\">\n\t<td class=\"column-1\">229\/2006<\/td><td class=\"column-2\">Autoriza a firmar conv\u00eanios e da<br \/>\noutras provid\u00eancias.<\/td><td class=\"column-3\"><br \/>\n<a href=\"http:\/\/www.camposaltos.mg.gov.br\/portal\/Leis\/2006\/pdf\/229.pdf\" target=\"_blank\">arquivo.pdf<\/a><br \/>\n<\/td>\n<\/tr>\n<tr class=\"row-48\">\n\t<td class=\"column-1\">230\/2006<\/td><td class=\"column-2\">ESTIMA A RECEITA E FIXA A DESPESA DO<br \/>\nMUNIC\u00cdPIO DE CAMPOS ALTOS\/MG PARA O EXERC\u00cdCIO<br \/>\nDE 2007.<\/td><td class=\"column-3\"><br \/>\n<a href=\"http:\/\/www.camposaltos.mg.gov.br\/portal\/Leis\/2006\/pdf\/230.pdf\" target=\"_blank\">arquivo.pdf<\/a><br \/>\n<\/td>\n<\/tr>\n<tr class=\"row-49\">\n\t<td class=\"column-1\">231\/2006<\/td><td class=\"column-2\">Disp\u00f5e sobre altera\u00e7\u00e3o dos anexos III, IV, V da Lei n\u00ba<br \/>\n182\/2005 e d\u00e1 outras provid\u00eancias.<\/td><td class=\"column-3\"><br \/>\n<a href=\"http:\/\/www.camposaltos.mg.gov.br\/portal\/Leis\/2006\/pdf\/231.pdf\" target=\"_blank\">arquivo.pdf<\/a><br \/>\n<\/td>\n<\/tr>\n<tr class=\"row-50\">\n\t<td class=\"column-1\">232\/2006<\/td><td class=\"column-2\">Concedem recomposi\u00e7\u00e3o aos vencimentos,<br \/>\nproventos e pens\u00f5es dos Servidores Ativos e<br \/>\nInativos do Munic\u00edpio e da outras provid\u00eancias.<\/td><td class=\"column-3\"><br \/>\n<a href=\"http:\/\/www.camposaltos.mg.gov.br\/portal\/Leis\/2006\/pdf\/232.pdf\" target=\"_blank\">arquivo.pdf<\/a><br \/>\n<\/td>\n<\/tr>\n<tr class=\"row-51\">\n\t<td class=\"column-1\">233\/2006<\/td><td class=\"column-2\">Concede reajuste aos vencimentos e proventos do<br \/>\nPessoal do Magist\u00e9rio do Munic\u00edpio e d\u00e1 outras<br \/>\nprovid\u00eancias.<\/td><td class=\"column-3\"><br \/>\n<a href=\"http:\/\/www.camposaltos.mg.gov.br\/portal\/Leis\/2006\/pdf\/233.pdf\" target=\"_blank\">arquivo.pdf<\/a><br \/>\n<\/td>\n<\/tr>\n<tr class=\"row-52\">\n\t<td class=\"column-1\">234\/2006<\/td><td class=\"column-2\">Disp\u00f5e sobre altera\u00e7\u00e3o dos anexos II, III, e V da Lei n\u00ba<br \/>\n184\/2006 e d\u00e1 outras provid\u00eancias.<\/td><td class=\"column-3\"><br \/>\n<a href=\"http:\/\/www.camposaltos.mg.gov.br\/portal\/Leis\/2006\/pdf\/234.pdf\" target=\"_blank\">arquivo.pdf<\/a><br \/>\n<\/td>\n<\/tr>\n<tr class=\"row-53\">\n\t<td class=\"column-1\">235\/2006<\/td><td class=\"column-2\">AUTORIZA O PODER EXECUTIVO A CONTRATAR<br \/>\nFINANCIAMENTO JUNTO AO BANCO DO BRASIL S.A E DA<br \/>\nOUTRAS PROVID\u00caNCIAS CORRELATAS.<\/td><td class=\"column-3\"><br \/>\n<a href=\"http:\/\/www.camposaltos.mg.gov.br\/portal\/Leis\/2006\/pdf\/235.pdf\" target=\"_blank\">arquivo.pdf<\/a><br \/>\n<\/td>\n<\/tr>\n<tr class=\"row-54\">\n\t<td class=\"column-1\">236\/2006<\/td><td class=\"column-2\">\u201cInstitui o Programa Municipal de A\u00e7\u00f5es afirmativas<br \/>\npara a Prote\u00e7\u00e3o da Popula\u00e7\u00e3o Negra e d\u00e1 outras<br \/>\nprovid\u00eancias\u201d<\/td><td class=\"column-3\"><br \/>\n<a href=\"http:\/\/www.camposaltos.mg.gov.br\/portal\/Leis\/2006\/pdf\/236.pdf\" target=\"_blank\">arquivo.pdf<\/a><br \/>\n<\/td>\n<\/tr>\n<\/tbody>\n<\/table>\n<!-- #tablepress-17 from cache -->\n","protected":false},"excerpt":{"rendered":"<p><\/p>","protected":false},"author":1,"featured_media":0,"parent":0,"menu_order":0,"comment_status":"closed","ping_status":"closed","template":"","meta":{"tdm_status":"","tdm_grid_status":"","footnotes":""},"folder":[],"class_list":["post-2807","page","type-page","status-publish"],"amp_enabled":true,"_links":{"self":[{"href":"http:\/\/www.camposaltos.mg.gov.br\/portal\/wp-json\/wp\/v2\/pages\/2807","targetHints":{"allow":["GET"]}}],"collection":[{"href":"http:\/\/www.camposaltos.mg.gov.br\/portal\/wp-json\/wp\/v2\/pages"}],"about":[{"href":"http:\/\/www.camposaltos.mg.gov.br\/portal\/wp-json\/wp\/v2\/types\/page"}],"author":[{"embeddable":true,"href":"http:\/\/www.camposaltos.mg.gov.br\/portal\/wp-json\/wp\/v2\/users\/1"}],"replies":[{"embeddable":true,"href":"http:\/\/www.camposaltos.mg.gov.br\/portal\/wp-json\/wp\/v2\/comments?post=2807"}],"version-history":[{"count":0,"href":"http:\/\/www.camposaltos.mg.gov.br\/portal\/wp-json\/wp\/v2\/pages\/2807\/revisions"}],"wp:attachment":[{"href":"http:\/\/www.camposaltos.mg.gov.br\/portal\/wp-json\/wp\/v2\/media?parent=2807"}],"wp:term":[{"taxonomy":"folder","embeddable":true,"href":"http:\/\/www.camposaltos.mg.gov.br\/portal\/wp-json\/wp\/v2\/folder?post=2807"}],"curies":[{"name":"wp","href":"https:\/\/api.w.org\/{rel}","templated":true}]}}