{"id":2816,"date":"2018-07-13T19:10:00","date_gmt":"2018-07-13T19:10:00","guid":{"rendered":"http:\/\/www.camposaltos.mg.gov.br\/portal\/?page_id=2816"},"modified":"2018-07-13T19:10:00","modified_gmt":"2018-07-13T19:10:00","slug":"leis-em-vigor-2004","status":"publish","type":"page","link":"http:\/\/www.camposaltos.mg.gov.br\/portal\/leis-em-vigor-2004\/","title":{"rendered":"Leis em vigor 2004"},"content":{"rendered":"\n<table id=\"tablepress-19\" class=\"tablepress tablepress-id-19 tablepress-responsive\">\n<thead>\n<tr class=\"row-1\">\n\t<th class=\"column-1\">Leis <\/th><th class=\"column-2\">Descri\u00e7\u00e3o<\/th><th class=\"column-3\">Arquivos<\/th>\n<\/tr>\n<\/thead>\n<tbody class=\"row-striping row-hover\">\n<tr class=\"row-2\">\n\t<td class=\"column-1\">105\/2004<\/td><td class=\"column-2\">Altera dispositivo da Lei 88\/2003 e<br \/>\nd\u00e1 outras provid\u00eancias.<\/td><td class=\"column-3\"><a href=\"http:\/\/www.camposaltos.mg.gov.br\/portal\/Leis\/2004\/pdf\/105.pdf\" target=\"_blank\">arquivo.pdf<\/a><\/td>\n<\/tr>\n<tr class=\"row-3\">\n\t<td class=\"column-1\">106\/2004<\/td><td class=\"column-2\">Autoriza a firmar conv\u00eanio e d\u00e1 outras<br \/>\nprovid\u00eancias.<\/td><td class=\"column-3\"><a href=\"http:\/\/www.camposaltos.mg.gov.br\/portal\/Leis\/2004\/pdf\/106.pdf\" target=\"_blank\">arquivo.pdf<\/a><\/td>\n<\/tr>\n<tr class=\"row-4\">\n\t<td class=\"column-1\">107\/2004<\/td><td class=\"column-2\">Autoriza a firmar conv\u00eanio e d\u00e1 outras<br \/>\nprovid\u00eancias.<\/td><td class=\"column-3\"><a href=\"http:\/\/www.camposaltos.mg.gov.br\/portal\/Leis\/2004\/pdf\/107.pdf\" target=\"_blank\">arquivo.pdf<\/a><\/td>\n<\/tr>\n<tr class=\"row-5\">\n\t<td class=\"column-1\">108\/2004<\/td><td class=\"column-2\">Autoriza Poder Executivo a Contratar<br \/>\ntemporariamente.<\/td><td class=\"column-3\"><a href=\"http:\/\/www.camposaltos.mg.gov.br\/portal\/Leis\/2004\/pdf\/108.pdf\" target=\"_blank\">arquivo.pdf<\/a><\/td>\n<\/tr>\n<tr class=\"row-6\">\n\t<td class=\"column-1\">109\/2004<\/td><td class=\"column-2\">Autoriza Poder Executivo a fazer doa\u00e7\u00e3o e<br \/>\nprestar benef\u00edcio direto ao p\u00fablico carente e<br \/>\nnecessitado e d\u00e1 outras provid\u00eancias.<\/td><td class=\"column-3\"><a href=\"http:\/\/www.camposaltos.mg.gov.br\/portal\/Leis\/2004\/pdf\/109.pdf\" target=\"_blank\">arquivo.pdf<\/a><\/td>\n<\/tr>\n<tr class=\"row-7\">\n\t<td class=\"column-1\">110\/2004<\/td><td class=\"column-2\">Autoriza o Poder Executivo a firmar<br \/>\nconv\u00eanio e d\u00e1 outras provid\u00eancias.<\/td><td class=\"column-3\"><a href=\"http:\/\/www.camposaltos.mg.gov.br\/portal\/Leis\/2004\/pdf\/110.pdf\" target=\"_blank\">arquivo.pdf<\/a><\/td>\n<\/tr>\n<tr class=\"row-8\">\n\t<td class=\"column-1\">111\/2004<\/td><td class=\"column-2\">Disp\u00f5e sobre a denomina\u00e7\u00e3o de via<br \/>\np\u00fablica.<\/td><td class=\"column-3\"><a href=\"http:\/\/www.camposaltos.mg.gov.br\/portal\/Leis\/2004\/pdf\/111.pdf\" target=\"_blank\">arquivo.pdf<\/a><\/td>\n<\/tr>\n<tr class=\"row-9\">\n\t<td class=\"column-1\">112\/2004<\/td><td class=\"column-2\">Autoriza \u00e0 concess\u00e3o de subven\u00e7\u00e3o e d\u00e1<br \/>\noutras provid\u00eancias.<\/td><td class=\"column-3\"><a href=\"http:\/\/www.camposaltos.mg.gov.br\/portal\/Leis\/2004\/pdf\/112.pdf\" target=\"_blank\">arquivo.pdf<\/a><\/td>\n<\/tr>\n<tr class=\"row-10\">\n\t<td class=\"column-1\">113\/2004<\/td><td class=\"column-2\">Disp\u00f5e sobre a denomina\u00e7\u00e3o de Pra\u00e7a<br \/>\nP\u00fablica.<\/td><td class=\"column-3\"><a href=\"http:\/\/www.camposaltos.mg.gov.br\/portal\/Leis\/2004\/pdf\/113.pdf\" target=\"_blank\">arquivo.pdf<\/a><\/td>\n<\/tr>\n<tr class=\"row-11\">\n\t<td class=\"column-1\">114\/2004<\/td><td class=\"column-2\">Autoriza o Poder Executivo Municipal a negociar<br \/>\ncom a Companhia Energ\u00e9tica de Minas Gerais-<br \/>\nCEMIG a execu\u00e7\u00e3o de obras de eletrifica\u00e7\u00e3o rural,<br \/>\nou urbana, para atendimento a propriet\u00e1rios<br \/>\nrurais ou urbanos, no Munic\u00edpio.<\/td><td class=\"column-3\"><a href=\"http:\/\/www.camposaltos.mg.gov.br\/portal\/Leis\/2004\/pdf\/114.pdf\" target=\"_blank\">arquivo.pdf<\/a><\/td>\n<\/tr>\n<tr class=\"row-12\">\n\t<td class=\"column-1\">115\/2004<\/td><td class=\"column-2\">Cont\u00e9m o Plano de Amortiza\u00e7\u00e3o dos D\u00e9bitos<br \/>\nPrevidenci\u00e1rios com o Instituto de Previd\u00eancia<br \/>\nMunicipal de Campos Altos - IPMCA, e d\u00e1 outras<br \/>\ndisposi\u00e7\u00f5es.<\/td><td class=\"column-3\"><a href=\"http:\/\/www.camposaltos.mg.gov.br\/portal\/Leis\/2004\/pdf\/115.pdf\" target=\"_blank\">arquivo.pdf<\/a><\/td>\n<\/tr>\n<tr class=\"row-13\">\n\t<td class=\"column-1\">116\/2004<\/td><td class=\"column-2\">ISS - IMPOSTO SOBRE SERVI\u00c7OS<\/td><td class=\"column-3\"><a href=\"http:\/\/www.camposaltos.mg.gov.br\/portal\/Leis\/2004\/pdf\/116.pdf\" target=\"_blank\">arquivo.pdf<\/a><\/td>\n<\/tr>\n<tr class=\"row-14\">\n\t<td class=\"column-1\">117\/2004<\/td><td class=\"column-2\">Autoriza o Poder Executivo a<br \/>\npermutar im\u00f3veis por d\u00e9bitos de<br \/>\ntributos e d\u00e1 outras provid\u00eancias.<\/td><td class=\"column-3\"><a href=\"http:\/\/www.camposaltos.mg.gov.br\/portal\/Leis\/2004\/pdf\/117.pdf\" target=\"_blank\">arquivo.pdf<\/a><\/td>\n<\/tr>\n<tr class=\"row-15\">\n\t<td class=\"column-1\">118\/2004<\/td><td class=\"column-2\">DISP\u00d5E SOBRE AS DIRETRIZES<br \/>\nOR\u00c7AMENT\u00c1RIAS PARA O EXERC\u00cdCIO<br \/>\nDE 2005 E D\u00c1 OUTRAS PROVID\u00caNCIAS<\/td><td class=\"column-3\"><a href=\"http:\/\/www.camposaltos.mg.gov.br\/portal\/Leis\/2004\/pdf\/118.pdf\" target=\"_blank\">arquivo.pdf<\/a><\/td>\n<\/tr>\n<tr class=\"row-16\">\n\t<td class=\"column-1\">119\/2004<\/td><td class=\"column-2\">\u201cDisp\u00f5e sobre a fixa\u00e7\u00e3o dos subs\u00eddios do Prefeito e<br \/>\ndo Vice-Prefeito Municipal para o Mandato 2005\/2008\u201d<\/td><td class=\"column-3\"><a href=\"http:\/\/www.camposaltos.mg.gov.br\/portal\/Leis\/2004\/pdf\/119.pdf\" target=\"_blank\">arquivo.pdf<\/a><\/td>\n<\/tr>\n<tr class=\"row-17\">\n\t<td class=\"column-1\">120\/2004<\/td><td class=\"column-2\">\u201cDisp\u00f5e sobre a fixa\u00e7\u00e3o dos subs\u00eddios do Prefeito e<br \/>\ndo Vice-Prefeito Municipal para o Mandato 2005\/2008\u201d<\/td><td class=\"column-3\"><a href=\"http:\/\/www.camposaltos.mg.gov.br\/portal\/Leis\/2004\/pdf\/120.pdf\" target=\"_blank\">arquivo.pdf<\/a><\/td>\n<\/tr>\n<tr class=\"row-18\">\n\t<td class=\"column-1\">121\/2004<\/td><td class=\"column-2\">DISP\u00d5E SOBRE A FIXA\u00c7\u00c3O DOS SUBS\u00cdDIOS DOS<br \/>\nSECRET\u00c1RIOS MUNICIPAIS PARA O MANDATO<br \/>\n2005\/2008<\/td><td class=\"column-3\"><a href=\"http:\/\/www.camposaltos.mg.gov.br\/portal\/Leis\/2004\/pdf\/121.pdf\" target=\"_blank\">arquivo.pdf<\/a><\/td>\n<\/tr>\n<tr class=\"row-19\">\n\t<td class=\"column-1\">122\/2004<\/td><td class=\"column-2\">\u201cDa o nome de L\u00e1zaro Rodrigues da Silva a<br \/>\numa rua localizada no Loteamento Boa<br \/>\nEsperan\u00e7a II\u201d.<\/td><td class=\"column-3\"><a href=\"http:\/\/www.camposaltos.mg.gov.br\/portal\/Leis\/2004\/pdf\/122.pdf\" target=\"_blank\">arquivo.pdf<\/a><\/td>\n<\/tr>\n<tr class=\"row-20\">\n\t<td class=\"column-1\">123\/2004<\/td><td class=\"column-2\">D\u00e1 nova reda\u00e7\u00e3o ao artigo 2\u00ba da Lei n\u00ba 85\/2003 de 29<br \/>\nde maio de 2003 e d\u00e1 outras provid\u00eancias.<\/td><td class=\"column-3\"><a href=\"http:\/\/www.camposaltos.mg.gov.br\/portal\/Leis\/2004\/pdf\/123.pdf\" target=\"_blank\">arquivo.pdf<\/a><\/td>\n<\/tr>\n<tr class=\"row-21\">\n\t<td class=\"column-1\">124\/2004<\/td><td class=\"column-2\">A C\u00e2mara Municipal de Campos Altos, por seus representantes<br \/>\naprovou, e eu Prefeito, sanciono a seguinte Lei:<\/td><td class=\"column-3\"><a href=\"http:\/\/www.camposaltos.mg.gov.br\/portal\/Leis\/2004\/pdf\/124.pdf\" target=\"_blank\">arquivo.pdf<\/a><\/td>\n<\/tr>\n<tr class=\"row-22\">\n\t<td class=\"column-1\">125\/2004<\/td><td class=\"column-2\">\u201cDisp\u00f5e sobre a fixa\u00e7\u00e3o dos<br \/>\nsubs\u00eddios dos Secret\u00e1rios<br \/>\nMunicipais e d\u00e1 outras<br \/>\nprovid\u00eancias para o Mandato<br \/>\n2005\/2008\u201d.<\/td><td class=\"column-3\"><a href=\"http:\/\/www.camposaltos.mg.gov.br\/portal\/Leis\/2004\/pdf\/125.pdf\" target=\"_blank\">arquivo.pdf<\/a><\/td>\n<\/tr>\n<tr class=\"row-23\">\n\t<td class=\"column-1\">126\/2004<\/td><td class=\"column-2\">A C\u00e2mara Municipal de Campos Altos\/MG, por seus representantes<br \/>\naprovou e eu, Prefeito Municipal, sanciono a seguinte Lei:<\/td><td class=\"column-3\"><a href=\"http:\/\/www.camposaltos.mg.gov.br\/portal\/Leis\/2004\/pdf\/126.pdf\" target=\"_blank\">arquivo.pdf<\/a><\/td>\n<\/tr>\n<tr class=\"row-24\">\n\t<td class=\"column-1\">127\/2004<\/td><td class=\"column-2\">Concede gratifica\u00e7\u00e3o aos servidores da<br \/>\n\u00e1rea de Educa\u00e7\u00e3o.<\/td><td class=\"column-3\"><a href=\"http:\/\/www.camposaltos.mg.gov.br\/portal\/Leis\/2004\/pdf\/127.pdf\" target=\"_blank\">arquivo.pdf<\/a><\/td>\n<\/tr>\n<tr class=\"row-25\">\n\t<td class=\"column-1\">128\/2004<\/td><td class=\"column-2\">Disp\u00f5e sobre a Pol\u00edtica dos Direitos do Idoso,<br \/>\nInstitui o Conselho Municipal dos Direitos do<br \/>\nidoso, e d\u00e1 outras provid\u00eancias.<\/td><td class=\"column-3\"><a href=\"http:\/\/www.camposaltos.mg.gov.br\/portal\/Leis\/2004\/pdf\/128.pdf\" target=\"_blank\">arquivo.pdf<\/a><\/td>\n<\/tr>\n<tr class=\"row-26\">\n\t<td class=\"column-1\">129\/2004<\/td><td class=\"column-2\">DISP\u00d5E SOBRE A REESTRUTURA\u00c7\u00c3O DA<br \/>\nAUTARQUIA MUNICIPAL DENOMINADA INSTITUTO<br \/>\nDE PREVIDENCIA MUNICIPAL DE CAMPOS ALTOS -<br \/>\nIPMCA E D\u00c1 OUTRAS PROVID\u00caNCIAS<\/td><td class=\"column-3\"><a href=\"http:\/\/www.camposaltos.mg.gov.br\/portal\/Leis\/2004\/pdf\/129.pdf\" target=\"_blank\">arquivo.pdf<\/a><\/td>\n<\/tr>\n<tr class=\"row-27\">\n\t<td class=\"column-1\">130\/2004<\/td><td class=\"column-2\">A C\u00e2mara Municipal de Campos Altos, por seus representantes,<br \/>\naprovou e, eu, Prefeito Municipal, sanciono e promulgo a seguinte lei:<\/td><td class=\"column-3\"><a href=\"http:\/\/www.camposaltos.mg.gov.br\/portal\/Leis\/2004\/pdf\/130.pdf\" target=\"_blank\">arquivo.pdf<\/a><\/td>\n<\/tr>\n<tr class=\"row-28\">\n\t<td class=\"column-1\">131\/2004<\/td><td class=\"column-2\">ESTIMA A RECEITA E FIXA A DESPESA DO<br \/>\nMUNIC\u00cdPIO DE CAMPOS ALTOS\/MG PARA O<br \/>\nEXERC\u00cdCIO DE 2004.<\/td><td class=\"column-3\"><a href=\"http:\/\/www.camposaltos.mg.gov.br\/portal\/Leis\/2004\/pdf\/131.pdf\" target=\"_blank\">arquivo.pdf<\/a><\/td>\n<\/tr>\n<\/tbody>\n<\/table>\n<!-- #tablepress-19 from cache -->\n","protected":false},"excerpt":{"rendered":"<p><\/p>","protected":false},"author":1,"featured_media":0,"parent":0,"menu_order":0,"comment_status":"closed","ping_status":"closed","template":"","meta":{"tdm_status":"","tdm_grid_status":"","footnotes":""},"folder":[],"class_list":["post-2816","page","type-page","status-publish"],"amp_enabled":true,"_links":{"self":[{"href":"http:\/\/www.camposaltos.mg.gov.br\/portal\/wp-json\/wp\/v2\/pages\/2816","targetHints":{"allow":["GET"]}}],"collection":[{"href":"http:\/\/www.camposaltos.mg.gov.br\/portal\/wp-json\/wp\/v2\/pages"}],"about":[{"href":"http:\/\/www.camposaltos.mg.gov.br\/portal\/wp-json\/wp\/v2\/types\/page"}],"author":[{"embeddable":true,"href":"http:\/\/www.camposaltos.mg.gov.br\/portal\/wp-json\/wp\/v2\/users\/1"}],"replies":[{"embeddable":true,"href":"http:\/\/www.camposaltos.mg.gov.br\/portal\/wp-json\/wp\/v2\/comments?post=2816"}],"version-history":[{"count":0,"href":"http:\/\/www.camposaltos.mg.gov.br\/portal\/wp-json\/wp\/v2\/pages\/2816\/revisions"}],"wp:attachment":[{"href":"http:\/\/www.camposaltos.mg.gov.br\/portal\/wp-json\/wp\/v2\/media?parent=2816"}],"wp:term":[{"taxonomy":"folder","embeddable":true,"href":"http:\/\/www.camposaltos.mg.gov.br\/portal\/wp-json\/wp\/v2\/folder?post=2816"}],"curies":[{"name":"wp","href":"https:\/\/api.w.org\/{rel}","templated":true}]}}