{"id":2824,"date":"2018-07-13T19:26:08","date_gmt":"2018-07-13T19:26:08","guid":{"rendered":"http:\/\/www.camposaltos.mg.gov.br\/portal\/?page_id=2824"},"modified":"2018-07-13T19:30:55","modified_gmt":"2018-07-13T19:30:55","slug":"leis-em-vigor-2003","status":"publish","type":"page","link":"http:\/\/www.camposaltos.mg.gov.br\/portal\/leis-em-vigor-2003\/","title":{"rendered":"Leis em vigor 2003"},"content":{"rendered":"\n<table id=\"tablepress-20\" class=\"tablepress tablepress-id-20 tablepress-responsive\">\n<thead>\n<tr class=\"row-1\">\n\t<th class=\"column-1\">Leis <\/th><th class=\"column-2\">Descri\u00e7\u00e3o<\/th><th class=\"column-3\">Arquivos<\/th>\n<\/tr>\n<\/thead>\n<tbody class=\"row-striping row-hover\">\n<tr class=\"row-2\">\n\t<td class=\"column-1\">77\/2003<\/td><td class=\"column-2\">Autoriza o Poder Executivo \u00e0 contrata\u00e7\u00e3o de pessoal por<br \/>\ntempo limitado para atender ao Conv\u00eanio 234\/2002 \u2013<br \/>\nReforma do Est\u00e1dio Municipal.<\/td><td class=\"column-3\"><a href=\"http:\/\/www.camposaltos.mg.gov.br\/portal\/Leis\/2003\/pdf\/77.pdf\" target=\"_blank\">arquivo.pdf<\/a><\/td>\n<\/tr>\n<tr class=\"row-3\">\n\t<td class=\"column-1\">78\/2003<\/td><td class=\"column-2\">Autoriza a firmar conv\u00eanio e d\u00e1 outras<br \/>\nprovid\u00eancias.<\/td><td class=\"column-3\"><a href=\"http:\/\/www.camposaltos.mg.gov.br\/portal\/Leis\/2003\/pdf\/78.pdf\" target=\"_blank\">arquivo.pdf<\/a><\/td>\n<\/tr>\n<tr class=\"row-4\">\n\t<td class=\"column-1\">79\/2003<\/td><td class=\"column-2\">Autoriza a firmar conv\u00eanio e d\u00e1 outras<br \/>\nprovid\u00eancias.<\/td><td class=\"column-3\"><a href=\"http:\/\/www.camposaltos.mg.gov.br\/portal\/Leis\/2003\/pdf\/79.pdf\" target=\"_blank\">arquivo.pdf<\/a><\/td>\n<\/tr>\n<tr class=\"row-5\">\n\t<td class=\"column-1\">80\/2003<\/td><td class=\"column-2\">Autoriza \u00e0 concess\u00e3o de subven\u00e7\u00e3o e da outras<br \/>\nprovid\u00eancias.<\/td><td class=\"column-3\"><a href=\"http:\/\/www.camposaltos.mg.gov.br\/portal\/Leis\/2003\/pdf\/80.pdf\" target=\"_blank\">arquivo.pdf<\/a><\/td>\n<\/tr>\n<tr class=\"row-6\">\n\t<td class=\"column-1\">81\/2003<\/td><td class=\"column-2\">Concede T\u00edtulo de Cidad\u00e3o Honor\u00e1rio<\/td><td class=\"column-3\"><a href=\"http:\/\/www.camposaltos.mg.gov.br\/portal\/Leis\/2003\/pdf\/81.pdf\" target=\"_blank\">arquivo.pdf<\/a><\/td>\n<\/tr>\n<tr class=\"row-7\">\n\t<td class=\"column-1\">82\/2003<\/td><td class=\"column-2\">Disp\u00f5e sobre servi\u00e7os de transporte<br \/>\nindividual de passageiros atrav\u00e9s de<br \/>\nmotocicletas no munic\u00edpio de Campos<br \/>\nAltos, Estado de Minas Gerais<\/td><td class=\"column-3\"><a href=\"http:\/\/www.camposaltos.mg.gov.br\/portal\/Leis\/2003\/pdf\/82.pdf\" target=\"_blank\">arquivo.pdf<\/a><\/td>\n<\/tr>\n<tr class=\"row-8\">\n\t<td class=\"column-1\">83\/2003<\/td><td class=\"column-2\">Disp\u00f5e sobre altera\u00e7\u00e3o do Artigo 16 e do<br \/>\nAnexo I da Lei Municipal N\u00ba 39\/97 de<br \/>\n17\/11\/97 e d\u00e1 outras provid\u00eancias.<\/td><td class=\"column-3\"><a href=\"http:\/\/www.camposaltos.mg.gov.br\/portal\/Leis\/2003\/pdf\/83.pdf\" target=\"_blank\">arquivo.pdf<\/a><\/td>\n<\/tr>\n<tr class=\"row-9\">\n\t<td class=\"column-1\">84\/2003<\/td><td class=\"column-2\">\u201cDisp\u00f5e sobre a cria\u00e7\u00e3o do Programa<br \/>\nMunicipal de Incentivo a Coleta Seletiva e<br \/>\nReciclagem de Lixo e d\u00e1 outras<br \/>\nprovid\u00eancias.\u201d<\/td><td class=\"column-3\"><a href=\"http:\/\/www.camposaltos.mg.gov.br\/portal\/Leis\/2003\/pdf\/84.pdf\" target=\"_blank\">arquivo.pdf<\/a><\/td>\n<\/tr>\n<tr class=\"row-10\">\n\t<td class=\"column-1\">85\/2003<\/td><td class=\"column-2\">Disp\u00f5e sobre a cria\u00e7\u00e3o do Conselho<br \/>\nMunicipal de Seguran\u00e7a Alimentar e d\u00e1<br \/>\noutras provid\u00eancias.<\/td><td class=\"column-3\"><a href=\"http:\/\/www.camposaltos.mg.gov.br\/portal\/Leis\/2003\/pdf\/85.pdf\" target=\"_blank\">arquivo.pdf<\/a><\/td>\n<\/tr>\n<tr class=\"row-11\">\n\t<td class=\"column-1\">86\/2003<\/td><td class=\"column-2\">Disp\u00f5e sobre a cria\u00e7\u00e3o do Fundo Municipal de<br \/>\nSeguran\u00e7a Alimentar e d\u00e1 outras provid\u00eancias.<\/td><td class=\"column-3\"><a href=\"http:\/\/www.camposaltos.mg.gov.br\/portal\/Leis\/2003\/pdf\/86.pdf\" target=\"_blank\">arquivo.pdf<\/a><\/td>\n<\/tr>\n<tr class=\"row-12\">\n\t<td class=\"column-1\">87\/2003<\/td><td class=\"column-2\">Autoriza o Poder Executivo a firmar conv\u00eanio e d\u00e1<br \/>\noutras provid\u00eancias.<\/td><td class=\"column-3\"><a href=\"http:\/\/www.camposaltos.mg.gov.br\/portal\/Leis\/2003\/pdf\/87.pdf\" target=\"_blank\">arquivo.pdf<\/a><\/td>\n<\/tr>\n<tr class=\"row-13\">\n\t<td class=\"column-1\">88\/2003<\/td><td class=\"column-2\">Cria Centros de Educa\u00e7\u00e3o Infantil e d\u00e1 outras<br \/>\nprovid\u00eancias.<\/td><td class=\"column-3\"><a href=\"http:\/\/www.camposaltos.mg.gov.br\/portal\/Leis\/2003\/pdf\/88.pdf\" target=\"_blank\">arquivo.pdf<\/a><\/td>\n<\/tr>\n<tr class=\"row-14\">\n\t<td class=\"column-1\">89\/2003<\/td><td class=\"column-2\">DISP\u00d5E SOBRE AS DIRETRIZES OR\u00c7AMENT\u00c1RIAS<br \/>\nPARA O EXERC\u00cdCIO DE 2004 E D\u00c1 OUTRAS<br \/>\nPROVID\u00caNCIAS<\/td><td class=\"column-3\"><a href=\"http:\/\/www.camposaltos.mg.gov.br\/portal\/Leis\/2003\/pdf\/89.pdf\" target=\"_blank\">arquivo.pdf<\/a><\/td>\n<\/tr>\n<tr class=\"row-15\">\n\t<td class=\"column-1\">90\/2003<\/td><td class=\"column-2\">Institui gratifica\u00e7\u00e3o de fun\u00e7\u00e3o e d\u00e1 outras<br \/>\nprovid\u00eancias.<\/td><td class=\"column-3\"><a href=\"http:\/\/www.camposaltos.mg.gov.br\/portal\/Leis\/2003\/pdf\/90.pdf\" target=\"_blank\">arquivo.pdf<\/a><\/td>\n<\/tr>\n<tr class=\"row-16\">\n\t<td class=\"column-1\">91\/2003<\/td><td class=\"column-2\">Altera dispositivo da Lei Municipal n\u00ba<br \/>\n24\/2001 e d\u00e1 outras provid\u00eancias.<\/td><td class=\"column-3\"><a href=\"http:\/\/www.camposaltos.mg.gov.br\/portal\/Leis\/2003\/pdf\/91.pdf\" target=\"_blank\">arquivo.pdf<\/a><\/td>\n<\/tr>\n<tr class=\"row-17\">\n\t<td class=\"column-1\">92\/2003<\/td><td class=\"column-2\">\u201cAltera dispositivos da Lei n\u00ba 33\/97, que Disp\u00f5e<br \/>\nsobre as atividades de condutor aut\u00f4nomo de<br \/>\npassageiros, na categoria de aluguel (TAXI), e<br \/>\nd\u00e1 outras provid\u00eancias.\u201d<\/td><td class=\"column-3\"><a href=\"http:\/\/www.camposaltos.mg.gov.br\/portal\/Leis\/2003\/pdf\/92.pdf\" target=\"_blank\">arquivo.pdf<\/a><\/td>\n<\/tr>\n<tr class=\"row-18\">\n\t<td class=\"column-1\">93\/2003<\/td><td class=\"column-2\">\u201cDisp\u00f5e sobre a denomina\u00e7\u00e3o de via<br \/>\np\u00fablica.\u201d<\/td><td class=\"column-3\"><a href=\"http:\/\/www.camposaltos.mg.gov.br\/portal\/Leis\/2003\/pdf\/93.pdf\" target=\"_blank\">arquivo.pdf<\/a><\/td>\n<\/tr>\n<tr class=\"row-19\">\n\t<td class=\"column-1\">94\/2003<\/td><td class=\"column-2\">\u201cDisp\u00f5e sobre a denomina\u00e7\u00e3o de via<br \/>\np\u00fablica.\u201d<\/td><td class=\"column-3\"><a href=\"http:\/\/www.camposaltos.mg.gov.br\/portal\/Leis\/2003\/pdf\/94.pdf\" target=\"_blank\">arquivo.pdf<\/a><\/td>\n<\/tr>\n<tr class=\"row-20\">\n\t<td class=\"column-1\">95\/2003<\/td><td class=\"column-2\">Autoriza o Poder Executivo a locar espa\u00e7o<br \/>\np\u00fablico e d\u00e1 outras provid\u00eancias.<\/td><td class=\"column-3\"><a href=\"http:\/\/www.camposaltos.mg.gov.br\/portal\/Leis\/2003\/pdf\/95.pdf\" target=\"_blank\">arquivo.pdf<\/a><\/td>\n<\/tr>\n<tr class=\"row-21\">\n\t<td class=\"column-1\">96\/2003<\/td><td class=\"column-2\">\u201cCria Cargos de Coordenadores de Centros<br \/>\nMunicipais de Educa\u00e7\u00e3o Infantil e d\u00e1 outras<br \/>\nprovid\u00eancias\u201d.<\/td><td class=\"column-3\"><a href=\"http:\/\/www.camposaltos.mg.gov.br\/portal\/Leis\/2003\/pdf\/96.pdf\" target=\"_blank\">arquivo.pdf<\/a><\/td>\n<\/tr>\n<tr class=\"row-22\">\n\t<td class=\"column-1\">97\/2003<\/td><td class=\"column-2\">Disp\u00f5e sobre a concess\u00e3o de benef\u00edcios para<br \/>\npagamento de d\u00e9bitos fiscais em atraso,<br \/>\nestabelecendo normas para sua cobran\u00e7a extrajudicial<br \/>\ne d\u00e1 outras provid\u00eancias.<\/td><td class=\"column-3\"><a href=\"http:\/\/www.camposaltos.mg.gov.br\/portal\/Leis\/2003\/pdf\/97.pdf\" target=\"_blank\">arquivo.pdf<\/a><\/td>\n<\/tr>\n<tr class=\"row-23\">\n\t<td class=\"column-1\">98\/2003<\/td><td class=\"column-2\">Disp\u00f5e sobre altera\u00e7\u00e3o do inciso III do art. 4\u00ba da Lei<br \/>\nn\u00ba 76\/2002.<\/td><td class=\"column-3\"><a href=\"http:\/\/www.camposaltos.mg.gov.br\/portal\/Leis\/2003\/pdf\/98.pdf\" target=\"_blank\">arquivo.pdf<\/a><\/td>\n<\/tr>\n<tr class=\"row-24\">\n\t<td class=\"column-1\">99\/2003<\/td><td class=\"column-2\">DISP\u00d5E SOBRE AS INST\u00c2NCIAS DE CONTROLE SOCIAL,<br \/>\nDELIBERATIVAS DO SISTEMA \u00daNICO DE SA\u00daDE DO MUNIC\u00cdPIO<br \/>\nDE CAMPOS ALTOS E D\u00c1 OUTRAS PROVID\u00caNCIAS.<\/td><td class=\"column-3\"><a href=\"http:\/\/www.camposaltos.mg.gov.br\/portal\/Leis\/2003\/pdf\/99.pdf\" target=\"_blank\">arquivo.pdf<\/a><\/td>\n<\/tr>\n<tr class=\"row-25\">\n\t<td class=\"column-1\">100\/2003<\/td><td class=\"column-2\">Altera Artigo 1\u00ba, incisos I e III da Lei n\u00ba 88\/2003 de 11<br \/>\nde Julho de 2003 e d\u00e1 outras provid\u00eancias.<\/td><td class=\"column-3\"><a href=\"http:\/\/www.camposaltos.mg.gov.br\/portal\/Leis\/2003\/pdf\/100.pdf\" target=\"_blank\">arquivo.pdf<\/a><\/td>\n<\/tr>\n<tr class=\"row-26\">\n\t<td class=\"column-1\">101\/2003<\/td><td class=\"column-2\">Autoriza a firmar conv\u00eanio e d\u00e1 outras<br \/>\nprovid\u00eancias.<\/td><td class=\"column-3\"><a href=\"http:\/\/www.camposaltos.mg.gov.br\/portal\/Leis\/2003\/pdf\/101.pdf\" target=\"_blank\">arquivo.pdf<\/a><\/td>\n<\/tr>\n<tr class=\"row-27\">\n\t<td class=\"column-1\">102\/2003<\/td><td class=\"column-2\">Autoriza a firmar conv\u00eanio e d\u00e1 outras<br \/>\nprovid\u00eancias<\/td><td class=\"column-3\"><a href=\"http:\/\/www.camposaltos.mg.gov.br\/portal\/Leis\/2003\/pdf\/102.pdf\" target=\"_blank\">arquivo.pdf<\/a><\/td>\n<\/tr>\n<tr class=\"row-28\">\n\t<td class=\"column-1\">103\/2003<\/td><td class=\"column-2\">Concede gratifica\u00e7\u00e3o aos<br \/>\nservidores da \u00e1rea de<br \/>\nEduca\u00e7\u00e3o.<\/td><td class=\"column-3\"><a href=\"http:\/\/www.camposaltos.mg.gov.br\/portal\/Leis\/2003\/pdf\/103.pdf\" target=\"_blank\">arquivo.pdf<\/a><\/td>\n<\/tr>\n<tr class=\"row-29\">\n\t<td class=\"column-1\">104\/2003<\/td><td class=\"column-2\">ESTIMA A RECEITA E FIXA A DESPESA DO<br \/>\nMUNIC\u00cdPIO DE CAMPOS ALTOS\/MG PARA O<br \/>\nEXERC\u00cdCIO DE 2004.<\/td><td class=\"column-3\"><a href=\"http:\/\/www.camposaltos.mg.gov.br\/portal\/Leis\/2003\/pdf\/104.pdf\" target=\"_blank\">arquivo.pdf<\/a><\/td>\n<\/tr>\n<\/tbody>\n<\/table>\n<!-- #tablepress-20 from cache -->\n","protected":false},"excerpt":{"rendered":"<p><\/p>","protected":false},"author":1,"featured_media":0,"parent":0,"menu_order":0,"comment_status":"closed","ping_status":"closed","template":"","meta":{"tdm_status":"","tdm_grid_status":"","footnotes":""},"folder":[],"class_list":["post-2824","page","type-page","status-publish"],"amp_enabled":true,"_links":{"self":[{"href":"http:\/\/www.camposaltos.mg.gov.br\/portal\/wp-json\/wp\/v2\/pages\/2824","targetHints":{"allow":["GET"]}}],"collection":[{"href":"http:\/\/www.camposaltos.mg.gov.br\/portal\/wp-json\/wp\/v2\/pages"}],"about":[{"href":"http:\/\/www.camposaltos.mg.gov.br\/portal\/wp-json\/wp\/v2\/types\/page"}],"author":[{"embeddable":true,"href":"http:\/\/www.camposaltos.mg.gov.br\/portal\/wp-json\/wp\/v2\/users\/1"}],"replies":[{"embeddable":true,"href":"http:\/\/www.camposaltos.mg.gov.br\/portal\/wp-json\/wp\/v2\/comments?post=2824"}],"version-history":[{"count":0,"href":"http:\/\/www.camposaltos.mg.gov.br\/portal\/wp-json\/wp\/v2\/pages\/2824\/revisions"}],"wp:attachment":[{"href":"http:\/\/www.camposaltos.mg.gov.br\/portal\/wp-json\/wp\/v2\/media?parent=2824"}],"wp:term":[{"taxonomy":"folder","embeddable":true,"href":"http:\/\/www.camposaltos.mg.gov.br\/portal\/wp-json\/wp\/v2\/folder?post=2824"}],"curies":[{"name":"wp","href":"https:\/\/api.w.org\/{rel}","templated":true}]}}