{"id":283,"date":"2015-12-31T13:00:54","date_gmt":"2015-12-31T13:00:54","guid":{"rendered":"http:\/\/www.camposaltos.mg.gov.br\/portal\/?page_id=283"},"modified":"2015-12-31T13:00:54","modified_gmt":"2015-12-31T13:00:54","slug":"imagem-de-sao-jeronimo","status":"publish","type":"page","link":"http:\/\/www.camposaltos.mg.gov.br\/portal\/imagem-de-sao-jeronimo\/","title":{"rendered":"Imagem de S\u00e3o Jer\u00f4nimo"},"content":{"rendered":"<p><img loading=\"lazy\" decoding=\"async\" src=\"http:\/\/www.camposaltos.mg.gov.br\/old\/img_noticias\/sj1.jpg\" alt=\"\" width=\"200\" height=\"318\" border=\"0\" \/><\/p>\n<p><strong>\u00a0 \u00a0<strong><strong>Imagem de S\u00e3o Jer\u00f4nimo<\/strong><\/strong><\/strong><\/p>\n<p align=\"justify\">\n<p align=\"justify\">\u00a0\u00a0\u00a0\u00a0\u00a0\u00a0A Imagem de S\u00e3o Jer\u00f4nimo, talhada em madeira, encontra-se no altar-mor da igreja dedicada ao santo, no distrito de S\u00e3o Jer\u00f4nimo dos Po\u00e7\u00f5es. Apresenta t\u00e9cnica apurada de fabrica\u00e7\u00e3o com policromia (t\u00e9cnica de pintura realizada em v\u00e1rias camadas) e com ensambladuras (blocos de madeira), mede 1,47 cm de altura. Segundo os moradores locais, foi confeccionada em Portugal h\u00e1 mais de cem ano. A pe\u00e7a teria chegado ao distrito na \u00e9poca da constru\u00e7\u00e3o da primeira igreja dedicada ao santo, provavelmente no come\u00e7o da forma\u00e7\u00e3o da localidade, por volta dos anos 20 e 30 do s\u00e9culo XIX.<\/p>\n<p align=\"justify\">\u00a0\u00a0\u00a0\u00a0\u00a0\u00a0A imagem ficava no altar-mor da igreja, situada atr\u00e1s do cemit\u00e9rio, que funcionou at\u00e9 a d\u00e9cada de 1940. Depois a escultura foi transferida para novo templo, constru\u00edda no centro do distrito, em 1947, a partir de ent\u00e3o permanece no local at\u00e9 hoje. Pela an\u00e1lise dos dados citados acima referente \u00e0 imagem de S\u00e3o Jer\u00f4nimo, pode-se dizer que, possivelmente \u00e9 uma das pe\u00e7as sacras mais antigas do munic\u00edpio, sendo uma refer\u00eancia hist\u00f3rica para S\u00e3o Jer\u00f4nimo dos Po\u00e7\u00f5es, primeira ocupa\u00e7\u00e3o urbana no territ\u00f3rio que conforma atualmente Campos Altos.<\/p>\n<p align=\"justify\">\u00a0\u00a0\u00a0\u00a0\u00a0\u00a0S\u00e3o Jer\u00f4nimo \u00e9 um dos quatros doutores da Igreja Cat\u00f3lica, protetor dos editores, livreiros, tradutores, humanistas e das tempestades. Desde sua chegada ao distrito, a Imagem do santo \u00e9 adorada pelos fi\u00e9is por b\u00ean\u00e7\u00e3os recebidas, pela prote\u00e7\u00e3o dos raios e trov\u00f5es, que em compensa\u00e7\u00e3o organizam e realizam a festa do padroeiro, comemorada no dia 30 de setembro.<\/p>\n<p align=\"justify\">\u00a0\u00a0\u00a0\u00a0\u00a0\u00a0At\u00e9 pouco tempo atr\u00e1s a festa de S\u00e3o Jer\u00f4nimo durava tr\u00eas dias, contendo em sua programa\u00e7\u00e3o: leil\u00e3o, prociss\u00e3o, ter\u00e7o, missas com cantos l\u00edricos, novenas em v\u00e1rias casas que durava meses (final de agosto a inicio de outubro). O objetivo era arrecadar prendas para leiloar na culmin\u00e2ncia da festividade, movimentando a localidade e a vizinhan\u00e7a.<\/p>\n<p align=\"justify\">\u00a0\u00a0\u00a0\u00a0\u00a0\u00a0Atualmente a festa n\u00e3o tem a express\u00e3o de antes por que muitos devotos mudaram de S\u00e3o Jer\u00f4nimo dos Po\u00e7\u00f5es para a cidade de Campos Altos ou outros centros urbanos em busca de melhores condi\u00e7\u00f5es de vida. Durante o festejo acontecem novenas em algumas casas de devotos e no dia do padroeiro \u00e9 realizado missa, prociss\u00e3o na qual a Imagem \u00e9 carregada pelos fi\u00e9is em andor, percorrendo toda a extens\u00e3o da rua principal do distrito. Mas mesmo assim a festa tem um car\u00e1ter especial por ser um dia extraordin\u00e1rio no calend\u00e1rio local.<\/p>\n<p align=\"justify\">\u00a0\u00a0\u00a0\u00a0\u00a0\u00a0Em termos religiosos podemos dizer que a imagem \u00e9 deposit\u00e1ria de uma grande devo\u00e7\u00e3o popular, observ\u00e1vel na participa\u00e7\u00e3o e envolvimento dos moradores locais em sua festividade.<\/p>\n<p align=\"justify\">\n<table border=\"0\" width=\"200\" cellpadding=\"10\" align=\"center\">\n<tbody>\n<tr>\n<td>\n<div align=\"center\">\n<p><img loading=\"lazy\" decoding=\"async\" src=\"http:\/\/www.camposaltos.mg.gov.br\/old\/img_noticias\/sj2.jpg\" alt=\"\" width=\"212\" height=\"209\" border=\"0\" \/><\/p>\n<p>Imagem de S\u00e3o Jer\u00f4nimo<\/p>\n<\/div>\n<\/td>\n<td>\n<div align=\"center\">\n<p><img loading=\"lazy\" decoding=\"async\" src=\"http:\/\/www.camposaltos.mg.gov.br\/old\/img_noticias\/sj3.jpg\" alt=\"\" width=\"212\" height=\"158\" border=\"0\" \/><\/p>\n<p>Igreja de S\u00e3o Jer\u00f4nimo dos Po\u00e7\u00f5es<\/p>\n<\/div>\n<\/td>\n<\/tr>\n<\/tbody>\n<\/table>\n<p align=\"justify\">\n<p align=\"center\"><img loading=\"lazy\" decoding=\"async\" src=\"http:\/\/www.camposaltos.mg.gov.br\/old\/img_noticias\/mapa3.jpg\" alt=\"\" width=\"470\" height=\"295\" border=\"0\" \/><\/p>\n<p align=\"center\">Localiza\u00e7\u00e3o Igreja de S\u00e3o Jer\u00f4nimo \/ Imagem de S\u00e3o Jer\u00f4nimo<\/p>\n<p align=\"center\">\n<p align=\"justify\"><span class=\"ano\">Email:\u00a0<\/span><a href=\"mailto:cultura@camposaltos.mg.gov.br\"><u>cultura@camposaltos.mg.gov.br<\/u><\/a><\/p>\n<p><span class=\"ano\">Telefone:\u00a0<\/span>(37) 3426-9166<\/p>\n","protected":false},"excerpt":{"rendered":"<p>\u00a0 \u00a0Imagem de S\u00e3o Jer\u00f4nimo \u00a0\u00a0\u00a0\u00a0\u00a0\u00a0A Imagem de S\u00e3o Jer\u00f4nimo, talhada em madeira, encontra-se no altar-mor da igreja dedicada ao santo, no distrito de S\u00e3o Jer\u00f4nimo dos Po\u00e7\u00f5es. Apresenta t\u00e9cnica apurada de fabrica\u00e7\u00e3o com policromia (t\u00e9cnica de pintura realizada em v\u00e1rias camadas) e com ensambladuras (blocos de madeira), mede 1,47 cm de altura. Segundo os&hellip;<\/p>","protected":false},"author":1,"featured_media":0,"parent":0,"menu_order":0,"comment_status":"closed","ping_status":"closed","template":"","meta":{"tdm_status":"","tdm_grid_status":"","footnotes":""},"folder":[],"class_list":["post-283","page","type-page","status-publish"],"amp_enabled":true,"_links":{"self":[{"href":"http:\/\/www.camposaltos.mg.gov.br\/portal\/wp-json\/wp\/v2\/pages\/283","targetHints":{"allow":["GET"]}}],"collection":[{"href":"http:\/\/www.camposaltos.mg.gov.br\/portal\/wp-json\/wp\/v2\/pages"}],"about":[{"href":"http:\/\/www.camposaltos.mg.gov.br\/portal\/wp-json\/wp\/v2\/types\/page"}],"author":[{"embeddable":true,"href":"http:\/\/www.camposaltos.mg.gov.br\/portal\/wp-json\/wp\/v2\/users\/1"}],"replies":[{"embeddable":true,"href":"http:\/\/www.camposaltos.mg.gov.br\/portal\/wp-json\/wp\/v2\/comments?post=283"}],"version-history":[{"count":0,"href":"http:\/\/www.camposaltos.mg.gov.br\/portal\/wp-json\/wp\/v2\/pages\/283\/revisions"}],"wp:attachment":[{"href":"http:\/\/www.camposaltos.mg.gov.br\/portal\/wp-json\/wp\/v2\/media?parent=283"}],"wp:term":[{"taxonomy":"folder","embeddable":true,"href":"http:\/\/www.camposaltos.mg.gov.br\/portal\/wp-json\/wp\/v2\/folder?post=283"}],"curies":[{"name":"wp","href":"https:\/\/api.w.org\/{rel}","templated":true}]}}