{"id":2830,"date":"2018-07-13T19:29:49","date_gmt":"2018-07-13T19:29:49","guid":{"rendered":"http:\/\/www.camposaltos.mg.gov.br\/portal\/?page_id=2830"},"modified":"2018-07-13T19:29:49","modified_gmt":"2018-07-13T19:29:49","slug":"leis-em-vigor-2001","status":"publish","type":"page","link":"http:\/\/www.camposaltos.mg.gov.br\/portal\/leis-em-vigor-2001\/","title":{"rendered":"Leis em vigor 2001"},"content":{"rendered":"\n<table id=\"tablepress-22\" class=\"tablepress tablepress-id-22 tablepress-responsive\">\n<thead>\n<tr class=\"row-1\">\n\t<th class=\"column-1\">Leis <\/th><th class=\"column-2\">Descri\u00e7\u00e3o<\/th><th class=\"column-3\">Arquivos<\/th>\n<\/tr>\n<\/thead>\n<tbody class=\"row-striping row-hover\">\n<tr class=\"row-2\">\n\t<td class=\"column-1\">001\/2001<\/td><td class=\"column-2\">Autoriza a firmar conv\u00eanio e d\u00e1 outras provid\u00eancias.<\/td><td class=\"column-3\"><a href=\"http:\/\/www.camposaltos.mg.gov.br\/portal\/Leis\/2001\/pdf\/001.pdf\" target=\"_blank\">arquivo.pdf<\/a><\/td>\n<\/tr>\n<tr class=\"row-3\">\n\t<td class=\"column-1\">002\/2001<\/td><td class=\"column-2\">Autoriza pagamento de despesas de exerc\u00edcio<br \/>\nanterior e d\u00e1 outras provid\u00eancias.<\/td><td class=\"column-3\"><a href=\"http:\/\/www.camposaltos.mg.gov.br\/portal\/Leis\/2001\/pdf\/002.pdf\" target=\"_blank\">arquivo.pdf<\/a><\/td>\n<\/tr>\n<tr class=\"row-4\">\n\t<td class=\"column-1\">003\/2001<\/td><td class=\"column-2\">Autoriza a firmar conv\u00eanios e d\u00e1 outras<br \/>\nprovid\u00eancias.<\/td><td class=\"column-3\"><a href=\"http:\/\/www.camposaltos.mg.gov.br\/portal\/Leis\/2001\/pdf\/003.pdf\" target=\"_blank\">arquivo.pdf<\/a><\/td>\n<\/tr>\n<tr class=\"row-5\">\n\t<td class=\"column-1\">004\/2001<\/td><td class=\"column-2\">Autoriza a firmar conv\u00eanio e d\u00e1 outras provid\u00eancias.<\/td><td class=\"column-3\"><a href=\"http:\/\/www.camposaltos.mg.gov.br\/portal\/Leis\/2001\/pdf\/004.pdf\" target=\"_blank\">arquivo.pdf<\/a><\/td>\n<\/tr>\n<tr class=\"row-6\">\n\t<td class=\"column-1\">005\/2001<\/td><td class=\"column-2\">Autoriza a firmar conv\u00eanios e d\u00e1 outras<br \/>\nprovid\u00eancias.<\/td><td class=\"column-3\"><a href=\"http:\/\/www.camposaltos.mg.gov.br\/portal\/Leis\/2001\/pdf\/005.pdf\" target=\"_blank\">arquivo.pdf<\/a><\/td>\n<\/tr>\n<tr class=\"row-7\">\n\t<td class=\"column-1\">006\/2001<\/td><td class=\"column-2\">D\u00e1 nova reda\u00e7\u00e3o ao artigo 1\u00ba da Lei n\u00ba 09\/2000 de 04<br \/>\nde maio de 2000 e d\u00e1 outras provid\u00eancias.<\/td><td class=\"column-3\"><a href=\"http:\/\/www.camposaltos.mg.gov.br\/portal\/Leis\/2001\/pdf\/006.pdf\" target=\"_blank\">arquivo.pdf<\/a><\/td>\n<\/tr>\n<tr class=\"row-8\">\n\t<td class=\"column-1\">007\/2001<\/td><td class=\"column-2\">Autoriza o Poder Executivo a indenizar e d\u00e1 outras<br \/>\nprovid\u00eancias.<\/td><td class=\"column-3\"><a href=\"http:\/\/www.camposaltos.mg.gov.br\/portal\/Leis\/2001\/pdf\/007.pdf\" target=\"_blank\">arquivo.pdf<\/a><\/td>\n<\/tr>\n<tr class=\"row-9\">\n\t<td class=\"column-1\">008\/2001<\/td><td class=\"column-2\">Disp\u00f5e sobre regime de adiantamento e d\u00e1 outras<br \/>\nprovid\u00eancias.<\/td><td class=\"column-3\"><a href=\"http:\/\/www.camposaltos.mg.gov.br\/portal\/Leis\/2001\/pdf\/008.pdf\" target=\"_blank\">arquivo.pdf<\/a><\/td>\n<\/tr>\n<tr class=\"row-10\">\n\t<td class=\"column-1\">009\/2001<\/td><td class=\"column-2\">Disp\u00f5e sobre abertura de Cr\u00e9dito Especial.<\/td><td class=\"column-3\"><a href=\"http:\/\/www.camposaltos.mg.gov.br\/portal\/Leis\/2001\/pdf\/009.pdf\" target=\"_blank\">arquivo.pdf<\/a><\/td>\n<\/tr>\n<tr class=\"row-11\">\n\t<td class=\"column-1\">10\/2001<\/td><td class=\"column-2\">Autoriza o Poder Executivo a<br \/>\ncontratar temporariamente.<\/td><td class=\"column-3\"><a href=\"http:\/\/www.camposaltos.mg.gov.br\/portal\/Leis\/2001\/pdf\/10.pdf\" target=\"_blank\">arquivo.pdf<\/a><\/td>\n<\/tr>\n<tr class=\"row-12\">\n\t<td class=\"column-1\">11\/2001<\/td><td class=\"column-2\">Disp\u00f5e sobre a abertura de Cr\u00e9dito Especial.<\/td><td class=\"column-3\"><a href=\"http:\/\/www.camposaltos.mg.gov.br\/portal\/Leis\/2001\/pdf\/11.pdf\" target=\"_blank\">arquivo.pdf<\/a><\/td>\n<\/tr>\n<tr class=\"row-13\">\n\t<td class=\"column-1\">12\/2001<\/td><td class=\"column-2\">Estabelece a prote\u00e7\u00e3o do Patrim\u00f4nio Cultural de<br \/>\nCampos Altos. Atendendo ao disposto no artigo 216<br \/>\nda Constitui\u00e7\u00e3o Federal, autoriza o Poder Executivo a<br \/>\ninstituir o Conselho Municipal do Patrim\u00f4nio Cultural<br \/>\nde Campos Altos e d\u00e1 outras provid\u00eancias.<\/td><td class=\"column-3\"><a href=\"http:\/\/www.camposaltos.mg.gov.br\/portal\/Leis\/2001\/pdf\/12.pdf\" target=\"_blank\">arquivo.pdf<\/a><\/td>\n<\/tr>\n<tr class=\"row-14\">\n\t<td class=\"column-1\">13\/2001<\/td><td class=\"column-2\">Declara de Utilidade P\u00fablica, a Associa\u00e7\u00e3o<br \/>\ndos Moradores do Bairro Boa Esperan\u00e7a.<\/td><td class=\"column-3\"><a href=\"http:\/\/www.camposaltos.mg.gov.br\/portal\/Leis\/2001\/pdf\/13.pdf\" target=\"_blank\">arquivo.pdf<\/a><\/td>\n<\/tr>\n<tr class=\"row-15\">\n\t<td class=\"column-1\">14\/2001<\/td><td class=\"column-2\">Cria cargos de provimento em comiss\u00e3o na Estrutura<br \/>\nAdministrativa da Prefeitura Municipal e d\u00e1 outras<br \/>\nprovid\u00eancias.<\/td><td class=\"column-3\"><a href=\"http:\/\/www.camposaltos.mg.gov.br\/portal\/Leis\/2001\/pdf\/14.pdf\" target=\"_blank\">arquivo.pdf<\/a><\/td>\n<\/tr>\n<tr class=\"row-16\">\n\t<td class=\"column-1\">15\/2001<\/td><td class=\"column-2\">Autoriza o Poder Executivo a<br \/>\ncontratar temporariamente.<\/td><td class=\"column-3\"><a href=\"http:\/\/www.camposaltos.mg.gov.br\/portal\/Leis\/2001\/pdf\/15.pdf\" target=\"_blank\">arquivo.pdf<\/a><\/td>\n<\/tr>\n<tr class=\"row-17\">\n\t<td class=\"column-1\">16\/2001<\/td><td class=\"column-2\">Autoriza a firmar conv\u00eanios e d\u00e1 outras<br \/>\nprovid\u00eancias.<\/td><td class=\"column-3\"><a href=\"http:\/\/www.camposaltos.mg.gov.br\/portal\/Leis\/2001\/pdf\/16.pdf\" target=\"_blank\">arquivo.pdf<\/a><\/td>\n<\/tr>\n<tr class=\"row-18\">\n\t<td class=\"column-1\">17\/2001<\/td><td class=\"column-2\">D\u00e1 nova reda\u00e7\u00e3o ao artigo 1\u00ba da Lei n\u00ba 10\/2000 de 18<br \/>\nde maio de 2000 e d\u00e1 outras provid\u00eancias.<\/td><td class=\"column-3\"><a href=\"http:\/\/www.camposaltos.mg.gov.br\/portal\/Leis\/2001\/pdf\/17.pdf\" target=\"_blank\">arquivo.pdf<\/a><\/td>\n<\/tr>\n<tr class=\"row-19\">\n\t<td class=\"column-1\">18\/2001<\/td><td class=\"column-2\">Cria Creche Municipal.<\/td><td class=\"column-3\"><a href=\"http:\/\/www.camposaltos.mg.gov.br\/portal\/Leis\/2001\/pdf\/18.pdf\" target=\"_blank\">arquivo.pdf<\/a><\/td>\n<\/tr>\n<tr class=\"row-20\">\n\t<td class=\"column-1\">19\/2001<\/td><td class=\"column-2\">Cria Creche Municipal.<\/td><td class=\"column-3\"><a href=\"http:\/\/www.camposaltos.mg.gov.br\/portal\/Leis\/2001\/pdf\/19.pdf\" target=\"_blank\">arquivo.pdf<\/a><\/td>\n<\/tr>\n<tr class=\"row-21\">\n\t<td class=\"column-1\">20\/2001<\/td><td class=\"column-2\">Cria Creche Municipal.<\/td><td class=\"column-3\"><a href=\"http:\/\/www.camposaltos.mg.gov.br\/portal\/Leis\/2001\/pdf\/20.pdf\" target=\"_blank\">arquivo.pdf<\/a><\/td>\n<\/tr>\n<tr class=\"row-22\">\n\t<td class=\"column-1\">21\/2001<\/td><td class=\"column-2\">Institui o Programa de Garantia de Renda M\u00ednima associado<br \/>\na a\u00e7\u00f5es s\u00f3cio-educativas, e determina outras provid\u00eancias. -<br \/>\n\u201cBolsa Escola\u201d.<\/td><td class=\"column-3\"><a href=\"http:\/\/www.camposaltos.mg.gov.br\/portal\/Leis\/2001\/pdf\/21.pdf\" target=\"_blank\">arquivo.pdf<\/a><\/td>\n<\/tr>\n<tr class=\"row-23\">\n\t<td class=\"column-1\">22\/2001<\/td><td class=\"column-2\">Disp\u00f5e sobre a Concess\u00e3o de Incentivos<br \/>\nFiscais a Projetos Culturais.<\/td><td class=\"column-3\"><a href=\"http:\/\/www.camposaltos.mg.gov.br\/portal\/Leis\/2001\/pdf\/22.pdf\" target=\"_blank\">arquivo.pdf<\/a><\/td>\n<\/tr>\n<tr class=\"row-24\">\n\t<td class=\"column-1\">23\/2001<\/td><td class=\"column-2\">Concede aux\u00edlio financeiro.<\/td><td class=\"column-3\"><a href=\"http:\/\/www.camposaltos.mg.gov.br\/portal\/Leis\/2001\/pdf\/23.pdf\" target=\"_blank\">arquivo.pdf<\/a><\/td>\n<\/tr>\n<tr class=\"row-25\">\n\t<td class=\"column-1\">24\/2001<\/td><td class=\"column-2\">Altera dispositivo da Lei 13\/97 e d\u00e3o outras providencias.<\/td><td class=\"column-3\"><a href=\"http:\/\/www.camposaltos.mg.gov.br\/portal\/Leis\/2001\/pdf\/24.pdf\" target=\"_blank\">arquivo.pdf<\/a><\/td>\n<\/tr>\n<tr class=\"row-26\">\n\t<td class=\"column-1\">25\/2001<\/td><td class=\"column-2\">Altera carga hor\u00e1ria do T\u00e9cnico Superior Sa\u00fade - M\u00e9dico do<br \/>\nquadro permanente da Prefeitura.<\/td><td class=\"column-3\"><a href=\"http:\/\/www.camposaltos.mg.gov.br\/portal\/Leis\/2001\/pdf\/25.pdf\" target=\"_blank\">arquivo.pdf<\/a><\/td>\n<\/tr>\n<tr class=\"row-27\">\n\t<td class=\"column-1\">26\/2001<\/td><td class=\"column-2\">Disp\u00f5e sobre a concess\u00e3o de benef\u00edcios para<br \/>\npagamento de d\u00e9bitos fiscais em atraso,<br \/>\nestabelecendo normas para sua cobran\u00e7a<br \/>\nextrajudicial e d\u00e1 outras provid\u00eancias.<\/td><td class=\"column-3\"><a href=\"http:\/\/www.camposaltos.mg.gov.br\/portal\/Leis\/2001\/pdf\/26.pdf\" target=\"_blank\">arquivo.pdf<\/a><\/td>\n<\/tr>\n<tr class=\"row-28\">\n\t<td class=\"column-1\">29\/2001<\/td><td class=\"column-2\">Autoriza o Poder Executivo a firmar conv\u00eanio e d\u00e1<br \/>\noutras provid\u00eancias.<\/td><td class=\"column-3\"><a href=\"http:\/\/www.camposaltos.mg.gov.br\/portal\/Leis\/2001\/pdf\/29.pdf\" target=\"_blank\">arquivo.pdf<\/a><\/td>\n<\/tr>\n<tr class=\"row-29\">\n\t<td class=\"column-1\">30\/2001<\/td><td class=\"column-2\">Autoriza o Poder Executivo a conceder<br \/>\naux\u00edlio financeiro sob a forma de subven\u00e7\u00e3o a<br \/>\nentidade que menciona e d\u00e1 outras<br \/>\nprovid\u00eancias.<\/td><td class=\"column-3\"><a href=\"http:\/\/www.camposaltos.mg.gov.br\/portal\/Leis\/2001\/pdf\/30.pdf\" target=\"_blank\">arquivo.pdf<\/a><\/td>\n<\/tr>\n<tr class=\"row-30\">\n\t<td class=\"column-1\">31\/2001<\/td><td class=\"column-2\">Autoriza o Poder Executivo a conceder<br \/>\naux\u00edlio financeiro a entidade que menciona e<br \/>\nd\u00e1 outras provid\u00eancias.<\/td><td class=\"column-3\"><a href=\"http:\/\/www.camposaltos.mg.gov.br\/portal\/Leis\/2001\/pdf\/31.pdf\" target=\"_blank\">arquivo.pdf<\/a><\/td>\n<\/tr>\n<tr class=\"row-31\">\n\t<td class=\"column-1\">32\/2001<\/td><td class=\"column-2\">Autoriza o Poder Executivo a doar im\u00f3vel do Patrim\u00f4nio<br \/>\nMunicipal e da outras provid\u00eancias.<\/td><td class=\"column-3\"><a href=\"http:\/\/www.camposaltos.mg.gov.br\/portal\/Leis\/2001\/pdf\/32.pdf\" target=\"_blank\">arquivo.pdf<\/a><\/td>\n<\/tr>\n<tr class=\"row-32\">\n\t<td class=\"column-1\">33\/2001<\/td><td class=\"column-2\">AUTORIZA O PODER EXECUTIVO A CONTRATAR M\u00c3O DE<br \/>\nOBRA.<\/td><td class=\"column-3\"><a href=\"http:\/\/www.camposaltos.mg.gov.br\/portal\/Leis\/2001\/pdf\/33.pdf\" target=\"_blank\">arquivo.pdf<\/a><\/td>\n<\/tr>\n<tr class=\"row-33\">\n\t<td class=\"column-1\">34\/2001<\/td><td class=\"column-2\">Concede T\u00edtulos de Cidadania<\/td><td class=\"column-3\"><a href=\"http:\/\/www.camposaltos.mg.gov.br\/portal\/Leis\/2001\/pdf\/34.pdf\" target=\"_blank\">arquivo.pdf<\/a><\/td>\n<\/tr>\n<tr class=\"row-34\">\n\t<td class=\"column-1\">35\/2001<\/td><td class=\"column-2\">Concede T\u00edtulos de Cidadania<br \/>\nA C\u00e2mara Municipal de Campos Altos\/MG aprovou, e Eu, Prefeito Municipal, sanciono a<br \/>\nseguinte lei:<\/td><td class=\"column-3\"><a href=\"http:\/\/www.camposaltos.mg.gov.br\/portal\/Leis\/2001\/pdf\/35.pdf\" target=\"_blank\">arquivo.pdf<\/a><\/td>\n<\/tr>\n<tr class=\"row-35\">\n\t<td class=\"column-1\">36\/2001<\/td><td class=\"column-2\">AUTORIZA A PREFEITURA DESTE MUNICIPIO<br \/>\nA PARTICIPAR DE ASSOCIA\u00c7\u00c3O QUE SE<br \/>\nMENCIONA.<\/td><td class=\"column-3\"><a href=\"http:\/\/www.camposaltos.mg.gov.br\/portal\/Leis\/2001\/pdf\/36.pdf\" target=\"_blank\">arquivo.pdf<\/a><\/td>\n<\/tr>\n<tr class=\"row-36\">\n\t<td class=\"column-1\">37\/2001<\/td><td class=\"column-2\">Disp\u00f5e sobre abertura de cr\u00e9ditos suplementares e d\u00e1<br \/>\noutras provid\u00eancias.<\/td><td class=\"column-3\"><a href=\"http:\/\/www.camposaltos.mg.gov.br\/portal\/Leis\/2001\/pdf\/37.pdf\" target=\"_blank\">arquivo.pdf<\/a><\/td>\n<\/tr>\n<tr class=\"row-37\">\n\t<td class=\"column-1\">38\/2001<\/td><td class=\"column-2\">AUTORIZA O PODER LEGISLATIVO A FIRMAR CONV\u00caNIO COM A CAIXA<br \/>\nECON\u00d4MICA FEDERAL E CONT\u00c9M OUTRAS PROVID\u00caNCIAS.<\/td><td class=\"column-3\"><a href=\"http:\/\/www.camposaltos.mg.gov.br\/portal\/Leis\/2001\/pdf\/38.pdf\" target=\"_blank\">arquivo.pdf<\/a><\/td>\n<\/tr>\n<tr class=\"row-38\">\n\t<td class=\"column-1\">39\/2001<\/td><td class=\"column-2\">\u201cDISP\u00d5E SOBRE O PLANO PLURIANUAL DE<br \/>\nGOVERNO DO MUNICIPIO, PARA O PER\u00cdODO DE<br \/>\n2002 A 2005\u201d.<\/td><td class=\"column-3\"><a href=\"http:\/\/www.camposaltos.mg.gov.br\/portal\/Leis\/2001\/pdf\/39.pdf\" target=\"_blank\">arquivo.pdf<\/a><\/td>\n<\/tr>\n<tr class=\"row-39\">\n\t<td class=\"column-1\">40\/2001<\/td><td class=\"column-2\">Disp\u00f5e sobre cargos do Quadro Municipal de Pessoal<br \/>\nda Prefeitura Municipal de Campos Altos.<\/td><td class=\"column-3\"><a href=\"http:\/\/www.camposaltos.mg.gov.br\/portal\/Leis\/2001\/pdf\/40.pdf\" target=\"_blank\">arquivo.pdf<\/a><\/td>\n<\/tr>\n<tr class=\"row-40\">\n\t<td class=\"column-1\">41\/2001<\/td><td class=\"column-2\">Altera lei 03\/91 de Mar\u00e7o 1991 e d\u00e1 outras<br \/>\nprevid\u00eancias<\/td><td class=\"column-3\"><a href=\"http:\/\/www.camposaltos.mg.gov.br\/portal\/Leis\/2001\/pdf\/41.pdf\" target=\"_blank\">arquivo.pdf<\/a><\/td>\n<\/tr>\n<tr class=\"row-41\">\n\t<td class=\"column-1\">42\/2001<\/td><td class=\"column-2\">Disp\u00f5e sobre altera\u00e7\u00e3o do Inciso I do artigo 4\u00ba da lei<br \/>\n54\/2000 e o artigo 1\u00ba da lei n.\u00ba 37\/2001<\/td><td class=\"column-3\"><a href=\"http:\/\/www.camposaltos.mg.gov.br\/portal\/Leis\/2001\/pdf\/42.pdf\" target=\"_blank\">arquivo.pdf<\/a><\/td>\n<\/tr>\n<tr class=\"row-42\">\n\t<td class=\"column-1\">43\/2001<\/td><td class=\"column-2\">Disp\u00f5e sobre abertura de Cr\u00e9ditos Suplementares.<\/td><td class=\"column-3\"><a href=\"http:\/\/www.camposaltos.mg.gov.br\/portal\/Leis\/2001\/pdf\/43.pdf\" target=\"_blank\">arquivo.pdf<\/a><\/td>\n<\/tr>\n<tr class=\"row-43\">\n\t<td class=\"column-1\">44\/2001<\/td><td class=\"column-2\">Reconhece de Utilidade P\u00fablica Municipal o<br \/>\nCentro Esp\u00edrita Alberto Pinto da Silva, nesta<br \/>\ncidade.<\/td><td class=\"column-3\"><a href=\"http:\/\/www.camposaltos.mg.gov.br\/portal\/Leis\/2001\/pdf\/44.pdf\" target=\"_blank\">arquivo.pdf<\/a><\/td>\n<\/tr>\n<tr class=\"row-44\">\n\t<td class=\"column-1\">45\/2001<\/td><td class=\"column-2\">\u201cESTIMA A RECEITA E FIXA A DESPESA DO MUNICIPIO DE<br \/>\nCAMPOS ALTOS, PARA O EXERC\u00cdCIO DE 2002\u201d.<\/td><td class=\"column-3\"><a href=\"http:\/\/www.camposaltos.mg.gov.br\/portal\/Leis\/2001\/pdf\/45.pdf\" target=\"_blank\">arquivo.pdf<\/a><\/td>\n<\/tr>\n<\/tbody>\n<\/table>\n<!-- #tablepress-22 from cache -->\n","protected":false},"excerpt":{"rendered":"<p><\/p>","protected":false},"author":1,"featured_media":0,"parent":0,"menu_order":0,"comment_status":"closed","ping_status":"closed","template":"","meta":{"tdm_status":"","tdm_grid_status":"","footnotes":""},"folder":[],"class_list":["post-2830","page","type-page","status-publish"],"amp_enabled":true,"_links":{"self":[{"href":"http:\/\/www.camposaltos.mg.gov.br\/portal\/wp-json\/wp\/v2\/pages\/2830","targetHints":{"allow":["GET"]}}],"collection":[{"href":"http:\/\/www.camposaltos.mg.gov.br\/portal\/wp-json\/wp\/v2\/pages"}],"about":[{"href":"http:\/\/www.camposaltos.mg.gov.br\/portal\/wp-json\/wp\/v2\/types\/page"}],"author":[{"embeddable":true,"href":"http:\/\/www.camposaltos.mg.gov.br\/portal\/wp-json\/wp\/v2\/users\/1"}],"replies":[{"embeddable":true,"href":"http:\/\/www.camposaltos.mg.gov.br\/portal\/wp-json\/wp\/v2\/comments?post=2830"}],"version-history":[{"count":0,"href":"http:\/\/www.camposaltos.mg.gov.br\/portal\/wp-json\/wp\/v2\/pages\/2830\/revisions"}],"wp:attachment":[{"href":"http:\/\/www.camposaltos.mg.gov.br\/portal\/wp-json\/wp\/v2\/media?parent=2830"}],"wp:term":[{"taxonomy":"folder","embeddable":true,"href":"http:\/\/www.camposaltos.mg.gov.br\/portal\/wp-json\/wp\/v2\/folder?post=2830"}],"curies":[{"name":"wp","href":"https:\/\/api.w.org\/{rel}","templated":true}]}}