{"id":2849,"date":"2018-08-08T23:55:22","date_gmt":"2018-08-08T23:55:22","guid":{"rendered":"http:\/\/www.camposaltos.mg.gov.br\/portal\/?page_id=2849"},"modified":"2018-08-09T00:01:36","modified_gmt":"2018-08-09T00:01:36","slug":"institucional","status":"publish","type":"page","link":"http:\/\/www.camposaltos.mg.gov.br\/portal\/institucional\/","title":{"rendered":"Institucional"},"content":{"rendered":"<h1>&nbsp;<\/h1>\n<h1><strong>PODER EXECUTIVO<\/strong><\/h1>\n<p>&nbsp;<\/p>\n<h4>Paulo Cezar de Almeida&nbsp; &#8211;&nbsp; Prefeito Municipal<\/h4>\n<p>R: Corn\u00e9lia Alves Bicalho&nbsp; 401&nbsp; \/&nbsp; Centro&nbsp;<\/p>\n<p>Campos Altos-MG&nbsp; &nbsp; &nbsp; &nbsp; CEP: 38970-000&nbsp;&nbsp;<\/p>\n<p>(37) 9 9669-0900<\/p>\n<p>e-mail: <a href=\"camposaltos@camposaltos.mg.gov.br\">camposaltos@camposaltos.mg.gov.br<\/a><\/p>\n<hr>\n<h4>Jair Fernandes da Silva &#8211; Vice Prefeito Municipal<\/h4>\n<p>Campos Altos-MG&nbsp; &nbsp; &nbsp;CEP: 38970-000&nbsp;&nbsp;&nbsp;<\/p>\n<p>(37) 99110-5868<\/p>\n<hr>\n<h4>Paulo C\u00e9sar de Lima &#8211; Secret\u00e1rio Municipal Fazenda<\/h4>\n<p>(37) 3426-9103<\/p>\n<p>e-mail: <a href=\"mailto:semfaz@camposaltos.mg.gov.br\">semfaz@camposaltos.mg.gov.br<\/a><\/p>\n<hr>\n<h4>Altair Berton &#8211; Secret\u00e1rio Municipal de Obras e Servi\u00e7os Urbanos<\/h4>\n<p>(37) 3426-9180 \/ 9 9977-9264<\/p>\n<p>e-mail: <a href=\"mailto:semob@camposaltos.mg.gov.br\">semob@camposaltos.mg.gov.br<\/a><\/p>\n<hr>\n<h3>Carlos Alexandre Mendon\u00e7a &#8211; Secret\u00e1rio Interino Municipal de Agricultura<\/h3>\n<p>(37) 3426-9182<\/p>\n<p>e-mail: <a href=\"mailto:semag@camposaltos.mg.gov.br\">semag@camposaltos.mg.gov.br<\/a><\/p>\n<hr>\n<p>&nbsp;<\/p>\n<h4>Janete Elias Borges &#8211; Secret\u00e1ria Municipal de Sa\u00fade<\/h4>\n<p>(37) 3426-9190\/9191\/9192- 99973-2768<\/p>\n<p>e-mail: <a href=\"mailto:semusa@camposaltos.mg.gov.br\">semusa@camposaltos.mg.gov.br<\/a><\/p>\n<hr>\n<p>&nbsp;<\/p>\n<h4>Magda Maria Fuquisato da Silva &#8211; Secret\u00e1ria Municipal de Educa\u00e7\u00e3o<\/h4>\n<p>(37) 3426-9160\/9161<\/p>\n<p>e-mail: <a href=\"mailto:semed@camposaltos.mg.gov.br\">semed@camposaltos.mg.gov.br<\/a><\/p>\n<hr>\n<p>&nbsp;<\/p>\n<h4>Emerson Silva &#8211; Secret\u00e1rio Mun. de Desenvolvimento Social<\/h4>\n<p>Tel: 3426-9170\/9171\/ 999734162<\/p>\n<p>e-mail: <a href=\"mailto:semas@camposaltos.mg.gov.br\">semas@camposaltos.mg.gov.br<\/a><\/p>\n<hr>\n<p>&nbsp;<\/p>\n<h4>Adalberto Costa &#8211; Assessor de Comunica\u00e7\u00e3o<\/h4>\n<p>Tel: 3426-9126 \/ Celular: 9 9171-0546<\/p>\n<hr>\n<h4>Marco Aur\u00e9lio de Assis &#8211; Secret\u00e1rio Municipal de Esporte e Lazer<\/h4>\n<p>(37) 3426-9161- 9127-5022<\/p>\n<p>e-mail: <a href=\"mailto:semed@camposaltos.mg.gov.br\">semed@camposaltos.mg.gov.br<\/a><\/p>\n<hr>\n<p>&nbsp;<\/p>\n<h4>Rideny Ferreira Martins &#8211; Secret\u00e1rio Municipal &nbsp;de Cultura e Turismo<\/h4>\n<p>(37) 3426-9166- 9137-0383<\/p>\n<p>e-mail: <a href=\"mailto:cultura@camposaltos.mg.gov.br\">cultura@camposaltos.mg.gov.br<\/a><\/p>\n<hr>\n<p>&nbsp;<\/p>\n<h4>Dr. Andr\u00e9 Anic\u00e9sio dos Santos &#8211; Procurador Jur\u00eddico<\/h4>\n<p>(37) 3426-9120<\/p>\n<hr>\n<p>&nbsp;<\/p>\n<h4>Moizes J\u00fanior da Costa &#8211; Controlador Interno<\/h4>\n<p>(37) 3426-9130<\/p>\n<p><a href=\"mailto:tuliopkz@hotmail.com\">moizescosta@yahoo.com.br<\/a><\/p>\n<p>&nbsp;<\/p>\n<p>&nbsp;<\/p>\n","protected":false},"excerpt":{"rendered":"<p>&nbsp; PODER EXECUTIVO &nbsp; Paulo Cezar de Almeida&nbsp; -&nbsp; Prefeito Municipal R: Corn\u00e9lia Alves Bicalho&nbsp; 401&nbsp; \/&nbsp; Centro&nbsp; Campos Altos-MG&nbsp; &nbsp; &nbsp; &nbsp; CEP: 38970-000&nbsp;&nbsp; (37) 9 9669-0900 e-mail: camposaltos@camposaltos.mg.gov.br Jair Fernandes da Silva - Vice Prefeito Municipal Campos Altos-MG&nbsp; &nbsp; &nbsp;CEP: 38970-000&nbsp;&nbsp;&nbsp; (37) 99110-5868 Paulo C\u00e9sar de Lima - Secret\u00e1rio Municipal Fazenda (37) 3426-9103&hellip;<\/p>","protected":false},"author":1,"featured_media":0,"parent":0,"menu_order":0,"comment_status":"closed","ping_status":"closed","template":"","meta":{"tdm_status":"","tdm_grid_status":"","footnotes":""},"folder":[],"class_list":["post-2849","page","type-page","status-publish"],"amp_enabled":true,"_links":{"self":[{"href":"http:\/\/www.camposaltos.mg.gov.br\/portal\/wp-json\/wp\/v2\/pages\/2849","targetHints":{"allow":["GET"]}}],"collection":[{"href":"http:\/\/www.camposaltos.mg.gov.br\/portal\/wp-json\/wp\/v2\/pages"}],"about":[{"href":"http:\/\/www.camposaltos.mg.gov.br\/portal\/wp-json\/wp\/v2\/types\/page"}],"author":[{"embeddable":true,"href":"http:\/\/www.camposaltos.mg.gov.br\/portal\/wp-json\/wp\/v2\/users\/1"}],"replies":[{"embeddable":true,"href":"http:\/\/www.camposaltos.mg.gov.br\/portal\/wp-json\/wp\/v2\/comments?post=2849"}],"version-history":[{"count":0,"href":"http:\/\/www.camposaltos.mg.gov.br\/portal\/wp-json\/wp\/v2\/pages\/2849\/revisions"}],"wp:attachment":[{"href":"http:\/\/www.camposaltos.mg.gov.br\/portal\/wp-json\/wp\/v2\/media?parent=2849"}],"wp:term":[{"taxonomy":"folder","embeddable":true,"href":"http:\/\/www.camposaltos.mg.gov.br\/portal\/wp-json\/wp\/v2\/folder?post=2849"}],"curies":[{"name":"wp","href":"https:\/\/api.w.org\/{rel}","templated":true}]}}