{"id":3173,"date":"2019-06-18T10:31:35","date_gmt":"2019-06-18T10:31:35","guid":{"rendered":"http:\/\/www.camposaltos.mg.gov.br\/portal\/?page_id=3173"},"modified":"2019-06-18T10:31:36","modified_gmt":"2019-06-18T10:31:36","slug":"leis-em-vigor-2019","status":"publish","type":"page","link":"http:\/\/www.camposaltos.mg.gov.br\/portal\/leis-em-vigor-2019\/","title":{"rendered":"Leis em Vigor 2019"},"content":{"rendered":"\n<table id=\"tablepress-23\" class=\"tablepress tablepress-id-23 tablepress-responsive\">\n<thead>\n<tr class=\"row-1\">\n\t<th class=\"column-1\">Leis <\/th><th class=\"column-2\">Descri\u00e7\u00e3o<\/th><th class=\"column-3\">Arquivos<\/th>\n<\/tr>\n<\/thead>\n<tbody class=\"row-striping row-hover\">\n<tr class=\"row-2\">\n\t<td class=\"column-1\">825\/2019<\/td><td class=\"column-2\">ACRESCENTA O INCISO VIII JUNTO AO ARTIGO 33 DA LEI MUNICIPAL N\u00ba 477\/2012, DE 02 DE JANEIRO DE 2012, E DA OUTRAS PROVID\u00caNCIAS<\/td><td class=\"column-3\"><a href=\"http:\/\/www.camposaltos.mg.gov.br\/portal\/Leis\/2019\/826.pdf\" target=\"_blank\" rel=\"noopener noreferrer\">arquivo.pdf<\/a><\/td>\n<\/tr>\n<tr class=\"row-3\">\n\t<td class=\"column-1\">826\/2019<\/td><td class=\"column-2\">Autoriza celebra\u00e7\u00e3o de Termo de Fomento com a Hope \u2013 Associa\u00e7\u00e3o Protetora dos Animais para o exerc\u00edcio de 2019, autoriza abertura de cr\u00e9dito adicional suplementar e d\u00e1 outras provid\u00eancias.<\/td><td class=\"column-3\"><a href=\"http:\/\/www.camposaltos.mg.gov.br\/portal\/Leis\/2019\/825.pdf\" target=\"_blank\" rel=\"noopener noreferrer\">arquivo.pdf<\/a><\/td>\n<\/tr>\n<tr class=\"row-4\">\n\t<td class=\"column-1\">827\/2019<\/td><td class=\"column-2\">Prorroga o prazo para ades\u00e3o ao parcelamento estabelecido na Lei Municipal 792\/2018.<\/td><td class=\"column-3\"><a href=\"http:\/\/www.camposaltos.mg.gov.br\/portal\/Leis\/2019\/827.pdf\" target=\"_blank\" rel=\"noopener noreferrer\">arquivo.pdf<\/a><\/td>\n<\/tr>\n<tr class=\"row-5\">\n\t<td class=\"column-1\">828\/2019<\/td><td class=\"column-2\">Autoriza o Munic\u00edpio celebrar Termo de Contribui\u00e7\u00e3o com a Associa\u00e7\u00e3o dos Munic\u00edpios da Microrregi\u00e3o do Planalto de Arax\u00e1 \u2013 AMPLA \u2013 e d\u00e1 outras provid\u00eancias.<\/td><td class=\"column-3\"><a href=\"http:\/\/www.camposaltos.mg.gov.br\/portal\/Leis\/2019\/828.pdf\" target=\"_blank\" rel=\"noopener noreferrer\">arquivo.pdf<\/a><\/td>\n<\/tr>\n<tr class=\"row-6\">\n\t<td class=\"column-1\">829\/2019<\/td><td class=\"column-2\">Disp\u00f5e sobre a recomposi\u00e7\u00e3o anual dos subs\u00eddios dos agentes pol\u00edticos da C\u00e2mara Municipal de Campos Altos.<\/td><td class=\"column-3\"><a href=\"http:\/\/www.camposaltos.mg.gov.br\/portal\/Leis\/2019\/829.pdf\" target=\"_blank\" rel=\"noopener noreferrer\">arquivo.pdf<\/a><\/td>\n<\/tr>\n<tr class=\"row-7\">\n\t<td class=\"column-1\">830\/2019<\/td><td class=\"column-2\">\u201cDisp\u00f5e sobre os valores constantes na tabela do Art. 4\u00ba da Lei 301\/2008, que Instituiu o PROJETO \u201cCORPO E MENTE\u201d- Terceira Idade, e d\u00e1 outras provid\u00eancias\u201d.<\/td><td class=\"column-3\"><a href=\"http:\/\/www.camposaltos.mg.gov.br\/portal\/Leis\/2019\/830.pdf\" target=\"_blank\" rel=\"noopener noreferrer\">arquivo.pdf<\/a><\/td>\n<\/tr>\n<tr class=\"row-8\">\n\t<td class=\"column-1\">831\/2019<\/td><td class=\"column-2\">Disp\u00f5e sobre a abertura de Cr\u00e9ditos Adicionais Suplementares<\/td><td class=\"column-3\"><a href=\"http:\/\/www.camposaltos.mg.gov.br\/portal\/Leis\/2019\/831.pdf\" target=\"_blank\" rel=\"noopener noreferrer\">arquivo.pdf<\/a><\/td>\n<\/tr>\n<tr class=\"row-9\">\n\t<td class=\"column-1\">832\/2019<\/td><td class=\"column-2\">Concede isen\u00e7\u00e3o fiscal do Imposto Predial e Territorial Urbano - IPTU, nos casos que especifica.<\/td><td class=\"column-3\"><a href=\"http:\/\/www.camposaltos.mg.gov.br\/portal\/Leis\/2019\/832.pdf\" target=\"_blank\" rel=\"noopener noreferrer\">arquivo.pdf<\/a><\/td>\n<\/tr>\n<tr class=\"row-10\">\n\t<td class=\"column-1\">833\/2019<\/td><td class=\"column-2\">Declara de utilidade p\u00fablica a \u201cInstitui\u00e7\u00e3o de Apoio Campos Altos - INAPCA\u201d.<\/td><td class=\"column-3\"><a href=\"http:\/\/www.camposaltos.mg.gov.br\/portal\/Leis\/2019\/833.pdf\" target=\"_blank\" rel=\"noopener noreferrer\">arquivo.pdf<\/a><\/td>\n<\/tr>\n<tr class=\"row-11\">\n\t<td class=\"column-1\">834\/2019<\/td><td class=\"column-2\">Cria e organiza a Procuradoria Geral do Munic\u00edpio, disp\u00f5e sobre a carreira de advogado assistencialista municipal e d\u00e1 outras provid\u00eancias.<\/td><td class=\"column-3\"><a href=\"http:\/\/www.camposaltos.mg.gov.br\/portal\/Leis\/2019\/834.pdf\" target=\"_blank\" rel=\"noopener noreferrer\">arquivo.pdf<\/a><\/td>\n<\/tr>\n<tr class=\"row-12\">\n\t<td class=\"column-1\">835\/2019<\/td><td class=\"column-2\">Disp\u00f5e sobre a obrigatoriedade da apresenta\u00e7\u00e3o de declara\u00e7\u00e3o atualizada de vacinas, no ato da matr\u00edcula ou rematr\u00edcula escolar, nas redes p\u00fablica e privada de ensino.<\/td><td class=\"column-3\"><a href=\"http:\/\/www.camposaltos.mg.gov.br\/portal\/Leis\/2019\/835.pdf\" target=\"_blank\" rel=\"noopener noreferrer\">arquivo.pdf<\/a><\/td>\n<\/tr>\n<tr class=\"row-13\">\n\t<td class=\"column-1\">836\/2019<\/td><td class=\"column-2\">Ratifica o conv\u00eanio firmado entre o Tribunal de Justi\u00e7a do Estado de Minas Gerais e o Munic\u00edpio de Campos Altos e d\u00e1 outras provid\u00eancias.<\/td><td class=\"column-3\"><a href=\"http:\/\/www.camposaltos.mg.gov.br\/portal\/Leis\/2019\/836.pdf\" target=\"_blank\" rel=\"noopener noreferrer\">arquivo.pdf<\/a><\/td>\n<\/tr>\n<tr class=\"row-14\">\n\t<td class=\"column-1\">837\/2019<\/td><td class=\"column-2\">Cria o programa de pavimenta\u00e7\u00e3o em sistema comunit\u00e1rio.<\/td><td class=\"column-3\"><a href=\"http:\/\/www.camposaltos.mg.gov.br\/portal\/Leis\/2019\/837.pdf\" target=\"_blank\" rel=\"noopener noreferrer\">arquivo.pdf<\/a><\/td>\n<\/tr>\n<tr class=\"row-15\">\n\t<td class=\"column-1\">838\/2019<\/td><td class=\"column-2\">TRAZ NOVA REDA\u00c7\u00c3O AO ARTIGO 7\u00b0 DA LEI MUNICIPAL N\u00b0 633\/2014, E DA OUTRAS PROVIDENCIAS.<\/td><td class=\"column-3\"><a href=\"http:\/\/www.camposaltos.mg.gov.br\/portal\/Leis\/2019\/838.pdf\" target=\"_blank\" rel=\"noopener noreferrer\">arquivo.pdf<\/a><\/td>\n<\/tr>\n<tr class=\"row-16\">\n\t<td class=\"column-1\">839\/2019<\/td><td class=\"column-2\">Torna obrigat\u00f3ria a transmiss\u00e3o ao vivo, por meio da internet, das sess\u00f5es p\u00fablicas dos processos licitat\u00f3rios no \u00e2mbito do Munic\u00edpio de Campos Altos.<\/td><td class=\"column-3\"><a href=\"http:\/\/www.camposaltos.mg.gov.br\/portal\/Leis\/2019\/839.pdf\" target=\"_blank\" rel=\"noopener noreferrer\">arquivo.pdf<\/a><\/td>\n<\/tr>\n<tr class=\"row-17\">\n\t<td class=\"column-1\">840\/2019<\/td><td class=\"column-2\">Torna obrigat\u00f3rio o fornecimento de contracheque ao servidor p\u00fablico.<\/td><td class=\"column-3\"><a href=\"http:\/\/www.camposaltos.mg.gov.br\/portal\/Leis\/2019\/840.pdf\" target=\"_blank\" rel=\"noopener noreferrer\">arquivo.pdf<\/a><\/td>\n<\/tr>\n<tr class=\"row-18\">\n\t<td class=\"column-1\">841\/2019<\/td><td class=\"column-2\">Disp\u00f5e sobre as diretrizes para elabora\u00e7\u00e3o e execu\u00e7\u00e3o da Lei Or\u00e7ament\u00e1ria de 2020, e d\u00e1 outras provid\u00eancias.<\/td><td class=\"column-3\"><a href=\"http:\/\/www.camposaltos.mg.gov.br\/portal\/Leis\/2019\/841.pdf\" target=\"_blank\" rel=\"noopener noreferrer\">arquivo.pdf<\/a><\/td>\n<\/tr>\n<tr class=\"row-19\">\n\t<td class=\"column-1\">842\/2019<\/td><td class=\"column-2\">Concede revis\u00e3o geral dos vencimentos, subs\u00eddios, proventos e pens\u00f5es aos servidores ativos, comissionados, secret\u00e1rios, procuradoria, controle interno, inativos e pensionistas da administra\u00e7\u00e3o direta, indireta e autarquia do Munic\u00edpio de Campos Altos e d\u00e1 outras provid\u00eancias.<\/td><td class=\"column-3\"><a href=\"http:\/\/www.camposaltos.mg.gov.br\/portal\/Leis\/2019\/842.pdf\" target=\"_blank\" rel=\"noopener noreferrer\">arquivo.pdf<\/a><\/td>\n<\/tr>\n<tr class=\"row-20\">\n\t<td class=\"column-1\">843\/2019<\/td><td class=\"column-2\">\u201cAutoriza a realiza\u00e7\u00e3o da despesa que menciona para fins de promo\u00e7\u00e3o cultural e<br \/>\nd\u00e1 outras provid\u00eancias \u201d.<\/td><td class=\"column-3\"><a href=\"http:\/\/www.camposaltos.mg.gov.br\/portal\/Leis\/2019\/843.pdf\" target=\"_blank\" rel=\"noopener noreferrer\">arquivo.pdf<\/a><\/td>\n<\/tr>\n<tr class=\"row-21\">\n\t<td class=\"column-1\">844\/2019<\/td><td class=\"column-2\">Disp\u00f5e sobre a abertura de Cr\u00e9dito Especial<\/td><td class=\"column-3\"><a href=\"http:\/\/www.camposaltos.mg.gov.br\/portal\/Leis\/2019\/844.pdf\" target=\"_blank\" rel=\"noopener noreferrer\">arquivo.pdf<\/a><\/td>\n<\/tr>\n<tr class=\"row-22\">\n\t<td class=\"column-1\">845\/2019<\/td><td class=\"column-2\">Disp\u00f5e sobre a Abertura de Cr\u00e9dito Especial.<\/td><td class=\"column-3\"><a href=\"http:\/\/www.camposaltos.mg.gov.br\/portal\/Leis\/2019\/845.pdf\" target=\"_blank\" rel=\"noopener noreferrer\">arquivo.pdf<\/a><\/td>\n<\/tr>\n<tr class=\"row-23\">\n\t<td class=\"column-1\">846\/2019<\/td><td class=\"column-2\">Disp\u00f5e sobre a Abertura de Cr\u00e9dito Especial.<\/td><td class=\"column-3\"><a href=\"http:\/\/www.camposaltos.mg.gov.br\/portal\/Leis\/2019\/846.pdf\" target=\"_blank\" rel=\"noopener noreferrer\">arquivo.pdf<\/a><\/td>\n<\/tr>\n<tr class=\"row-24\">\n\t<td class=\"column-1\">847\/2019<\/td><td class=\"column-2\">Disp\u00f5e sobre a inclus\u00e3o de A\u00e7\u00e3o de Governo e Objetivo no Programa 0063 - Programa Viva Cidade \u2013 previsto na Lei Municipal 772\/2017 de 28.11.2017 que disp\u00f5e sobe o Plano Plurianual de A\u00e7\u00e3o Governamental \u2013 PPA para o per\u00edodo de 2018 a 2021.<\/td><td class=\"column-3\"><a href=\"http:\/\/www.camposaltos.mg.gov.br\/portal\/Leis\/2019\/847.pdf\" target=\"_blank\" rel=\"noopener noreferrer\">arquivo.pdf<\/a><\/td>\n<\/tr>\n<tr class=\"row-25\">\n\t<td class=\"column-1\">848\/2019<\/td><td class=\"column-2\">Ratifica o protocolo de inten\u00e7\u00f5es com a finalidade de instituir a Ag\u00eancia Regional de Desenvolvimento Econ\u00f4mico do Tri\u00e2ngulo Mineiro e Alto Parana\u00edba, de Minas Gerais e d\u00e1 outras provid\u00eancias.<\/td><td class=\"column-3\"><a href=\"http:\/\/www.camposaltos.mg.gov.br\/portal\/Leis\/2019\/848.pdf\" target=\"_blank\" rel=\"noopener noreferrer\">arquivo.pdf<\/a><\/td>\n<\/tr>\n<tr class=\"row-26\">\n\t<td class=\"column-1\">849\/2019<\/td><td class=\"column-2\">AUTORIZA O MUNIC\u00cdPIO DE CAMPOS ALTOS A CONTRATAR COM O BANCO DE DESENVOLVIMENTO DE MINAS GERAIS S\/A \u2013 BDMG, OPERA\u00c7\u00d5ES DE CR\u00c9DITO COM OUTORGA DE GARANTIA E D\u00c1 OUTRAS PROVID\u00caNCIAS.<\/td><td class=\"column-3\"><a href=\"http:\/\/www.camposaltos.mg.gov.br\/portal\/Leis\/2019\/849.pdf\" target=\"_blank\" rel=\"noopener noreferrer\">arquivo.pdf<\/a><\/td>\n<\/tr>\n<tr class=\"row-27\">\n\t<td class=\"column-1\">850\/2019<\/td><td class=\"column-2\">Disp\u00f5e sobre a instala\u00e7\u00e3o de equipamento eliminador de ar na tubula\u00e7\u00e3o do sistema de abastecimento de \u00e1gua e d\u00e1 outras provid\u00eancias.<\/td><td class=\"column-3\"><a href=\"http:\/\/www.camposaltos.mg.gov.br\/portal\/Leis\/2019\/850.pdf\" target=\"_blank\" rel=\"noopener noreferrer\">arquivo.pdf<\/a><\/td>\n<\/tr>\n<tr class=\"row-28\">\n\t<td class=\"column-1\">851\/2019<\/td><td class=\"column-2\">Disp\u00f5e sobre concess\u00e3o de contribui\u00e7\u00e3o para as escolas estaduais para realiza\u00e7\u00e3o do desfile c\u00edvico comemorativo de Campos Altos, e d\u00e1 outras provid\u00eancias.<\/td><td class=\"column-3\"><a href=\"http:\/\/www.camposaltos.mg.gov.br\/portal\/Leis\/2019\/851.pdf\" target=\"_blank\" rel=\"noopener noreferrer\">arquivo.pdf<\/a><\/td>\n<\/tr>\n<tr class=\"row-29\">\n\t<td class=\"column-1\">852\/2019<\/td><td class=\"column-2\">Disp\u00f5e sobre concess\u00e3o de contribui\u00e7\u00e3o para a Associa\u00e7\u00e3o de Pais e Amigos dos Excepcionais de Campos Altos \u2013 APAE - e d\u00e1 outras provid\u00eancias.<\/td><td class=\"column-3\"><a href=\"http:\/\/www.camposaltos.mg.gov.br\/portal\/Leis\/2019\/852.pdf\" target=\"_blank\" rel=\"noopener noreferrer\">arquivo.pdf<\/a><\/td>\n<\/tr>\n<tr class=\"row-30\">\n\t<td class=\"column-1\">853\/2019<\/td><td class=\"column-2\">Disp\u00f5e sobre a abertura de cr\u00e9ditos adicionais suplementares<\/td><td class=\"column-3\"><a href=\"http:\/\/www.camposaltos.mg.gov.br\/portal\/Leis\/2019\/853.pdf\" target=\"_blank\" rel=\"noopener noreferrer\">arquivo.pdf<\/a><\/td>\n<\/tr>\n<tr class=\"row-31\">\n\t<td class=\"column-1\">854\/2019<\/td><td class=\"column-2\">AUTORIZA O MUNIC\u00cdPIO DE CAMPOS ALTOS, PROPORCIONAR AO SERVIDOR PUBLICO EFETIVO CONTRATADO E COMISSIONADO E AOS AGENTES POL\u00cdTICOS A AQUISI\u00c7\u00c3O DE PASSAPORTES E INGRESSOS INDIVIDUAIS EM CONSIGNA\u00c7\u00c3O DE SEUS VENCIMENTOS.<\/td><td class=\"column-3\"><a href=\"http:\/\/www.camposaltos.mg.gov.br\/portal\/Leis\/2019\/854.pdf\" target=\"_blank\" rel=\"noopener noreferrer\">arquivo.pdf<\/a><\/td>\n<\/tr>\n<tr class=\"row-32\">\n\t<td class=\"column-1\">855\/2019<\/td><td class=\"column-2\">Autoriza aumentar R$ 10.000,00 (dez mil reais) no termo de fomento celebrado com a Vila Vicentina de Campos Altos \u2013 SSVP, CNPJ 20.045.274\/0001-04, e d\u00e1 outras provid\u00eancias.<\/td><td class=\"column-3\"><a href=\"http:\/\/www.camposaltos.mg.gov.br\/portal\/Leis\/2019\/855.pdf\" target=\"_blank\" rel=\"noopener noreferrer\">arquivo.pdf<\/a><\/td>\n<\/tr>\n<tr class=\"row-33\">\n\t<td class=\"column-1\">856\/2019<\/td><td class=\"column-2\">Fixa o piso salarial dos Agentes Comunit\u00e1rios em Sa\u00fade e dos Agentes de Combate \u00e0s Endemias no Munic\u00edpio de Campos Altos e d\u00e1 outras provid\u00eancias.<\/td><td class=\"column-3\"><a href=\"http:\/\/www.camposaltos.mg.gov.br\/portal\/Leis\/2019\/856.pdf\" target=\"_blank\" rel=\"noopener noreferrer\">arquivo.pdf<\/a><\/td>\n<\/tr>\n<tr class=\"row-34\">\n\t<td class=\"column-1\">857\/2019<\/td><td class=\"column-2\">Declara de utilidade p\u00fablica a \u201cUni\u00e3o de M\u00e3es dos Bairros L\u00e1zaro Leite e Boa Esperan\u00e7a\u201d.<\/td><td class=\"column-3\"><a href=\"http:\/\/www.camposaltos.mg.gov.br\/portal\/Leis\/2019\/857.pdf\" target=\"_blank\" rel=\"noopener noreferrer\">arquivo.pdf<\/a><\/td>\n<\/tr>\n<tr class=\"row-35\">\n\t<td class=\"column-1\">858\/2019<\/td><td class=\"column-2\">Disp\u00f5e sobre a abertura de Cr\u00e9ditos Adicionais Suplementares.<\/td><td class=\"column-3\"><a href=\"http:\/\/www.camposaltos.mg.gov.br\/portal\/Leis\/2019\/858.pdf\" target=\"_blank\" rel=\"noopener noreferrer\">arquivo.pdf<\/a><\/td>\n<\/tr>\n<tr class=\"row-36\">\n\t<td class=\"column-1\">859\/2019<\/td><td class=\"column-2\">AUTORIZA O PODER EXECUTIVO A CONCEDER MATERIAIS PARA CONSTRU\u00c7\u00c3O, RECONSTRU\u00c7\u00c3O OU COMPLEMENTA\u00c7\u00c3O DE CONSTRU\u00c7\u00c3O ATRAV\u00c9S DE DOA\u00c7\u00c3O, PARA FAM\u00cdLIAS DE BAIXA RENDA E D\u00c1 OUTRAS PROVID\u00caNCIAS.<\/td><td class=\"column-3\"><a href=\"http:\/\/www.camposaltos.mg.gov.br\/portal\/Leis\/2019\/859.pdf\" target=\"_blank\" rel=\"noopener noreferrer\">arquivo.pdf<\/a><\/td>\n<\/tr>\n<tr class=\"row-37\">\n\t<td class=\"column-1\">860\/2019<\/td><td class=\"column-2\">Disp\u00f5e sobre a abertura de Cr\u00e9ditos Adicionais Suplementares.<br \/>\n<\/td><td class=\"column-3\"><a href=\"http:\/\/www.camposaltos.mg.gov.br\/portal\/Leis\/2019\/860.pdf\" target=\"_blank\" rel=\"noopener noreferrer\">arquivo.pdf<\/a><\/td>\n<\/tr>\n<tr class=\"row-38\">\n\t<td class=\"column-1\">861\/2019<\/td><td class=\"column-2\">Declara de utilidade p\u00fablica a \u201cAssocia\u00e7\u00e3o dos Amigos do Parque Estadual dos Campos Altos \u2013 AAPECA\u201d.<\/td><td class=\"column-3\"><a href=\"http:\/\/www.camposaltos.mg.gov.br\/portal\/Leis\/2019\/861.pdf\" target=\"_blank\" rel=\"noopener noreferrer\">arquivo.pdf<\/a><\/td>\n<\/tr>\n<tr class=\"row-39\">\n\t<td class=\"column-1\">862\/2019<\/td><td class=\"column-2\">INSTITUI O CONCURSO DE DECORA\u00c7\u00d5ES NATALINA AO PROJETO \u201cNATAL ILUMINADO\u201d E D\u00c1 OUTRAS PROVID\u00caNCIAS.<\/td><td class=\"column-3\"><a href=\"http:\/\/www.camposaltos.mg.gov.br\/portal\/Leis\/2019\/862.pdf\" target=\"_blank\" rel=\"noopener noreferrer\">arquivo.pdf<\/a><\/td>\n<\/tr>\n<tr class=\"row-40\">\n\t<td class=\"column-1\">863\/2019<\/td><td class=\"column-2\">INSERE PAR\u00c1GRAFO \u00daNICO NO ART. 1\u00ba DA LEI N\u00ba 856\/2019 DE 02 DE OUTUBRO DE 2019, E D\u00c1 OUTRAS PROVID\u00caNCIAS.<\/td><td class=\"column-3\"><a href=\"http:\/\/www.camposaltos.mg.gov.br\/portal\/Leis\/2019\/863.pdf\" target=\"_blank\" rel=\"noopener noreferrer\">arquivo.pdf<\/a><\/td>\n<\/tr>\n<tr class=\"row-41\">\n\t<td class=\"column-1\">864\/2019<\/td><td class=\"column-2\">\u201cEstima as receitas e fixa as despesas do Or\u00e7amento Fiscal do Munic\u00edpio de Campos Altos para o exerc\u00edcio de 2020\u201d.<\/td><td class=\"column-3\"><a href=\"http:\/\/www.camposaltos.mg.gov.br\/portal\/Leis\/2019\/864.pdf\" target=\"_blank\" rel=\"noopener noreferrer\">arquivo.pdf<\/a><\/td>\n<\/tr>\n<tr class=\"row-42\">\n\t<td class=\"column-1\">865\/2019<\/td><td class=\"column-2\">CONCEDE ABONO PECUNI\u00c1RIO AOS PROFISSIONAIS DA EDUCA\u00c7\u00c3O B\u00c1SICA DA REDE MUNICIPAL DE ENSINO QUE SE ENCONTRAM NO EXERC\u00cdCIO DA DOC\u00caNCIA, DE SUPORTE \u00c0 DOC\u00caNCIA E DEMAIS ATIVIDADES DE APOIO A EDUCA\u00c7\u00c3O MUNICIPAL, NA FORMA QUE ESPECIFICA, E D\u00c1 OUTRAS PROVID\u00caNCIAS.<\/td><td class=\"column-3\"><a href=\"http:\/\/www.camposaltos.mg.gov.br\/portal\/Leis\/2019\/865.pdf\" target=\"_blank\" rel=\"noopener noreferrer\">arquivo.pdf<\/a><\/td>\n<\/tr>\n<tr class=\"row-43\">\n\t<td class=\"column-1\">866\/2019<\/td><td class=\"column-2\">Autoriza celebra\u00e7\u00e3o de Termo de Fomento com as entidades e associa\u00e7\u00f5es especificadas, e d\u00e1 outras provid\u00eancias.<\/td><td class=\"column-3\"><a href=\"http:\/\/www.camposaltos.mg.gov.br\/portal\/Leis\/2019\/866.pdf\" target=\"_blank\" rel=\"noopener noreferrer\">arquivo.pdf<\/a><\/td>\n<\/tr>\n<tr class=\"row-44\">\n\t<td class=\"column-1\">867\/2019<\/td><td class=\"column-2\">Autoriza celebra\u00e7\u00e3o de conv\u00eanio com a Santa Casa de Miseric\u00f3rdia de Campos Altos, e d\u00e1 outras provid\u00eancias.<br \/>\nA<\/td><td class=\"column-3\"><a href=\"http:\/\/www.camposaltos.mg.gov.br\/portal\/Leis\/2019\/867.pdf\" target=\"_blank\" rel=\"noopener noreferrer\">arquivo.pdf<\/a><\/td>\n<\/tr>\n<\/tbody>\n<\/table>\n<!-- #tablepress-23 from cache -->\n","protected":false},"excerpt":{"rendered":"<p><\/p>","protected":false},"author":1,"featured_media":0,"parent":0,"menu_order":0,"comment_status":"closed","ping_status":"closed","template":"","meta":{"tdm_status":"","tdm_grid_status":"","footnotes":""},"folder":[],"class_list":["post-3173","page","type-page","status-publish"],"amp_enabled":true,"_links":{"self":[{"href":"http:\/\/www.camposaltos.mg.gov.br\/portal\/wp-json\/wp\/v2\/pages\/3173","targetHints":{"allow":["GET"]}}],"collection":[{"href":"http:\/\/www.camposaltos.mg.gov.br\/portal\/wp-json\/wp\/v2\/pages"}],"about":[{"href":"http:\/\/www.camposaltos.mg.gov.br\/portal\/wp-json\/wp\/v2\/types\/page"}],"author":[{"embeddable":true,"href":"http:\/\/www.camposaltos.mg.gov.br\/portal\/wp-json\/wp\/v2\/users\/1"}],"replies":[{"embeddable":true,"href":"http:\/\/www.camposaltos.mg.gov.br\/portal\/wp-json\/wp\/v2\/comments?post=3173"}],"version-history":[{"count":0,"href":"http:\/\/www.camposaltos.mg.gov.br\/portal\/wp-json\/wp\/v2\/pages\/3173\/revisions"}],"wp:attachment":[{"href":"http:\/\/www.camposaltos.mg.gov.br\/portal\/wp-json\/wp\/v2\/media?parent=3173"}],"wp:term":[{"taxonomy":"folder","embeddable":true,"href":"http:\/\/www.camposaltos.mg.gov.br\/portal\/wp-json\/wp\/v2\/folder?post=3173"}],"curies":[{"name":"wp","href":"https:\/\/api.w.org\/{rel}","templated":true}]}}