{"id":3345,"date":"2020-04-08T20:07:10","date_gmt":"2020-04-08T20:07:10","guid":{"rendered":"http:\/\/www.camposaltos.mg.gov.br\/portal\/?page_id=3345"},"modified":"2020-04-08T20:07:10","modified_gmt":"2020-04-08T20:07:10","slug":"leis-em-vigor-2020","status":"publish","type":"page","link":"http:\/\/www.camposaltos.mg.gov.br\/portal\/leis-em-vigor-2020\/","title":{"rendered":"Leis em vigor 2020"},"content":{"rendered":"\n<table id=\"tablepress-24\" class=\"tablepress tablepress-id-24 tablepress-responsive\">\n<thead>\n<tr class=\"row-1\">\n\t<th class=\"column-1\">Leis <\/th><th class=\"column-2\">Descri\u00e7\u00e3o<\/th><th class=\"column-3\">Arquivos<\/th>\n<\/tr>\n<\/thead>\n<tbody class=\"row-striping row-hover\">\n<tr class=\"row-2\">\n\t<td class=\"column-1\">870\/2020<\/td><td class=\"column-2\">\u201cDisp\u00f5e sobre os valores constantes na tabela do Art. 4\u00ba da Lei 301\/2008, que Instituiu o PROJETO \u201cCORPO E MENTE\u201d- Terceira Idade, e d\u00e1 outras provid\u00eancias\u201d.<\/td><td class=\"column-3\"><a href=\"http:\/\/www.camposaltos.mg.gov.br\/portal\/Leis\/2020\/870.pdf\" target=\"_blank\" rel=\"noopener noreferrer\">arquivo.pdf<\/a><\/td>\n<\/tr>\n<tr class=\"row-3\">\n\t<td class=\"column-1\">871\/2020<\/td><td class=\"column-2\">Autoriza celebra\u00e7\u00e3o de Termo de Fomento com a Hope \u2013 Associa\u00e7\u00e3o Protetora dos Animais e d\u00e1 outras provid\u00eancias.<\/td><td class=\"column-3\"><a href=\"http:\/\/www.camposaltos.mg.gov.br\/portal\/Leis\/2020\/871.pdf\" target=\"_blank\" rel=\"noopener noreferrer\">arquivo.pdf<\/a><\/td>\n<\/tr>\n<tr class=\"row-4\">\n\t<td class=\"column-1\">872\/2020<\/td><td class=\"column-2\">Autoriza celebra\u00e7\u00e3o de Termo de Fomento com Associa\u00e7\u00e3o de Pais e Amigos dos Excepcionais de Campos Altos \u2013 APAE - e d\u00e1 outras provid\u00eancias.<\/td><td class=\"column-3\"><a href=\"http:\/\/www.camposaltos.mg.gov.br\/portal\/Leis\/2020\/872.pdf\" target=\"_blank\" rel=\"noopener noreferrer\">arquivo.pdf<\/a><\/td>\n<\/tr>\n<tr class=\"row-5\">\n\t<td class=\"column-1\">873\/2020<\/td><td class=\"column-2\">DISP\u00d5E SOBRE FORMAS DE PAGAMENTO E PARCELAMENTO DE CR\u00c9DITOS TRIBUT\u00c1RIOS E D\u00c1 OUTRAS PROVID\u00caNCIAS.<\/td><td class=\"column-3\"><a href=\"http:\/\/www.camposaltos.mg.gov.br\/portal\/Leis\/2020\/873.pdf\" target=\"_blank\" rel=\"noopener noreferrer\">arquivo.pdf<\/a><\/td>\n<\/tr>\n<tr class=\"row-6\">\n\t<td class=\"column-1\">874\/2020<\/td><td class=\"column-2\">\u201cDISP\u00d5E SOBRE A REVIS\u00c3O DO PLANO PLURIANUAL DE A\u00c7\u00c3O GOVERNAMENTAL \u2013 PPAG - DO MUNIC\u00cdPIO DE CAMPOS ALTOS PARA O PER\u00cdODO DE 2018 A 2021 E D\u00c1 OUTRAS PROVID\u00caNCIAS\u201d<\/td><td class=\"column-3\"><a href=\"http:\/\/www.camposaltos.mg.gov.br\/portal\/Leis\/2020\/874.pdf\" target=\"_blank\" rel=\"noopener noreferrer\">arquivo.pdf<\/a><\/td>\n<\/tr>\n<tr class=\"row-7\">\n\t<td class=\"column-1\">875\/2020<\/td><td class=\"column-2\">Disp\u00f5e sobre a abertura de Cr\u00e9dito Adicional Especial<\/td><td class=\"column-3\"><a href=\"http:\/\/www.camposaltos.mg.gov.br\/portal\/Leis\/2020\/875.pdf\" target=\"_blank\" rel=\"noopener noreferrer\">arquivo.pdf<\/a><\/td>\n<\/tr>\n<tr class=\"row-8\">\n\t<td class=\"column-1\">876\/2020<\/td><td class=\"column-2\">Disp\u00f5e sobre a abertura de Cr\u00e9dito Adicional Especial<\/td><td class=\"column-3\"><a href=\"http:\/\/www.camposaltos.mg.gov.br\/portal\/Leis\/2020\/876.pdf\" target=\"_blank\" rel=\"noopener noreferrer\">arquivo.pdf<\/a><\/td>\n<\/tr>\n<tr class=\"row-9\">\n\t<td class=\"column-1\">877\/2020<\/td><td class=\"column-2\">Disp\u00f5e sobre a abertura de Cr\u00e9ditos Adicionais Especiais<\/td><td class=\"column-3\"><a href=\"http:\/\/www.camposaltos.mg.gov.br\/portal\/Leis\/2020\/877.pdf\" target=\"_blank\" rel=\"noopener noreferrer\">arquivo.pdf<\/a><\/td>\n<\/tr>\n<tr class=\"row-10\">\n\t<td class=\"column-1\">878\/2020<\/td><td class=\"column-2\">Disp\u00f5e sobre a abertura de Cr\u00e9dito Adicional Especial<\/td><td class=\"column-3\"><a href=\"http:\/\/www.camposaltos.mg.gov.br\/portal\/Leis\/2020\/878.pdf\" target=\"_blank\" rel=\"noopener noreferrer\">arquivo.pdf<\/a><\/td>\n<\/tr>\n<tr class=\"row-11\">\n\t<td class=\"column-1\">879\/2020<\/td><td class=\"column-2\">AUTORIZA OS PODERES EXECUTIVO, LEGISLATIVO E AUTARQUIA DO MUNIC\u00cdPIO A CELEBRAR CONV\u00caNIO COM INSTITUI\u00c7\u00d5ES BANC\u00c1RIAS PARA OBTEN\u00c7\u00c3O DE EMPR\u00c9STIMOS CONSIGNADOS AOS SERVIDORES ATIVOS, INATIVOS, PENSIONISTAS, AGENTES POLITICOS E D\u00c1 OUTRAS PROVID\u00caNCIAS.<\/td><td class=\"column-3\"><a href=\"http:\/\/www.camposaltos.mg.gov.br\/portal\/Leis\/2020\/879.pdf\" target=\"_blank\" rel=\"noopener noreferrer\">arquivo.pdf<\/a><\/td>\n<\/tr>\n<tr class=\"row-12\">\n\t<td class=\"column-1\">880\/2020<\/td><td class=\"column-2\">Disp\u00f5e sobre a abertura de Cr\u00e9ditos Adicionais Especiais<\/td><td class=\"column-3\"><a href=\"http:\/\/www.camposaltos.mg.gov.br\/portal\/Leis\/2020\/880.pdf\" target=\"_blank\" rel=\"noopener noreferrer\">arquivo.pdf<\/a><\/td>\n<\/tr>\n<tr class=\"row-13\">\n\t<td class=\"column-1\">881\/2020<\/td><td class=\"column-2\">Concede REAJUSTE geral dos vencimentos, proventos e pens\u00f5es aos servidores ativos, inativos e pensionistas da administra\u00e7\u00e3o direta, cargos comissionados e autarquia do Munic\u00edpio de Campos Altos e d\u00e1 outras provid\u00eancias.<\/td><td class=\"column-3\"><a href=\"http:\/\/www.camposaltos.mg.gov.br\/portal\/Leis\/2020\/881.pdf\" target=\"_blank\" rel=\"noopener noreferrer\">arquivo.pdf<\/a><\/td>\n<\/tr>\n<tr class=\"row-14\">\n\t<td class=\"column-1\">882\/2020<\/td><td class=\"column-2\">Revoga-se as Leis Municipal 430\/2010 e 457\/2011, regulamenta a concess\u00e3o de di\u00e1rias de viagem e adiantamento para despesas no \u00e2mbito do Executivo Municipal e d\u00e1 outras provid\u00eancias.<\/td><td class=\"column-3\"><a href=\"http:\/\/www.camposaltos.mg.gov.br\/portal\/Leis\/2020\/882.pdf\" target=\"_blank\" rel=\"noopener noreferrer\">arquivo.pdf<\/a><\/td>\n<\/tr>\n<tr class=\"row-15\">\n\t<td class=\"column-1\">883\/2020<\/td><td class=\"column-2\">Autoriza aumentar R$ 36.000,00 (trinta e seis mil reais) no termo de fomento celebrado com a Vila Vicentina de Campos Altos \u2013 SSVP, CNPJ 20.045.274\/0001-04, e d\u00e1 outras provid\u00eancias.<\/td><td class=\"column-3\"><a href=\"http:\/\/www.camposaltos.mg.gov.br\/portal\/Leis\/2020\/883.pdf\" target=\"_blank\" rel=\"noopener noreferrer\">arquivo.pdf<\/a><\/td>\n<\/tr>\n<tr class=\"row-16\">\n\t<td class=\"column-1\">884\/2020<\/td><td class=\"column-2\">Disp\u00f5e sobre a ABERTURA DE CREDITOS ESPECIAIS<\/td><td class=\"column-3\"><a href=\"http:\/\/www.camposaltos.mg.gov.br\/portal\/Leis\/2020\/884.pdf\" target=\"_blank\" rel=\"noopener noreferrer\">arquivo.pdf<\/a><\/td>\n<\/tr>\n<tr class=\"row-17\">\n\t<td class=\"column-1\">885\/2020<\/td><td class=\"column-2\">Disp\u00f5e sobre a inclus\u00e3o de A\u00e7\u00e3o de Governo e Objetivo no Programa 0045 - Programa Vigil\u00e2ncia Em Sa\u00fade\u2013 previsto na Lei Municipal 772\/2017 de 28.11.2017 que disp\u00f5e sobe o Plano Plurianual de A\u00e7\u00e3o Governamental \u2013 PPA para o per\u00edodo de 2018 a 2021.<\/td><td class=\"column-3\"><a href=\"http:\/\/www.camposaltos.mg.gov.br\/portal\/Leis\/2020\/885.pdf\" target=\"_blank\" rel=\"noopener noreferrer\">arquivo.pdf<\/a><\/td>\n<\/tr>\n<tr class=\"row-18\">\n\t<td class=\"column-1\">886\/2020<\/td><td class=\"column-2\">Autoriza o Munic\u00edpio celebrar Termo de Contribui\u00e7\u00e3o com a Associa\u00e7\u00e3o dos Munic\u00edpios da Microrregi\u00e3o do Planalto de Arax\u00e1 \u2013 AMPLA \u2013 para o exerc\u00edcio de 2020 e d\u00e1 outras provid\u00eancias.<\/td><td class=\"column-3\"><a href=\"http:\/\/www.camposaltos.mg.gov.br\/portal\/Leis\/2020\/886.pdf\" target=\"_blank\" rel=\"noopener noreferrer\">arquivo.pdf<\/a><\/td>\n<\/tr>\n<tr class=\"row-19\">\n\t<td class=\"column-1\">887\/2020<\/td><td class=\"column-2\">DISP\u00d5E SOBRE A TRANSFER\u00caNCIA DA CONCESS\u00c3O E PAGAMENTO DOS BENEF\u00cdCIOS TEMPOR\u00c1RIOS AO ENTE FEDERATIVO E D\u00c1 OUTRAS PROVID\u00caNCIAS<\/td><td class=\"column-3\"><a href=\"http:\/\/www.camposaltos.mg.gov.br\/portal\/Leis\/2020\/887.pdf\" target=\"_blank\" rel=\"noopener noreferrer\">arquivo.pdf<\/a><\/td>\n<\/tr>\n<tr class=\"row-20\">\n\t<td class=\"column-1\">888\/2020<\/td><td class=\"column-2\">Disp\u00f5e sobre a ABERTURA DE CREDITOS ESPECIAIS<\/td><td class=\"column-3\"><a href=\"http:\/\/www.camposaltos.mg.gov.br\/portal\/Leis\/2020\/888.pdf\" target=\"_blank\" rel=\"noopener noreferrer\">arquivo.pdf<\/a><\/td>\n<\/tr>\n<tr class=\"row-21\">\n\t<td class=\"column-1\">889\/2020<\/td><td class=\"column-2\">Altera dispositivo da Lei Municipal n\u00ba 129 de 21 de dezembro de 2004, que disp\u00f5e sobre a reestrutura\u00e7\u00e3o da Autarquia Municipal denominada Instituto de Previd\u00eancia Municipal de Campos Altos - IPMCA e d\u00e1 outras provid\u00eancias<\/td><td class=\"column-3\"><a href=\"http:\/\/www.camposaltos.mg.gov.br\/portal\/Leis\/2020\/889.pdf\" target=\"_blank\" rel=\"noopener noreferrer\">arquivo.pdf<\/a><\/td>\n<\/tr>\n<tr class=\"row-22\">\n\t<td class=\"column-1\">890\/2020<\/td><td class=\"column-2\">\u201cAUTORIZA O MUNIC\u00cdPIO DE CAMPOS ALTOS A CELEBRAR CONV\u00caNIO COM O MUNIC\u00cdPIO DE PRATINHA-MG, VISANDO \u00c0 IMPLANTA\u00c7\u00c3O E MANUTEN\u00c7\u00c3O DE CASA LAR, PARA O ATENDIMENTO DAS A\u00c7\u00d5ES PREVISTAS NO ESTATUTO DA CRIAN\u00c7A E DO ADOLESCENTE\u201d.<\/td><td class=\"column-3\"><a href=\"http:\/\/www.camposaltos.mg.gov.br\/portal\/Leis\/2020\/890.pdf\" target=\"_blank\" rel=\"noopener noreferrer\">arquivo.pdf<\/a><\/td>\n<\/tr>\n<tr class=\"row-23\">\n\t<td class=\"column-1\">891\/2020<\/td><td class=\"column-2\">D\u00e1 nova reda\u00e7\u00e3o ao art. 3\u00ba da Lei Municipal 758\/2017.<\/td><td class=\"column-3\"><a href=\"http:\/\/www.camposaltos.mg.gov.br\/portal\/Leis\/2020\/891.pdf\" target=\"_blank\" rel=\"noopener noreferrer\">arquivo.pdf<\/a><\/td>\n<\/tr>\n<tr class=\"row-24\">\n\t<td class=\"column-1\">892\/2020<\/td><td class=\"column-2\">Disp\u00f5e sobre as diretrizes para elabora\u00e7\u00e3o e execu\u00e7\u00e3o da Lei Or\u00e7ament\u00e1ria de 2021, e d\u00e1 outras provid\u00eancias.<\/td><td class=\"column-3\"><a href=\"http:\/\/www.camposaltos.mg.gov.br\/portal\/Leis\/2020\/892.pdf\" target=\"_blank\" rel=\"noopener noreferrer\">arquivo.pdf<\/a><\/td>\n<\/tr>\n<tr class=\"row-25\">\n\t<td class=\"column-1\">893\/2020<\/td><td class=\"column-2\">Disp\u00f5e sobre a ABERTURA DE CREDITO ESPECIAL<\/td><td class=\"column-3\"><a href=\"http:\/\/www.camposaltos.mg.gov.br\/portal\/Leis\/2020\/893.pdf\" target=\"_blank\" rel=\"noopener noreferrer\">arquivo.pdf<\/a><\/td>\n<\/tr>\n<tr class=\"row-26\">\n\t<td class=\"column-1\">894\/2020<\/td><td class=\"column-2\">Disp\u00f5e sobre a ABERTURA DE CREDITO ESPECIAL<\/td><td class=\"column-3\"><a href=\"http:\/\/www.camposaltos.mg.gov.br\/portal\/Leis\/2020\/894.pdf\" target=\"_blank\" rel=\"noopener noreferrer\">arquivo.pdf<\/a><\/td>\n<\/tr>\n<tr class=\"row-27\">\n\t<td class=\"column-1\">895\/2020<\/td><td class=\"column-2\">Autoriza o pagamento de d\u00e9bitos de exerc\u00edcios anteriores oriundos de infra\u00e7\u00e3o a Legisla\u00e7\u00e3o de Tr\u00e2nsito e d\u00e1 outras provid\u00eancias.<\/td><td class=\"column-3\"><a href=\"http:\/\/www.camposaltos.mg.gov.br\/portal\/Leis\/2020\/895.pdf\" target=\"_blank\" rel=\"noopener noreferrer\">arquivo.pdf<\/a><\/td>\n<\/tr>\n<tr class=\"row-28\">\n\t<td class=\"column-1\">896\/2020<\/td><td class=\"column-2\">DISP\u00d5E SOBRE ALTERA\u00c7\u00c3O NA LEI 18\/91 E D\u00c1 OUTRAS PROVID\u00caNCIAS.<\/td><td class=\"column-3\"><a href=\"http:\/\/www.camposaltos.mg.gov.br\/portal\/Leis\/2020\/896.pdf\" target=\"_blank\" rel=\"noopener noreferrer\">arquivo.pdf<\/a><\/td>\n<\/tr>\n<tr class=\"row-29\">\n\t<td class=\"column-1\">897\/2020<\/td><td class=\"column-2\">Disp\u00f5e sobre a inclus\u00e3o de A\u00e7\u00e3o de Governo e Objetivo no Programa 0042 \u2013 Programa Acolhimento Social \u2013 previsto na Lei Municipal 874\/2020 de 24\/03\/2020 que disp\u00f5e sobre a Revis\u00e3o do Plano Plurianual de A\u00e7\u00e3o Governamental \u2013 PPAG - para o per\u00edodo de 2018 a 2021.<\/td><td class=\"column-3\"><a href=\"http:\/\/www.camposaltos.mg.gov.br\/portal\/Leis\/2020\/897.pdf\" target=\"_blank\" rel=\"noopener noreferrer\">arquivo.pdf<\/a><\/td>\n<\/tr>\n<tr class=\"row-30\">\n\t<td class=\"column-1\">898\/2020<\/td><td class=\"column-2\">Disp\u00f5e sobre a inclus\u00e3o de Meta e Objetivo nas a\u00e7\u00f5es do Fundo Municipal de Assist\u00eancia Social previstas na Lei Municipal 841\/2019 de 10 de Junho de 2019 que disp\u00f5e sobre a Lei de Diretrizes Or\u00e7ament\u00e1rias para o exerc\u00edcio de 2020 LDO.<\/td><td class=\"column-3\"><a href=\"http:\/\/www.camposaltos.mg.gov.br\/portal\/Leis\/2020\/898.pdf\" target=\"_blank\" rel=\"noopener noreferrer\">arquivo.pdf<\/a><\/td>\n<\/tr>\n<tr class=\"row-31\">\n\t<td class=\"column-1\">899\/2020<\/td><td class=\"column-2\">DISP\u00d5E SOBRE A ABERTURA DE CREDITOS ESPECIAIS<\/td><td class=\"column-3\"><a href=\"http:\/\/www.camposaltos.mg.gov.br\/portal\/Leis\/2020\/899.pdf\" target=\"_blank\" rel=\"noopener noreferrer\">arquivo.pdf<\/a><\/td>\n<\/tr>\n<tr class=\"row-32\">\n\t<td class=\"column-1\">900\/2020<\/td><td class=\"column-2\">Disp\u00f5e sobre a ABERTURA DE CREDITO ESPECIAL<\/td><td class=\"column-3\"><a href=\"http:\/\/www.camposaltos.mg.gov.br\/portal\/Leis\/2020\/900.pdf\" target=\"_blank\" rel=\"noopener noreferrer\">arquivo.pdf<\/a><\/td>\n<\/tr>\n<tr class=\"row-33\">\n\t<td class=\"column-1\">901\/2020<\/td><td class=\"column-2\">Disp\u00f5e sobre a ABERTURA DE CREDITO ESPECIAL<\/td><td class=\"column-3\"><a href=\"http:\/\/www.camposaltos.mg.gov.br\/portal\/Leis\/2020\/901.pdf\" target=\"_blank\" rel=\"noopener noreferrer\">arquivo.pdf<\/a><\/td>\n<\/tr>\n<tr class=\"row-34\">\n\t<td class=\"column-1\">902\/2020<\/td><td class=\"column-2\">Disp\u00f5e sobre a ABERTURA DE CREDITOS ESPECIAIS<\/td><td class=\"column-3\"><a href=\"http:\/\/www.camposaltos.mg.gov.br\/portal\/Leis\/2020\/902.pdf\" target=\"_blank\" rel=\"noopener noreferrer\">arquivo.pdf<\/a><\/td>\n<\/tr>\n<tr class=\"row-35\">\n\t<td class=\"column-1\">903\/2020<\/td><td class=\"column-2\">Disp\u00f5e sobre a ABERTURA DE CREDITOS ADICIONAIS SUPLEMENTARES<\/td><td class=\"column-3\"><a href=\"http:\/\/www.camposaltos.mg.gov.br\/portal\/Leis\/2020\/903.pdf\" target=\"_blank\" rel=\"noopener noreferrer\">arquivo.pdf<\/a><\/td>\n<\/tr>\n<tr class=\"row-36\">\n\t<td class=\"column-1\">904\/2020<\/td><td class=\"column-2\">Disp\u00f5e sobre a ABERTURA DE CREDITO ESPECIAL<\/td><td class=\"column-3\"><a href=\"http:\/\/www.camposaltos.mg.gov.br\/portal\/Leis\/2020\/904.pdf\" target=\"_blank\" rel=\"noopener noreferrer\">arquivo.pdf<\/a><\/td>\n<\/tr>\n<tr class=\"row-37\">\n\t<td class=\"column-1\">905\/2020<\/td><td class=\"column-2\">Disp\u00f5e sobre a denomina\u00e7\u00e3o de logradouro p\u00fablico.<\/td><td class=\"column-3\"><a href=\"http:\/\/www.camposaltos.mg.gov.br\/portal\/Leis\/2020\/905.pdf\" target=\"_blank\" rel=\"noopener noreferrer\">arquivo.pdf<\/a><\/td>\n<\/tr>\n<tr class=\"row-38\">\n\t<td class=\"column-1\">906\/2020<\/td><td class=\"column-2\">Disp\u00f5e sobre a denomina\u00e7\u00e3o de logradouro p\u00fablico.<\/td><td class=\"column-3\"><a href=\"http:\/\/www.camposaltos.mg.gov.br\/portal\/Leis\/2020\/906.pdf\" target=\"_blank\" rel=\"noopener noreferrer\">arquivo.pdf<\/a><\/td>\n<\/tr>\n<tr class=\"row-39\">\n\t<td class=\"column-1\">907\/2020<\/td><td class=\"column-2\">Disp\u00f5e sobre a denomina\u00e7\u00e3o de logradouro p\u00fablico.<\/td><td class=\"column-3\"><a href=\"http:\/\/www.camposaltos.mg.gov.br\/portal\/Leis\/2020\/907.pdf\" target=\"_blank\" rel=\"noopener noreferrer\">arquivo.pdf<\/a><\/td>\n<\/tr>\n<tr class=\"row-40\">\n\t<td class=\"column-1\">908\/2020<\/td><td class=\"column-2\">Disp\u00f5e sobre a ABERTURA DE CREDITO ESPECIAL<\/td><td class=\"column-3\"><a href=\"http:\/\/www.camposaltos.mg.gov.br\/portal\/Leis\/2020\/908.pdf\" target=\"_blank\" rel=\"noopener noreferrer\">arquivo.pdf<\/a><\/td>\n<\/tr>\n<tr class=\"row-41\">\n\t<td class=\"column-1\">909\/2020<\/td><td class=\"column-2\">Disp\u00f5e sobre a ABERTURA DE CREDITO ADICIONAL SUPLEMENTAR<\/td><td class=\"column-3\"><a href=\"http:\/\/www.camposaltos.mg.gov.br\/portal\/Leis\/2020\/909.pdf\" target=\"_blank\" rel=\"noopener noreferrer\">arquivo.pdf<\/a><\/td>\n<\/tr>\n<tr class=\"row-42\">\n\t<td class=\"column-1\">910\/2020<\/td><td class=\"column-2\">Disp\u00f5e sobre a ABERTURA DE CREDITO ADICIONAL SUPLEMENTAR<\/td><td class=\"column-3\"><a href=\"http:\/\/www.camposaltos.mg.gov.br\/portal\/Leis\/2020\/910.pdf\" target=\"_blank\" rel=\"noopener noreferrer\">arquivo.pdf<\/a><\/td>\n<\/tr>\n<tr class=\"row-43\">\n\t<td class=\"column-1\">911\/2020<\/td><td class=\"column-2\">Disp\u00f5e sobre a ABERTURA DE CREDITO ESPECIAL<\/td><td class=\"column-3\"><a href=\"http:\/\/www.camposaltos.mg.gov.br\/portal\/Leis\/2020\/911.pdf\" target=\"_blank\" rel=\"noopener noreferrer\">arquivo.pdf<\/a><\/td>\n<\/tr>\n<tr class=\"row-44\">\n\t<td class=\"column-1\">912\/2020<\/td><td class=\"column-2\">Disp\u00f5e sobre a denomina\u00e7\u00e3o de patrim\u00f4nio cultural imaterial.<\/td><td class=\"column-3\"><a href=\"http:\/\/www.camposaltos.mg.gov.br\/portal\/Leis\/2020\/912.pdf\" target=\"_blank\" rel=\"noopener noreferrer\">arquivo.pdf<\/a><\/td>\n<\/tr>\n<tr class=\"row-45\">\n\t<td class=\"column-1\">913\/2020<\/td><td class=\"column-2\">Disp\u00f5e sobre altera\u00e7\u00e3o da Lei Municipal 841\/2019 de 10\/06\/2019 que disp\u00f5e sobre as Diretrizes para a Elabora\u00e7\u00e3o da Lei Or\u00e7ament\u00e1ria de 2020 com a inclus\u00e3o de nova Meta\/Prioridade da Administra\u00e7\u00e3o Municipal.<\/td><td class=\"column-3\"><a href=\"http:\/\/www.camposaltos.mg.gov.br\/portal\/Leis\/2020\/913.pdf\" target=\"_blank\" rel=\"noopener noreferrer\">arquivo.pdf<\/a><\/td>\n<\/tr>\n<tr class=\"row-46\">\n\t<td class=\"column-1\">914\/2020<\/td><td class=\"column-2\">Disp\u00f5e sobre a inclus\u00e3o de A\u00e7\u00e3o de Governo e Objetivo no Programa 0074 \u2013 Incentivo \u00e0s Atividades de Manifesta\u00e7\u00e3o Popular \u2013 previsto na Lei Municipal 772\/2017 de 28.11.2017, revisada pela Lei 874\/2020 de 24\/03\/2020 - que disp\u00f5em sobre o Plano Plurianual de A\u00e7\u00e3o Governamental \u2013 PPA para o per\u00edodo de 2018 a 2021.<\/td><td class=\"column-3\"><a href=\"http:\/\/www.camposaltos.mg.gov.br\/portal\/Leis\/2020\/914.pdf\" target=\"_blank\" rel=\"noopener noreferrer\">arquivo.pdf<\/a><\/td>\n<\/tr>\n<tr class=\"row-47\">\n\t<td class=\"column-1\">915\/2020<\/td><td class=\"column-2\">Disp\u00f5e sobre a ABERTURA DE CREDITOS ESPECIAIS.<\/td><td class=\"column-3\"><a href=\"http:\/\/www.camposaltos.mg.gov.br\/portal\/Leis\/2020\/915.pdf\" target=\"_blank\" rel=\"noopener noreferrer\">arquivo.pdf<\/a><\/td>\n<\/tr>\n<tr class=\"row-48\">\n\t<td class=\"column-1\">916\/2020<\/td><td class=\"column-2\">DISP\u00d5E SOBRE A DENOMINA\u00c7\u00c3O DE LOGRADOURO P\u00daBLICO.<\/td><td class=\"column-3\"><a href=\"http:\/\/www.camposaltos.mg.gov.br\/portal\/Leis\/2020\/916.pdf\" target=\"_blank\" rel=\"noopener noreferrer\">arquivo.pdf<\/a><\/td>\n<\/tr>\n<tr class=\"row-49\">\n\t<td class=\"column-1\">917\/2020<\/td><td class=\"column-2\">Disp\u00f5e sobre altera\u00e7\u00e3o da Lei Municipal 841\/2019 de 10\/06\/2019 que disp\u00f5e sobre as Diretrizes para a Elabora\u00e7\u00e3o da Lei Or\u00e7ament\u00e1ria de 2020 com a inclus\u00e3o de nova Meta\/Prioridade da Administra\u00e7\u00e3o Municipal.<\/td><td class=\"column-3\"><a href=\"http:\/\/www.camposaltos.mg.gov.br\/portal\/Leis\/2020\/917.pdf\" target=\"_blank\" rel=\"noopener noreferrer\">arquivo.pdf<\/a><\/td>\n<\/tr>\n<tr class=\"row-50\">\n\t<td class=\"column-1\">918\/2020<\/td><td class=\"column-2\">Disp\u00f5e sobre a ABERTURA DE CREDITO ESPECIAL<\/td><td class=\"column-3\"><a href=\"http:\/\/www.camposaltos.mg.gov.br\/portal\/Leis\/2020\/918.pdf\" target=\"_blank\" rel=\"noopener noreferrer\">arquivo.pdf<\/a><\/td>\n<\/tr>\n<tr class=\"row-51\">\n\t<td class=\"column-1\">919\/2020<\/td><td class=\"column-2\">Disp\u00f5e sobre a inclus\u00e3o de A\u00e7\u00e3o de Governo e Objetivo no Programa 0045 \u2013 Programa Vigil\u00e2ncia em Sa\u00fade \u2013 previsto na Lei Municipal 772\/2017 de 28.11.2017, revisada pela Lei 874\/2020 de 24\/03\/2020 - que disp\u00f5em sobre o Plano Plurianual de A\u00e7\u00e3o Governamental \u2013 PPA para o per\u00edodo de 2018 a 2021.<\/td><td class=\"column-3\"><a href=\"http:\/\/www.camposaltos.mg.gov.br\/portal\/Leis\/2020\/919.pdf\" target=\"_blank\" rel=\"noopener noreferrer\">arquivo.pdf<\/a><\/td>\n<\/tr>\n<tr class=\"row-52\">\n\t<td class=\"column-1\">920\/2020<\/td><td class=\"column-2\">Autoriza aumentar R$ 110.000,00 (cento e dez mil reais) na subven\u00e7\u00e3o social para a Santa Casa de Miseric\u00f3rdia de Campos Altos, e d\u00e1 outras provid\u00eancias.<\/td><td class=\"column-3\"><a href=\"http:\/\/www.camposaltos.mg.gov.br\/portal\/Leis\/2020\/920.pdf\" target=\"_blank\" rel=\"noopener noreferrer\">arquivo.pdf<\/a><\/td>\n<\/tr>\n<tr class=\"row-53\">\n\t<td class=\"column-1\">921\/2020<\/td><td class=\"column-2\">Disp\u00f5e sobre a ABERTURA DE CREDITOS ADICIONAIS SUPLEMENTARES<\/td><td class=\"column-3\"><a href=\"http:\/\/www.camposaltos.mg.gov.br\/portal\/Leis\/2020\/921.pdf\" target=\"_blank\" rel=\"noopener noreferrer\">arquivo.pdf<\/a><\/td>\n<\/tr>\n<tr class=\"row-54\">\n\t<td class=\"column-1\">922\/2020<\/td><td class=\"column-2\">CONCEDE ABONO PECUNI\u00c1RIO AOS PROFISSIONAIS DA EDUCA\u00c7\u00c3O B\u00c1SICA DA REDE MUNICIPAL DE ENSINO QUE SE ENCONTRAM NO EXERC\u00cdCIO DA DOC\u00caNCIA, DE SUPORTE \u00c0 DOC\u00caNCIA E DEMAIS ATIVIDADES DE APOIO A EDUCA\u00c7\u00c3O MUNICIPAL, NA FORMA QUE ESPECIFICA, E D\u00c1 OUTRAS PROVID\u00caNCIAS.<\/td><td class=\"column-3\"><a href=\"http:\/\/www.camposaltos.mg.gov.br\/portal\/Leis\/2020\/922.pdf\" target=\"_blank\" rel=\"noopener noreferrer\">arquivo.pdf<\/a><\/td>\n<\/tr>\n<tr class=\"row-55\">\n\t<td class=\"column-1\">923\/2020<\/td><td class=\"column-2\">Disp\u00f5e sobre a ABERTURA DE CREDITOS ESPECIAIS e d\u00e1 outras provid\u00eancias.<\/td><td class=\"column-3\"><a href=\"http:\/\/www.camposaltos.mg.gov.br\/portal\/Leis\/2020\/923.pdf\" target=\"_blank\" rel=\"noopener noreferrer\">arquivo.pdf<\/a><\/td>\n<\/tr>\n<tr class=\"row-56\">\n\t<td class=\"column-1\">924\/2020<\/td><td class=\"column-2\">ESTIMA A RECEITA E FIXA A DESPESA PARA O MUNIC\u00cdPIO DE CAMPOS ALTOS -MG, PARA O EXERC\u00cdCIO FINANCEIRO DE 2021.<\/td><td class=\"column-3\"><a href=\"http:\/\/www.camposaltos.mg.gov.br\/portal\/Leis\/2020\/924.pdf\" target=\"_blank\" rel=\"noopener noreferrer\">arquivo.pdf<\/a><\/td>\n<\/tr>\n<tr class=\"row-57\">\n\t<td class=\"column-1\">925\/2020<\/td><td class=\"column-2\">Disp\u00f5e sobre a denomina\u00e7\u00e3o de logradouro p\u00fablico.<\/td><td class=\"column-3\"><a href=\"http:\/\/www.camposaltos.mg.gov.br\/portal\/Leis\/2020\/925.pdf\" target=\"_blank\" rel=\"noopener noreferrer\">arquivo.pdf<\/a><\/td>\n<\/tr>\n<tr class=\"row-58\">\n\t<td class=\"column-1\">926\/2020<\/td><td class=\"column-2\">Fixa os subs\u00eddios dos Secret\u00e1rios Municipais de Campos Altos para a legislatura 2021\/2024.<\/td><td class=\"column-3\"><a href=\"http:\/\/www.camposaltos.mg.gov.br\/portal\/Leis\/2020\/926.pdf\" target=\"_blank\" rel=\"noopener noreferrer\">arquivo.pdf<\/a><\/td>\n<\/tr>\n<tr class=\"row-59\">\n\t<td class=\"column-1\">927\/2020<\/td><td class=\"column-2\">\u201cDisp\u00f5e sobre abertura de cr\u00e9dito adicional especial no or\u00e7amento de 2020 da Autarquia Municipal denominada Instituto de Previd\u00eancia Municipal de Campos Altos \u2013 IPMCA.\u201d<\/td><td class=\"column-3\"><a href=\"http:\/\/www.camposaltos.mg.gov.br\/portal\/Leis\/2020\/927.pdf\" target=\"_blank\" rel=\"noopener noreferrer\">arquivo.pdf<\/a><\/td>\n<\/tr>\n<tr class=\"row-60\">\n\t<td class=\"column-1\">928\/2020<\/td><td class=\"column-2\">D\u00e1 novas reda\u00e7\u00f5es ao par\u00e1grafo 3\u00ba do Art. 33 da Lei 841\/2019 de 10 de junho de 2019 e no artigo 5\u00ba da Lei Municipal 864 de 16 de dezembro de 2019.<\/td><td class=\"column-3\"><a href=\"http:\/\/www.camposaltos.mg.gov.br\/portal\/Leis\/2020\/928.pdf\" target=\"_blank\" rel=\"noopener noreferrer\">arquivo.pdf<\/a><\/td>\n<\/tr>\n<tr class=\"row-61\">\n\t<td class=\"column-1\">929\/2020<\/td><td class=\"column-2\">Revoga as Leis Municipais 916 e 925\/2020.<\/td><td class=\"column-3\"><a href=\"http:\/\/www.camposaltos.mg.gov.br\/portal\/Leis\/2020\/929.pdf\" target=\"_blank\" rel=\"noopener noreferrer\">arquivo.pdf<\/a><\/td>\n<\/tr>\n<tr class=\"row-62\">\n\t<td class=\"column-1\">930\/2020<\/td><td class=\"column-2\">D\u00e1 nova reda\u00e7\u00e3o ao art. 4\u00ba da Lei Municipal 926\/2020.<\/td><td class=\"column-3\"><a href=\"http:\/\/www.camposaltos.mg.gov.br\/portal\/Leis\/2020\/930.pdf\" target=\"_blank\" rel=\"noopener noreferrer\">arquivo.pdf<\/a><\/td>\n<\/tr>\n<tr class=\"row-63\">\n\t<td class=\"column-1\">931\/2020<\/td><td class=\"column-2\">Autoriza o munic\u00edpio de Campos Altos a indenizar aos servidores municipais f\u00e9rias n\u00e3o usufru\u00eddas e d\u00e1 outras provid\u00eancias.<\/td><td class=\"column-3\"><a href=\"http:\/\/www.camposaltos.mg.gov.br\/portal\/Leis\/2020\/931.pdf\" target=\"_blank\" rel=\"noopener noreferrer\">arquivo.pdf<\/a><\/td>\n<\/tr>\n<tr class=\"row-64\">\n\t<td class=\"column-1\">932\/2020<\/td><td class=\"column-2\">Autoriza aumentar R$ 145.000,00 (Cento e quarenta e cinco mil reais) na subven\u00e7\u00e3o social para a Santa Casa de Miseric\u00f3rdia de Campos Altos, e d\u00e1 outras provid\u00eancias.<\/td><td class=\"column-3\"><a href=\"http:\/\/www.camposaltos.mg.gov.br\/portal\/Leis\/2020\/932.pdf\" target=\"_blank\" rel=\"noopener noreferrer\">arquivo.pdf<\/a><\/td>\n<\/tr>\n<\/tbody>\n<\/table>\n<!-- #tablepress-24 from cache -->\n","protected":false},"excerpt":{"rendered":"<p><\/p>","protected":false},"author":1,"featured_media":0,"parent":0,"menu_order":0,"comment_status":"closed","ping_status":"closed","template":"","meta":{"tdm_status":"","tdm_grid_status":"","footnotes":""},"folder":[],"class_list":["post-3345","page","type-page","status-publish"],"amp_enabled":true,"_links":{"self":[{"href":"http:\/\/www.camposaltos.mg.gov.br\/portal\/wp-json\/wp\/v2\/pages\/3345","targetHints":{"allow":["GET"]}}],"collection":[{"href":"http:\/\/www.camposaltos.mg.gov.br\/portal\/wp-json\/wp\/v2\/pages"}],"about":[{"href":"http:\/\/www.camposaltos.mg.gov.br\/portal\/wp-json\/wp\/v2\/types\/page"}],"author":[{"embeddable":true,"href":"http:\/\/www.camposaltos.mg.gov.br\/portal\/wp-json\/wp\/v2\/users\/1"}],"replies":[{"embeddable":true,"href":"http:\/\/www.camposaltos.mg.gov.br\/portal\/wp-json\/wp\/v2\/comments?post=3345"}],"version-history":[{"count":0,"href":"http:\/\/www.camposaltos.mg.gov.br\/portal\/wp-json\/wp\/v2\/pages\/3345\/revisions"}],"wp:attachment":[{"href":"http:\/\/www.camposaltos.mg.gov.br\/portal\/wp-json\/wp\/v2\/media?parent=3345"}],"wp:term":[{"taxonomy":"folder","embeddable":true,"href":"http:\/\/www.camposaltos.mg.gov.br\/portal\/wp-json\/wp\/v2\/folder?post=3345"}],"curies":[{"name":"wp","href":"https:\/\/api.w.org\/{rel}","templated":true}]}}