{"id":487,"date":"2016-01-02T04:39:01","date_gmt":"2016-01-02T04:39:01","guid":{"rendered":"http:\/\/www.camposaltos.mg.gov.br\/portal\/?page_id=487"},"modified":"2018-05-06T15:25:30","modified_gmt":"2018-05-06T15:25:30","slug":"corporacao-musical-lira-santo-antonio","status":"publish","type":"page","link":"http:\/\/www.camposaltos.mg.gov.br\/portal\/corporacao-musical-lira-santo-antonio\/","title":{"rendered":"Corpora\u00e7\u00e3o Musical Lira Santo Ant\u00f4nio"},"content":{"rendered":"<p style=\"text-align: justify;\">A Corpora\u00e7\u00e3o Musical Lira Santo Ant\u00f4nio, fundada em 03 de mar\u00e7o de 1955, teve suas origens ligada a um fato pitoresco. Alguns m\u00fasicos da cidade contrataram um m\u00fasico da cidade vizinha de Bambu\u00ed &#8211; MG, para auxili\u00e1-los na apresenta\u00e7\u00e3o em um baile. No entanto o m\u00fasico contratado n\u00e3o apareceu, for\u00e7ando aqueles m\u00fasicos se apresentarem sem o esperado auxilio. Ap\u00f3s a apresenta\u00e7\u00e3o decidiram que n\u00e3o mais passariam por esta dificuldade, e fundaram a Lira Santo Ant\u00f4nio para dar-lhes suporte nas apresenta\u00e7\u00f5es, e formar novos m\u00fasicos que integrariam a futura banda de m\u00fasica.<\/p>\n<p style=\"text-align: justify;\">Os fundadores Vicente de Paula, Jos\u00e9 Jos\u00e9 Justiniano Gon\u00e7alves (o popular D\u00e9), Geraldo da N\u00e9a, Afonso Camilo, Baltazar Amaro, Jo\u00e3o Pregui\u00e7a, Tarc\u00edsio Pinto e Waldemar Lima, elegeram o companheiro Tarc\u00edsio Pinto para presidir a corpora\u00e7\u00e3o, e convidaram o m\u00fasico Jos\u00e9 Bicalho para a fun\u00e7\u00e3o de maestro. T\u00e3o logo assumiu a fun\u00e7\u00e3o, o Maestro Jos\u00e9 Bicalho iniciou uma escola para forma\u00e7\u00e3o de novos m\u00fasicos, e o Presidente Tarc\u00edsio Pinto adquiriu os primeiros instrumentos. Decorrido algum tempo, e com o crescimento da corpora\u00e7\u00e3o, fez-se necess\u00e1rio a constru\u00e7\u00e3o de uma sede. Com boa vontade e ajuda das pessoas da cidade, foi constru\u00eddo um pequeno galp\u00e3o para abrigar a escola de m\u00fasicos e para os ensaios da banda.<\/p>\n<p style=\"text-align: justify;\">Dos fundadores apenas o Sr. Waldemar Lima ainda \u00e9 integrante ativo. Com grande dedica\u00e7\u00e3o ele foi o guardi\u00e3o pela manuten\u00e7\u00e3o em atividade da corpora\u00e7\u00e3o. Defende, ainda, com afinco os seus interesses, e participa como m\u00fasico e tamb\u00e9m dirigente. \u00c9 um exemplo para as novas gera\u00e7\u00f5es de m\u00fasicos.<\/p>\n<p style=\"text-align: justify;\">Atualmente sob a reg\u00eancia do Maestro Ant\u00f4nio Jos\u00e9 dos Santos, a Lira Santo Ant\u00f4nio registra mais um cap\u00edtulo relevante em sua hist\u00f3ria. Contratado em janeiro de 2006, pelo atual Prefeito Municipal Sr. Geraldo Barbosa Le\u00e3o J\u00fanior, o Maestro Ant\u00f4nio encontrou a banda de m\u00fasica inativa. Ap\u00f3s iniciar os trabalhos com os m\u00fasicos existentes e dispon\u00edveis, ele firmou uma parceria com o Projeto Curumim (projeto de assist\u00eancia pedag\u00f3gica a menores carentes), de onde vieram a maioria dos m\u00fasicos na \u00e9poca. Com apenas seis meses de estudos e prepara\u00e7\u00e3o, em setembro de 2006 foi realizada a primeira apresenta\u00e7\u00e3o oficial desta nova forma\u00e7\u00e3o.<\/p>\n<p style=\"text-align: justify;\">Ap\u00f3s esta nova etapa, a banda adquiriu novos uniformes, em v\u00e1rios modelos, e conseguiu junto a Secretaria Estadual de Cultura e parceiros diversos instrumentos novos.&nbsp;No ano de 2009 foi aprovado o projeto para uma nova sede, com recursos do FEC- Fundo Estadual de Cultura, e contrapartida da Prefeitura de Campos Altos. O projeto elaborado pelo Presidente em exerc\u00edcio da Corpora\u00e7\u00e3o, Sr. Carlos Roberto de Carvalho, e desenho arquitet\u00f4nico do Engenheiro Zoroastro Nery, recebeu um aporte financeiro significativo da Prefeitura, gra\u00e7as ao empenho do Prefeito Claudio Donizete Freire. Sede esta que foi inaugurada em 2012 e onde acontece hoje em dia as aulas de m\u00fasica e ensaios da banda.<\/p>\n<p style=\"text-align: justify;\">Em 2011 e 2012 a Escola de M\u00fasica da Lira Santo Ant\u00f4nio recebeu apoio do Crian\u00e7a Esperan\u00e7a, que possibilitou um salto gigantesco na quantidade alunos e na qualidade do aprendizado musical, bem como na forma\u00e7\u00e3o de m\u00fasicos, e conseq\u00fcentemente na substancial melhoria da Banda de M\u00fasica. Com este apoio a Escola de M\u00fasica conseguiu afetar positivamente toda a comunidade em rela\u00e7\u00e3o a cultura musical.<\/p>\n<p style=\"text-align: justify;\">Em Campos Altos n\u00e3o tem meninos de rua, tem meninos de m\u00fasica. A atual Banda de M\u00fasica \u00e9 composta de 62 m\u00fasicos, em sua maioria crian\u00e7as e adolescentes, sendo que, quarenta foram formados dentro do Projeto Crian\u00e7a Esperan\u00e7a. As aulas de m\u00fasica s\u00e3o gratuitas, realizadas em sua sede, e com instrumentos de sua propriedade. A Escola de M\u00fasica da Lira Santo Ant\u00f4nio possui hoje mais de 200 alunos e \u00e9 mantida pelo apoio da Prefeitura e da C\u00e2mara Municipal. E assim se faz a hist\u00f3ria da Lira Santo Ant\u00f4nio: com apoio dos camposaltenses, dos prefeitos, dos pol\u00edticos e deputados amigos da cidade, a dedica\u00e7\u00e3o de maestros e m\u00fasicos. N\u00e3o \u00e9 poss\u00edvel citar o nome de todas as pessoas, visto que a precariedade dos arquivos da Corpora\u00e7\u00e3o poderia nos induzir a cometer injusti\u00e7as. Mas todos que por aqui passaram deram sua parcela de contribui\u00e7\u00e3o para hist\u00f3ria da nossa querida corpora\u00e7\u00e3o musical.<\/p>\n<p style=\"text-align: justify;\">A Lira Santo Ant\u00f4nio hoje formada por 62 m\u00fasicos se apresenta em quase todos os eventos municipais e atende tamb\u00e9m cidades adjac\u00eancias, cobrando apenas a alimenta\u00e7\u00e3o dos m\u00fasicos, e&nbsp; estadia quando necess\u00e1rio. O transporte \u00e9 fornecido pela Prefeitura Municipal de Campos Altos. Anualmente acontece em Campos Altos o Encontro Regional de Bandas, onde a anfitri\u00e3 Lira Santo Ant\u00f4nio recebe diversas bandas de nossa regi\u00e3o para um dia inteiro de apresenta\u00e7\u00f5es.<\/p>\n<div style=\"text-align: justify;\" align=\"center\">&nbsp;&nbsp;<\/div>\n<p style=\"text-align: justify;\" align=\"center\"><img decoding=\"async\" class=\"ngg_displayed_gallery mceItem\" src=\"http:\/\/www.camposaltos.mg.gov.br\/portal\/nextgen-attach_to_post\/preview\/id--488\" alt=\"\" data-mce-placeholder=\"1\"><\/p>\n","protected":false},"excerpt":{"rendered":"<p>A Corpora\u00e7\u00e3o Musical Lira Santo Ant\u00f4nio, fundada em 03 de mar\u00e7o de 1955, teve suas origens ligada a um fato pitoresco. Alguns m\u00fasicos da cidade contrataram um m\u00fasico da cidade vizinha de Bambu\u00ed - MG, para auxili\u00e1-los na apresenta\u00e7\u00e3o em um baile. No entanto o m\u00fasico contratado n\u00e3o apareceu, for\u00e7ando aqueles m\u00fasicos se apresentarem sem&hellip;<\/p>","protected":false},"author":1,"featured_media":0,"parent":0,"menu_order":0,"comment_status":"closed","ping_status":"closed","template":"","meta":{"tdm_status":"","tdm_grid_status":"","footnotes":""},"folder":[],"class_list":["post-487","page","type-page","status-publish"],"amp_enabled":true,"_links":{"self":[{"href":"http:\/\/www.camposaltos.mg.gov.br\/portal\/wp-json\/wp\/v2\/pages\/487","targetHints":{"allow":["GET"]}}],"collection":[{"href":"http:\/\/www.camposaltos.mg.gov.br\/portal\/wp-json\/wp\/v2\/pages"}],"about":[{"href":"http:\/\/www.camposaltos.mg.gov.br\/portal\/wp-json\/wp\/v2\/types\/page"}],"author":[{"embeddable":true,"href":"http:\/\/www.camposaltos.mg.gov.br\/portal\/wp-json\/wp\/v2\/users\/1"}],"replies":[{"embeddable":true,"href":"http:\/\/www.camposaltos.mg.gov.br\/portal\/wp-json\/wp\/v2\/comments?post=487"}],"version-history":[{"count":0,"href":"http:\/\/www.camposaltos.mg.gov.br\/portal\/wp-json\/wp\/v2\/pages\/487\/revisions"}],"wp:attachment":[{"href":"http:\/\/www.camposaltos.mg.gov.br\/portal\/wp-json\/wp\/v2\/media?parent=487"}],"wp:term":[{"taxonomy":"folder","embeddable":true,"href":"http:\/\/www.camposaltos.mg.gov.br\/portal\/wp-json\/wp\/v2\/folder?post=487"}],"curies":[{"name":"wp","href":"https:\/\/api.w.org\/{rel}","templated":true}]}}