{"id":4913,"date":"2023-01-26T09:30:10","date_gmt":"2023-01-26T12:30:10","guid":{"rendered":"http:\/\/www.camposaltos.mg.gov.br\/portal\/?page_id=4913"},"modified":"2023-03-14T15:26:14","modified_gmt":"2023-03-14T18:26:14","slug":"termos-de-fomentos-exercicio-2022","status":"publish","type":"page","link":"http:\/\/www.camposaltos.mg.gov.br\/portal\/termos-de-fomentos-exercicio-2022\/","title":{"rendered":"Termos de Fomentos exerc\u00edcio 2022"},"content":{"rendered":"<p><a href=\"http:\/\/www.camposaltos.mg.gov.br\/portal\/wp-content\/uploads\/2023\/03\/TERMO-DE-FOMENTO-ASSINADO-UNIARAXA.pdf\">TERMO DE FOMENTO 01\/2022 &#8211; UNIARAXA<\/a><\/p>\n<p>Termo de Colabora\u00e7\u00e3o que entre si celebram o munic\u00edpio de Campos Altos e a<br \/>\nfunda\u00e7\u00e3o cultural de Arax\u00e1 para os fins que especifica.<\/p>\n<hr \/>\n<p>&nbsp;<\/p>\n<p><a href=\"http:\/\/www.camposaltos.mg.gov.br\/portal\/wp-content\/uploads\/2023\/02\/TERMO-DE-FOMENTO-2022.pdf\" target=\"_blank\" rel=\"noopener\">TERMO DE FOMENTO 08\/2022<\/a><\/p>\n<p>Termo de fomento que entre si celebram o municipio de Campos Altos e a institui\u00e7\u00e3o de apoio de Campos Altos para os fins que especifica.<\/p>\n<hr \/>\n<p>&nbsp;<\/p>\n<p><a href=\"http:\/\/www.camposaltos.mg.gov.br\/portal\/wp-content\/uploads\/2023\/01\/CT-01-SANTA-CASA.pdf\">CT &#8211; 01 &#8211; SANTA CASA<\/a><\/p>\n<p><span style=\"font-size: 12px;\"><strong>CONV\u00caNIO N.\u00ba 001\/2022<\/strong><\/span><\/p>\n<p style=\"text-align: justify;\">Conv\u00eanio que entre si celebram o MUNIC\u00cdPIO DE CAMPOS ALTOS, e a SANTA CASA DE MISERIC\u00d3RDIA DE CAMPOS ALTOS, para os fins que se especifica.<\/p>\n<hr \/>\n<p>&nbsp;<\/p>\n<p><a href=\"http:\/\/www.camposaltos.mg.gov.br\/portal\/wp-content\/uploads\/2023\/01\/CT-01-SANTA-CASA-TA.pdf\">CT &#8211; 01 &#8211; SANTA CASA &#8211; TA<\/a><\/p>\n<p><span style=\"font-size: 12px;\"><strong>1\u00ba TERMO ADIVITO AO CONV\u00caNIO N.\u00ba 001\/2022 <\/strong><\/span><\/p>\n<p style=\"text-align: justify;\">Primeiro termo aditivo ao conv\u00eanio que entre si celebram o MUNIC\u00cdPIO DE CAMPOS ALTOS, e a SANTA CASA DE MISERIC\u00d3RDIA DE CAMPOS ALTOS, para os fins que se especifica.<\/p>\n<hr \/>\n<p>&nbsp;<\/p>\n<p><a href=\"http:\/\/www.camposaltos.mg.gov.br\/portal\/wp-content\/uploads\/2023\/01\/CT-02-SANTA-CASA.pdf\">CT &#8211; 02 &#8211; SANTA CASA<\/a><\/p>\n<p><strong><span style=\"font-size: 12px;\">CONV\u00caNIO N.\u00ba 002\/2022<\/span><\/strong><\/p>\n<p style=\"text-align: justify;\">Conv\u00eanio que entre si celebram o MUNIC\u00cdPIO DE CAMPOS ALTOS, e a SANTA CASA DE MISERIC\u00d3RDIA DE CAMPOS ALTOS, para os fins que se especifica.<\/p>\n<hr \/>\n<p>&nbsp;<\/p>\n<p><a href=\"http:\/\/www.camposaltos.mg.gov.br\/portal\/wp-content\/uploads\/2023\/01\/TC-01-UNIARAXA.pdf\">TC &#8211; 01 &#8211; UNIARAXA<\/a><\/p>\n<p><strong><span style=\"font-size: 12px;\">TERMO DE COLABORA\u00c7\u00c3O N\u00b0 01\/2022<\/span><\/strong><\/p>\n<p style=\"text-align: justify;\">TERMO DE COLABORA\u00c7\u00c3O QUE ENTRE SI CELEBRAM O MUNICIPIO DE CAMPOS ALTOS E A<br \/>\nFUNDA\u00c7\u00c3O CULTURAL DE ARAX\u00c1 PARA OS FINS QUE ESPECIFICA.<\/p>\n<hr \/>\n<p>&nbsp;<\/p>\n<p><a href=\"http:\/\/www.camposaltos.mg.gov.br\/portal\/wp-content\/uploads\/2023\/01\/TF-02-APAE.pdf\">TF &#8211; 02 &#8211; APAE<\/a><\/p>\n<p><span style=\"font-size: 12px;\"><strong>TERMO DE FOMENTO N\u00b0 02\/2022<\/strong><\/span><\/p>\n<p style=\"text-align: justify;\">TERMO DE FOMENTO QUE ENTRE SI CELEBRAM O MUNICIPIO DE CAMPOS ALTOS E A ASSOCIA\u00c7\u00c3O DE PAIS E AMIGOS DOS EXCEPCIONAIS DE CAMPOS ALTOS \u2013 APAE \u2013 PARA OS FINS QUE ESPECIFICA.<\/p>\n<hr \/>\n<p>&nbsp;<\/p>\n<p><a href=\"http:\/\/www.camposaltos.mg.gov.br\/portal\/wp-content\/uploads\/2023\/01\/TF-03-LIRA-TA.pdf\">TF &#8211; 03 &#8211; LIRA &#8211; TA<\/a><\/p>\n<p><span style=\"font-size: 12px;\"><strong>1\u00ba TERMO ADITIVO AO TERMO DE FOMENTO N\u00b0 03\/2022<\/strong><\/span><\/p>\n<p style=\"text-align: justify;\">1\u00ba TERMO ADIVITO AO TERMO DE FOMENTO QUE ENTRE SI CELEBRAM O MUNICIPIO DE CAMPOS ALTOS E A CORPORA\u00c7\u00c3O MUSICAL LIRA SANTO ANT\u00d4NIO PARA OS FINS QUE ESPECIFICA.<\/p>\n<hr \/>\n<p>&nbsp;<\/p>\n<p><a href=\"http:\/\/www.camposaltos.mg.gov.br\/portal\/wp-content\/uploads\/2023\/01\/TF-03-LIRA.pdf\">TF &#8211; 03 &#8211; LIRA<\/a><\/p>\n<p style=\"text-align: justify;\"><strong><span style=\"font-size: 12px;\">TERMO DE FOMENTO N\u00b0 03\/2022<\/span><\/strong><\/p>\n<p style=\"text-align: justify;\">TERMO DE FOMENTO QUE ENTRE SI CELEBRAM O MUNICIPIO DE CAMPOS ALTOS E A CORPORA\u00c7\u00c3O MUSICAL LIRA SANTO ANT\u00d4NIO PARA OS FINS QUE ESPECIFICA.<\/p>\n<hr \/>\n<p>&nbsp;<\/p>\n<p><a href=\"http:\/\/www.camposaltos.mg.gov.br\/portal\/wp-content\/uploads\/2023\/01\/TF-08-CASA-DE-APOIO.pdf\">TF &#8211; 08 &#8211; CASA DE APOIO<\/a><\/p>\n<p><strong><span style=\"font-size: 12px;\">TERMO DE FOMENTO N\u00b0 08\/2022<\/span><\/strong><\/p>\n<p style=\"text-align: justify;\">TERMO DE FOMENTO QUE ENTRE SI CELEBRAM O MUNICIPIO DE CAMPOS ALTOS E A INSTITUI\u00c7\u00c3O DE APOIO DE CAMPOS ALTOS PARA OS FINS QUE ESPECIFICA.<\/p>\n<hr \/>\n<p>&nbsp;<\/p>\n<p><a href=\"http:\/\/www.camposaltos.mg.gov.br\/portal\/wp-content\/uploads\/2023\/01\/TF-04-VILA-VICENTINA.pdf\">TF &#8211; 04 &#8211; VILA VICENTINA<\/a><\/p>\n<p><strong><span style=\"font-size: 12px;\">TERMO DE FOMENTO N\u00b0 04\/2022<\/span><\/strong><\/p>\n<p style=\"text-align: justify;\">TERMO DE FOMENTO QUE ENTRE SI CELEBRAM O MUNICIPIO DE CAMPOS ALTOS E A VILA<br \/>\nVICENTINA DE CAMPOS ALTOS \u2013 SSVP \u2013 PARA OS FINS QUE ESPECIFICA.<\/p>\n<hr \/>\n<p><a href=\"http:\/\/www.camposaltos.mg.gov.br\/portal\/wp-content\/uploads\/2023\/01\/TF-07-HOPE.pdf\">TF &#8211; 07 &#8211; HOPE<\/a><\/p>\n<p><strong><span style=\"font-size: 12px;\">TERMO DE FOMENTO N\u00b0 07\/2022<\/span><\/strong><\/p>\n<p style=\"text-align: justify;\">TERMO DE FOMENTO QUE ENTRE SI CELEBRAM O MUNICIPIO DE CAMPOS ALTOS E A HOPE \u2013 ASSOCIA\u00c7\u00c3O PROTETORA DOS ANIMAIS PARA OS FINS QUE ESPECIFICA.<\/p>\n<hr \/>\n<p>&nbsp;<\/p>\n<p><a href=\"http:\/\/www.camposaltos.mg.gov.br\/portal\/wp-content\/uploads\/2023\/01\/TF-05-APAE.pdf\">TF &#8211; 05 &#8211; APAE<\/a><\/p>\n<p><strong><span style=\"font-size: 12px;\">TERMO DE FOMENTO N\u00b0 05\/2022<\/span><\/strong><\/p>\n<p style=\"text-align: justify;\">TERMO DE FOMENTO QUE ENTRE SI CELEBRAM O MUNICIPIO DE CAMPOS ALTOS E A ASSOCIA\u00c7\u00c3O DE PAIS E AMIGOS DOS EXCEPCIONAIS DE CAMPOS ALTOS \u2013 APAE \u2013 PARA OS FINS QUE ESPECIFICA.<\/p>\n<hr \/>\n<p>&nbsp;<\/p>\n<p><a href=\"http:\/\/www.camposaltos.mg.gov.br\/portal\/wp-content\/uploads\/2023\/01\/TF-09-CLUBE-DA-MELHOR-IDADE.pdf\">TF &#8211; 09 &#8211; CLUBE DA MELHOR IDADE<\/a><\/p>\n<p><span style=\"font-size: 12px;\"><strong>TERMO DE FOMENTO N\u00b0 09\/2022<\/strong><\/span><\/p>\n<p style=\"text-align: justify;\">TERMO DE FOMENTO QUE ENTRE SI CELEBRAM O MUNICIPIO DE CAMPOS ALTOS E O CLUBE DA MELHOR IDADE VIDA NOVA PARA OS FINS QUE ESPECIFICA.<\/p>\n","protected":false},"excerpt":{"rendered":"<p>TERMO DE FOMENTO 01\/2022 - UNIARAXA Termo de Colabora\u00e7\u00e3o que entre si celebram o munic\u00edpio de Campos Altos e a funda\u00e7\u00e3o cultural de Arax\u00e1 para os fins que especifica. &nbsp; TERMO DE FOMENTO 08\/2022 Termo de fomento que entre si celebram o municipio de Campos Altos e a institui\u00e7\u00e3o de apoio de Campos Altos para&hellip;<\/p>","protected":false},"author":1,"featured_media":0,"parent":0,"menu_order":0,"comment_status":"closed","ping_status":"closed","template":"","meta":{"tdm_status":"","tdm_grid_status":"","footnotes":""},"folder":[],"class_list":["post-4913","page","type-page","status-publish"],"amp_enabled":true,"_links":{"self":[{"href":"http:\/\/www.camposaltos.mg.gov.br\/portal\/wp-json\/wp\/v2\/pages\/4913","targetHints":{"allow":["GET"]}}],"collection":[{"href":"http:\/\/www.camposaltos.mg.gov.br\/portal\/wp-json\/wp\/v2\/pages"}],"about":[{"href":"http:\/\/www.camposaltos.mg.gov.br\/portal\/wp-json\/wp\/v2\/types\/page"}],"author":[{"embeddable":true,"href":"http:\/\/www.camposaltos.mg.gov.br\/portal\/wp-json\/wp\/v2\/users\/1"}],"replies":[{"embeddable":true,"href":"http:\/\/www.camposaltos.mg.gov.br\/portal\/wp-json\/wp\/v2\/comments?post=4913"}],"version-history":[{"count":0,"href":"http:\/\/www.camposaltos.mg.gov.br\/portal\/wp-json\/wp\/v2\/pages\/4913\/revisions"}],"wp:attachment":[{"href":"http:\/\/www.camposaltos.mg.gov.br\/portal\/wp-json\/wp\/v2\/media?parent=4913"}],"wp:term":[{"taxonomy":"folder","embeddable":true,"href":"http:\/\/www.camposaltos.mg.gov.br\/portal\/wp-json\/wp\/v2\/folder?post=4913"}],"curies":[{"name":"wp","href":"https:\/\/api.w.org\/{rel}","templated":true}]}}