{"id":4985,"date":"2023-03-09T09:55:59","date_gmt":"2023-03-09T12:55:59","guid":{"rendered":"http:\/\/www.camposaltos.mg.gov.br\/portal\/?page_id=4985"},"modified":"2026-03-10T18:48:51","modified_gmt":"2026-03-10T21:48:51","slug":"entidades-municipal","status":"publish","type":"page","link":"http:\/\/www.camposaltos.mg.gov.br\/portal\/entidades-municipal\/","title":{"rendered":"Entidades Municipal"},"content":{"rendered":"<h2><strong>PRESTA\u00c7\u00c3O DE CONTAS<\/strong><\/h2>\n<p>&nbsp;<\/p>\n<p><a href=\"http:\/\/www.camposaltos.mg.gov.br\/portal\/wp-content\/uploads\/2026\/03\/Prestacao-de-Contas-Completa-Clube-Melhor-Idade.pdf\">Presta\u00e7\u00e3o de Contas Completa Clube Melhor Idade<\/a><\/p>\n<hr \/>\n<p>&nbsp;<\/p>\n<p><a href=\"http:\/\/www.camposaltos.mg.gov.br\/portal\/wp-content\/uploads\/2026\/03\/Prestacao-de-Contas-Rotary-Clube-Completa.pdf\">Presta\u00e7\u00e3o de Contas Rotary Clube Completa<\/a><\/p>\n<hr \/>\n<p>&nbsp;<\/p>\n<p><a href=\"http:\/\/www.camposaltos.mg.gov.br\/portal\/wp-content\/uploads\/2026\/03\/Prestacao-de-Contas-Completa-Uniao-Maes-de-Bairro.pdf\">Presta\u00e7\u00e3o de Contas Completa Uni\u00e3o M\u00e3es de Bairro<\/a><\/p>\n<hr \/>\n<p>&nbsp;<\/p>\n<p><a href=\"http:\/\/www.camposaltos.mg.gov.br\/portal\/wp-content\/uploads\/2026\/02\/32C.175-PRESTACAO-DE-CONTAS-02_02_2026-13_16_21-32C.175_-_PRESTACAO_DE_CONTAS-APROVADA-1.pdf\">PRESTA\u00c7\u00c3O DE CONTAS &#8211; LIRA SANTO ANTONIO<\/a><\/p>\n<hr \/>\n<p>&nbsp;<\/p>\n<p><a href=\"http:\/\/www.camposaltos.mg.gov.br\/portal\/wp-content\/uploads\/2026\/01\/320.089-PRESTACAO-DE-CONTAS-22_01_2026-14_26_17-320.089_-_PRESTACAO_DE_CONTAS-SANTA-CASA-APROVADA.pdf\" target=\"_blank\" rel=\"noopener\">PRESTA\u00c7\u00c3O DE CONTAS SANTA CASA\u00a0<\/a><\/p>\n<hr \/>\n<p><a href=\"http:\/\/www.camposaltos.mg.gov.br\/portal\/wp-content\/uploads\/2026\/01\/31F.409-PRESTACAO-DE-CONTAS-22_01_2026-09_29_50-31F.409_-_PRESTACAO_DE_CONTAS-PRESTACAO-DE-CONTAS-APAE-2025-APROVADA.pdf\" target=\"_blank\" rel=\"noopener\">\u00a0<\/a><\/p>\n<p><a href=\"http:\/\/www.camposaltos.mg.gov.br\/portal\/wp-content\/uploads\/2026\/01\/31F.409-PRESTACAO-DE-CONTAS-22_01_2026-09_29_50-31F.409_-_PRESTACAO_DE_CONTAS-PRESTACAO-DE-CONTAS-APAE-2025-APROVADA.pdf\" target=\"_blank\" rel=\"noopener\">PRESTA\u00c7\u00c3O DE CONTAS APAE 2025<\/a><\/p>\n<hr \/>\n<p>&nbsp;<\/p>\n<p><span style=\"font-size: 16px;\"><a href=\"http:\/\/www.camposaltos.mg.gov.br\/portal\/wp-content\/uploads\/2026\/01\/31D.25D-PRESTACAO-DE-CONTAS-20_01_2026-13_10_08-31D.25D_-_PRESTACAO_DE_CONTAS-prestacao-de-contas-integral-aprovada.pdf\" target=\"_blank\" rel=\"noopener\">PRESTA\u00c7\u00c3O DE CONTAS DESCONTO BOLSAS ALUNOS UNIARAX\u00c1 REF. 2025<\/a><\/span><\/p>\n<hr \/>\n<p>&nbsp;<\/p>\n<p><a href=\"http:\/\/www.camposaltos.mg.gov.br\/portal\/wp-content\/uploads\/2025\/09\/afrodecendentes.pdf\" target=\"_blank\" rel=\"noopener\">PRESTA\u00c7\u00c3O DE CONTAS ASSOCIA\u00c7\u00c3O AFRODECENDENTES<\/a><\/p>\n<hr \/>\n<p>&nbsp;<\/p>\n<p><a href=\"http:\/\/www.camposaltos.mg.gov.br\/portal\/wp-content\/uploads\/2025\/09\/2A8.DE5-PRESTACAO-DE-CONTAS-24_09_2025-08_58_58-2A8.DE5_-_PRESTACAO_DE_CONTAS-1.pdf\" target=\"_blank\" rel=\"noopener\">ASSOCIA\u00c7\u00c3O DOS PRODUTORES E AGRICULTORES RURAIS ESPERAN\u00c7A ANDORINHAS<\/a><\/p>\n<hr \/>\n<p>&nbsp;<\/p>\n<p><a href=\"http:\/\/www.camposaltos.mg.gov.br\/portal\/wp-content\/uploads\/2023\/03\/PRESTACAO-DE-CONTAS-LIRA-SANTO-ANTONIO-PARTE-1.pdf\">PRESTA\u00c7\u00c3O DE CONTAS- LIRA SANTO ANT\u00d4NIO &#8211; PARTE 1<\/a><\/p>\n<p><a href=\"http:\/\/www.camposaltos.mg.gov.br\/portal\/wp-content\/uploads\/2023\/03\/Prestacao-de-Contas-2022-LIRA-SANTO-ANTONIO.pdf\">Presta\u00e7\u00e3o de Contas 2022- LIRA SANTO ANT\u00d4NIO &#8211; PARTE 2<\/a><\/p>\n<p><a href=\"http:\/\/www.camposaltos.mg.gov.br\/portal\/wp-content\/uploads\/2023\/03\/PARECER-TECNICO-E-FINANCEIRO-CORPORACAO-MUSICAL-LIRA-SANTO-ANTONIO.pdf\">PARECER T\u00c9CNICO E FINANCEIRO CORPORA\u00c7\u00c3O MUSICAL LIRA SANTO ANT\u00d4NIO<\/a><\/p>\n<p>&nbsp;<\/p>\n<hr \/>\n<p>&nbsp;<\/p>\n<p><strong>Vila Vicentina<\/strong><\/p>\n<p><a href=\"http:\/\/www.camposaltos.mg.gov.br\/portal\/wp-content\/uploads\/2026\/03\/Prestacao-Contas-Vila-Vicentina-Completa.pdf\" target=\"_blank\" rel=\"noopener\">Presta\u00e7\u00e3o Contas Vila Vicentina Completa 2025<\/a><\/p>\n<p><a href=\"http:\/\/www.camposaltos.mg.gov.br\/portal\/wp-content\/uploads\/2023\/03\/PRESTACAO-DE-CONTAS-2022-VILA-VICENTINA-PARTE-1.pdf\">PRESTA\u00c7\u00c3O DE CONTAS 2022- VILA VICENTINA- PARTE 1<\/a><\/p>\n<p><a href=\"http:\/\/www.camposaltos.mg.gov.br\/portal\/wp-content\/uploads\/2023\/03\/PRESTACAO-DE-CONTAS-2022-VILA-VICENTINA-PARTE-2.pdf\">PRESTA\u00c7\u00c3O DE CONTAS 2022- VILA VICENTINA- PARTE 2<\/a><\/p>\n<p><a href=\"http:\/\/www.camposaltos.mg.gov.br\/portal\/wp-content\/uploads\/2023\/03\/PARECER-TECNICO-E-FINANCEIRO-VILA-VICENTINA.pdf\">PARECER T\u00c9CNICO E FINANCEIRO VILA VICENTINA<\/a><\/p>\n<p>&nbsp;<\/p>\n<hr \/>\n<p>&nbsp;<\/p>\n<p><strong>Institui\u00e7\u00e3o de Apoio de Campos Altos<\/strong><\/p>\n<p>&nbsp;<\/p>\n<p><a href=\"http:\/\/www.camposaltos.mg.gov.br\/portal\/wp-content\/uploads\/2026\/03\/Prestacao-de-Contas-Completa-Casa-de-Apoio.pdf\" target=\"_blank\" rel=\"noopener\">Presta\u00e7\u00e3o<\/a><a href=\"http:\/\/www.camposaltos.mg.gov.br\/portal\/wp-content\/uploads\/2026\/03\/Prestacao-de-Contas-Completa-Casa-de-Apoio.pdf\"> de Contas Completa Casa de<\/a><a href=\"http:\/\/www.camposaltos.mg.gov.br\/portal\/wp-content\/uploads\/2026\/03\/Prestacao-de-Contas-Completa-Casa-de-Apoio.pdf\"> Ap<\/a><a href=\"http:\/\/www.camposaltos.mg.gov.br\/portal\/wp-content\/uploads\/2026\/03\/Prestacao-de-Contas-Completa-Casa-de-Apoio.pdf\">oio 2025<\/a><\/p>\n<p><a href=\"http:\/\/www.camposaltos.mg.gov.br\/portal\/wp-content\/uploads\/2023\/02\/PARECER-SOBRE-A-EXECUCAO-FINANCEIRA-2022.pdf\">PARECER SOBRE A EXECU\u00c7\u00c3O FINANCEIRA 2022<\/a><\/p>\n<p><a href=\"http:\/\/www.camposaltos.mg.gov.br\/portal\/wp-content\/uploads\/2023\/02\/PARECER-TECNICO-CONCLUSIVO-DE-ANALISE-DE-PRESTACAO-DE-CONTAS-FINAIS-2022.pdf\">PARECER T\u00c9CNICO CONCLUSIVO DE AN\u00c1LISE DE PRESTA\u00c7\u00c3O DE CONTAS FINAIS 2022<\/a><\/p>\n<p><a href=\"http:\/\/www.camposaltos.mg.gov.br\/portal\/wp-content\/uploads\/2023\/02\/PRESTACAO-DE-CONTAS-2022.pdf\">PRESTA\u00c7\u00c3O DE CONTAS 2022<\/a><\/p>\n<hr \/>\n<p>&nbsp;<\/p>\n<p><a href=\"http:\/\/www.camposaltos.mg.gov.br\/portal\/wp-content\/uploads\/2023\/03\/PARECER-TECNICO-E-FINANCEIRO-APAE.pdf\">PARECER TECNICO E FINANCEIRO &#8211; APAE<\/a><a href=\"http:\/\/www.camposaltos.mg.gov.br\/portal\/wp-content\/uploads\/2026\/03\/Prestacao-de-Contas-Completa-Casa-de-Apoio.pdf\">Presta\u00e7\u00e3o de Contas Completa Casa de Apoio<\/a><\/p>\n<p>&nbsp;<\/p>\n<p><strong>Presta\u00e7\u00e3o de Contas<\/strong><\/p>\n<table style=\"border-collapse: collapse; width: 0%; height: 142px;\">\n<tbody>\n<tr style=\"height: 26px;\">\n<td style=\"width: 18.4882%; height: 40px; text-align: left;\"><a href=\"http:\/\/www.camposaltos.mg.gov.br\/portal\/wp-content\/uploads\/2023\/05\/Janeiro.pdf\">Janeiro<\/a><\/td>\n<td style=\"width: 14.8452%; height: 40px; text-align: left;\"><a href=\"http:\/\/www.camposaltos.mg.gov.br\/portal\/wp-content\/uploads\/2023\/05\/Fevereiro.pdf\">Fevereiro<\/a><\/td>\n<td style=\"width: 16.6667%; height: 40px; text-align: left;\"><\/td>\n<td style=\"width: 16.6667%; height: 40px; text-align: left;\"><a href=\"http:\/\/www.camposaltos.mg.gov.br\/portal\/wp-content\/uploads\/2023\/05\/Abril.pdf\">Abril<\/a><\/td>\n<td style=\"width: 16.6667%; height: 40px; text-align: left;\"><a href=\"http:\/\/www.camposaltos.mg.gov.br\/portal\/wp-content\/uploads\/2023\/05\/Maio.pdf\">Maio<\/a><\/td>\n<td style=\"width: 89.7265%; height: 40px; text-align: center;\"><a href=\"http:\/\/www.camposaltos.mg.gov.br\/portal\/wp-content\/uploads\/2023\/05\/Junho.pdf\">Junho<\/a><\/td>\n<\/tr>\n<tr style=\"height: 26px;\">\n<td style=\"width: 18.4882%; height: 50px; text-align: left;\"><a href=\"http:\/\/www.camposaltos.mg.gov.br\/portal\/wp-content\/uploads\/2023\/05\/Julho.pdf\">Julho<\/a><\/td>\n<td style=\"width: 14.8452%; height: 50px; text-align: left;\"><a href=\"http:\/\/www.camposaltos.mg.gov.br\/portal\/wp-content\/uploads\/2023\/05\/Agosto.pdf\">Agosto<\/a><\/td>\n<td style=\"width: 16.6667%; height: 50px; text-align: left;\"><a href=\"http:\/\/www.camposaltos.mg.gov.br\/portal\/wp-content\/uploads\/2023\/05\/Setembro.pdf\">Setembro<\/a><\/td>\n<td style=\"width: 16.6667%; height: 50px; text-align: left;\"><a href=\"http:\/\/www.camposaltos.mg.gov.br\/portal\/wp-content\/uploads\/2023\/05\/Outubro.pdf\">Outubro<\/a><\/td>\n<td style=\"width: 16.6667%; height: 50px; text-align: left;\"><a href=\"http:\/\/www.camposaltos.mg.gov.br\/portal\/wp-content\/uploads\/2023\/05\/Novembro.pdf\">Novembro<\/a><\/td>\n<td style=\"width: 89.7265%; height: 50px; text-align: center;\"><\/td>\n<\/tr>\n<tr style=\"height: 52px;\">\n<td style=\"width: 18.4882%; height: 52px; text-align: left;\"><a href=\"http:\/\/www.camposaltos.mg.gov.br\/portal\/wp-content\/uploads\/2023\/05\/Dezembro-1.pdf\">Dezembro 01\u00a0<\/a><\/td>\n<td style=\"width: 14.8452%; height: 52px; text-align: left;\"><a href=\"http:\/\/www.camposaltos.mg.gov.br\/portal\/wp-content\/uploads\/2023\/05\/Dezembro-2.pdf\">Dezembro 2<\/a><\/td>\n<td style=\"width: 16.6667%; height: 52px; text-align: left;\"><a href=\"http:\/\/www.camposaltos.mg.gov.br\/portal\/wp-content\/uploads\/2023\/05\/Dezembro-3.pdf\">Dezembro 3<\/a><\/td>\n<td style=\"width: 16.6667%; height: 52px; text-align: left;\"><a href=\"http:\/\/www.camposaltos.mg.gov.br\/portal\/wp-content\/uploads\/2023\/05\/Dezembro-4.pdf\">Dezembro 4<\/a><\/td>\n<td style=\"width: 16.6667%; text-align: center; height: 52px;\"><\/td>\n<td style=\"width: 89.7265%; text-align: center; height: 52px;\"><\/td>\n<\/tr>\n<\/tbody>\n<\/table>\n<p>&nbsp;<\/p>\n<hr \/>\n<p>&nbsp;<\/p>\n<p><a href=\"http:\/\/www.camposaltos.mg.gov.br\/portal\/wp-content\/uploads\/2023\/03\/PARECER-FINAL-PRESTACAO-DE-CONTAS-UNIARAXA.pdf\">PARECER FINAL PRESTA\u00c7\u00c3O DE CONTAS &#8211; UNIARAXA<\/a><\/p>\n<p>&nbsp;<\/p>\n<p><strong>Presta\u00e7\u00e3o de Contas\u00a0 2022<\/strong><\/p>\n<table style=\"border-collapse: collapse; width: 100%;\">\n<tbody>\n<tr>\n<td style=\"width: 20.977%; text-align: center;\"><a href=\"http:\/\/www.camposaltos.mg.gov.br\/portal\/wp-content\/uploads\/2023\/05\/Marco-2022.pdf\">Mar\u00e7o <\/a><\/td>\n<td style=\"width: 15.3736%; text-align: center;\"><a href=\"http:\/\/www.camposaltos.mg.gov.br\/portal\/wp-content\/uploads\/2023\/05\/Abril-2022.pdf\">Abril <\/a><\/td>\n<td style=\"width: 13.6495%; text-align: center;\"><a href=\"http:\/\/www.camposaltos.mg.gov.br\/portal\/wp-content\/uploads\/2023\/05\/Maio-2022.pdf\">Maio <\/a><\/td>\n<td style=\"width: 16.6667%; text-align: center;\"><a href=\"http:\/\/www.camposaltos.mg.gov.br\/portal\/wp-content\/uploads\/2023\/05\/Junho-2022.pdf\">Junho<\/a><\/td>\n<td style=\"width: 16.6667%; text-align: center;\"><a href=\"http:\/\/www.camposaltos.mg.gov.br\/portal\/wp-content\/uploads\/2023\/05\/Julho-2022.pdf\">Julho<\/a><\/td>\n<td style=\"width: 16.6667%; text-align: center;\"><a href=\"http:\/\/www.camposaltos.mg.gov.br\/portal\/wp-content\/uploads\/2023\/05\/Agosto-2022.pdf\">Agosto<\/a><\/td>\n<\/tr>\n<tr>\n<td style=\"width: 20.977%; text-align: center;\"><a href=\"http:\/\/www.camposaltos.mg.gov.br\/portal\/wp-content\/uploads\/2023\/05\/Setembro-2022.pdf\">Setembro<\/a><\/td>\n<td style=\"width: 15.3736%; text-align: center;\"><a href=\"http:\/\/www.camposaltos.mg.gov.br\/portal\/wp-content\/uploads\/2023\/05\/Outubro-2022.pdf\">Outubro<\/a><\/td>\n<td style=\"width: 13.6495%; text-align: center;\"><a href=\"http:\/\/www.camposaltos.mg.gov.br\/portal\/wp-content\/uploads\/2023\/05\/Novembro-2022.pdf\">Novembro<\/a><\/td>\n<td style=\"width: 16.6667%; text-align: center;\"><a href=\"http:\/\/www.camposaltos.mg.gov.br\/portal\/wp-content\/uploads\/2023\/05\/Dezembro-2022.pdf\">Dezembro<\/a><\/td>\n<td style=\"width: 16.6667%;\"><\/td>\n<td style=\"width: 16.6667%;\"><\/td>\n<\/tr>\n<\/tbody>\n<\/table>\n<p>&nbsp;<\/p>\n<hr \/>\n<p>&nbsp;<\/p>\n<p><strong>Presta\u00e7\u00e3o de Contas\u00a0 2023<\/strong><\/p>\n<p><a href=\"http:\/\/www.camposaltos.mg.gov.br\/portal\/wp-content\/uploads\/2024\/05\/RETIFICACAO-PARECER-CONTABIL-REFERENTE-ANALISE-DE-PRESTACAO-DE-CONTAS-UNESCA-ID-A2.263.pdf\">RETIFICA\u00c7\u00c3O PARECER CONT\u00c1BIL REFERENTE AN\u00c1LISE DE PRESTA\u00c7\u00c3O DE CONTAS UNESCA- ID A2.263<\/a><\/p>\n<p><a href=\"http:\/\/www.camposaltos.mg.gov.br\/portal\/wp-content\/uploads\/2024\/05\/PRESTACAO-DE-CONTAS-UNESCA-2023.pdf\">PRESTA\u00c7\u00c3O DE CONTAS UNESCA 2023<\/a><\/p>\n<p><a href=\"http:\/\/www.camposaltos.mg.gov.br\/portal\/wp-content\/uploads\/2024\/05\/PRESTACAO-DE-CONTAS-2023-VILA-VICENTINA.pdf\">PRESTA\u00c7\u00c3O DE CONTAS 2023 VILA VICENTINA<\/a><\/p>\n<p><a href=\"http:\/\/www.camposaltos.mg.gov.br\/portal\/wp-content\/uploads\/2024\/05\/PRESTACAO-DE-CONTAS-UNIARAXA-2023.pdf\">PRESTA\u00c7\u00c3O DE CONTAS UNIARAXA 2023<\/a><\/p>\n<p><a href=\"https:\/\/www.camposaltos.mg.gov.br\/portal\/transparencia\/prestacao_apae2023.pdf\">PRESTA\u00c7\u00c3O DE CONTAS APAE 2023<\/a><\/p>\n<p><a href=\"https:\/\/www.camposaltos.mg.gov.br\/portal\/transparencia\/prestacao_lira2023.pdf\">PRESTA\u00c7\u00c3O DE CONTAS LIRA SANTO ANT\u00d4NIO 2023<\/a><\/p>\n<p><a href=\"http:\/\/www.camposaltos.mg.gov.br\/portal\/wp-content\/uploads\/2024\/06\/REANALISE-PRESTACAO-DE-CONTAS-INSTITUICAO-DE-APOIO-2023-APOS-APONTAMENTOS-DOC-A3.46E.pdf\">REAN\u00c1LISE PRESTA\u00c7\u00c3O DE CONTAS INSTITUI\u00c7\u00c3O DE APOIO 2023 AP\u00d3S APONTAMENTOS DOC A3.46E<\/a><\/p>\n<p><a href=\"http:\/\/www.camposaltos.mg.gov.br\/portal\/wp-content\/uploads\/2024\/06\/PRESTACAO-DE-CONTAS-INSTITUICAO-DE-APOIO-2023.pdf\">PRESTA\u00c7\u00c3O DE CONTAS INSTITUI\u00c7\u00c3O DE APOIO 2023<\/a><\/p>\n","protected":false},"excerpt":{"rendered":"<p>PRESTA\u00c7\u00c3O DE CONTAS &nbsp; Presta\u00e7\u00e3o de Contas Completa Clube Melhor Idade &nbsp; Presta\u00e7\u00e3o de Contas Rotary Clube Completa &nbsp; Presta\u00e7\u00e3o de Contas Completa Uni\u00e3o M\u00e3es de Bairro &nbsp; PRESTA\u00c7\u00c3O DE CONTAS - LIRA SANTO ANTONIO &nbsp; PRESTA\u00c7\u00c3O DE CONTAS SANTA CASA\u00a0 \u00a0 PRESTA\u00c7\u00c3O DE CONTAS APAE 2025 &nbsp; PRESTA\u00c7\u00c3O DE CONTAS DESCONTO BOLSAS ALUNOS UNIARAX\u00c1&hellip;<\/p>","protected":false},"author":1,"featured_media":0,"parent":0,"menu_order":0,"comment_status":"closed","ping_status":"closed","template":"","meta":{"tdm_status":"","tdm_grid_status":"","footnotes":""},"folder":[],"class_list":["post-4985","page","type-page","status-publish"],"amp_enabled":true,"_links":{"self":[{"href":"http:\/\/www.camposaltos.mg.gov.br\/portal\/wp-json\/wp\/v2\/pages\/4985","targetHints":{"allow":["GET"]}}],"collection":[{"href":"http:\/\/www.camposaltos.mg.gov.br\/portal\/wp-json\/wp\/v2\/pages"}],"about":[{"href":"http:\/\/www.camposaltos.mg.gov.br\/portal\/wp-json\/wp\/v2\/types\/page"}],"author":[{"embeddable":true,"href":"http:\/\/www.camposaltos.mg.gov.br\/portal\/wp-json\/wp\/v2\/users\/1"}],"replies":[{"embeddable":true,"href":"http:\/\/www.camposaltos.mg.gov.br\/portal\/wp-json\/wp\/v2\/comments?post=4985"}],"version-history":[{"count":0,"href":"http:\/\/www.camposaltos.mg.gov.br\/portal\/wp-json\/wp\/v2\/pages\/4985\/revisions"}],"wp:attachment":[{"href":"http:\/\/www.camposaltos.mg.gov.br\/portal\/wp-json\/wp\/v2\/media?parent=4985"}],"wp:term":[{"taxonomy":"folder","embeddable":true,"href":"http:\/\/www.camposaltos.mg.gov.br\/portal\/wp-json\/wp\/v2\/folder?post=4985"}],"curies":[{"name":"wp","href":"https:\/\/api.w.org\/{rel}","templated":true}]}}