{"id":5465,"date":"2023-09-11T11:06:56","date_gmt":"2023-09-11T14:06:56","guid":{"rendered":"http:\/\/www.camposaltos.mg.gov.br\/portal\/?page_id=5465"},"modified":"2023-10-04T18:41:58","modified_gmt":"2023-10-04T21:41:58","slug":"edital-e-anexos-processo-seletivo-01-2023","status":"publish","type":"page","link":"http:\/\/www.camposaltos.mg.gov.br\/portal\/edital-e-anexos-processo-seletivo-01-2023\/","title":{"rendered":"Processo Seletivo para Agentes de Sa\u00fade e Vigil\u00e2ncia Epidemiol\u00f3gica em Campos Altos\/MG  Edital N\u00ba 01\/2023"},"content":{"rendered":"<p>&nbsp;<\/p>\n<p><a href=\"http:\/\/www.camposaltos.mg.gov.br\/portal\/wp-content\/uploads\/2023\/09\/00-EDITAL-PSP-CAMPOS-ALTOS.pdf\">00 &#8211; EDITAL PSP CAMPOS ALTOS<\/a><\/p>\n<p><a href=\"http:\/\/www.camposaltos.mg.gov.br\/portal\/wp-content\/uploads\/2023\/09\/01-ANEXO-I-\u2013-REQUISITOS.pdf\">01 &#8211; ANEXO I \u2013 REQUISITOS<\/a><\/p>\n<p><a href=\"http:\/\/www.camposaltos.mg.gov.br\/portal\/wp-content\/uploads\/2023\/09\/02-ANEXO-II-DESCRICAO-E-ATRIBUICOES-DOS-CARGOS-FUNCOES_PSP.pdf\">02 &#8211; ANEXO II &#8211; DESCRI\u00c7\u00c3O E ATRIBUI\u00c7\u00d5ES DOS CARGOS-FUN\u00c7\u00d5ES_PSP<\/a><\/p>\n<p><a href=\"http:\/\/www.camposaltos.mg.gov.br\/portal\/wp-content\/uploads\/2023\/09\/03-ANEXO-III-\u2013-QUADRO-DE-PROVAS_PSP.pdf\">03- ANEXO III \u2013 QUADRO DE PROVAS_PSP<\/a><\/p>\n<p><a href=\"http:\/\/www.camposaltos.mg.gov.br\/portal\/wp-content\/uploads\/2023\/09\/04-ANEXO-IV-CONTEUDOS-PROGRAMATICOS_PSP.pdf\">04 &#8211; ANEXO IV &#8211; CONTE\u00daDO<\/a><\/p>\n<p><a href=\"http:\/\/www.camposaltos.mg.gov.br\/portal\/wp-content\/uploads\/2023\/09\/05-ANEXO-V-\u2013-DECLARACAO-SOLICITACAO-ISENCAO.pdf\">05 &#8211; ANEXO V \u2013 DECLARA\u00c7\u00c3O SOLICITA\u00c7\u00c3O ISEN\u00c7\u00c3O<\/a><\/p>\n<p><a href=\"http:\/\/www.camposaltos.mg.gov.br\/portal\/wp-content\/uploads\/2023\/09\/06-ANEXO-VI-\u2013-MODELO-DE-DECLARACAO-E-DE-LAUDO-MEDICO-PARA-PCD_PSP.pdf\">06 &#8211; ANEXO VI \u2013 MODELO DE DECLARA\u00c7\u00c3O E DE LAUDO M\u00c9DICO PARA PCD_PSP<\/a><\/p>\n<p><a href=\"http:\/\/www.camposaltos.mg.gov.br\/portal\/wp-content\/uploads\/2023\/09\/07-ANEXO-VII-\u2013-FORMULARIO-PARA-RECURSO-IMPRESSO_PSP.pdf\">07 &#8211; ANEXO VII \u2013 FORMUL\u00c1RIO PARA RECURSO IMPRESSO_PSP<\/a><\/p>\n<p><a href=\"http:\/\/www.camposaltos.mg.gov.br\/portal\/wp-content\/uploads\/2023\/09\/08-ANEXO-VIII-DEFINICAO-DAS-AREAS-GEOGRAFICAS_PSP.pdf\">08 &#8211; ANEXO VIII &#8211; DEFINI\u00c7\u00c3O DAS \u00c1REAS GEOGR\u00c1FICAS_PSP<\/a><\/p>\n<p><a href=\"http:\/\/www.camposaltos.mg.gov.br\/portal\/wp-content\/uploads\/2023\/09\/09-ANEXO-IX-DECLARACAO-DE-RESIDENCIA-ACS_PSP.pdf\">09 &#8211; ANEXO IX &#8211; DECLARA\u00c7\u00c3O DE RESID\u00caNCIA &#8211; ACS_PSP<\/a><\/p>\n<p><a href=\"http:\/\/www.camposaltos.mg.gov.br\/portal\/wp-content\/uploads\/2023\/09\/10-ANEXO-X-DECLARACAO-DE-RESIDENCIA-EM-NOME-DE-TERCEIROS-ACS_PSP.pdf\">10 &#8211; ANEXO X &#8211; DECLARA\u00c7\u00c3O DE RESID\u00caNCIA EM NOME DE TERCEIROS &#8211; ACS_PSP<\/a><\/p>\n<p><a href=\"http:\/\/www.camposaltos.mg.gov.br\/portal\/wp-content\/uploads\/2023\/09\/11-ANEXO-XI-CRITERIOS-DE-AVALIACAO-DA-PROVA-DE-TITULOS.pdf\">11 &#8211; ANEXO XI &#8211; CRIT\u00c9RIOS DE AVALIA\u00c7\u00c3O DA PROVA DE T\u00cdTULOS<\/a><\/p>\n<p><a href=\"http:\/\/www.camposaltos.mg.gov.br\/portal\/wp-content\/uploads\/2023\/09\/12-ANEXO-xII-\u2013-MODELO-DE-DECLARACAO-NEGROS-PARDOS.pdf\">12 &#8211; ANEXO xII \u2013 MODELO DE DECLARA\u00c7\u00c3O NEGROS PARDOS<\/a><\/p>\n<p><a href=\"http:\/\/www.camposaltos.mg.gov.br\/portal\/wp-content\/uploads\/2023\/09\/04-ANEXO-IV-CONTEUDOS-PROGRAMATICOS_PSP.pdf\">OS PROGRAM\u00c1TICOS_PSP<\/a><\/p>\n<p><a href=\"https:\/\/novo.ibgpconcursos.com.br\/concurso.jsp?cod=358\" target=\"_blank\" rel=\"noopener\">https:\/\/novo.ibgpconcursos.com.br\/concurso.jsp?cod=358<\/a><\/p>\n","protected":false},"excerpt":{"rendered":"<p>&nbsp; 00 - EDITAL PSP CAMPOS ALTOS 01 - ANEXO I \u2013 REQUISITOS 02 - ANEXO II - DESCRI\u00c7\u00c3O E ATRIBUI\u00c7\u00d5ES DOS CARGOS-FUN\u00c7\u00d5ES_PSP 03- ANEXO III \u2013 QUADRO DE PROVAS_PSP 04 - ANEXO IV - CONTE\u00daDO 05 - ANEXO V \u2013 DECLARA\u00c7\u00c3O SOLICITA\u00c7\u00c3O ISEN\u00c7\u00c3O 06 - ANEXO VI \u2013 MODELO DE DECLARA\u00c7\u00c3O E DE LAUDO&hellip;<\/p>","protected":false},"author":1,"featured_media":0,"parent":0,"menu_order":0,"comment_status":"closed","ping_status":"closed","template":"","meta":{"tdm_status":"","tdm_grid_status":"","footnotes":""},"folder":[],"class_list":["post-5465","page","type-page","status-publish"],"amp_enabled":true,"_links":{"self":[{"href":"http:\/\/www.camposaltos.mg.gov.br\/portal\/wp-json\/wp\/v2\/pages\/5465","targetHints":{"allow":["GET"]}}],"collection":[{"href":"http:\/\/www.camposaltos.mg.gov.br\/portal\/wp-json\/wp\/v2\/pages"}],"about":[{"href":"http:\/\/www.camposaltos.mg.gov.br\/portal\/wp-json\/wp\/v2\/types\/page"}],"author":[{"embeddable":true,"href":"http:\/\/www.camposaltos.mg.gov.br\/portal\/wp-json\/wp\/v2\/users\/1"}],"replies":[{"embeddable":true,"href":"http:\/\/www.camposaltos.mg.gov.br\/portal\/wp-json\/wp\/v2\/comments?post=5465"}],"version-history":[{"count":0,"href":"http:\/\/www.camposaltos.mg.gov.br\/portal\/wp-json\/wp\/v2\/pages\/5465\/revisions"}],"wp:attachment":[{"href":"http:\/\/www.camposaltos.mg.gov.br\/portal\/wp-json\/wp\/v2\/media?parent=5465"}],"wp:term":[{"taxonomy":"folder","embeddable":true,"href":"http:\/\/www.camposaltos.mg.gov.br\/portal\/wp-json\/wp\/v2\/folder?post=5465"}],"curies":[{"name":"wp","href":"https:\/\/api.w.org\/{rel}","templated":true}]}}