{"id":553,"date":"2016-01-02T05:23:21","date_gmt":"2016-01-02T05:23:21","guid":{"rendered":"http:\/\/www.camposaltos.mg.gov.br\/portal\/?page_id=553"},"modified":"2018-03-26T10:58:41","modified_gmt":"2018-03-26T10:58:41","slug":"calendario-dos-principais-eventos-da-cidade","status":"publish","type":"page","link":"http:\/\/www.camposaltos.mg.gov.br\/portal\/calendario-dos-principais-eventos-da-cidade\/","title":{"rendered":"Calend\u00e1rio dos principais eventos da cidade"},"content":{"rendered":"<p style=\"text-align: center;\"><span style=\"text-decoration: underline;\"><span style=\"font-size: 16px;\"><strong>Calend\u00e1rio dos principais eventos de Campos Altos<\/strong><\/span><\/span><\/p>\n<p style=\"text-align: justify;\">Portal do Alto Parana\u00edba, localizado em regi\u00e3o estrat\u00e9gica em Minas Gerais,&nbsp; Campos Altos se destaca por sua Cultura, Religiosidade e por suas Belezas Naturais.<\/p>\n<p style=\"text-align: justify;\">Em Campos Altos se encontra o 2\u00ba Santu\u00e1rio de Nossa Senhora Aparecida do Brasil, oficializado em 1999 pelo Vaticano e tamb\u00e9m a maior imagem de Nossa Senhora Aparecida do pa\u00eds e do mundo.<\/p>\n<p style=\"text-align: justify;\">Dentre as atra\u00e7\u00f5es naturais se destacam v\u00e1rias cachoeiras e ainda o \u201cParque Estadual dos Campos Altos\u201d, criado em 2004 pelo Instituto Estadual de Florestas \u2013 IEF.<\/p>\n<p style=\"text-align: justify;\">Na culin\u00e1ria o destaque \u00e9 o caf\u00e9 torrado artesanalmente, acompanhado pelas quitandas t\u00edpicas mineiras, como p\u00e3o de queijo, biscoitos e bolos. Campos Altos \u00e9 considerado um dos melhores produtores de caf\u00e9 do Brasil e do mundo. Outra especialidade do munic\u00edpio \u00e9 a produ\u00e7\u00e3o artesanal de queijo minas.<\/p>\n<p>Campos Altos \u00e9 um dos munic\u00edpios integrantes do \u201cCircuito da Canastra\u201d. Durante o ano ocorrem v\u00e1rias manifesta\u00e7\u00f5es culturais que atraem milhares de turistas.<\/p>\n<p align=\"justify\">&nbsp;<\/p>\n<p style=\"text-align: center;\"><span style=\"font-size: 20px;\"><u>Calend\u00e1rio dos principais eventos de Campos Altos &#8211; 2018<\/u><\/span><\/p>\n<p>&nbsp;<\/p>\n<table>\n<tbody>\n<tr>\n<td width=\"576\"><strong>36\u00ba Encontro de Folias de Santos Reis de Campos Altos<\/strong><\/p>\n<p><strong>Data:<\/strong> 28 de janeiro de 2018<\/p>\n<p><strong>Local:<\/strong> Santu\u00e1rio de Nossa Senhora da Concei\u00e7\u00e3o Aparecida<\/td>\n<\/tr>\n<tr>\n<td width=\"576\"><strong>Carnaval de Rua de Campos Altos 2018<\/strong><\/p>\n<p><strong>Data:<\/strong> 10, 11, 12 e 13 de fevereiro de 2018<\/p>\n<p><strong>Local:<\/strong> Pra\u00e7a Benedito Valadares &#8211; Centro<\/td>\n<\/tr>\n<tr>\n<td width=\"576\"><strong>Festa do Trabalhador 2018<\/strong><\/p>\n<p><strong>Data:<\/strong> 1\u00ba de maio de 2018<\/p>\n<p><strong>Local:<\/strong> Pra\u00e7a Benedito Valadares &#8211; Centro<\/td>\n<\/tr>\n<tr>\n<td width=\"576\"><strong>Festa de Nossa Senhora do Ros\u00e1rio e de S\u00e3o Benedito de Campos Altos 2018 (Congado)<\/strong><strong>&nbsp;<\/strong><\/p>\n<p><strong>Data:<\/strong> 26 e 27 de maio 2018<\/p>\n<p><strong>Local:<\/strong> Rua Jorge Lemos, Igrejas, principais ruas da cidade e na Pra\u00e7a Benedito Valadares &#8211; Centro<\/td>\n<\/tr>\n<tr>\n<td width=\"576\"><strong>Festas Juninas 2018<\/strong><\/p>\n<p><strong>Data:<\/strong> Meses de junho e julho de 2018<\/p>\n<p><strong>Local:<\/strong> Escolas Municipais, Escolas Estaduais, CMEIs e nos bairros de Campos Altos.<\/td>\n<\/tr>\n<\/tbody>\n<\/table>\n<p><strong>&nbsp;<\/strong><\/p>\n<table>\n<tbody>\n<tr>\n<td width=\"576\"><strong>Feira de Cultura 2018<\/strong><\/p>\n<p><strong>Data:<\/strong> 29 de junho de 2018<\/p>\n<p><strong>Local:<\/strong> Clube Social de Campos Altos &#8211; Centro<\/td>\n<\/tr>\n<tr>\n<td width=\"576\"><strong>2\u00aa Mostra de Dan\u00e7a de Campos Altos 2018<\/strong><\/p>\n<p><strong>Data:<\/strong> 7 de julho de 2018<\/p>\n<p><strong>Local:<\/strong> Poliesportivo Dr. Luiz Gonzaga Kallil Abra\u00e3o<\/p>\n<p><strong>Bairro:<\/strong> Santa Terezinha<\/td>\n<\/tr>\n<tr>\n<td width=\"576\"><strong>8\u00ba Encontro Regional de Bandas de Campos Altos 2018<\/strong><\/p>\n<p><strong>&nbsp;<\/strong><strong>Data:<\/strong> 12 de agosto de 2018<\/p>\n<p><strong>Local:<\/strong> Pra\u00e7a Benedito Valadares &#8211; Centro<\/td>\n<\/tr>\n<tr>\n<td width=\"576\"><strong>Festa do Pe\u00e3o 2018<\/strong><\/p>\n<p><strong>Data:<\/strong> M\u00eas de setembro de 2018 (data a definir)<\/p>\n<p><strong>Local:<\/strong> Parque de Exposi\u00e7\u00f5es de Campos Altos<\/td>\n<\/tr>\n<tr>\n<td width=\"576\"><strong>74\u00ba Anivers\u00e1rio de Campos Altos \u2013 Desfile C\u00edvico e Militar 2018<\/strong><\/p>\n<p><strong>&nbsp;<\/strong><strong>Data:<\/strong> 22 de setembro de 2018<\/p>\n<p><strong>Local:<\/strong> Principais ruas da cidade e na Pra\u00e7a Benedito Valadares Bairro: Centro<\/td>\n<\/tr>\n<\/tbody>\n<\/table>\n<p>&nbsp;<\/p>\n<table>\n<tbody>\n<tr>\n<td width=\"576\"><strong>74\u00ba Anivers\u00e1rio de Campos Altos &#8211; Encontro de Carreiros Desfile de Carros de Boi 2018<\/strong><\/p>\n<p><strong>&nbsp;<\/strong><strong>Data:<\/strong> 23 de setembro de 2018<\/p>\n<p><strong>Local:<\/strong> Principais ruas da cidade e Parque de Exposi\u00e7\u00f5es<\/td>\n<\/tr>\n<tr>\n<td width=\"576\"><strong>Festa de Nossa Senhora Aparecida 2018<\/strong><\/p>\n<p><strong>Data:<\/strong> 12 de outubro de 2018<\/p>\n<p><strong>Local:<\/strong> Santu\u00e1rio de Nossa Senhora da Concei\u00e7\u00e3o Aparecida<\/td>\n<\/tr>\n<tr>\n<td width=\"576\"><strong>2\u00ba Festival \u201cSobreviventes do Rock\u201d<\/strong><\/p>\n<p><strong>&nbsp;<\/strong><strong>Data:<\/strong> 21 de outubro de 2018<\/p>\n<p><strong>Local:<\/strong> Pra\u00e7a Benedito Valadares &#8211; Centro<\/td>\n<\/tr>\n<tr>\n<td width=\"576\"><strong>Semana Cultural da Consci\u00eancia Negra &#8211; Festival de Capoeira 2018<\/strong><\/p>\n<p><strong>Data:<\/strong> 10 de novembro de 2018<\/p>\n<p><strong>Local:<\/strong> Pra\u00e7a Benedito Valadares &#8211; Centro<\/td>\n<\/tr>\n<tr>\n<td width=\"576\"><strong>2\u00ba Festival de Dan\u00e7a de Campos Altos 2018<\/strong><\/p>\n<p><strong>Data:<\/strong> 8 de dezembro de 2018<\/p>\n<p><strong>Local:<\/strong> Poliesportivo Dr. Luiz Gonzaga Kallil Abra\u00e3o<\/p>\n<p><strong>Bairro:<\/strong> Santa Terezinha<\/td>\n<\/tr>\n<\/tbody>\n<\/table>\n","protected":false},"excerpt":{"rendered":"<p>Calend\u00e1rio dos principais eventos de Campos Altos Portal do Alto Parana\u00edba, localizado em regi\u00e3o estrat\u00e9gica em Minas Gerais,&nbsp; Campos Altos se destaca por sua Cultura, Religiosidade e por suas Belezas Naturais. Em Campos Altos se encontra o 2\u00ba Santu\u00e1rio de Nossa Senhora Aparecida do Brasil, oficializado em 1999 pelo Vaticano e tamb\u00e9m a maior imagem&hellip;<\/p>","protected":false},"author":1,"featured_media":0,"parent":0,"menu_order":0,"comment_status":"closed","ping_status":"closed","template":"","meta":{"tdm_status":"","tdm_grid_status":"","footnotes":""},"folder":[],"class_list":["post-553","page","type-page","status-publish"],"amp_enabled":true,"_links":{"self":[{"href":"http:\/\/www.camposaltos.mg.gov.br\/portal\/wp-json\/wp\/v2\/pages\/553","targetHints":{"allow":["GET"]}}],"collection":[{"href":"http:\/\/www.camposaltos.mg.gov.br\/portal\/wp-json\/wp\/v2\/pages"}],"about":[{"href":"http:\/\/www.camposaltos.mg.gov.br\/portal\/wp-json\/wp\/v2\/types\/page"}],"author":[{"embeddable":true,"href":"http:\/\/www.camposaltos.mg.gov.br\/portal\/wp-json\/wp\/v2\/users\/1"}],"replies":[{"embeddable":true,"href":"http:\/\/www.camposaltos.mg.gov.br\/portal\/wp-json\/wp\/v2\/comments?post=553"}],"version-history":[{"count":0,"href":"http:\/\/www.camposaltos.mg.gov.br\/portal\/wp-json\/wp\/v2\/pages\/553\/revisions"}],"wp:attachment":[{"href":"http:\/\/www.camposaltos.mg.gov.br\/portal\/wp-json\/wp\/v2\/media?parent=553"}],"wp:term":[{"taxonomy":"folder","embeddable":true,"href":"http:\/\/www.camposaltos.mg.gov.br\/portal\/wp-json\/wp\/v2\/folder?post=553"}],"curies":[{"name":"wp","href":"https:\/\/api.w.org\/{rel}","templated":true}]}}