{"id":5724,"date":"2024-01-24T10:24:09","date_gmt":"2024-01-24T13:24:09","guid":{"rendered":"https:\/\/www.camposaltos.mg.gov.br\/portal\/?page_id=5724"},"modified":"2024-01-24T10:24:09","modified_gmt":"2024-01-24T13:24:09","slug":"termos-de-fomentos-exercicio-2023","status":"publish","type":"page","link":"http:\/\/www.camposaltos.mg.gov.br\/portal\/termos-de-fomentos-exercicio-2023\/","title":{"rendered":"Termos de Fomentos exerc\u00edcio 2023"},"content":{"rendered":"<p><a href=\"http:\/\/www.camposaltos.mg.gov.br\/portal\/wp-content\/uploads\/2024\/01\/Publicacao-VILA-VICENTINA.pdf\">TERMO DE FOMENTO N\u00b0 05\/2023<\/a><\/p>\n<p>TERMO DE FOMENTO QUE ENTRE SICELEBRAM O MUNICIPIO DE CAMPOSALTOS E A VILA VICENTINA DE CAMPOSALTOS \u2013 SSVP \u2013 PARA OS FINS QUEESPECIFICA.<\/p>\n<hr \/>\n<p>&nbsp;<\/p>\n<p style=\"text-align: justify;\"><a href=\"http:\/\/www.camposaltos.mg.gov.br\/portal\/wp-content\/uploads\/2024\/01\/Publicacao-UNIARAXA.pdf\">TERMO DE COLABORA\u00c7\u00c3O N\u00b0 01\/2023<\/a><\/p>\n<p style=\"text-align: justify;\">TERMO DE COLABORA\u00c7\u00c3O QUE ENTRESI CELEBRAM O MUNICIPIO DE CAMPOSALTOS E A FUNDA\u00c7\u00c3O CULTURAL DEARAX\u00c1 PARA OS FINS QUE ESPECIFICA<\/p>\n<hr \/>\n<p>&nbsp;<\/p>\n<p><a href=\"http:\/\/www.camposaltos.mg.gov.br\/portal\/wp-content\/uploads\/2024\/01\/Publicacao-UNESCA.pdf\">TERMO DE FOMENTO N\u00b0 04\/2023<\/a><\/p>\n<p>TERMO DE FOMENTO QUE ENTRE SICELEBRAM O MUNICIPIO DE CAMPOSALTOS E A UNI\u00c3O ESTUDANTIL DECAMPOS ALTOS \u2013 UNESCA \u2013 PARA OSFINS QUE ESPECIFICA.<\/p>\n<hr \/>\n<p>&nbsp;<\/p>\n<p><a href=\"http:\/\/www.camposaltos.mg.gov.br\/portal\/wp-content\/uploads\/2024\/01\/Publicacao-SANTA-CASA.pdf\">TERMO DE FOMENTO N.\u00ba 07\/2023<\/a><\/p>\n<p>TERMO DE FOMENTO QUE ENTRE SICELEBRAM O MUNIC\u00cdPIO DE CAMPOSALTOS, E A SANTA CASA DEMISERIC\u00d3RDIA DE CAMPOS ALTOS, PARAOS FINS QUE SE ESPEC\u00cdFICA.<\/p>\n<hr \/>\n<p>&nbsp;<\/p>\n<p><a href=\"http:\/\/www.camposaltos.mg.gov.br\/portal\/wp-content\/uploads\/2024\/01\/Publicacao-LIRA-SANTO-ANTONIO.pdf\">TERMO DE FOMENTO N\u00b0 01\/2023<\/a><\/p>\n<p>TERMO DE FOMENTO QUE ENTRE SICELEBRAM O MUNICIPIO DE CAMPOS ALTOSE A CORPORA\u00c7\u00c3O MUSICAL LIRA SANTOANT\u00d4NIO PARA OS FINS QUE ESPECIFICA.<\/p>\n<hr \/>\n<p><a href=\"http:\/\/www.camposaltos.mg.gov.br\/portal\/wp-content\/uploads\/2024\/01\/Publicacao-Casa-de-Apoio.pdf\">TERMO DE FOMENTO N\u00b0 02\/2023<\/a><\/p>\n<p>TERMO DE FOMENTO QUE ENTRE SICELEBRAM O MUNICIPIO DE CAMPOSALTOS E A INSTITUI\u00c7\u00c3O DE APOIO DECAMPOS ALTOS PARA OS FINS QUEESPECIFICA.<\/p>\n<hr \/>\n<p>&nbsp;<\/p>\n<p><a href=\"http:\/\/www.camposaltos.mg.gov.br\/portal\/wp-content\/uploads\/2024\/01\/Publicacao-APAE.pdf\">TERMO DE FOMENTO N\u00b0 06\/2023<\/a><\/p>\n<p>TERMO DE FOMENTO QUE ENTRE SICELEBRAM O MUNICIPIO DE CAMPOS ALTOSE A ASSOCIA\u00c7\u00c3O DE PAIS E AMIGOS DOSEXCEPCIONAIS DE CAMPOS ALTOS \u2013 APAE \u2013PARA OS FINS QUE ESPECIFICA.<\/p>\n<hr \/>\n<p>&nbsp;<\/p>\n<p>&nbsp;<\/p>\n","protected":false},"excerpt":{"rendered":"<p>TERMO DE FOMENTO N\u00b0 05\/2023 TERMO DE FOMENTO QUE ENTRE SICELEBRAM O MUNICIPIO DE CAMPOSALTOS E A VILA VICENTINA DE CAMPOSALTOS \u2013 SSVP \u2013 PARA OS FINS QUEESPECIFICA. &nbsp; TERMO DE COLABORA\u00c7\u00c3O N\u00b0 01\/2023 TERMO DE COLABORA\u00c7\u00c3O QUE ENTRESI CELEBRAM O MUNICIPIO DE CAMPOSALTOS E A FUNDA\u00c7\u00c3O CULTURAL DEARAX\u00c1 PARA OS FINS QUE ESPECIFICA &nbsp;&hellip;<\/p>","protected":false},"author":1,"featured_media":0,"parent":0,"menu_order":0,"comment_status":"closed","ping_status":"closed","template":"","meta":{"tdm_status":"","tdm_grid_status":"","footnotes":""},"folder":[],"class_list":["post-5724","page","type-page","status-publish"],"amp_enabled":true,"_links":{"self":[{"href":"http:\/\/www.camposaltos.mg.gov.br\/portal\/wp-json\/wp\/v2\/pages\/5724","targetHints":{"allow":["GET"]}}],"collection":[{"href":"http:\/\/www.camposaltos.mg.gov.br\/portal\/wp-json\/wp\/v2\/pages"}],"about":[{"href":"http:\/\/www.camposaltos.mg.gov.br\/portal\/wp-json\/wp\/v2\/types\/page"}],"author":[{"embeddable":true,"href":"http:\/\/www.camposaltos.mg.gov.br\/portal\/wp-json\/wp\/v2\/users\/1"}],"replies":[{"embeddable":true,"href":"http:\/\/www.camposaltos.mg.gov.br\/portal\/wp-json\/wp\/v2\/comments?post=5724"}],"version-history":[{"count":0,"href":"http:\/\/www.camposaltos.mg.gov.br\/portal\/wp-json\/wp\/v2\/pages\/5724\/revisions"}],"wp:attachment":[{"href":"http:\/\/www.camposaltos.mg.gov.br\/portal\/wp-json\/wp\/v2\/media?parent=5724"}],"wp:term":[{"taxonomy":"folder","embeddable":true,"href":"http:\/\/www.camposaltos.mg.gov.br\/portal\/wp-json\/wp\/v2\/folder?post=5724"}],"curies":[{"name":"wp","href":"https:\/\/api.w.org\/{rel}","templated":true}]}}