{"id":5915,"date":"2024-06-24T15:43:31","date_gmt":"2024-06-24T18:43:31","guid":{"rendered":"https:\/\/www.camposaltos.mg.gov.br\/portal\/?page_id=5915"},"modified":"2024-06-24T15:45:45","modified_gmt":"2024-06-24T18:45:45","slug":"leis-em-vigor-2024","status":"publish","type":"page","link":"http:\/\/www.camposaltos.mg.gov.br\/portal\/leis-em-vigor-2024\/","title":{"rendered":"Leis em vigor 2024"},"content":{"rendered":"\n<table id=\"tablepress-31\" class=\"tablepress tablepress-id-31 tablepress-responsive\">\n<thead>\n<tr class=\"row-1\">\n\t<th class=\"column-1\">Leis<\/th><th class=\"column-2\">Descri\u00e7\u00e3o<\/th><th class=\"column-3\">Arquivos<\/th>\n<\/tr>\n<\/thead>\n<tbody class=\"row-striping row-hover\">\n<tr class=\"row-2\">\n\t<td class=\"column-1\">1112\/2024<\/td><td class=\"column-2\">DISP\u00d5E SOBRE A RECOMPOSI\u00c7\u00c3O ANUAL DOS SUBS\u00cdDIOS DOS AGENTES POL\u00cdTICOS DA C\u00c2MARA MUNICIPAL DE CAMPOS ALTOS.<\/td><td class=\"column-3\"><a href=\"http:\/\/www.camposaltos.mg.gov.br\/portal\/Leis\/2024\/1112.pdf\" target=\"_blank\" rel=\"noopener noreferrer\">arquivo.pdf<\/a><\/td>\n<\/tr>\n<tr class=\"row-3\">\n\t<td class=\"column-1\">1113\/2024<\/td><td class=\"column-2\">AUTORIZA O MUNIC\u00cdPIO A TRANSFERIR RECURSOS FINANCEIROS ATRAV\u00c9S DA FORMALIZA\u00c7\u00c3O DE TERMO DE CONV\u00caNIO COM A ENTIDADE ASSOCIA\u00c7\u00c3O DE SENIOR\u2019S DE CAMPOS ALTOS E D\u00c1 OUTRAS PROVID\u00caNCIAS.<\/td><td class=\"column-3\"><a href=\"http:\/\/www.camposaltos.mg.gov.br\/portal\/Leis\/2024\/1113.pdf\" target=\"_blank\" rel=\"noopener noreferrer\">arquivo.pdf<\/a><\/td>\n<\/tr>\n<tr class=\"row-4\">\n\t<td class=\"column-1\">1114\/2024<\/td><td class=\"column-2\">DISP\u00d5E SOBRE ALTERA\u00c7\u00c3O DA LEI MUNICIPAL 1070\/2023 DE 27\/07\/2023 QUE DISP\u00d5E SOBRE AS DIRETRIZES PARA A ELABORA\u00c7\u00c3O DA LEI OR\u00c7AMENT\u00c1RIA DE 2024 COM A INCLUS\u00c3O DE NOVA META\/PRIORIDADE DA ADMINISTRA\u00c7\u00c3O MUNICIPAL.<\/td><td class=\"column-3\"><a href=\"http:\/\/www.camposaltos.mg.gov.br\/portal\/Leis\/2024\/1114.pdf\" target=\"_blank\" rel=\"noopener noreferrer\">arquivo.pdf<\/a><\/td>\n<\/tr>\n<tr class=\"row-5\">\n\t<td class=\"column-1\">1115\/2024<\/td><td class=\"column-2\">DISP\u00d5E SOBRE A INCLUS\u00c3O DE A\u00c7\u00c3O DE GOVERNO E OBJETIVO NO PROGRAMA 0064 \u2013 PROGRAMA DE SANEAMENTO MUNICIPAL \u2013 PREVISTO NA LEI MUNICIPAL 970\/2021 DE 30.11.2021 QUE DISP\u00d5E SOBRE O PLANO PLURIANUAL DE A\u00c7\u00c3O GOVERNAMENTAL \u2013 PPA PARA O PER\u00cdODO DE 2022 A 2025.<\/td><td class=\"column-3\"><a href=\"http:\/\/www.camposaltos.mg.gov.br\/portal\/Leis\/2024\/1115.pdf\" target=\"_blank\" rel=\"noopener noreferrer\">arquivo.pdf<\/a><\/td>\n<\/tr>\n<tr class=\"row-6\">\n\t<td class=\"column-1\">1116\/2024<\/td><td class=\"column-2\">DISP\u00d5E SOBRE AUTORIZA\u00c7\u00c3O PARA O INGRESSO DO MUNIC\u00cdPIO DE CAMPOS ALTOS NO CONS\u00d3RCIO REGIONAL DE SANEAMENTO B\u00c1SICO \u2013 CONSANE E D\u00c1 OUTRAS PROVID\u00caNCIAS.<\/td><td class=\"column-3\"><a href=\"http:\/\/www.camposaltos.mg.gov.br\/portal\/Leis\/2024\/1116.pdf\" target=\"_blank\" rel=\"noopener noreferrer\">arquivo.pdf<\/a><\/td>\n<\/tr>\n<tr class=\"row-7\">\n\t<td class=\"column-1\">1117\/2024<\/td><td class=\"column-2\">AUTORIZA O MUNIC\u00cdPIO DE CAMPOS ALTOS-MG A CONTRATAR COM O BANCO DE DESENVOLVIMENTO DE MINAS GERAIS S\/A \u2013 BDMG, OPERA\u00c7\u00d5ES DE CR\u00c9DITO COM OUTORGA DE GARANTIA E D\u00c1 OUTRAS PROVID\u00caNCIAS.<\/td><td class=\"column-3\"><a href=\"http:\/\/www.camposaltos.mg.gov.br\/portal\/Leis\/2024\/1117.pdf\" target=\"_blank\" rel=\"noopener noreferrer\">arquivo.pdf<\/a><\/td>\n<\/tr>\n<tr class=\"row-8\">\n\t<td class=\"column-1\">1118\/2024<\/td><td class=\"column-2\">Disp\u00f5e sobre a fixa\u00e7\u00e3o dos subs\u00eddios do Presidente e dos Vereadores da C\u00e2mara Municipal de Campos Altos para a legislatura 2025\/2028.<\/td><td class=\"column-3\"><a href=\"http:\/\/www.camposaltos.mg.gov.br\/portal\/Leis\/2024\/1118.pdf\" target=\"_blank\" rel=\"noopener noreferrer\">arquivo.pdf<\/a><\/td>\n<\/tr>\n<tr class=\"row-9\">\n\t<td class=\"column-1\">1119\/2024<\/td><td class=\"column-2\">\u201cALTERA VENCIMENTO DA LEI MUNICIPAL N.\u00ba 28\/2001 QUE CONTEM O PLANO DE CARGOS E CARREIRAS DA AUTARQUIA MUNICIPAL DENOMINADA INSTITUTO DE PREVIDENCIA MUNICIPAL DE CAMPOS ALTOS - IPMCA E DA OUTRAS PROVIDENCIAS\u201d.<\/td><td class=\"column-3\"><a href=\"http:\/\/www.camposaltos.mg.gov.br\/portal\/Leis\/2024\/1119.pdf\" target=\"_blank\" rel=\"noopener noreferrer\">arquivo.pdf<\/a><\/td>\n<\/tr>\n<tr class=\"row-10\">\n\t<td class=\"column-1\">1120\/2024<\/td><td class=\"column-2\">FIXA OS SUBS\u00cdDIOS DO PREFEITO, VICE-PREFEITO E SECRET\u00c1RIOS MUNICIPAIS DE CAMPOS ALTOS PARA A LEGISLATURA 2025\/2028.<\/td><td class=\"column-3\"><a href=\"http:\/\/www.camposaltos.mg.gov.br\/portal\/Leis\/2024\/1120.pdf\" target=\"_blank\" rel=\"noopener noreferrer\">arquivo.pdf<\/a><\/td>\n<\/tr>\n<tr class=\"row-11\">\n\t<td class=\"column-1\">1121\/2024<\/td><td class=\"column-2\">Disp\u00f5e sobre a organiza\u00e7\u00e3o dos planos setoriais de cargos, carreiras, vencimentos do Executivo Municipal de Campos Altos, estabelece normas gerais de enquadramento, institui nova tabela de vencimentos e d\u00e1 outras provid\u00eancias.<\/td><td class=\"column-3\"><a href=\"http:\/\/www.camposaltos.mg.gov.br\/portal\/Leis\/2024\/1121.pdf\" target=\"_blank\" rel=\"noopener noreferrer\">arquivo.pdf<\/a><\/td>\n<\/tr>\n<tr class=\"row-12\">\n\t<td class=\"column-1\">1122\/2024<\/td><td class=\"column-2\">ALTERA O ARTIGO 3\u00ba DA LEI MUNICIPAL N\u00b0 1.097\/2023, AUMENTANDO O LIMITE DE REPASSE PARA A ENTIDADE CORPORA\u00c7\u00c3O MUSICAL LIRA SANTO ANT\u00d4NIO.<\/td><td class=\"column-3\"><a href=\"http:\/\/www.camposaltos.mg.gov.br\/portal\/Leis\/2024\/1122.pdf\" target=\"_blank\" rel=\"noopener noreferrer\">arquivo.pdf<\/a><\/td>\n<\/tr>\n<tr class=\"row-13\">\n\t<td class=\"column-1\">1123\/2024<\/td><td class=\"column-2\">DISP\u00d5E SOBRE A INSTITUI\u00c7\u00c3O DE INCENTIVO VARI\u00c1VEL POR DESEMPENHO DE METAS DO PROGRAMA PREVINE BRASIL NO \u00c2MBITO DA ATEN\u00c7\u00c3O PRIM\u00c1RIA A SA\u00daDE DO MUNICIPIO DE CAMPOS ALTOS-MG.<\/td><td class=\"column-3\"><a href=\"http:\/\/www.camposaltos.mg.gov.br\/portal\/Leis\/2024\/1123.pdf\" target=\"_blank\" rel=\"noopener noreferrer\">arquivo.pdf<\/a><\/td>\n<\/tr>\n<tr class=\"row-14\">\n\t<td class=\"column-1\">1124\/2024<\/td><td class=\"column-2\">CONCEDE A INCORPORA\u00c7\u00c3O AOS VENCIMENTOS DOS SERVIDORES OCUPANTES DO CARGO ESPECIALISTAS EM SA\u00daDE I ENFERMEIRO, BIOQU\u00cdMICO E FISIOTERAPEUTA.<\/td><td class=\"column-3\"><a href=\"http:\/\/www.camposaltos.mg.gov.br\/portal\/Leis\/2024\/1124.pdf\" target=\"_blank\" rel=\"noopener noreferrer\">arquivo.pdf<\/a><\/td>\n<\/tr>\n<tr class=\"row-15\">\n\t<td class=\"column-1\">1125\/2024<\/td><td class=\"column-2\">Disp\u00f5e sobre a ABERTURA DE CR\u00c9DITO ESPECIAL.<\/td><td class=\"column-3\"><a href=\"http:\/\/www.camposaltos.mg.gov.br\/portal\/Leis\/2024\/1125.pdf\" target=\"_blank\" rel=\"noopener noreferrer\">arquivo.pdf<\/a><\/td>\n<\/tr>\n<tr class=\"row-16\">\n\t<td class=\"column-1\">1126\/2024<\/td><td class=\"column-2\">AUTORIZA O MUNIC\u00cdPIO DE CAMPOS ALTOS RATIFICAR SUBSCRI\u00c7\u00c3O AO PROTOCOLO DE INTEN\u00c7\u00d5ES DE PARTICIPA\u00c7\u00c3O AO CONS\u00d3RCIO INTERMUNICIPAL DE SA\u00daDE DO ALTO PARAN\u00c1IBA-CISALP E D\u00c1 OUTRAS PROVID\u00caNCIAS.<\/td><td class=\"column-3\"><a href=\"http:\/\/www.camposaltos.mg.gov.br\/portal\/Leis\/2024\/1126.pdf\" target=\"_blank\" rel=\"noopener noreferrer\">arquivo.pdf<\/a><\/td>\n<\/tr>\n<tr class=\"row-17\">\n\t<td class=\"column-1\">1127\/2024<\/td><td class=\"column-2\">DISP\u00d5E SOBRE A ALTERA\u00c7\u00c3O DOS VENCIMENTOS DOS PROFISSIONAIS QUE PRESTAM SERVI\u00c7OS DE PLANT\u00c3O NO PRONTO ATENDIMENTO MUNICIPAL, E D\u00c1 OUTRAS PROVID\u00caNCIAS.<\/td><td class=\"column-3\"><a href=\"http:\/\/www.camposaltos.mg.gov.br\/portal\/Leis\/2024\/1127.pdf\" target=\"_blank\" rel=\"noopener noreferrer\">arquivo.pdf<\/a><\/td>\n<\/tr>\n<tr class=\"row-18\">\n\t<td class=\"column-1\">1128\/2024<\/td><td class=\"column-2\">DISP\u00d5E SOBRE ABERTURA DE CR\u00c9DITOS ESPECIAIS<\/td><td class=\"column-3\"><a href=\"http:\/\/www.camposaltos.mg.gov.br\/portal\/Leis\/2024\/1128.pdf\" target=\"_blank\" rel=\"noopener noreferrer\">arquivo.pdf<\/a><\/td>\n<\/tr>\n<tr class=\"row-19\">\n\t<td class=\"column-1\">1129\/2024<\/td><td class=\"column-2\">AUTORIZA O MUNIC\u00cdPIO DE CAMPOS ALTOS A REALIZAR CONTRIBUI\u00c7\u00c3O FINANCEIRA \u00c1 PARTICIPANTE CAMPOSALTENSE NO CONCURSO MISS E MR CONTINENTE BRASIL 2024 E D\u00c1 OUTRAS PROVIDENCIAS.<\/td><td class=\"column-3\"><a href=\"http:\/\/www.camposaltos.mg.gov.br\/portal\/Leis\/2024\/1129.pdf\" target=\"_blank\" rel=\"noopener noreferrer\">arquivo.pdf<\/a><\/td>\n<\/tr>\n<tr class=\"row-20\">\n\t<td class=\"column-1\">1130\/2024<\/td><td class=\"column-2\">DISP\u00d5E SOBRE FORMAS DE PAGAMENTO E PARCELAMENTO DE CR\u00c9DITOS TRIBUT\u00c1RIOS E D\u00c1 OUTRAS PROVID\u00caNCIAS.<\/td><td class=\"column-3\"><a href=\"http:\/\/www.camposaltos.mg.gov.br\/portal\/Leis\/2024\/1130.pdf\" target=\"_blank\" rel=\"noopener noreferrer\">arquivo.pdf<\/a><\/td>\n<\/tr>\n<tr class=\"row-21\">\n\t<td class=\"column-1\">1131\/2024<\/td><td class=\"column-2\">DISP\u00d5E SOBRE A CONTRATA\u00c7\u00c3O POR TEMPO DETERMINADO PARA ATENDER \u00c0 NECESSIDADE DE EXCEPCIONAL INTERESSE P\u00daBLICO NO \u00c2MBITO DO PODER EXECUTIVO CONFORME INCISO IX, DO ART. 37 DA CONSTITUI\u00c7\u00c3O FEDERAL E D\u00c1 OUTRAS PROVID\u00caNCIAS.<\/td><td class=\"column-3\"><a href=\"http:\/\/www.camposaltos.mg.gov.br\/portal\/Leis\/2024\/1131.pdf\" target=\"_blank\" rel=\"noopener noreferrer\">arquivo.pdf<\/a><\/td>\n<\/tr>\n<tr class=\"row-22\">\n\t<td class=\"column-1\">1132\/2024<\/td><td class=\"column-2\">DISP\u00d5E SOBRE AS DIRETRIZES PARA ELABORA\u00c7\u00c3O E EXECU\u00c7\u00c3O DA LEI OR\u00c7AMENT\u00c1RIA DE 2025, E D\u00c1 OUTRAS PROVID\u00caNCIAS.<\/td><td class=\"column-3\"><a href=\"http:\/\/www.camposaltos.mg.gov.br\/portal\/Leis\/2024\/1132.pdf\" target=\"_blank\" rel=\"noopener noreferrer\">arquivo.pdf<\/a><\/td>\n<\/tr>\n<tr class=\"row-23\">\n\t<td class=\"column-1\">1133\/2024<\/td><td class=\"column-2\">Disp\u00f5e sobre a inclus\u00e3o de A\u00e7\u00e3o de Governo e Objetivo no Programa 0018 \u2013 Apoio a Difus\u00e3o Cultural \u2013 previsto na Lei Municipal 970\/2021 que disp\u00f5e sobre o Plano Plurianual de A\u00e7\u00e3o Governamental \u2013 PPA para o per\u00edodo de 2022 a 2025.<\/td><td class=\"column-3\"><a href=\"http:\/\/www.camposaltos.mg.gov.br\/portal\/Leis\/2024\/1133.pdf\" target=\"_blank\" rel=\"noopener noreferrer\">arquivo.pdf<\/a><\/td>\n<\/tr>\n<tr class=\"row-24\">\n\t<td class=\"column-1\">1134\/2024<\/td><td class=\"column-2\">Disp\u00f5e sobre altera\u00e7\u00e3o da Lei Municipal 1070\/2023 que disp\u00f5e sobre as Diretrizes para a Elabora\u00e7\u00e3o da Lei Or\u00e7ament\u00e1ria de 2024 com a inclus\u00e3o de nova Meta\/Prioridade da Administra\u00e7\u00e3o Municipal.<\/td><td class=\"column-3\"><a href=\"http:\/\/www.camposaltos.mg.gov.br\/portal\/Leis\/2024\/1134.pdf\" target=\"_blank\" rel=\"noopener noreferrer\">arquivo.pdf<\/a><\/td>\n<\/tr>\n<tr class=\"row-25\">\n\t<td class=\"column-1\">1135\/2024<\/td><td class=\"column-2\">DISP\u00d5E SOBRE A ABERTURA DE CREDITOS ESPECIAIS<\/td><td class=\"column-3\"><a href=\"http:\/\/www.camposaltos.mg.gov.br\/portal\/Leis\/2024\/1135.pdf\" target=\"_blank\" rel=\"noopener noreferrer\">arquivo.pdf<\/a><\/td>\n<\/tr>\n<tr class=\"row-26\">\n\t<td class=\"column-1\">1136\/2024<\/td><td class=\"column-2\">DISP\u00d5E SOBRE A ALTERA\u00c7\u00c3O DA REMUNERA\u00c7\u00c3O DOS MEMBROS DO CONSELHO TUTELAR DA CRIAN\u00c7A E DO ADOLESCENTE DE CAMPOS ALTOS E D\u00c1 OUTRAS PROVID\u00caNCIAS.<\/td><td class=\"column-3\"><a href=\"http:\/\/www.camposaltos.mg.gov.br\/portal\/Leis\/2024\/1136.pdf\" target=\"_blank\" rel=\"noopener noreferrer\">arquivo.pdf<\/a><\/td>\n<\/tr>\n<tr class=\"row-27\">\n\t<td class=\"column-1\">1137\/2024<\/td><td class=\"column-2\">DISP\u00d5E SOBRE O TERMO DE COOPERA\u00c7\u00c3O ENTRE OS PODERES EXECUTIVO E LEGISLATIVO, DA CESS\u00c3O DA COMISS\u00c3O DE LICITA\u00c7\u00c3O DA PREFEITURA MUNICIPAL DE CAMPOS ALTOS E D\u00c1 OUTRAS PROVID\u00caNCIAS.<\/td><td class=\"column-3\"><a href=\"http:\/\/www.camposaltos.mg.gov.br\/portal\/Leis\/2024\/1137.pdf\" target=\"_blank\" rel=\"noopener noreferrer\">arquivo.pdf<\/a><\/td>\n<\/tr>\n<tr class=\"row-28\">\n\t<td class=\"column-1\">1138\/2024<\/td><td class=\"column-2\">Institui o C\u00f3digo de \u00c9tica Profissional do Servidor P\u00fablico do Munic\u00edpio de Campos Altos.<\/td><td class=\"column-3\"><a href=\"http:\/\/www.camposaltos.mg.gov.br\/portal\/Leis\/2024\/1138.pdf\" target=\"_blank\" rel=\"noopener noreferrer\">arquivo.pdf<\/a><\/td>\n<\/tr>\n<tr class=\"row-29\">\n\t<td class=\"column-1\">1139\/2024<\/td><td class=\"column-2\">DISP\u00d5E SOBRE A REVIS\u00c3O ANUAL DOS AGENTES POL\u00cdTICOS CONFORME ART. 37 INCISO X DA CONSTITUI\u00c7\u00c3O FEDERAL DE 1988, NO EXATO LIMITE DA PERDA DE SEU PODER AQUISITIVO E D\u00c1 OUTRAS PROVID\u00caNCIAS.<\/td><td class=\"column-3\"><a href=\"http:\/\/www.camposaltos.mg.gov.br\/portal\/Leis\/2024\/1139.pdf\" target=\"_blank\" rel=\"noopener noreferrer\">arquivo.pdf<\/a><\/td>\n<\/tr>\n<tr class=\"row-30\">\n\t<td class=\"column-1\">1140\/2024<\/td><td class=\"column-2\">DISP\u00d5E SOBRE A ABERTURA DE CREDITOS ESPECIAIS<\/td><td class=\"column-3\"><a href=\"http:\/\/www.camposaltos.mg.gov.br\/portal\/Leis\/2024\/1140.pdf\" target=\"_blank\" rel=\"noopener noreferrer\">arquivo.pdf<\/a><\/td>\n<\/tr>\n<tr class=\"row-31\">\n\t<td class=\"column-1\">1141\/2024<\/td><td class=\"column-2\">DISP\u00d5E SOBRE CRIT\u00c9RIOS E PROCEDIMENTOS DESTINADOS \u00c0 ATIVIDADE DE<br \/>\nLICENCIAMENTO AMBIENTAL NO MUNIC\u00cdPIO DE CAMPOS ALTOS\/MG E ESTABELECE<br \/>\nA TAXA DE LICENCIAMENTO AMBIENTAL (TLA), E D\u00c1 OUTRAS PROVID\u00caNCIAS.<br \/>\n<\/td><td class=\"column-3\"><a href=\"http:\/\/www.camposaltos.mg.gov.br\/portal\/Leis\/2024\/1141.pdf\" target=\"_blank\" rel=\"noopener noreferrer\">arquivo.pdf<\/a><\/td>\n<\/tr>\n<tr class=\"row-32\">\n\t<td class=\"column-1\">1142\/2024<\/td><td class=\"column-2\">DECLARA DE UTILIDADE P\u00daBLICA A \u201cASSOCIA\u00c7\u00c3O<br \/>\nDE INCLUS\u00c3O DE CAMPOS ALTOS \u2013 INCLUIR\u201d.<br \/>\n<\/td><td class=\"column-3\"><a href=\"http:\/\/www.camposaltos.mg.gov.br\/portal\/Leis\/2024\/1142.pdf\" target=\"_blank\" rel=\"noopener noreferrer\">arquivo.pdf<\/a><\/td>\n<\/tr>\n<tr class=\"row-33\">\n\t<td class=\"column-1\">1143\/2024<\/td><td class=\"column-2\">DISP\u00d5E SOBRE A DENOMINA\u00c7\u00c3O DE LOGRADOURO<br \/>\nP\u00daBLICO.<\/td><td class=\"column-3\"><a href=\"http:\/\/www.camposaltos.mg.gov.br\/portal\/Leis\/2024\/1143.pdf\" target=\"_blank\" rel=\"noopener noreferrer\">arquivo.pdf<\/a><\/td>\n<\/tr>\n<tr class=\"row-34\">\n\t<td class=\"column-1\">1144\/2024<\/td><td class=\"column-2\">DISP\u00d5E SOBRE A DENOMINA\u00c7\u00c3O DE LOGRADOURO<br \/>\nP\u00daBLICO.<\/td><td class=\"column-3\"><a href=\"http:\/\/www.camposaltos.mg.gov.br\/portal\/Leis\/2024\/1144.pdf\" target=\"_blank\" rel=\"noopener noreferrer\">arquivo.pdf<\/a><\/td>\n<\/tr>\n<tr class=\"row-35\">\n\t<td class=\"column-1\">1145\/2024<\/td><td class=\"column-2\">Disp\u00f5e sobre a denomina\u00e7\u00e3o de logradouro p\u00fablico.<\/td><td class=\"column-3\"><a href=\"http:\/\/www.camposaltos.mg.gov.br\/portal\/Leis\/2024\/1145.pdf\" target=\"_blank\" rel=\"noopener noreferrer\">arquivo.pdf<\/a><\/td>\n<\/tr>\n<tr class=\"row-36\">\n\t<td class=\"column-1\">1146\/2024<\/td><td class=\"column-2\">Disp\u00f5e sobre a denomina\u00e7\u00e3o de logradouro p\u00fablico.<br \/>\n<\/td><td class=\"column-3\"><a href=\"http:\/\/www.camposaltos.mg.gov.br\/portal\/Leis\/2024\/1146.pdf\" target=\"_blank\" rel=\"noopener noreferrer\">arquivo.pdf<\/a><\/td>\n<\/tr>\n<tr class=\"row-37\">\n\t<td class=\"column-1\">1147\/2024<\/td><td class=\"column-2\">DISP\u00d5E SOBRE CONCESS\u00c3O DE CONTRIBUI\u00c7\u00c3O<br \/>\nPARA AS ESCOLAS ESTADUAIS PARA REALIZA\u00c7\u00c3O<br \/>\nDO DESFILE C\u00cdVICO COMEMORATIVO DE CAMPOS<br \/>\nALTOS. <\/td><td class=\"column-3\"><a href=\"http:\/\/www.camposaltos.mg.gov.br\/portal\/Leis\/2024\/1147.pdf\" target=\"_blank\" rel=\"noopener noreferrer\">arquivo.pdf<\/a><\/td>\n<\/tr>\n<tr class=\"row-38\">\n\t<td class=\"column-1\">1148\/2024<\/td><td class=\"column-2\">Disp\u00f5e sobre a denomina\u00e7\u00e3o de logradouro p\u00fablico.<\/td><td class=\"column-3\"><a href=\"http:\/\/www.camposaltos.mg.gov.br\/portal\/Leis\/2024\/1148.pdf\" target=\"_blank\" rel=\"noopener noreferrer\">arquivo.pdf<\/a><\/td>\n<\/tr>\n<tr class=\"row-39\">\n\t<td class=\"column-1\">1149\/2024<\/td><td class=\"column-2\">DISP\u00d5E SOBRE O TERMO DE COOPERA\u00c7\u00c3O ENTRE OS PODERES EXECUTIVO E<br \/>\nLEGISLATIVO PARA A REALIZA\u00c7\u00c3O UNIFICADA DO CONCURSO P\u00daBLICO PARA<br \/>\nPROVIMENTO DE CARGOS P\u00daBLICOS DO MUNIC\u00cdPIO DE CAMPOS ALTOS E D\u00c1<br \/>\nOUTRAS PROVID\u00caNCIAS.<br \/>\n<\/td><td class=\"column-3\"><a href=\"http:\/\/www.camposaltos.mg.gov.br\/portal\/Leis\/2024\/1149.pdf\" target=\"_blank\" rel=\"noopener noreferrer\">arquivo.pdf<\/a><\/td>\n<\/tr>\n<tr class=\"row-40\">\n\t<td class=\"column-1\">1150\/2024<\/td><td class=\"column-2\">Institui a Semana de Preven\u00e7\u00e3o, conscientiza\u00e7\u00e3o e<br \/>\nCombate \u00e0 Depress\u00e3o e \u00e0 Automutila\u00e7\u00e3o no Calend\u00e1rio<br \/>\nOficial do Munic\u00edpio.<\/td><td class=\"column-3\"><a href=\"http:\/\/www.camposaltos.mg.gov.br\/portal\/Leis\/2024\/1150.pdf\" target=\"_blank\" rel=\"noopener noreferrer\">arquivo.pdf<\/a><\/td>\n<\/tr>\n<tr class=\"row-41\">\n\t<td class=\"column-1\">1151\/2024<\/td><td class=\"column-2\">APROVA E RATIFICA AS ALTERA\u00c7\u00d5ES DO PROTOCOLO DE INTEN\u00c7\u00d5ES, O<br \/>\nCONTRATO DE CONS\u00d3RCIO P\u00daBLICO E O ESTATUTO SOCIAL ASSIM COMO<br \/>\nA CONVERS\u00c3O DO CONS\u00d3RCIO INTERMUNICIPAL MULTIFINALIT\u00c1RIO DO<br \/>\nPLANALTO DE ARAX\u00c1- CIMPLA EM CONS\u00d3RCIO INTERFEDERATIVO MINAS<br \/>\nGERAIS - CIMINAS E D\u00c1 OUTRAS PROVID\u00caNCIAS.<\/td><td class=\"column-3\"><a href=\"http:\/\/www.camposaltos.mg.gov.br\/portal\/Leis\/2024\/1151.pdf\" target=\"_blank\" rel=\"noopener noreferrer\">arquivo.pdf<\/a><\/td>\n<\/tr>\n<tr class=\"row-42\">\n\t<td class=\"column-1\">1152\/2024<\/td><td class=\"column-2\">FIXA VALOR PARA OS D\u00c9BITOS JUDICIAIS A SEREM PAGOS<br \/>\nMEDIANTE REQUISI\u00c7\u00c3O DE PEQUENO VALOR (RPV) PELO<br \/>\nMUNIC\u00cdPIO DE CAMPOS ALTOS-MG E D\u00c1 OUTRAS<br \/>\nPROVID\u00caNCIAS.<\/td><td class=\"column-3\"><a href=\"http:\/\/www.camposaltos.mg.gov.br\/portal\/Leis\/2024\/1152.pdf\" target=\"_blank\" rel=\"noopener noreferrer\">arquivo.pdf<\/a><\/td>\n<\/tr>\n<tr class=\"row-43\">\n\t<td class=\"column-1\">1153\/2024<\/td><td class=\"column-2\">Disp\u00f5e sobre a ABERTURA DE CREDITO ESPECIAL<\/td><td class=\"column-3\"><a href=\"http:\/\/www.camposaltos.mg.gov.br\/portal\/Leis\/2024\/1153.pdf\" target=\"_blank\" rel=\"noopener noreferrer\">arquivo.pdf<\/a><\/td>\n<\/tr>\n<tr class=\"row-44\">\n\t<td class=\"column-1\">1154\/2024<\/td><td class=\"column-2\">AUTORIZA O MUNIC\u00cdPIO DE CAMPOS ALTOS A TRANSFERIR RECURSOS<br \/>\nFINANCEIROS ATRAV\u00c9S DA FORMALIZA\u00c7\u00c3O DE TERMO DE CONV\u00caNIO<br \/>\nCOM A ENTIDADE ASSOCIA\u00c7\u00c3O DOS PRODUTORES E AGRICULTORES<br \/>\nRURAIS ESPERAN\u00c7A ANDORINHAS ASSENTAMENTO SANTA CECILIA E<br \/>\nD\u00c1 OUTRAS PROVID\u00caNCIAS.<\/td><td class=\"column-3\"><a href=\"http:\/\/www.camposaltos.mg.gov.br\/portal\/Leis\/2024\/1154.pdf\" target=\"_blank\" rel=\"noopener noreferrer\">arquivo.pdf<\/a><\/td>\n<\/tr>\n<tr class=\"row-45\">\n\t<td class=\"column-1\">1155\/2024<\/td><td class=\"column-2\">AUTORIZA O PAGAMENTO DE MULTA AMBIENTAL E D\u00c1 OUTRAS<br \/>\nPROVID\u00caNCIAS.<\/td><td class=\"column-3\"><a href=\"http:\/\/www.camposaltos.mg.gov.br\/portal\/Leis\/2024\/1155.pdf\" target=\"_blank\" rel=\"noopener noreferrer\">arquivo.pdf<\/a><\/td>\n<\/tr>\n<tr class=\"row-46\">\n\t<td class=\"column-1\">1156\/2024<\/td><td class=\"column-2\">Autoriza o Poder Executivo Municipal a doar im\u00f3vel ao Estado<br \/>\nde Minas Gerais, para uso do Minist\u00e9rio P\u00fablico do Estado de<br \/>\nMinas Gerais, Mediante Interesse P\u00fablico e d\u00e1 outras<br \/>\nProvid\u00eancias.<br \/>\n<\/td><td class=\"column-3\"><a href=\"http:\/\/www.camposaltos.mg.gov.br\/portal\/Leis\/2024\/1156.pdf\" target=\"_blank\" rel=\"noopener noreferrer\">arquivo.pdf<\/a><\/td>\n<\/tr>\n<tr class=\"row-47\">\n\t<td class=\"column-1\">1157\/2024<\/td><td class=\"column-2\">DISP\u00d5E SOBRE A DOA\u00c7\u00c3O DE IMOVEL DO MUNICPIO<br \/>\nDE CAMPOS ALTOS \u00c0 CAIXA DE ASSIST\u00caNCIA DOS<br \/>\nADVOGADOS DE MINAS GERAIS \u2013 CAA\/MG, NA FORMA<br \/>\nE CONDI\u00c7\u00d5ES QUE ESPECIFICA.<\/td><td class=\"column-3\"><a href=\"http:\/\/www.camposaltos.mg.gov.br\/portal\/Leis\/2024\/1157.pdf\" target=\"_blank\" rel=\"noopener noreferrer\">arquivo.pdf<\/a><\/td>\n<\/tr>\n<tr class=\"row-48\">\n\t<td class=\"column-1\">1158\/2024<\/td><td class=\"column-2\">Disp\u00f5e sobre desafeta\u00e7\u00e3o de bem p\u00fablico, autoriza permiss\u00e3o de uso \u00e0<br \/>\nUNI\u00c3O DE M\u00c3ES DOS BAIRROS L\u00c1ZARO LEITE E BOA ESPERAN\u00c7A e<br \/>\nd\u00e1 outras provid\u00eancias.<\/td><td class=\"column-3\"><a href=\"http:\/\/www.camposaltos.mg.gov.br\/portal\/Leis\/2024\/1158.pdf\" target=\"_blank\" rel=\"noopener noreferrer\">arquivo.pdf<\/a><\/td>\n<\/tr>\n<tr class=\"row-49\">\n\t<td class=\"column-1\">1159\/2024<\/td><td class=\"column-2\">AUTORIZA O MUNIC\u00cdPIO DE CAMPOS ALTOS A TRANSFERIR<br \/>\nRECURSOS FINANCEIROS ATRAV\u00c9S DA FORMALIZA\u00c7\u00c3O DE<br \/>\nTERMO DE CONV\u00caNIO COM A ENTIDADE ROTARY CLUB DE<br \/>\nCAMPOS ALTOS E D\u00c1 OUTRAS PROVID\u00caNCIAS.<\/td><td class=\"column-3\"><a href=\"http:\/\/www.camposaltos.mg.gov.br\/portal\/Leis\/2024\/1159.pdf\" target=\"_blank\" rel=\"noopener noreferrer\">arquivo.pdf<\/a><\/td>\n<\/tr>\n<tr class=\"row-50\">\n\t<td class=\"column-1\">1160\/2024<\/td><td class=\"column-2\">AUTORIZA O PAGAMENTO DE MULTA AMBIENTAL E D\u00c1 OUTRAS<br \/>\nPROVID\u00caNCIAS.<\/td><td class=\"column-3\"><a href=\"http:\/\/www.camposaltos.mg.gov.br\/portal\/Leis\/2024\/1160.pdf\" target=\"_blank\" rel=\"noopener noreferrer\">arquivo.pdf<\/a><\/td>\n<\/tr>\n<tr class=\"row-51\">\n\t<td class=\"column-1\">1161\/2024<\/td><td class=\"column-2\">Disp\u00f5e sobre a remo\u00e7\u00e3o de ve\u00edculos abandonados nas vias p\u00fablicas, no \u00e2mbito do Munic\u00edpio de Campos Altos e d\u00e1 outras provid\u00eancias.<\/td><td class=\"column-3\"><a href=\"http:\/\/www.camposaltos.mg.gov.br\/portal\/Leis\/2024\/1161.pdf\" target=\"_blank\" rel=\"noopener noreferrer\">arquivo.pdf<\/a><\/td>\n<\/tr>\n<tr class=\"row-52\">\n\t<td class=\"column-1\">1162\/2024<br \/>\n<\/td><td class=\"column-2\">DISP\u00d5E SOBRE A NOVA METODOLOGIA DE COFINANCIAMENTO FEDERAL DA ATEN\u00c7\u00c3O PRIM\u00c1RIA \u00c0 SA\u00daDE CONFORME PORTARIA GM\/MS N\u00ba 3.493, DE 10 DE ABRIL DE 2024 - NO \u00c2MBITO DO SISTEMA \u00daNICO DE SA\u00daDE (SUS) E DA OUTRAS PROVIDENCIAS.<\/td><td class=\"column-3\"><a href=\"http:\/\/www.camposaltos.mg.gov.br\/portal\/Leis\/2024\/1162.pdf\" target=\"_blank\" rel=\"noopener noreferrer\">arquivo.pdf<\/a><\/td>\n<\/tr>\n<tr class=\"row-53\">\n\t<td class=\"column-1\">1163\/2024<\/td><td class=\"column-2\">AUTORIZA A TRANSFER\u00caNCIA DA RESPONSABILIDADE PELO PAGAMENTO DA CONTA DE ENERGIA EL\u00c9TRICA DA ENTIDADE FILANTR\u00d3PICA SANTA CASA DA MISERIC\u00d3RDIA, EM RAZ\u00c3O DO COMODATO, E D\u00c1 OUTRAS PROVID\u00caNCIAS.<\/td><td class=\"column-3\"><a href=\"http:\/\/www.camposaltos.mg.gov.br\/portal\/Leis\/2024\/1163.pdf\" target=\"_blank\" rel=\"noopener noreferrer\">arquivo.pdf<\/a><\/td>\n<\/tr>\n<tr class=\"row-54\">\n\t<td class=\"column-1\">1164\/2024<br \/>\n<\/td><td class=\"column-2\">Disp\u00f5e sobre o Plano Diretor Participativo do Munic\u00edpio de Campos Altos e d\u00e1 outras provid\u00eancias. <\/td><td class=\"column-3\"><a href=\"http:\/\/www.camposaltos.mg.gov.br\/portal\/Leis\/2024\/1164.pdf\" target=\"_blank\" rel=\"noopener noreferrer\">arquivo.pdf<\/a><br \/>\n<br \/>\n<a href=\"http:\/\/www.camposaltos.mg.gov.br\/portal\/Leis\/2024\/anexo1164.pdf\" target=\"_blank\" rel=\"noopener noreferrer\">anexo.pdf<\/a><\/td>\n<\/tr>\n<tr class=\"row-55\">\n\t<td class=\"column-1\">1165\/2024<\/td><td class=\"column-2\">AUTORIZA O MUNIC\u00cdPIO DE CAMPOS ALTOS A TRANSFERIR RECURSOS FINANCEIROS ATRAV\u00c9S DA FORMALIZA\u00c7\u00c3O DE TERMO DE CONV\u00caNIO COM A ENTIDADE ROTARY CLUB DE CAMPOS ALTOS E D\u00c1 OUTRAS PROVID\u00caNCIAS.<\/td><td class=\"column-3\"><a href=\"http:\/\/www.camposaltos.mg.gov.br\/portal\/Leis\/2024\/1165.pdf\" target=\"_blank\" rel=\"noopener noreferrer\">arquivo.pdf<\/a><\/td>\n<\/tr>\n<tr class=\"row-56\">\n\t<td class=\"column-1\">LEI N\u00ba 1.166\/2024<\/td><td class=\"column-2\">ESTIMA AS RECEITAS E FIXA AS DESPESAS DO OR\u00c7AMENTO FISCAL DO MUNIC\u00cdPIO DE CAMPOS ALTOS PARA O EXERC\u00cdCIO DE 2025<\/td><td class=\"column-3\"><a href=\"http:\/\/www.camposaltos.mg.gov.br\/portal\/Leis\/2025\/1166.pdf\" target=\"_blank\" rel=\"noopener noreferrer\">arquivo.pdf<\/a><\/td>\n<\/tr>\n<\/tbody>\n<\/table>\n<!-- #tablepress-31 from cache -->\n","protected":false},"excerpt":{"rendered":"<p><\/p>","protected":false},"author":1,"featured_media":0,"parent":0,"menu_order":0,"comment_status":"closed","ping_status":"closed","template":"","meta":{"tdm_status":"","tdm_grid_status":"","footnotes":""},"folder":[],"class_list":["post-5915","page","type-page","status-publish"],"amp_enabled":true,"_links":{"self":[{"href":"http:\/\/www.camposaltos.mg.gov.br\/portal\/wp-json\/wp\/v2\/pages\/5915","targetHints":{"allow":["GET"]}}],"collection":[{"href":"http:\/\/www.camposaltos.mg.gov.br\/portal\/wp-json\/wp\/v2\/pages"}],"about":[{"href":"http:\/\/www.camposaltos.mg.gov.br\/portal\/wp-json\/wp\/v2\/types\/page"}],"author":[{"embeddable":true,"href":"http:\/\/www.camposaltos.mg.gov.br\/portal\/wp-json\/wp\/v2\/users\/1"}],"replies":[{"embeddable":true,"href":"http:\/\/www.camposaltos.mg.gov.br\/portal\/wp-json\/wp\/v2\/comments?post=5915"}],"version-history":[{"count":0,"href":"http:\/\/www.camposaltos.mg.gov.br\/portal\/wp-json\/wp\/v2\/pages\/5915\/revisions"}],"wp:attachment":[{"href":"http:\/\/www.camposaltos.mg.gov.br\/portal\/wp-json\/wp\/v2\/media?parent=5915"}],"wp:term":[{"taxonomy":"folder","embeddable":true,"href":"http:\/\/www.camposaltos.mg.gov.br\/portal\/wp-json\/wp\/v2\/folder?post=5915"}],"curies":[{"name":"wp","href":"https:\/\/api.w.org\/{rel}","templated":true}]}}