{"id":607,"date":"2016-01-04T22:01:23","date_gmt":"2016-01-04T22:01:23","guid":{"rendered":"http:\/\/www.camposaltos.mg.gov.br\/portal\/?page_id=607"},"modified":"2017-12-07T01:09:06","modified_gmt":"2017-12-07T01:09:06","slug":"lei-municipal-de-protecao-ao-patrimonio-cultural-de-campos-altos","status":"publish","type":"page","link":"http:\/\/www.camposaltos.mg.gov.br\/portal\/lei-municipal-de-protecao-ao-patrimonio-cultural-de-campos-altos\/","title":{"rendered":"Lei Municipal de Prote\u00e7\u00e3o ao Patrim\u00f4nio Cultural de Campos Altos"},"content":{"rendered":"<p>&nbsp;<\/p>\n<p><span style=\"font-size: 20px;\"><a href=\"http:\/\/www.camposaltos.mg.gov.br\/portal\/cultura\/leiPatrimonio.pdf\" target=\"_blank\" rel=\"noopener\">Clique para acessar a lei que &#8216;Estabelece normas de prote\u00e7\u00e3o ao patrim\u00f4nio cultural do munic\u00edpio de Campos Altos-MG.&nbsp; &nbsp; &nbsp; &nbsp; &nbsp; &nbsp; &nbsp; &nbsp; &nbsp; &nbsp; E da outras provid\u00eancias&#8217;.<\/a><\/span><\/p>\n","protected":false},"excerpt":{"rendered":"<p>&nbsp; Clique para acessar a lei que 'Estabelece normas de prote\u00e7\u00e3o ao patrim\u00f4nio cultural do munic\u00edpio de Campos Altos-MG.&nbsp; &nbsp; &nbsp; &nbsp; &nbsp; &nbsp; &nbsp; &nbsp; &nbsp; &nbsp; E da outras provid\u00eancias'.<\/p>","protected":false},"author":1,"featured_media":0,"parent":0,"menu_order":0,"comment_status":"closed","ping_status":"closed","template":"","meta":{"tdm_status":"","tdm_grid_status":"","footnotes":""},"folder":[],"class_list":["post-607","page","type-page","status-publish"],"amp_enabled":true,"_links":{"self":[{"href":"http:\/\/www.camposaltos.mg.gov.br\/portal\/wp-json\/wp\/v2\/pages\/607","targetHints":{"allow":["GET"]}}],"collection":[{"href":"http:\/\/www.camposaltos.mg.gov.br\/portal\/wp-json\/wp\/v2\/pages"}],"about":[{"href":"http:\/\/www.camposaltos.mg.gov.br\/portal\/wp-json\/wp\/v2\/types\/page"}],"author":[{"embeddable":true,"href":"http:\/\/www.camposaltos.mg.gov.br\/portal\/wp-json\/wp\/v2\/users\/1"}],"replies":[{"embeddable":true,"href":"http:\/\/www.camposaltos.mg.gov.br\/portal\/wp-json\/wp\/v2\/comments?post=607"}],"version-history":[{"count":0,"href":"http:\/\/www.camposaltos.mg.gov.br\/portal\/wp-json\/wp\/v2\/pages\/607\/revisions"}],"wp:attachment":[{"href":"http:\/\/www.camposaltos.mg.gov.br\/portal\/wp-json\/wp\/v2\/media?parent=607"}],"wp:term":[{"taxonomy":"folder","embeddable":true,"href":"http:\/\/www.camposaltos.mg.gov.br\/portal\/wp-json\/wp\/v2\/folder?post=607"}],"curies":[{"name":"wp","href":"https:\/\/api.w.org\/{rel}","templated":true}]}}