{"id":6194,"date":"2025-01-14T09:38:44","date_gmt":"2025-01-14T12:38:44","guid":{"rendered":"https:\/\/www.camposaltos.mg.gov.br\/portal\/?page_id=6194"},"modified":"2025-07-16T09:02:24","modified_gmt":"2025-07-16T12:02:24","slug":"prestacao-de-contas-2024","status":"publish","type":"page","link":"http:\/\/www.camposaltos.mg.gov.br\/portal\/prestacao-de-contas-2024\/","title":{"rendered":"Presta\u00e7\u00e3o de Contas 2024"},"content":{"rendered":"<p>&nbsp;<\/p>\n<p><a href=\"http:\/\/www.camposaltos.mg.gov.br\/portal\/wp-content\/uploads\/2025\/02\/PRESTACAO-DE-CONTAS-VILA-VICENTINA-APROVADA-2024.pdf\"><span style=\"font-size: 20px;\">Presta\u00e7\u00e3o de Contas Vila Vicentina APROVADA 2024<\/span><\/a><br \/>\nPresta\u00e7\u00e3o de Contas Vila vicentina<\/p>\n<hr \/>\n<p>&nbsp;<\/p>\n<div class=\"td-page-content tagdiv-type\"><span style=\"font-size: 20px;\"><a href=\"http:\/\/www.camposaltos.mg.gov.br\/portal\/wp-content\/uploads\/2025\/01\/Prestacao-de-contas-e-Analise-2024-Termo-de-colaboracao-UNIARAXA.pdf\">Presta\u00e7\u00e3o de contas e An\u00e1lise <\/a><\/span><br \/>\n<span style=\"font-size: 14px;\">Presta\u00e7\u00e3o de contas e An\u00e1lise 2024 Termo de colabora\u00e7\u00e3o UNIARAXA<\/span><\/div>\n<div><\/div>\n<hr \/>\n<div><\/div>\n<p><span style=\"font-size: 20px;\"><a href=\"http:\/\/www.camposaltos.mg.gov.br\/portal\/transparencia\/Prestacao_de_contas_lira2024.pdf\">Presta\u00e7\u00e3o de Contas 02\/2024<\/a><\/span><\/p>\n<p>Lira Santo Ant\u00f4nio<\/p>\n<hr \/>\n<p><span style=\"font-size: 20px;\"><a href=\"http:\/\/www.camposaltos.mg.gov.br\/portal\/transparencia\/Prestacao_casaapoio2024.pdf\">Presta\u00e7\u00e3o de Contas 2024<\/a><\/span><\/p>\n<p>Casa de Apoio<\/p>\n<p>&nbsp;<\/p>\n<hr \/>\n<p><span style=\"font-size: 20px;\"><a href=\"http:\/\/www.camposaltos.mg.gov.br\/portal\/wp-content\/uploads\/2025\/05\/UNESCA_CONTAS.pdf\">Presta\u00e7\u00e3o de Contas 2024<\/a><\/span><\/p>\n<p>Associa\u00e7\u00e3o Estudantil de Campos Altos UNESCA<\/p>\n<p>&nbsp;<\/p>\n<hr \/>\n<p><span style=\"font-size: 20px;\"><a href=\"http:\/\/www.camposaltos.mg.gov.br\/portal\/wp-content\/uploads\/2025\/07\/Prestacao-de-contas-Consep-2023-2024-APROVADA.pdf\" target=\"_blank\" rel=\"noopener\">Presta\u00e7\u00e3o de contas Consep 2023\/2024<\/a><\/span><\/p>\n<p>Presta\u00e7\u00e3o de contas do videomonitoramento<\/p>\n","protected":false},"excerpt":{"rendered":"<p>&nbsp; Presta\u00e7\u00e3o de Contas Vila Vicentina APROVADA 2024 Presta\u00e7\u00e3o de Contas Vila vicentina &nbsp; Presta\u00e7\u00e3o de contas e An\u00e1lise Presta\u00e7\u00e3o de contas e An\u00e1lise 2024 Termo de colabora\u00e7\u00e3o UNIARAXA Presta\u00e7\u00e3o de Contas 02\/2024 Lira Santo Ant\u00f4nio Presta\u00e7\u00e3o de Contas 2024 Casa de Apoio &nbsp; Presta\u00e7\u00e3o de Contas 2024 Associa\u00e7\u00e3o Estudantil de Campos Altos UNESCA &nbsp;&hellip;<\/p>","protected":false},"author":1,"featured_media":0,"parent":0,"menu_order":0,"comment_status":"closed","ping_status":"closed","template":"","meta":{"tdm_status":"","tdm_grid_status":"","footnotes":""},"folder":[],"class_list":["post-6194","page","type-page","status-publish"],"amp_enabled":true,"_links":{"self":[{"href":"http:\/\/www.camposaltos.mg.gov.br\/portal\/wp-json\/wp\/v2\/pages\/6194","targetHints":{"allow":["GET"]}}],"collection":[{"href":"http:\/\/www.camposaltos.mg.gov.br\/portal\/wp-json\/wp\/v2\/pages"}],"about":[{"href":"http:\/\/www.camposaltos.mg.gov.br\/portal\/wp-json\/wp\/v2\/types\/page"}],"author":[{"embeddable":true,"href":"http:\/\/www.camposaltos.mg.gov.br\/portal\/wp-json\/wp\/v2\/users\/1"}],"replies":[{"embeddable":true,"href":"http:\/\/www.camposaltos.mg.gov.br\/portal\/wp-json\/wp\/v2\/comments?post=6194"}],"version-history":[{"count":0,"href":"http:\/\/www.camposaltos.mg.gov.br\/portal\/wp-json\/wp\/v2\/pages\/6194\/revisions"}],"wp:attachment":[{"href":"http:\/\/www.camposaltos.mg.gov.br\/portal\/wp-json\/wp\/v2\/media?parent=6194"}],"wp:term":[{"taxonomy":"folder","embeddable":true,"href":"http:\/\/www.camposaltos.mg.gov.br\/portal\/wp-json\/wp\/v2\/folder?post=6194"}],"curies":[{"name":"wp","href":"https:\/\/api.w.org\/{rel}","templated":true}]}}