{"id":6205,"date":"2025-01-20T16:38:11","date_gmt":"2025-01-20T19:38:11","guid":{"rendered":"https:\/\/www.camposaltos.mg.gov.br\/portal\/?page_id=6205"},"modified":"2025-03-11T07:58:34","modified_gmt":"2025-03-11T10:58:34","slug":"leis-em-vigor-2025","status":"publish","type":"page","link":"http:\/\/www.camposaltos.mg.gov.br\/portal\/leis-em-vigor-2025\/","title":{"rendered":"Leis em vigor 2025"},"content":{"rendered":"\n<table id=\"tablepress-32\" class=\"tablepress tablepress-id-32 tablepress-responsive\">\n<thead>\n<tr class=\"row-1\">\n\t<th class=\"column-1\">Leis<\/th><th class=\"column-2\">Descri\u00e7\u00e3o<\/th><th class=\"column-3\">Arquivos<\/th>\n<\/tr>\n<\/thead>\n<tbody class=\"row-striping row-hover\">\n<tr class=\"row-2\">\n\t<td class=\"column-1\">1167\/2025<\/td><td class=\"column-2\">Autoriza celebra\u00e7\u00e3o de Termo de Fomento com as entidades e associa\u00e7\u00f5es especificadas, e d\u00e1 outras provid\u00eancias.<\/td><td class=\"column-3\"><a href=\"http:\/\/www.camposaltos.mg.gov.br\/portal\/Leis\/2025\/1167.pdf\" target=\"_blank\">arquivo.pdf<\/a><br \/>\n<\/td>\n<\/tr>\n<tr class=\"row-3\">\n\t<td class=\"column-1\">1168\/2025<\/td><td class=\"column-2\">Concede revis\u00e3o anual dos vencimentos, proventos e pens\u00f5es aos servidores ativos, inativos e pensionistas da administra\u00e7\u00e3o direta, indireta e autarquia do Munic\u00edpio de Campos Altos e d\u00e1 outras provid\u00eancias.<\/td><td class=\"column-3\"><a href=\"http:\/\/www.camposaltos.mg.gov.br\/portal\/Leis\/2025\/1168.pdf\" target=\"_blank\">arquivo.pdf<\/a><br \/>\n<\/td>\n<\/tr>\n<tr class=\"row-4\">\n\t<td class=\"column-1\">1169\/2025<\/td><td class=\"column-2\">ALTERA DISPOSITIVOS DA LEI MUNICIPAL N\u00ba 1.110 DE 29 DE DEZEMBRO DE 2023 QUE DISP\u00d5E SOBRE A ORGANIZA\u00c7\u00c3O E A ESTRUTURA ADMINISTRATIVA DO PODER EXECUTIVO MUNICIPAL DE CAMPOS ALTOS E D\u00c1 OUTRAS PROVIDENCIAS.<\/td><td class=\"column-3\"><a href=\"http:\/\/www.camposaltos.mg.gov.br\/portal\/Leis\/2025\/1169.pdf\" target=\"_blank\">arquivo.pdf<\/a><br \/>\n<br \/>\n<br \/>\n<a href=\"http:\/\/www.camposaltos.mg.gov.br\/portal\/Leis\/2025\/1169anexos.pdf\" target=\"_blank\">anexos.pdf<\/a><\/td>\n<\/tr>\n<tr class=\"row-5\">\n\t<td class=\"column-1\">1170\/2025<\/td><td class=\"column-2\">REVOGA A LEI MUNICIPAL N. 1.156 DE 26 DE NOVEMBRO DE 2024, QUE AUTORIZA O PODER EXECUTIVO MUNICIPAL A DOAR IM\u00d3VEL AO ESTADO DE MINAS GERAIS, PARA USO DO MINIST\u00c9RIO P\u00daBLICO DO ESTADO DE MINAS GERAIS, MEDIANTE INTERESSE P\u00daBLICO E D\u00c1 OUTRAS PROVID\u00caNCIAS.<\/td><td class=\"column-3\"><a href=\"http:\/\/www.camposaltos.mg.gov.br\/portal\/Leis\/2025\/1170.pdf\" target=\"_blank\">arquivo.pdf<\/a><br \/>\n<\/td>\n<\/tr>\n<tr class=\"row-6\">\n\t<td class=\"column-1\">1171\/2025<\/td><td class=\"column-2\">DISP\u00d5E SOBRE A AFETA\u00c7\u00c3O DE BEM P\u00daBLICO MUNICIPAL PARA A CONSTRU\u00c7\u00c3O DA SEDE DO LEGISLATIVO MUNICIPAL.<\/td><td class=\"column-3\"><a href=\"http:\/\/www.camposaltos.mg.gov.br\/portal\/Leis\/2025\/1171.pdf\" target=\"_blank\">arquivo.pdf<\/a><br \/>\n<\/td>\n<\/tr>\n<tr class=\"row-7\">\n\t<td class=\"column-1\">1172\/2025<\/td><td class=\"column-2\">DISP\u00d5E SOBRE A DESAFETA\u00c7\u00c3O DE BEM P\u00daBLICO E D\u00c1 OUTRAS PROVID\u00caNCIAS.<\/td><td class=\"column-3\"><a href=\"http:\/\/www.camposaltos.mg.gov.br\/portal\/Leis\/2025\/1172.pdf\" target=\"_blank\">arquivo.pdf<\/a><br \/>\n<\/td>\n<\/tr>\n<tr class=\"row-8\">\n\t<td class=\"column-1\">1173\/2025<\/td><td class=\"column-2\">DISP\u00d5E SOBRE FORMAS DE PAGAMENTO E PARCELAMENTO DE CR\u00c9DITOS TRIBUT\u00c1RIOS E D\u00c1 OUTRAS PROVID\u00caNCIAS.<\/td><td class=\"column-3\"><a href=\"http:\/\/www.camposaltos.mg.gov.br\/portal\/Leis\/2025\/1173.pdf\" target=\"_blank\">arquivo.pdf<\/a><br \/>\n<\/td>\n<\/tr>\n<tr class=\"row-9\">\n\t<td class=\"column-1\">1174\/2025<\/td><td class=\"column-2\">Autoriza o Munic\u00edpio de Campos Altos - MG, atrav\u00e9s do Poder Executivo<br \/>\nMunicipal, a celebrar conv\u00eanio de coopera\u00e7\u00e3o com entes administrativos<br \/>\nmunicipais, na forma que espec\u00edfica, para a gest\u00e3o associada de servi\u00e7os<br \/>\np\u00fablicos e d\u00e1 outras provid\u00eancias.<\/td><td class=\"column-3\"><a href=\"http:\/\/www.camposaltos.mg.gov.br\/portal\/Leis\/2025\/1174.pdf\" target=\"_blank\">arquivo.pdf<\/a><br \/>\n<\/td>\n<\/tr>\n<tr class=\"row-10\">\n\t<td class=\"column-1\">1175\/2025<\/td><td class=\"column-2\">Disp\u00f5e sobre o remanejamento do objeto de execu\u00e7\u00e3o de emenda parlamentar<br \/>\nindividual da Lei Municipal n\u00ba 1.166 de 30 de dezembro de 2024, do munic\u00edpio de<br \/>\nCampos Altos, que estima as receitas e fixa as despesas do or\u00e7amento fiscal do<br \/>\nmunic\u00edpio para o exerc\u00edcio de 2025, e determina outras provid\u00eancias.<br \/>\n<\/td><td class=\"column-3\"><a href=\"http:\/\/www.camposaltos.mg.gov.br\/portal\/Leis\/2025\/1175.pdf\" target=\"_blank\">arquivo.pdf<\/a><br \/>\n<\/td>\n<\/tr>\n<\/tbody>\n<\/table>\n<!-- #tablepress-32 from cache -->\n","protected":false},"excerpt":{"rendered":"<p><\/p>","protected":false},"author":1,"featured_media":0,"parent":0,"menu_order":0,"comment_status":"closed","ping_status":"closed","template":"","meta":{"tdm_status":"","tdm_grid_status":"","footnotes":""},"folder":[],"class_list":["post-6205","page","type-page","status-publish"],"amp_enabled":true,"_links":{"self":[{"href":"http:\/\/www.camposaltos.mg.gov.br\/portal\/wp-json\/wp\/v2\/pages\/6205","targetHints":{"allow":["GET"]}}],"collection":[{"href":"http:\/\/www.camposaltos.mg.gov.br\/portal\/wp-json\/wp\/v2\/pages"}],"about":[{"href":"http:\/\/www.camposaltos.mg.gov.br\/portal\/wp-json\/wp\/v2\/types\/page"}],"author":[{"embeddable":true,"href":"http:\/\/www.camposaltos.mg.gov.br\/portal\/wp-json\/wp\/v2\/users\/1"}],"replies":[{"embeddable":true,"href":"http:\/\/www.camposaltos.mg.gov.br\/portal\/wp-json\/wp\/v2\/comments?post=6205"}],"version-history":[{"count":0,"href":"http:\/\/www.camposaltos.mg.gov.br\/portal\/wp-json\/wp\/v2\/pages\/6205\/revisions"}],"wp:attachment":[{"href":"http:\/\/www.camposaltos.mg.gov.br\/portal\/wp-json\/wp\/v2\/media?parent=6205"}],"wp:term":[{"taxonomy":"folder","embeddable":true,"href":"http:\/\/www.camposaltos.mg.gov.br\/portal\/wp-json\/wp\/v2\/folder?post=6205"}],"curies":[{"name":"wp","href":"https:\/\/api.w.org\/{rel}","templated":true}]}}