{"id":661,"date":"2016-01-04T22:34:30","date_gmt":"2016-01-04T22:34:30","guid":{"rendered":"http:\/\/www.camposaltos.mg.gov.br\/portal\/?page_id=661"},"modified":"2017-12-07T02:34:40","modified_gmt":"2017-12-07T02:34:40","slug":"conselho-municipal-do-patrimonio-cultural-de-campos-altos","status":"publish","type":"page","link":"http:\/\/www.camposaltos.mg.gov.br\/portal\/conselho-municipal-do-patrimonio-cultural-de-campos-altos\/","title":{"rendered":"Conselho Municipal do Patrim\u00f4nio Cultural de Campos Altos"},"content":{"rendered":"<table border=\"0\" width=\"615\" cellspacing=\"10\" cellpadding=\"5\" align=\"center\">\n<tbody>\n<tr>\n<td style=\"width: 309px;\" height=\"167\">\n<div align=\"center\">\n<p align=\"left\">&nbsp;<\/p>\n<p align=\"left\"><a href=\"http:\/\/www.camposaltos.mg.gov.br\/portal\/lei-municipal-de-protecao-ao-patrimonio-cultural-de-campos-altos\/\" target=\"_blank\" rel=\"noopener\">Lei de cria\u00e7\u00e3o do conselho<\/a><\/p>\n<p>&nbsp;<\/p>\n<p align=\"left\">&nbsp;<\/p>\n<\/div>\n<\/td>\n<td style=\"width: 319px;\">\n<div align=\"center\">\n<p align=\"left\"><a href=\"http:\/\/www.camposaltos.mg.gov.br\/portal\/cultura\/regimento.pdf\">Regimento do Conselho<\/a><\/p>\n<p align=\"left\">&nbsp;<\/p>\n<\/div>\n<\/td>\n<\/tr>\n<tr>\n<td style=\"text-align: left; width: 309px;\" height=\"162\"><a href=\"http:\/\/www.camposaltos.mg.gov.br\/portal\/lei-municipal-de-protecao-ao-patrimonio-cultural-de-campos-altos\/\"><img loading=\"lazy\" decoding=\"async\" class=\"alignnone\" src=\"http:\/\/www.camposaltos.mg.gov.br\/old\/img\/icone.png\" alt=\"Decreto de nomea\u00e7\u00e3o dos Conselheiros 2011\/2012\" width=\"88\" height=\"156\" border=\"0\"><\/a><\/td>\n<td style=\"width: 319px;\"><a href=\"http:\/\/www.camposaltos.mg.gov.br\/portal\/termos-de-posse-dos-conselheiros-20112012\/\"><img loading=\"lazy\" decoding=\"async\" class=\"alignnone\" src=\"http:\/\/www.camposaltos.mg.gov.br\/old\/img\/icone.png\" alt=\"Termos de Posse dos Conselheiros 2011\/2012\" width=\"88\" height=\"88\" border=\"0\"><\/a><\/td>\n<\/tr>\n<tr>\n<td style=\"width: 309px;\" height=\"172\">\n<p align=\"left\"><a href=\"http:\/\/www.camposaltos.mg.gov.br\/portal\/decreto-de-nomeacao-dos-conselheiros-20132014\/\" target=\"_blank\" rel=\"noopener\">Decreto de nomea\u00e7\u00e3o dos&nbsp;Conselheiros 2013\/2014<\/a><\/p>\n<p align=\"left\">&nbsp;<\/p>\n<\/td>\n<td style=\"width: 319px;\"><a href=\"http:\/\/www.camposaltos.mg.gov.br\/portal\/termos-de-posse-dos-conselheiros-20132014\/\" target=\"_blank\" rel=\"noopener\">Termos de Posse dos Conselheiro 2013\/2014<\/a><\/p>\n<p>&nbsp;<\/td>\n<\/tr>\n<tr>\n<td style=\"width: 309px;\" height=\"172\">\n<p align=\"left\"><a href=\"http:\/\/www.camposaltos.mg.gov.br\/portal\/decreto-de-nomeacao-dos-conselheiros-20152016\/\" target=\"_blank\" rel=\"noopener\">Decreto de nomea\u00e7\u00e3o dos&nbsp;Conselheiros 2015\/2016<\/a><\/p>\n<p align=\"left\">&nbsp;<\/p>\n<\/td>\n<td style=\"width: 319px;\"><a href=\"http:\/\/www.camposaltos.mg.gov.br\/portal\/termos-de-posse-dos-conselheiros-20152016\/\" target=\"_blank\" rel=\"noopener\">Termos de Posse dos conselheiros 2015\/2016<\/a><\/p>\n<p>&nbsp;<\/td>\n<\/tr>\n<tr>\n<td style=\"width: 309px;\" height=\"172\">\n<p align=\"left\">&nbsp;<\/p>\n<p align=\"left\"><a href=\"http:\/\/www.camposaltos.mg.gov.br\/portal\/decreto-de-nomeacao-dos-conselheiros-2017-2018\/\" target=\"_blank\" rel=\"noopener\">Decreto de nomea\u00e7\u00e3o dos conselheiros 2017\/2018<\/a><\/p>\n<p align=\"left\">&nbsp;<\/p>\n<p align=\"left\">&nbsp;<\/p>\n<\/td>\n<td style=\"width: 319px;\"><a href=\"http:\/\/www.camposaltos.mg.gov.br\/portal\/2017\/11\/30\/termos-de-posse-dos-conselheiros-2017-2018\/\" target=\"_blank\" rel=\"noopener\">Termo de posse dos conselheiros 2017\/2018<\/a><\/p>\n<p>&nbsp;<\/td>\n<\/tr>\n<tr>\n<td style=\"width: 309px;\" height=\"172\">\n<p align=\"left\"><a href=\"http:\/\/www.camposaltos.mg.gov.br\/portal\/atas-das-reunioes-do-conselho\/\"><img loading=\"lazy\" decoding=\"async\" class=\"alignnone\" src=\"http:\/\/www.camposaltos.mg.gov.br\/old\/img\/icone.png\" alt=\"Atas das Reuni\u00f5es do Conselho\" width=\"88\" height=\"88\" border=\"0\"><\/a><\/p>\n<\/td>\n<td style=\"width: 319px;\">&nbsp;<\/td>\n<\/tr>\n<\/tbody>\n<\/table>\n<p>&nbsp;<\/p>\n<p>&nbsp;<\/p>\n","protected":false},"excerpt":{"rendered":"<p>&nbsp; Lei de cria\u00e7\u00e3o do conselho &nbsp; &nbsp; Regimento do Conselho &nbsp; Decreto de nomea\u00e7\u00e3o dos&nbsp;Conselheiros 2013\/2014 &nbsp; Termos de Posse dos Conselheiro 2013\/2014 &nbsp; Decreto de nomea\u00e7\u00e3o dos&nbsp;Conselheiros 2015\/2016 &nbsp; Termos de Posse dos conselheiros 2015\/2016 &nbsp; &nbsp; Decreto de nomea\u00e7\u00e3o dos conselheiros 2017\/2018 &nbsp; &nbsp; Termo de posse dos conselheiros 2017\/2018 &nbsp; &nbsp;&hellip;<\/p>","protected":false},"author":1,"featured_media":0,"parent":0,"menu_order":0,"comment_status":"closed","ping_status":"closed","template":"","meta":{"tdm_status":"","tdm_grid_status":"","footnotes":""},"folder":[],"class_list":["post-661","page","type-page","status-publish"],"amp_enabled":true,"_links":{"self":[{"href":"http:\/\/www.camposaltos.mg.gov.br\/portal\/wp-json\/wp\/v2\/pages\/661","targetHints":{"allow":["GET"]}}],"collection":[{"href":"http:\/\/www.camposaltos.mg.gov.br\/portal\/wp-json\/wp\/v2\/pages"}],"about":[{"href":"http:\/\/www.camposaltos.mg.gov.br\/portal\/wp-json\/wp\/v2\/types\/page"}],"author":[{"embeddable":true,"href":"http:\/\/www.camposaltos.mg.gov.br\/portal\/wp-json\/wp\/v2\/users\/1"}],"replies":[{"embeddable":true,"href":"http:\/\/www.camposaltos.mg.gov.br\/portal\/wp-json\/wp\/v2\/comments?post=661"}],"version-history":[{"count":0,"href":"http:\/\/www.camposaltos.mg.gov.br\/portal\/wp-json\/wp\/v2\/pages\/661\/revisions"}],"wp:attachment":[{"href":"http:\/\/www.camposaltos.mg.gov.br\/portal\/wp-json\/wp\/v2\/media?parent=661"}],"wp:term":[{"taxonomy":"folder","embeddable":true,"href":"http:\/\/www.camposaltos.mg.gov.br\/portal\/wp-json\/wp\/v2\/folder?post=661"}],"curies":[{"name":"wp","href":"https:\/\/api.w.org\/{rel}","templated":true}]}}