{"id":6968,"date":"2025-06-09T10:52:07","date_gmt":"2025-06-09T13:52:07","guid":{"rendered":"http:\/\/www.camposaltos.mg.gov.br\/portal\/?page_id=6968"},"modified":"2025-06-09T10:52:07","modified_gmt":"2025-06-09T13:52:07","slug":"prefeitura-de-campos-altos-anuncia-leilao-online-de-veiculos-maquinas-e-bens-diversos","status":"publish","type":"page","link":"http:\/\/www.camposaltos.mg.gov.br\/portal\/prefeitura-de-campos-altos-anuncia-leilao-online-de-veiculos-maquinas-e-bens-diversos\/","title":{"rendered":"\u00a0Prefeitura de Campos Altos anuncia leil\u00e3o online de ve\u00edculos, m\u00e1quinas e bens diversos"},"content":{"rendered":"<p style=\"text-align: justify;\">A Prefeitura Municipal de Campos Altos divulgou a abertura do Leil\u00e3o n\u00ba 02\/2025, referente ao Processo n\u00ba 072\/2025, que ser\u00e1 realizado exclusivamente na modalidade online. O leil\u00e3o est\u00e1 programado para o dia 2 de julho de 2025, com in\u00edcio \u00e0s 13h (hor\u00e1rio de Bras\u00edlia), sob a condu\u00e7\u00e3o do leiloeiro oficial Lucas Rafael Antunes Moreira.<\/p>\n<p style=\"text-align: justify;\">Ao todo, ser\u00e3o disponibilizados 22 lotes, compostos por ve\u00edculos, m\u00e1quinas e diversos bens que n\u00e3o est\u00e3o mais sendo utilizados pela administra\u00e7\u00e3o p\u00fablica. A iniciativa visa otimizar o uso dos recursos p\u00fablicos, promovendo a aliena\u00e7\u00e3o de materiais inserv\u00edveis e gerando receita para novos investimentos no munic\u00edpio.<\/p>\n<p style=\"text-align: justify;\">Os interessados podem acessar o edital completo e consultar os detalhes dos lotes por meio do site oficial da empresa respons\u00e1vel pelo leil\u00e3o.<\/p>\n<p style=\"text-align: justify;\">A participa\u00e7\u00e3o \u00e9 aberta ao p\u00fablico em geral, sendo necess\u00e1rio realizar cadastro pr\u00e9vio na plataforma da MGL Leil\u00f5es para efetuar lances. A Prefeitura refor\u00e7a a import\u00e2ncia da leitura atenta do edital para conhecer as regras, prazos e condi\u00e7\u00f5es de pagamento.<\/p>\n<p style=\"text-align: justify;\"><strong>Edital de Leil\u00e3o: N\u00ba 02\/2025 PROCESSO N\u00ba 072\/2025<\/strong><br \/>\n<strong>Modalidade: Online<\/strong><br \/>\nLeiloeiro: Lucas Rafael Antunes Moreira<br \/>\nData: 02\/07\/2025 a partir das 13:00 horas (hor\u00e1rio de Bras\u00edlia\/DF)<br \/>\nAtivos: 22 (ve\u00edculos, maquinas e bens diversos).<br \/>\nLink do Leil\u00e3o: <a href=\"https:\/\/www.mgl.com.br\/leilao\/prefeitura-municipal-de-campos-altos-mg\/5134\/#Pagina=1&amp;Index=1\">ACESSE O SITE DO LEIL\u00c3O<\/a><br \/>\nLink do Edital:<a href=\"https:\/\/www.mgl.com.br\/arquivos\/Leiloes\/Docs\/52f0f4ee-1a98-4822-81b9-d26bfcd5c240.pdf\"> EDITAL<\/a><\/p>\n","protected":false},"excerpt":{"rendered":"<p>A Prefeitura Municipal de Campos Altos divulgou a abertura do Leil\u00e3o n\u00ba 02\/2025, referente ao Processo n\u00ba 072\/2025, que ser\u00e1 realizado exclusivamente na modalidade online. O leil\u00e3o est\u00e1 programado para o dia 2 de julho de 2025, com in\u00edcio \u00e0s 13h (hor\u00e1rio de Bras\u00edlia), sob a condu\u00e7\u00e3o do leiloeiro oficial Lucas Rafael Antunes Moreira. Ao&hellip;<\/p>","protected":false},"author":1,"featured_media":0,"parent":0,"menu_order":0,"comment_status":"closed","ping_status":"closed","template":"","meta":{"tdm_status":"","tdm_grid_status":"","footnotes":""},"folder":[],"class_list":["post-6968","page","type-page","status-publish"],"amp_enabled":true,"_links":{"self":[{"href":"http:\/\/www.camposaltos.mg.gov.br\/portal\/wp-json\/wp\/v2\/pages\/6968","targetHints":{"allow":["GET"]}}],"collection":[{"href":"http:\/\/www.camposaltos.mg.gov.br\/portal\/wp-json\/wp\/v2\/pages"}],"about":[{"href":"http:\/\/www.camposaltos.mg.gov.br\/portal\/wp-json\/wp\/v2\/types\/page"}],"author":[{"embeddable":true,"href":"http:\/\/www.camposaltos.mg.gov.br\/portal\/wp-json\/wp\/v2\/users\/1"}],"replies":[{"embeddable":true,"href":"http:\/\/www.camposaltos.mg.gov.br\/portal\/wp-json\/wp\/v2\/comments?post=6968"}],"version-history":[{"count":0,"href":"http:\/\/www.camposaltos.mg.gov.br\/portal\/wp-json\/wp\/v2\/pages\/6968\/revisions"}],"wp:attachment":[{"href":"http:\/\/www.camposaltos.mg.gov.br\/portal\/wp-json\/wp\/v2\/media?parent=6968"}],"wp:term":[{"taxonomy":"folder","embeddable":true,"href":"http:\/\/www.camposaltos.mg.gov.br\/portal\/wp-json\/wp\/v2\/folder?post=6968"}],"curies":[{"name":"wp","href":"https:\/\/api.w.org\/{rel}","templated":true}]}}