{"id":7292,"date":"2025-10-28T10:32:00","date_gmt":"2025-10-28T13:32:00","guid":{"rendered":"http:\/\/www.camposaltos.mg.gov.br\/portal\/?page_id=7292"},"modified":"2026-02-19T17:29:54","modified_gmt":"2026-02-19T20:29:54","slug":"controladoria-geral-do-municipio","status":"publish","type":"page","link":"http:\/\/www.camposaltos.mg.gov.br\/portal\/controladoria-geral-do-municipio\/","title":{"rendered":"CONTROLADORIA GERAL DO MUNIC\u00cdPIO"},"content":{"rendered":"<p><span style=\"font-size: 14px;\">Atendimento.: Segunda \u00e0 Sexta-feira 13h \u00e0s 17h.<\/span><\/p>\n<hr \/>\n<p>&nbsp;<\/p>\n<table style=\"border-collapse: collapse; width: 100.432%; height: 108px;\">\n<tbody>\n<tr style=\"height: 253px;\">\n<td style=\"width: 14.4799%; height: 108px;\">\n<h1><a href=\"http:\/\/www.camposaltos.mg.gov.br\/portal\/wp-content\/uploads\/2025\/01\/01.png\"><img loading=\"lazy\" decoding=\"async\" class=\"aligncenter size-medium wp-image-6158\" src=\"http:\/\/www.camposaltos.mg.gov.br\/portal\/wp-content\/uploads\/2025\/01\/01-300x215.png\" alt=\"\" width=\"300\" height=\"215\" srcset=\"http:\/\/www.camposaltos.mg.gov.br\/portal\/wp-content\/uploads\/2025\/01\/01-300x215.png 300w, http:\/\/www.camposaltos.mg.gov.br\/portal\/wp-content\/uploads\/2025\/01\/01-1024x733.png 1024w, http:\/\/www.camposaltos.mg.gov.br\/portal\/wp-content\/uploads\/2025\/01\/01-768x549.png 768w, http:\/\/www.camposaltos.mg.gov.br\/portal\/wp-content\/uploads\/2025\/01\/01-1536x1099.png 1536w, http:\/\/www.camposaltos.mg.gov.br\/portal\/wp-content\/uploads\/2025\/01\/01-2048x1465.png 2048w, http:\/\/www.camposaltos.mg.gov.br\/portal\/wp-content\/uploads\/2025\/01\/01-696x498.png 696w, http:\/\/www.camposaltos.mg.gov.br\/portal\/wp-content\/uploads\/2025\/01\/01-1068x764.png 1068w, http:\/\/www.camposaltos.mg.gov.br\/portal\/wp-content\/uploads\/2025\/01\/01-1920x1374.png 1920w\" sizes=\"auto, (max-width: 300px) 100vw, 300px\" \/><\/a><\/h1>\n<p>&nbsp;<\/p>\n<p>&nbsp;<\/p>\n<p><span style=\"font-size: 14px;\"><strong>Telefone:<\/strong> (37) 3426-5032<\/span><\/p>\n<p><span style=\"font-size: 14px;\"><strong>Email:<\/strong> <a href=\"mailto:controleinterno@camposaltos.mg.gov.br\">controleinterno@camposaltos.mg.gov.br<\/a><\/span><\/p>\n<p><span style=\"font-size: 14px;\"><strong>Endere\u00e7o:<\/strong> Rua Corn\u00e9lia Alves Bicalho, 401<\/span><\/p>\n<p>&nbsp;<\/p>\n<p>&nbsp;<\/p>\n<p>&nbsp;<\/p>\n<p>&nbsp;<\/td>\n<td style=\"width: 27.7133%; height: 108px;\">\n<p style=\"text-align: justify;\">A Controladoria Geral do Munic\u00edpio de Campos Altos (CGM) \u00e9 um \u00f3rg\u00e3o aut\u00f4nomo e estrat\u00e9gico da administra\u00e7\u00e3o p\u00fablica municipal. Sua principal miss\u00e3o \u00e9 assessorar o Prefeito e os Secret\u00e1rios Municipais na gest\u00e3o eficiente, \u00e9tica e respons\u00e1vel dos recursos p\u00fablicos.<\/p>\n<p style=\"text-align: justify;\">Com atua\u00e7\u00e3o direta nas \u00e1reas de controle interno, contabilidade, auditoria, transpar\u00eancia e governan\u00e7a, a CGM elabora normas, emite pareceres t\u00e9cnicos e fornece orienta\u00e7\u00f5es que contribuem para o aperfei\u00e7oamento cont\u00ednuo da gest\u00e3o municipal.<\/p>\n<p style=\"text-align: justify;\">Al\u00e9m de seu papel consultivo e normativo, a CGM \u00e9 respons\u00e1vel por exercer o controle interno dos atos administrativos, garantindo a legalidade, legitimidade e economicidade das a\u00e7\u00f5es praticadas pelos agentes p\u00fablicos. Quando constatados ind\u00edcios de irregularidades, compete ao \u00f3rg\u00e3o encaminhar as informa\u00e7\u00f5es aos \u00f3rg\u00e3os de controle externo, como o Tribunal de Contas do Estado de Minas Gerais (TCE-MG), para as devidas provid\u00eancias.<br \/>\n______________<br \/>\n<strong>Miss\u00e3o<\/strong><br \/>\nPlanejar, organizar, fiscalizar, inspecionar e avaliar normas e procedimentos internos que assegurem o cumprimento das metas previstas no Plano Plurianual (PPA), promovendo a efici\u00eancia, efic\u00e1cia e transpar\u00eancia da gest\u00e3o p\u00fablica, com base em dados confi\u00e1veis que orientem as decis\u00f5es dos gestores municipais.<br \/>\n______________<br \/>\n<strong>Vis\u00e3o<\/strong><br \/>\nConsolidar Campos Altos como uma cidade justa, inovadora e sustent\u00e1vel, alinhada aos princ\u00edpios das cidades inteligentes, promovendo um presente mais eficiente e projetando um futuro com igualdade de oportunidades e qualidade de vida para todos os cidad\u00e3os.<br \/>\n______________<br \/>\n<strong>Valores<\/strong><br \/>\n\u2022 \u00c9tica e integridade p\u00fablica<br \/>\n\u2022 Transpar\u00eancia e impessoalidade<br \/>\n\u2022 Efici\u00eancia, efic\u00e1cia e efetividade<br \/>\n\u2022 Equidade e diversidade<br \/>\n\u2022 Inova\u00e7\u00e3o e moderniza\u00e7\u00e3o administrativa<br \/>\n\u2022 Valoriza\u00e7\u00e3o dos servidores p\u00fablicos<br \/>\n\u2022 Preven\u00e7\u00e3o e controle institucional<br \/>\n\u2022 Compromisso com o meio ambiente<br \/>\n\u2022 Preserva\u00e7\u00e3o da hist\u00f3ria e da cultura local<br \/>\n\u2022 Independ\u00eancia t\u00e9cnica nas avalia\u00e7\u00f5es e fiscaliza\u00e7\u00f5es<\/p>\n<\/td>\n<\/tr>\n<\/tbody>\n<\/table>\n<p>&nbsp;<\/p>\n<p>&nbsp;<\/p>\n","protected":false},"excerpt":{"rendered":"<p>Atendimento.: Segunda \u00e0 Sexta-feira 13h \u00e0s 17h. &nbsp; &nbsp; &nbsp; Telefone: (37) 3426-5032 Email: controleinterno@camposaltos.mg.gov.br Endere\u00e7o: Rua Corn\u00e9lia Alves Bicalho, 401 &nbsp; &nbsp; &nbsp; &nbsp; A Controladoria Geral do Munic\u00edpio de Campos Altos (CGM) \u00e9 um \u00f3rg\u00e3o aut\u00f4nomo e estrat\u00e9gico da administra\u00e7\u00e3o p\u00fablica municipal. Sua principal miss\u00e3o \u00e9 assessorar o Prefeito e os Secret\u00e1rios Municipais&hellip;<\/p>","protected":false},"author":1,"featured_media":0,"parent":0,"menu_order":0,"comment_status":"closed","ping_status":"closed","template":"","meta":{"tdm_status":"","tdm_grid_status":"","footnotes":""},"folder":[],"class_list":["post-7292","page","type-page","status-publish"],"amp_enabled":true,"_links":{"self":[{"href":"http:\/\/www.camposaltos.mg.gov.br\/portal\/wp-json\/wp\/v2\/pages\/7292","targetHints":{"allow":["GET"]}}],"collection":[{"href":"http:\/\/www.camposaltos.mg.gov.br\/portal\/wp-json\/wp\/v2\/pages"}],"about":[{"href":"http:\/\/www.camposaltos.mg.gov.br\/portal\/wp-json\/wp\/v2\/types\/page"}],"author":[{"embeddable":true,"href":"http:\/\/www.camposaltos.mg.gov.br\/portal\/wp-json\/wp\/v2\/users\/1"}],"replies":[{"embeddable":true,"href":"http:\/\/www.camposaltos.mg.gov.br\/portal\/wp-json\/wp\/v2\/comments?post=7292"}],"version-history":[{"count":0,"href":"http:\/\/www.camposaltos.mg.gov.br\/portal\/wp-json\/wp\/v2\/pages\/7292\/revisions"}],"wp:attachment":[{"href":"http:\/\/www.camposaltos.mg.gov.br\/portal\/wp-json\/wp\/v2\/media?parent=7292"}],"wp:term":[{"taxonomy":"folder","embeddable":true,"href":"http:\/\/www.camposaltos.mg.gov.br\/portal\/wp-json\/wp\/v2\/folder?post=7292"}],"curies":[{"name":"wp","href":"https:\/\/api.w.org\/{rel}","templated":true}]}}