{"id":804,"date":"2016-01-10T18:56:22","date_gmt":"2016-01-10T18:56:22","guid":{"rendered":"http:\/\/www.camposaltos.mg.gov.br\/portal\/?page_id=804"},"modified":"2017-12-08T02:10:33","modified_gmt":"2017-12-08T02:10:33","slug":"atas-das-reunioes-do-conselho","status":"publish","type":"page","link":"http:\/\/www.camposaltos.mg.gov.br\/portal\/atas-das-reunioes-do-conselho\/","title":{"rendered":"Atas das Reuni\u00f5es do Conselho"},"content":{"rendered":"<p>&nbsp;<\/p>\n<p>&nbsp;<\/p>\n<table border=\"0\" width=\"691\" cellspacing=\"10\" cellpadding=\"5\" align=\"center\">\n<tbody>\n<tr>\n<td width=\"186\" height=\"167\">\n<div align=\"center\">\n<p align=\"center\"><a href=\"http:\/\/www.camposaltos.mg.gov.br\/portal\/reuniao-dia-20-12-12\/\">Reuni\u00e3o dia 20-12-12<\/a><\/p>\n<\/div>\n<\/td>\n<td width=\"224\">\n<div align=\"center\">\n<p align=\"center\"><a href=\"http:\/\/www.camposaltos.mg.gov.br\/portal\/reuniao-dia-18-02-13\/\">Reuni\u00e3o dia 18- 02-13<\/a><\/p>\n<\/div>\n<\/td>\n<td width=\"211\">\n<p align=\"center\"><a href=\"http:\/\/www.camposaltos.mg.gov.br\/portal\/reuniao-dia-09-04-2013\/\">Reuni\u00e3o dia 09-04-13<\/a><\/p>\n<\/td>\n<\/tr>\n<tr>\n<td height=\"162\">\n<p align=\"center\"><a href=\"#\"><img loading=\"lazy\" decoding=\"async\" src=\"http:\/\/www.camposaltos.mg.gov.br\/old\/img\/icone.png\" alt=\"\" width=\"88\" height=\"88\" border=\"0\"><\/a><\/p>\n<p align=\"center\"><a href=\"http:\/\/www.camposaltos.mg.gov.br\/portal\/reuniao-dia-06-06-2013\/\">Reuni\u00e3o dia 06-06 -13<\/a><\/p>\n<\/td>\n<td>\n<p align=\"center\"><a href=\"#\"><img loading=\"lazy\" decoding=\"async\" src=\"http:\/\/www.camposaltos.mg.gov.br\/old\/img\/icone.png\" alt=\"\" width=\"88\" height=\"88\" border=\"0\"><\/a><\/p>\n<p align=\"center\"><a href=\"http:\/\/www.camposaltos.mg.gov.br\/portal\/reuniao-dia-05-08-2013\/\">Reuni\u00e3o dia 05-08-13<\/a><\/p>\n<\/td>\n<td>\n<p align=\"center\"><a href=\"#\"><img loading=\"lazy\" decoding=\"async\" src=\"http:\/\/www.camposaltos.mg.gov.br\/old\/img\/icone.png\" alt=\"\" width=\"88\" height=\"88\" border=\"0\"><\/a><\/p>\n<p align=\"center\"><a href=\"http:\/\/www.camposaltos.mg.gov.br\/portal\/reuniao-02-10-2013\/\">Reuni\u00e3o dia 02-10-13<\/a><\/p>\n<\/td>\n<\/tr>\n<tr>\n<td height=\"172\">\n<p align=\"center\">&nbsp;<a href=\"http:\/\/www.camposaltos.mg.gov.br\/portal\/reuniao-06-11-2013\/\">Reuni\u00e3o dia 06-11-13<\/a><\/p>\n<\/td>\n<td>\n<div align=\"center\">\n<p align=\"center\"><a href=\"http:\/\/www.camposaltos.mg.gov.br\/portal\/reuniao-28-11-2013\/\">Reuni\u00e3o dia 28-11-13<\/a><\/p>\n<\/div>\n<\/td>\n<td>\n<div align=\"center\">\n<p align=\"center\"><a href=\"http:\/\/www.camposaltos.mg.gov.br\/portal\/reuniao-dia-27-01-2014\/\">Reuni\u00e3o dia 27-01-14<\/a><\/p>\n<\/div>\n<\/td>\n<\/tr>\n<tr>\n<td height=\"172\">\n<p align=\"center\"><a href=\"#\"><img loading=\"lazy\" decoding=\"async\" src=\"http:\/\/www.camposaltos.mg.gov.br\/old\/img\/icone.png\" alt=\"\" width=\"88\" height=\"88\" border=\"0\"><\/a><\/p>\n<p align=\"center\"><a href=\"http:\/\/www.camposaltos.mg.gov.br\/portal\/reuniao-dia-27-03-14\/\">Reuni\u00e3o dia 27-03-14<\/a><\/p>\n<\/td>\n<td>\n<p align=\"center\"><a href=\"#\"><img loading=\"lazy\" decoding=\"async\" src=\"http:\/\/www.camposaltos.mg.gov.br\/old\/img\/icone.png\" alt=\"\" width=\"88\" height=\"88\" border=\"0\"><\/a><\/p>\n<p align=\"center\"><a href=\"http:\/\/www.camposaltos.mg.gov.br\/portal\/reuniao-dia-22-05-14\/\">Reuni\u00e3o dia 22-05-14<\/a><\/p>\n<\/td>\n<td>\n<p align=\"center\"><a href=\"#\"><img loading=\"lazy\" decoding=\"async\" src=\"http:\/\/www.camposaltos.mg.gov.br\/old\/img\/icone.png\" alt=\"\" width=\"88\" height=\"88\" border=\"0\"><\/a><\/p>\n<p align=\"center\"><a href=\"http:\/\/www.camposaltos.mg.gov.br\/portal\/reuniao-17-07-14\/\">Reuni\u00e3o dia 17-07-14<\/a><\/p>\n<\/td>\n<\/tr>\n<tr>\n<td height=\"172\">\n<p align=\"center\"><a href=\"#\"><img loading=\"lazy\" decoding=\"async\" src=\"http:\/\/www.camposaltos.mg.gov.br\/old\/img\/icone.png\" alt=\"\" width=\"88\" height=\"88\" border=\"0\"><\/a><\/p>\n<p align=\"center\"><a href=\"http:\/\/www.camposaltos.mg.gov.br\/portal\/reuniao-11-09-14\/\">Reuni\u00e3o dia 11-09-14<\/a><\/p>\n<\/td>\n<td>\n<p align=\"center\"><a href=\"#\"><img loading=\"lazy\" decoding=\"async\" src=\"http:\/\/www.camposaltos.mg.gov.br\/old\/img\/icone.png\" alt=\"\" width=\"88\" height=\"88\" border=\"0\"><\/a><\/p>\n<p align=\"center\"><a href=\"http:\/\/www.camposaltos.mg.gov.br\/portal\/reuniao-10-11-14\/\">Reuni\u00e3o dia 10-11-14<\/a><\/p>\n<\/td>\n<td>\n<p align=\"center\"><a href=\"#\"><img loading=\"lazy\" decoding=\"async\" src=\"http:\/\/www.camposaltos.mg.gov.br\/old\/img\/icone.png\" alt=\"\" width=\"88\" height=\"88\" border=\"0\"><\/a><\/p>\n<p align=\"center\"><a href=\"http:\/\/www.camposaltos.mg.gov.br\/portal\/reuniao-08-01-2015\/\">Reuni\u00e3o dia 08-01-15<\/a><\/p>\n<\/td>\n<\/tr>\n<tr>\n<td>\n<p align=\"center\"><a href=\"#\"><img loading=\"lazy\" decoding=\"async\" src=\"http:\/\/www.camposaltos.mg.gov.br\/old\/img\/icone.png\" alt=\"\" width=\"88\" height=\"88\" border=\"0\"><\/a><\/p>\n<p align=\"center\"><a href=\"http:\/\/www.camposaltos.mg.gov.br\/portal\/reuniao-09-03-2015\/\">Reuni\u00e3o dia 09-03-15<\/a><\/p>\n<p align=\"center\">&nbsp;<\/p>\n<\/td>\n<td>\n<p align=\"center\"><a href=\"#\"><img loading=\"lazy\" decoding=\"async\" class=\"alignnone\" src=\"http:\/\/www.camposaltos.mg.gov.br\/old\/img\/icone.png\" alt=\"\" width=\"88\" height=\"88\" border=\"0\"><\/a><\/p>\n<p align=\"center\"><a href=\"http:\/\/www.camposaltos.mg.gov.br\/portal\/reuniao-07-05-2015\/\">Reuni\u00e3o dia 07-05-15<\/a><\/p>\n<p align=\"center\">&nbsp;<\/p>\n<\/td>\n<td>\n<p align=\"center\"><a href=\"#\"><img loading=\"lazy\" decoding=\"async\" class=\"alignnone\" src=\"http:\/\/www.camposaltos.mg.gov.br\/old\/img\/icone.png\" alt=\"\" width=\"88\" height=\"88\" border=\"0\"><\/a><\/p>\n<p align=\"center\"><a href=\"http:\/\/www.camposaltos.mg.gov.br\/portal\/reuniao-06-07-2015\/\">Reuni\u00e3o dia 06-07-15<\/a><\/p>\n<p align=\"center\">&nbsp;<\/p>\n<\/td>\n<\/tr>\n<tr>\n<td height=\"172\">\n<p align=\"center\"><a href=\"#\"><img loading=\"lazy\" decoding=\"async\" src=\"http:\/\/www.camposaltos.mg.gov.br\/old\/img\/icone.png\" alt=\"\" width=\"88\" height=\"88\" border=\"0\"><\/a><\/p>\n<p align=\"center\"><a href=\"http:\/\/www.camposaltos.mg.gov.br\/portal\/reuniao-04-09-2015\/\">Reuni\u00e3o dia 04-09-15<\/a><\/p>\n<\/td>\n<td>\n<p align=\"center\"><a href=\"#\"><img loading=\"lazy\" decoding=\"async\" src=\"http:\/\/www.camposaltos.mg.gov.br\/old\/img\/icone.png\" alt=\"\" width=\"88\" height=\"88\" border=\"0\"><\/a><\/p>\n<p align=\"center\"><a href=\"http:\/\/www.camposaltos.mg.gov.br\/portal\/reuniao-03-11-2015\/\">Reuni\u00e3o dia 03-11-15<\/a><\/p>\n<\/td>\n<td>\n<p align=\"center\"><a href=\"#\"><img loading=\"lazy\" decoding=\"async\" src=\"http:\/\/www.camposaltos.mg.gov.br\/old\/img\/icone.png\" alt=\"\" width=\"88\" height=\"88\" border=\"0\"><\/a><\/p>\n<p align=\"center\"><a href=\"http:\/\/www.camposaltos.mg.gov.br\/portal\/reuniao-26-11-2015\/\">Reuni\u00e3o dia 26-11-15<\/a><\/p>\n<\/td>\n<\/tr>\n<tr>\n<td height=\"172\">\n<p align=\"center\"><a href=\"http:\/\/www.camposaltos.mg.gov.br\/portal\/reuniao-15-02-17\/\">Reuni\u00e3o dia 15-02-17<\/a><\/p>\n<p align=\"center\">&nbsp;<\/p>\n<\/td>\n<td>\n<p style=\"text-align: center;\"><a href=\"http:\/\/www.camposaltos.mg.gov.br\/portal\/reuniao-11-04-2017\/\">Reuni\u00e3o dia 11-04-17<\/a><\/p>\n<p>&nbsp;<\/td>\n<td>\n<p align=\"center\"><a href=\"http:\/\/www.camposaltos.mg.gov.br\/portal\/reuniao-10-06-17\/\">Reuni\u00e3o dia 10-06-17<\/a><\/p>\n<p align=\"center\">&nbsp;<\/p>\n<\/td>\n<\/tr>\n<tr>\n<td height=\"172\">\n<p align=\"center\"><a href=\"http:\/\/www.camposaltos.mg.gov.br\/portal\/reuniao-08-08-2017\/\">Reuni\u00e3o dia 08-08-2017<\/a><\/p>\n<p align=\"center\">&nbsp;<\/p>\n<\/td>\n<td>\n<p style=\"text-align: center;\"><a href=\"http:\/\/www.camposaltos.mg.gov.br\/portal\/reuniao-05-10-17\/\">Reuni\u00e3o dia 05-10-2017<\/a><\/p>\n<p>&nbsp;<\/td>\n<td>\n<p style=\"text-align: center;\"><a href=\"http:\/\/www.camposaltos.mg.gov.br\/portal\/reuniao-27-11-2017\/\">Reuni\u00e3o dia 27-11-2017<\/a><\/p>\n<p>&nbsp;<\/td>\n<\/tr>\n<\/tbody>\n<\/table>\n","protected":false},"excerpt":{"rendered":"<p>&nbsp; &nbsp; Reuni\u00e3o dia 20-12-12 Reuni\u00e3o dia 18- 02-13 Reuni\u00e3o dia 09-04-13 Reuni\u00e3o dia 06-06 -13 Reuni\u00e3o dia 05-08-13 Reuni\u00e3o dia 02-10-13 &nbsp;Reuni\u00e3o dia 06-11-13 Reuni\u00e3o dia 28-11-13 Reuni\u00e3o dia 27-01-14 Reuni\u00e3o dia 27-03-14 Reuni\u00e3o dia 22-05-14 Reuni\u00e3o dia 17-07-14 Reuni\u00e3o dia 11-09-14 Reuni\u00e3o dia 10-11-14 Reuni\u00e3o dia 08-01-15 Reuni\u00e3o dia 09-03-15 &nbsp; Reuni\u00e3o dia&hellip;<\/p>","protected":false},"author":1,"featured_media":0,"parent":0,"menu_order":0,"comment_status":"closed","ping_status":"closed","template":"","meta":{"tdm_status":"","tdm_grid_status":"","footnotes":""},"folder":[],"class_list":["post-804","page","type-page","status-publish"],"amp_enabled":true,"_links":{"self":[{"href":"http:\/\/www.camposaltos.mg.gov.br\/portal\/wp-json\/wp\/v2\/pages\/804","targetHints":{"allow":["GET"]}}],"collection":[{"href":"http:\/\/www.camposaltos.mg.gov.br\/portal\/wp-json\/wp\/v2\/pages"}],"about":[{"href":"http:\/\/www.camposaltos.mg.gov.br\/portal\/wp-json\/wp\/v2\/types\/page"}],"author":[{"embeddable":true,"href":"http:\/\/www.camposaltos.mg.gov.br\/portal\/wp-json\/wp\/v2\/users\/1"}],"replies":[{"embeddable":true,"href":"http:\/\/www.camposaltos.mg.gov.br\/portal\/wp-json\/wp\/v2\/comments?post=804"}],"version-history":[{"count":0,"href":"http:\/\/www.camposaltos.mg.gov.br\/portal\/wp-json\/wp\/v2\/pages\/804\/revisions"}],"wp:attachment":[{"href":"http:\/\/www.camposaltos.mg.gov.br\/portal\/wp-json\/wp\/v2\/media?parent=804"}],"wp:term":[{"taxonomy":"folder","embeddable":true,"href":"http:\/\/www.camposaltos.mg.gov.br\/portal\/wp-json\/wp\/v2\/folder?post=804"}],"curies":[{"name":"wp","href":"https:\/\/api.w.org\/{rel}","templated":true}]}}